{"id":54877,"date":"2025-12-11T13:03:58","date_gmt":"2025-12-11T12:03:58","guid":{"rendered":"https:\/\/wendlandmobil.de\/?page_id=54877"},"modified":"2025-12-15T09:44:22","modified_gmt":"2025-12-15T08:44:22","slug":"fahrradboxen","status":"publish","type":"page","link":"https:\/\/wendlandmobil.de\/uk\/fahrradboxen\/","title":{"rendered":"Fahrradboxen"},"content":{"rendered":"<div data-elementor-type=\"wp-page\" data-elementor-id=\"54877\" class=\"elementor elementor-54877\" data-elementor-post-type=\"page\">\n\t\t\t\t<div class=\"elementor-element elementor-element-28b4cda e-flex e-con-boxed e-con e-parent\" data-id=\"28b4cda\" data-element_type=\"container\" data-e-type=\"container\">\n\t\t\t\t\t<div class=\"e-con-inner\">\n\t\t\t\t<div class=\"elementor-element elementor-element-94f9be6 elementor-widget elementor-widget-text-editor\" data-id=\"94f9be6\" data-element_type=\"widget\" data-e-type=\"widget\" data-widget_type=\"text-editor.default\">\n\t\t\t\t<div class=\"elementor-widget-container\">\n\t\t\t\t\t\t\t\t\t<p><strong>F\u00fcr die St\u00e4rkung des Radverkehrs in L\u00fcchow-Dannenberg: Neue Fahrradboxen ab 12. Januar 2026 buchbar <\/strong><\/p><p>Die Aufstellung von Fahrradboxen ist Teil des NKI-Verbundprojektes \u201eNeue Wege f\u00fcr neue R\u00e4der\u201c.\u00a0<\/p><p>An mehreren Verkehrsknotenpunkten im Landkreis L\u00fcchow-Dannenberg \u2013 insbesondere \u00fcberall dort, wo Pendlerinnen und Pendler, Ausfl\u00fcgler oder touristische G\u00e4ste beispielsweise vom Fahrrad auf den Bus oder die Bahn umsteigen oder zu Besuch kommen \u2013 werden ab dem 12. Januar 2026 insgesamt 50 neue, sichere Fahrradboxen zur Nutzung zur Verf\u00fcgung stehen.<\/p>\t\t\t\t\t\t\t\t<\/div>\n\t\t\t\t<\/div>\n\t\t\t\t\t<\/div>\n\t\t\t\t<\/div>\n\t\t<div class=\"elementor-element elementor-element-9c16140 e-flex e-con-boxed e-con e-parent\" data-id=\"9c16140\" data-element_type=\"container\" data-e-type=\"container\">\n\t\t\t\t\t<div class=\"e-con-inner\">\n\t\t\t\t<div class=\"elementor-element elementor-element-bbd6551 elementor-widget-laptop__width-initial elementor-widget elementor-widget-gallery\" data-id=\"bbd6551\" data-element_type=\"widget\" data-e-type=\"widget\" data-settings=\"{&quot;gallery_layout&quot;:&quot;masonry&quot;,&quot;columns&quot;:2,&quot;gap&quot;:{&quot;unit&quot;:&quot;px&quot;,&quot;size&quot;:36,&quot;sizes&quot;:[]},&quot;lazyload&quot;:&quot;yes&quot;,&quot;columns_tablet&quot;:2,&quot;columns_mobile&quot;:1,&quot;gap_laptop&quot;:{&quot;unit&quot;:&quot;px&quot;,&quot;size&quot;:10,&quot;sizes&quot;:[]},&quot;gap_tablet&quot;:{&quot;unit&quot;:&quot;px&quot;,&quot;size&quot;:10,&quot;sizes&quot;:[]},&quot;gap_mobile&quot;:{&quot;unit&quot;:&quot;px&quot;,&quot;size&quot;:10,&quot;sizes&quot;:[]},&quot;link_to&quot;:&quot;file&quot;,&quot;overlay_background&quot;:&quot;yes&quot;,&quot;content_hover_animation&quot;:&quot;fade-in&quot;}\" data-widget_type=\"gallery.default\">\n\t\t\t\t<div class=\"elementor-widget-container\">\n\t\t\t\t\t\t\t<div class=\"elementor-gallery__container\">\n\t\t\t\t\t\t\t<a class=\"e-gallery-item elementor-gallery-item elementor-animated-content\" href=\"https:\/\/wendlandmobil.de\/wp-content\/uploads\/20251211_091812-scaled.jpg\" data-elementor-open-lightbox=\"yes\" data-elementor-lightbox-slideshow=\"bbd6551\" data-elementor-lightbox-title=\"20251211_091812\" data-e-action-hash=\"#elementor-action%3Aaction%3Dlightbox%26settings%3DeyJpZCI6NTQ4NzgsInVybCI6Imh0dHBzOlwvXC93ZW5kbGFuZG1vYmlsLmRlXC93cC1jb250ZW50XC91cGxvYWRzXC8yMDI1MTIxMV8wOTE4MTItc2NhbGVkLmpwZyIsInNsaWRlc2hvdyI6ImJiZDY1NTEifQ%3D%3D\">\n\t\t\t\t\t<div class=\"e-gallery-image elementor-gallery-item__image\" data-thumbnail=\"https:\/\/wendlandmobil.de\/wp-content\/uploads\/20251211_091812-scaled.jpg\" data-width=\"2560\" data-height=\"1920\" aria-label=\"\" role=\"img\" ><\/div>\n\t\t\t\t\t\t\t\t\t\t\t<div class=\"elementor-gallery-item__overlay\"><\/div>\n\t\t\t\t\t\t\t\t\t\t\t\t\t\t<\/a>\n\t\t\t\t\t\t\t<a class=\"e-gallery-item elementor-gallery-item elementor-animated-content\" href=\"https:\/\/wendlandmobil.de\/wp-content\/uploads\/BMUKN_NKI_gefoerdert_GRB_DE_2025_quer.svg\" data-elementor-open-lightbox=\"yes\" data-elementor-lightbox-slideshow=\"bbd6551\" data-elementor-lightbox-title=\"BMUKN_NKI_gefoerdert_GRB_DE_2025_quer\" data-e-action-hash=\"#elementor-action%3Aaction%3Dlightbox%26settings%3DeyJpZCI6NTQ3NDQsInVybCI6Imh0dHBzOlwvXC93ZW5kbGFuZG1vYmlsLmRlXC93cC1jb250ZW50XC91cGxvYWRzXC9CTVVLTl9OS0lfZ2Vmb2VyZGVydF9HUkJfREVfMjAyNV9xdWVyLnN2ZyIsInNsaWRlc2hvdyI6ImJiZDY1NTEifQ%3D%3D\">\n\t\t\t\t\t<div class=\"e-gallery-image elementor-gallery-item__image\" data-thumbnail=\"https:\/\/wendlandmobil.de\/wp-content\/uploads\/BMUKN_NKI_gefoerdert_GRB_DE_2025_quer.svg\" data-width=\"422\" data-height=\"176\" aria-label=\"\" role=\"img\" ><\/div>\n\t\t\t\t\t\t\t\t\t\t\t<div class=\"elementor-gallery-item__overlay\"><\/div>\n\t\t\t\t\t\t\t\t\t\t\t\t\t\t<\/a>\n\t\t\t\t\t<\/div>\n\t\t\t\t\t<\/div>\n\t\t\t\t<\/div>\n\t\t\t\t\t<\/div>\n\t\t\t\t<\/div>\n\t\t<div class=\"elementor-element elementor-element-6fbaa17 e-flex e-con-boxed e-con e-parent\" data-id=\"6fbaa17\" data-element_type=\"container\" data-e-type=\"container\">\n\t\t\t\t\t<div class=\"e-con-inner\">\n\t\t\t\t<div class=\"elementor-element elementor-element-bb595ee elementor-widget elementor-widget-text-editor\" data-id=\"bb595ee\" data-element_type=\"widget\" data-e-type=\"widget\" data-widget_type=\"text-editor.default\">\n\t\t\t\t<div class=\"elementor-widget-container\">\n\t\t\t\t\t\t\t\t\t<p>Diese Fahrradgaragen bieten Radfahrenden die M\u00f6glichkeit, ihre Fahrr\u00e4der tageweise oder auch \u00fcber einen l\u00e4ngeren Zeitraum sicher und trocken abzustellen. Die Fahrradboxen stehen in <strong>Hitzacker am Bahnhof<\/strong> und am <strong>Bohnenmarkt<\/strong>, in <strong>Dannenberg am Busbahnhof<\/strong> und am <strong>Bahnhof Dannenberg Ost<\/strong>, in <strong>L\u00fcchow am Busbahnhof<\/strong> sowie am <strong>Bahnhof Schnega<\/strong>. Wer ein Pedelec nutzt, findet in den Boxen eine integrierte Ladem\u00f6glichkeit f\u00fcr entsprechende Akkus. An fast allen Standorten k\u00f6nnen auch Lastenr\u00e4der abgestellt werden.\u00a0<\/p><p>Zum Start der Fahrradboxen gibt es einen g\u00fcnstigen Einf\u00fchrungstarif:<\/p><ul><li>1 Euro kostet die 24-Stunden-Miete<\/li><li>5 Euro werden f\u00fcr sieben Tage f\u00e4llig<\/li><li>10 Euro f\u00fcr einen ganzen Monat<\/li><\/ul><p>Die Buchung der Fahrradboxen ist bequem \u00fcber die App Conwee auf der Webseite <a href=\"https:\/\/app.conwee.eu\">https:\/\/app.conwee.eu<\/a> m\u00f6glich.<\/p>\t\t\t\t\t\t\t\t<\/div>\n\t\t\t\t<\/div>\n\t\t\t\t\t<\/div>\n\t\t\t\t<\/div>\n\t\t<div class=\"elementor-element elementor-element-3dca6c5 e-flex e-con-boxed e-con e-parent\" data-id=\"3dca6c5\" data-element_type=\"container\" data-e-type=\"container\">\n\t\t\t\t\t<div class=\"e-con-inner\">\n\t\t\t\t<div class=\"elementor-element elementor-element-bec8217 elementor-widget elementor-widget-button\" data-id=\"bec8217\" data-element_type=\"widget\" data-e-type=\"widget\" data-widget_type=\"button.default\">\n\t\t\t\t<div class=\"elementor-widget-container\">\n\t\t\t\t\t\t\t\t\t<div class=\"elementor-button-wrapper\">\n\t\t\t\t\t<a class=\"elementor-button elementor-button-link elementor-size-sm\" href=\"https:\/\/app.conwee.eu\">\n\t\t\t\t\t\t<span class=\"elementor-button-content-wrapper\">\n\t\t\t\t\t\t\t\t\t<span class=\"elementor-button-text\">Hier gehts zur Buchung der Fahrradboxen<\/span>\n\t\t\t\t\t<\/span>\n\t\t\t\t\t<\/a>\n\t\t\t\t<\/div>\n\t\t\t\t\t\t\t\t<\/div>\n\t\t\t\t<\/div>\n\t\t\t\t<div class=\"elementor-element elementor-element-336b2ed elementor-widget elementor-widget-button\" data-id=\"336b2ed\" data-element_type=\"widget\" data-e-type=\"widget\" data-widget_type=\"button.default\">\n\t\t\t\t<div class=\"elementor-widget-container\">\n\t\t\t\t\t\t\t\t\t<div class=\"elementor-button-wrapper\">\n\t\t\t\t\t<a class=\"elementor-button elementor-button-link elementor-size-sm\" href=\"https:\/\/wendlandmobil.de\/wp-content\/uploads\/nutzungsbedingungen.pdf\">\n\t\t\t\t\t\t<span class=\"elementor-button-content-wrapper\">\n\t\t\t\t\t\t\t\t\t<span class=\"elementor-button-text\">Hier geht\u00b4s zu den Nutzungsbedingungen<\/span>\n\t\t\t\t\t<\/span>\n\t\t\t\t\t<\/a>\n\t\t\t\t<\/div>\n\t\t\t\t\t\t\t\t<\/div>\n\t\t\t\t<\/div>\n\t\t\t\t\t<\/div>\n\t\t\t\t<\/div>\n\t\t\t\t<\/div>","protected":false},"excerpt":{"rendered":"<p>F\u00fcr die St\u00e4rkung des Radverkehrs in L\u00fcchow-Dannenberg: Neue Fahrradboxen ab 12. Januar 2026 buchbar Die Aufstellung von Fahrradboxen ist Teil des NKI-Verbundprojektes \u201eNeue Wege f\u00fcr neue R\u00e4der\u201c.\u00a0 An mehreren Verkehrsknotenpunkten im Landkreis L\u00fcchow-Dannenberg \u2013 insbesondere \u00fcberall dort, wo Pendlerinnen und Pendler, Ausfl\u00fcgler oder touristische G\u00e4ste beispielsweise vom Fahrrad auf den Bus oder die Bahn umsteigen&hellip;<\/p>","protected":false},"author":395,"featured_media":0,"parent":0,"menu_order":0,"comment_status":"closed","ping_status":"closed","template":"","meta":{"footnotes":""},"class_list":["post-54877","page","type-page","status-publish","hentry"],"yoast_head":"<!-- This site is optimized with the Yoast SEO plugin v27.3 - https:\/\/yoast.com\/product\/yoast-seo-wordpress\/ -->\n<title>Fahrradboxen - Wendland Mobil<\/title>\n<meta name=\"robots\" content=\"index, follow, max-snippet:-1, max-image-preview:large, max-video-preview:-1\" \/>\n<link rel=\"canonical\" href=\"https:\/\/wendlandmobil.de\/uk\/fahrradboxen\/\" \/>\n<meta property=\"og:locale\" content=\"uk_UA\" \/>\n<meta property=\"og:type\" content=\"article\" \/>\n<meta property=\"og:title\" content=\"Fahrradboxen - Wendland Mobil\" \/>\n<meta property=\"og:description\" content=\"F\u00fcr die St\u00e4rkung des Radverkehrs in L\u00fcchow-Dannenberg: Neue Fahrradboxen ab 12. Januar 2026 buchbar Die Aufstellung von Fahrradboxen ist Teil des NKI-Verbundprojektes \u201eNeue Wege f\u00fcr neue R\u00e4der\u201c.\u00a0 An mehreren Verkehrsknotenpunkten im Landkreis L\u00fcchow-Dannenberg \u2013 insbesondere \u00fcberall dort, wo Pendlerinnen und Pendler, Ausfl\u00fcgler oder touristische G\u00e4ste beispielsweise vom Fahrrad auf den Bus oder die Bahn umsteigen&hellip;\" \/>\n<meta property=\"og:url\" content=\"https:\/\/wendlandmobil.de\/uk\/fahrradboxen\/\" \/>\n<meta property=\"og:site_name\" content=\"Wendland Mobil\" \/>\n<meta property=\"article:publisher\" content=\"https:\/\/www.facebook.com\/MobilitaetsagenturWendlandElbe\/\" \/>\n<meta property=\"article:modified_time\" content=\"2025-12-15T08:44:22+00:00\" \/>\n<meta name=\"twitter:card\" content=\"summary_large_image\" \/>\n<meta name=\"twitter:label1\" content=\"\u041f\u0440\u0438\u0431\u043b. \u0447\u0430\u0441 \u0447\u0438\u0442\u0430\u043d\u043d\u044f\" \/>\n\t<meta name=\"twitter:data1\" content=\"2 \u0445\u0432\u0438\u043b\u0438\u043d\u0438\" \/>\n<script type=\"application\/ld+json\" class=\"yoast-schema-graph\">{\"@context\":\"https:\\\/\\\/schema.org\",\"@graph\":[{\"@type\":\"WebPage\",\"@id\":\"https:\\\/\\\/wendlandmobil.de\\\/fahrradboxen\\\/\",\"url\":\"https:\\\/\\\/wendlandmobil.de\\\/fahrradboxen\\\/\",\"name\":\"Fahrradboxen - Wendland Mobil\",\"isPartOf\":{\"@id\":\"https:\\\/\\\/wendlandmobil.de\\\/#website\"},\"datePublished\":\"2025-12-11T12:03:58+00:00\",\"dateModified\":\"2025-12-15T08:44:22+00:00\",\"breadcrumb\":{\"@id\":\"https:\\\/\\\/wendlandmobil.de\\\/fahrradboxen\\\/#breadcrumb\"},\"inLanguage\":\"uk\",\"potentialAction\":[{\"@type\":\"ReadAction\",\"target\":[\"https:\\\/\\\/wendlandmobil.de\\\/fahrradboxen\\\/\"]}]},{\"@type\":\"BreadcrumbList\",\"@id\":\"https:\\\/\\\/wendlandmobil.de\\\/fahrradboxen\\\/#breadcrumb\",\"itemListElement\":[{\"@type\":\"ListItem\",\"position\":1,\"name\":\"Startseite\",\"item\":\"https:\\\/\\\/wendlandmobil.de\\\/\"},{\"@type\":\"ListItem\",\"position\":2,\"name\":\"Fahrradboxen\"}]},{\"@type\":\"WebSite\",\"@id\":\"https:\\\/\\\/wendlandmobil.de\\\/#website\",\"url\":\"https:\\\/\\\/wendlandmobil.de\\\/\",\"name\":\"Wendland Mobil\",\"description\":\"\",\"publisher\":{\"@id\":\"https:\\\/\\\/wendlandmobil.de\\\/#organization\"},\"potentialAction\":[{\"@type\":\"SearchAction\",\"target\":{\"@type\":\"EntryPoint\",\"urlTemplate\":\"https:\\\/\\\/wendlandmobil.de\\\/?s={search_term_string}\"},\"query-input\":{\"@type\":\"PropertyValueSpecification\",\"valueRequired\":true,\"valueName\":\"search_term_string\"}}],\"inLanguage\":\"uk\"},{\"@type\":\"Organization\",\"@id\":\"https:\\\/\\\/wendlandmobil.de\\\/#organization\",\"name\":\"Wendland Mobil\",\"url\":\"https:\\\/\\\/wendlandmobil.de\\\/\",\"logo\":{\"@type\":\"ImageObject\",\"inLanguage\":\"uk\",\"@id\":\"https:\\\/\\\/wendlandmobil.de\\\/#\\\/schema\\\/logo\\\/image\\\/\",\"url\":\"https:\\\/\\\/wendlandmobil.de\\\/wp-content\\\/uploads\\\/LogoWendland.png\",\"contentUrl\":\"https:\\\/\\\/wendlandmobil.de\\\/wp-content\\\/uploads\\\/LogoWendland.png\",\"width\":384,\"height\":81,\"caption\":\"Wendland Mobil\"},\"image\":{\"@id\":\"https:\\\/\\\/wendlandmobil.de\\\/#\\\/schema\\\/logo\\\/image\\\/\"},\"sameAs\":[\"https:\\\/\\\/www.facebook.com\\\/MobilitaetsagenturWendlandElbe\\\/\",\"https:\\\/\\\/www.instagram.com\\\/mobilimwendland\\\/\"]}]}<\/script>\n<!-- \/ Yoast SEO plugin. -->","yoast_head_json":{"title":"Fahrradboxen - Wendland Mobil","robots":{"index":"index","follow":"follow","max-snippet":"max-snippet:-1","max-image-preview":"max-image-preview:large","max-video-preview":"max-video-preview:-1"},"canonical":"https:\/\/wendlandmobil.de\/uk\/fahrradboxen\/","og_locale":"uk_UA","og_type":"article","og_title":"Fahrradboxen - Wendland Mobil","og_description":"F\u00fcr die St\u00e4rkung des Radverkehrs in L\u00fcchow-Dannenberg: Neue Fahrradboxen ab 12. Januar 2026 buchbar Die Aufstellung von Fahrradboxen ist Teil des NKI-Verbundprojektes \u201eNeue Wege f\u00fcr neue R\u00e4der\u201c.\u00a0 An mehreren Verkehrsknotenpunkten im Landkreis L\u00fcchow-Dannenberg \u2013 insbesondere \u00fcberall dort, wo Pendlerinnen und Pendler, Ausfl\u00fcgler oder touristische G\u00e4ste beispielsweise vom Fahrrad auf den Bus oder die Bahn umsteigen&hellip;","og_url":"https:\/\/wendlandmobil.de\/uk\/fahrradboxen\/","og_site_name":"Wendland Mobil","article_publisher":"https:\/\/www.facebook.com\/MobilitaetsagenturWendlandElbe\/","article_modified_time":"2025-12-15T08:44:22+00:00","twitter_card":"summary_large_image","twitter_misc":{"\u041f\u0440\u0438\u0431\u043b. \u0447\u0430\u0441 \u0447\u0438\u0442\u0430\u043d\u043d\u044f":"2 \u0445\u0432\u0438\u043b\u0438\u043d\u0438"},"schema":{"@context":"https:\/\/schema.org","@graph":[{"@type":"WebPage","@id":"https:\/\/wendlandmobil.de\/fahrradboxen\/","url":"https:\/\/wendlandmobil.de\/fahrradboxen\/","name":"Fahrradboxen - Wendland Mobil","isPartOf":{"@id":"https:\/\/wendlandmobil.de\/#website"},"datePublished":"2025-12-11T12:03:58+00:00","dateModified":"2025-12-15T08:44:22+00:00","breadcrumb":{"@id":"https:\/\/wendlandmobil.de\/fahrradboxen\/#breadcrumb"},"inLanguage":"uk","potentialAction":[{"@type":"ReadAction","target":["https:\/\/wendlandmobil.de\/fahrradboxen\/"]}]},{"@type":"BreadcrumbList","@id":"https:\/\/wendlandmobil.de\/fahrradboxen\/#breadcrumb","itemListElement":[{"@type":"ListItem","position":1,"name":"Startseite","item":"https:\/\/wendlandmobil.de\/"},{"@type":"ListItem","position":2,"name":"Fahrradboxen"}]},{"@type":"WebSite","@id":"https:\/\/wendlandmobil.de\/#website","url":"https:\/\/wendlandmobil.de\/","name":"Wendland Mobile","description":"","publisher":{"@id":"https:\/\/wendlandmobil.de\/#organization"},"potentialAction":[{"@type":"SearchAction","target":{"@type":"EntryPoint","urlTemplate":"https:\/\/wendlandmobil.de\/?s={search_term_string}"},"query-input":{"@type":"PropertyValueSpecification","valueRequired":true,"valueName":"search_term_string"}}],"inLanguage":"uk"},{"@type":"Organization","@id":"https:\/\/wendlandmobil.de\/#organization","name":"Wendland Mobile","url":"https:\/\/wendlandmobil.de\/","logo":{"@type":"ImageObject","inLanguage":"uk","@id":"https:\/\/wendlandmobil.de\/#\/schema\/logo\/image\/","url":"https:\/\/wendlandmobil.de\/wp-content\/uploads\/LogoWendland.png","contentUrl":"https:\/\/wendlandmobil.de\/wp-content\/uploads\/LogoWendland.png","width":384,"height":81,"caption":"Wendland Mobil"},"image":{"@id":"https:\/\/wendlandmobil.de\/#\/schema\/logo\/image\/"},"sameAs":["https:\/\/www.facebook.com\/MobilitaetsagenturWendlandElbe\/","https:\/\/www.instagram.com\/mobilimwendland\/"]}]}},"_links":{"self":[{"href":"https:\/\/wendlandmobil.de\/uk\/wp-json\/wp\/v2\/pages\/54877","targetHints":{"allow":["GET"]}}],"collection":[{"href":"https:\/\/wendlandmobil.de\/uk\/wp-json\/wp\/v2\/pages"}],"about":[{"href":"https:\/\/wendlandmobil.de\/uk\/wp-json\/wp\/v2\/types\/page"}],"author":[{"embeddable":true,"href":"https:\/\/wendlandmobil.de\/uk\/wp-json\/wp\/v2\/users\/395"}],"replies":[{"embeddable":true,"href":"https:\/\/wendlandmobil.de\/uk\/wp-json\/wp\/v2\/comments?post=54877"}],"version-history":[{"count":5,"href":"https:\/\/wendlandmobil.de\/uk\/wp-json\/wp\/v2\/pages\/54877\/revisions"}],"predecessor-version":[{"id":54932,"href":"https:\/\/wendlandmobil.de\/uk\/wp-json\/wp\/v2\/pages\/54877\/revisions\/54932"}],"wp:attachment":[{"href":"https:\/\/wendlandmobil.de\/uk\/wp-json\/wp\/v2\/media?parent=54877"}],"curies":[{"name":"wp","href":"https:\/\/api.w.org\/{rel}","templated":true}]}}