{"id":40659,"date":"2024-02-19T15:32:36","date_gmt":"2024-02-19T14:32:36","guid":{"rendered":"https:\/\/wendlandmobil.de\/?page_id=40659"},"modified":"2025-07-07T14:13:08","modified_gmt":"2025-07-07T12:13:08","slug":"%d0%ba%d0%b0%d1%80%d1%94%d1%80%d0%b0","status":"publish","type":"page","link":"https:\/\/wendlandmobil.de\/uk\/lse-gmbh\/karriere\/","title":{"rendered":"\u041a\u0430\u0440'\u0454\u0440\u0430"},"content":{"rendered":"<div data-elementor-type=\"wp-page\" data-elementor-id=\"40659\" class=\"elementor elementor-40659\" data-elementor-post-type=\"page\">\n\t\t\t\t<div class=\"elementor-element elementor-element-95cf3ed e-flex e-con-boxed e-con e-parent\" data-id=\"95cf3ed\" data-element_type=\"container\" data-e-type=\"container\">\n\t\t\t\t\t<div class=\"e-con-inner\">\n\t\t<div class=\"elementor-element elementor-element-9405431 e-con-full e-flex e-con e-child\" data-id=\"9405431\" data-element_type=\"container\" data-e-type=\"container\">\n\t\t\t\t<div class=\"elementor-element elementor-element-a0f7a94 elementor-widget elementor-widget-heading\" data-id=\"a0f7a94\" data-element_type=\"widget\" data-e-type=\"widget\" data-widget_type=\"heading.default\">\n\t\t\t\t<div class=\"elementor-widget-container\">\n\t\t\t\t\t<h2 class=\"elementor-heading-title elementor-size-large\">\u0412\u0438 \u043c\u043e\u0436\u0435\u0442\u0435 \u0437\u043d\u0430\u0439\u0442\u0438 \u0430\u043a\u0442\u0443\u0430\u043b\u044c\u043d\u0456 \u043e\u0433\u043e\u043b\u043e\u0448\u0435\u043d\u043d\u044f \u043f\u0440\u043e \u0432\u0430\u043a\u0430\u043d\u0441\u0456\u0457 \u0432 LSE \u0442\u0443\u0442.<\/h2>\t\t\t\t<\/div>\n\t\t\t\t<\/div>\n\t\t<div class=\"elementor-element elementor-element-b51febd e-con-full e-flex e-con e-child\" data-id=\"b51febd\" data-element_type=\"container\" data-e-type=\"container\">\n\t\t\t\t<div class=\"elementor-element elementor-element-96d3955 elementor-widget elementor-widget-image\" data-id=\"96d3955\" data-element_type=\"widget\" data-e-type=\"widget\" data-widget_type=\"image.default\">\n\t\t\t\t<div class=\"elementor-widget-container\">\n\t\t\t\t\t\t\t\t\t\t\t\t\t\t\t\t<a href=\"https:\/\/wendlandmobil.de\/wp-content\/uploads\/Stellenbeschreibung_Werkstatt-1.pdf\" target=\"_blank\">\n\t\t\t\t\t\t\t<img fetchpriority=\"high\" decoding=\"async\" width=\"368\" height=\"512\" src=\"https:\/\/wendlandmobil.de\/wp-content\/uploads\/Stellenbeschreibung_Werkstatt-1-368x512.jpg\" class=\"attachment-medium size-medium wp-image-47189\" alt=\"\" srcset=\"https:\/\/wendlandmobil.de\/wp-content\/uploads\/Stellenbeschreibung_Werkstatt-1-368x512.jpg 368w, https:\/\/wendlandmobil.de\/wp-content\/uploads\/Stellenbeschreibung_Werkstatt-1-736x1024.jpg 736w, https:\/\/wendlandmobil.de\/wp-content\/uploads\/Stellenbeschreibung_Werkstatt-1-768x1068.jpg 768w, https:\/\/wendlandmobil.de\/wp-content\/uploads\/Stellenbeschreibung_Werkstatt-1-9x12.jpg 9w, https:\/\/wendlandmobil.de\/wp-content\/uploads\/Stellenbeschreibung_Werkstatt-1-600x834.jpg 600w, https:\/\/wendlandmobil.de\/wp-content\/uploads\/Stellenbeschreibung_Werkstatt-1.jpg 1062w\" sizes=\"(max-width: 368px) 100vw, 368px\" \/>\t\t\t\t\t\t\t\t<\/a>\n\t\t\t\t\t\t\t\t\t\t\t\t\t\t\t<\/div>\n\t\t\t\t<\/div>\n\t\t\t\t<\/div>\n\t\t<div class=\"elementor-element elementor-element-e6977e4 e-con-full e-flex e-con e-child\" data-id=\"e6977e4\" data-element_type=\"container\" data-e-type=\"container\">\n\t\t\t\t<\/div>\n\t\t\t\t<div class=\"elementor-element elementor-element-07b782a elementor-widget elementor-widget-image\" data-id=\"07b782a\" data-element_type=\"widget\" data-e-type=\"widget\" data-widget_type=\"image.default\">\n\t\t\t\t<div class=\"elementor-widget-container\">\n\t\t\t\t\t\t\t\t\t\t\t\t\t\t\t\t<a href=\"https:\/\/wendlandmobil.de\/wp-content\/uploads\/LSE-Stellenbeschreibung_Busfahrer.pdf\" target=\"_blank\">\n\t\t\t\t\t\t\t<img decoding=\"async\" width=\"366\" height=\"512\" src=\"https:\/\/wendlandmobil.de\/wp-content\/uploads\/Bildschirmfoto_4-4-2025_115452_-366x512.jpeg\" class=\"attachment-medium size-medium wp-image-46447\" alt=\"\" srcset=\"https:\/\/wendlandmobil.de\/wp-content\/uploads\/Bildschirmfoto_4-4-2025_115452_-366x512.jpeg 366w, https:\/\/wendlandmobil.de\/wp-content\/uploads\/Bildschirmfoto_4-4-2025_115452_-9x12.jpeg 9w, https:\/\/wendlandmobil.de\/wp-content\/uploads\/Bildschirmfoto_4-4-2025_115452_-600x840.jpeg 600w, https:\/\/wendlandmobil.de\/wp-content\/uploads\/Bildschirmfoto_4-4-2025_115452_.jpeg 626w\" sizes=\"(max-width: 366px) 100vw, 366px\" \/>\t\t\t\t\t\t\t\t<\/a>\n\t\t\t\t\t\t\t\t\t\t\t\t\t\t\t<\/div>\n\t\t\t\t<\/div>\n\t\t\t\t<\/div>\n\t\t<div class=\"elementor-element elementor-element-c6207e8 e-con-full e-flex e-con e-child\" data-id=\"c6207e8\" data-element_type=\"container\" data-e-type=\"container\">\n\t\t\t\t<div class=\"elementor-element elementor-element-dc5132a elementor-widget elementor-widget-heading\" data-id=\"dc5132a\" data-element_type=\"widget\" data-e-type=\"widget\" data-widget_type=\"heading.default\">\n\t\t\t\t<div class=\"elementor-widget-container\">\n\t\t\t\t\t<h2 class=\"elementor-heading-title elementor-size-large\">\u041c\u0438 \u0437 \u043d\u0435\u0442\u0435\u0440\u043f\u0456\u043d\u043d\u044f\u043c \u0447\u0435\u043a\u0430\u0454\u043c\u043e \u043d\u0430 \u0432\u0430\u0448\u0443 \u0437\u0430\u044f\u0432\u043a\u0443:<\/h2>\t\t\t\t<\/div>\n\t\t\t\t<\/div>\n\t\t\t\t<div class=\"elementor-element elementor-element-875ce13 elementor-widget elementor-widget-text-editor\" data-id=\"875ce13\" data-element_type=\"widget\" data-e-type=\"widget\" data-widget_type=\"text-editor.default\">\n\t\t\t\t<div class=\"elementor-widget-container\">\n\t\t\t\t\t\t\t\t\t<p>\u0417\u0430\u043b\u0456\u0437\u043d\u0438\u0446\u044f \u041b\u044e\u0445\u043e\u0432-\u0428\u043c\u0430\u0440\u0441\u0430\u0443 \u0413\u043c\u0431\u0425<br \/>\u0412\u0443\u043b\u0438\u0446\u044f \u041a\u0435\u043d\u0456\u0433\u0441\u0431\u0435\u0440\u0433\u0435\u0440, 10<br \/>29439 \u041b\u044e\u0445\u043e\u0432<br \/>\u0430\u0431\u043e \u0435\u043b\u0435\u043a\u0442\u0440\u043e\u043d\u043d\u043e\u044e \u043f\u043e\u0448\u0442\u043e\u044e \u0443 \u0432\u0438\u0433\u043b\u044f\u0434\u0456 PDF-\u0444\u0430\u0439\u043b\u0443 \u043d\u0430 \u0430\u0434\u0440\u0435\u0441\u0443: <a href=\"mailto:lse@luechow-dannenberg.de\">lse@luechow-dannenberg.de<\/a>.<\/p>\t\t\t\t\t\t\t\t<\/div>\n\t\t\t\t<\/div>\n\t\t\t\t<\/div>\n\t\t\t\t\t<\/div>\n\t\t\t\t<\/div>\n\t\t\t\t<\/div>","protected":false},"excerpt":{"rendered":"<p>\u0417 \u043f\u043e\u0442\u043e\u0447\u043d\u0438\u043c\u0438 \u0432\u0430\u043a\u0430\u043d\u0441\u0456\u044f\u043c\u0438 \u0432 LSE \u043c\u043e\u0436\u043d\u0430 \u043e\u0437\u043d\u0430\u0439\u043e\u043c\u0438\u0442\u0438\u0441\u044f \u0442\u0443\u0442. \u041c\u0438 \u0437 \u043d\u0435\u0442\u0435\u0440\u043f\u0456\u043d\u043d\u044f\u043c \u0447\u0435\u043a\u0430\u0454\u043c\u043e \u043d\u0430 \u0412\u0430\u0448\u0443 \u0437\u0430\u044f\u0432\u043a\u0443: L\u00fcchow-Schmarsauer Eisenbahn GmbHK\u00f6nigsberger Stra\u00dfe 1029439 L\u00fcchowor \u0435\u043b\u0435\u043a\u0442\u0440\u043e\u043d\u043d\u043e\u044e \u043f\u043e\u0448\u0442\u043e\u044e \u0443 \u0444\u043e\u0440\u043c\u0430\u0442\u0456 PDF \u043d\u0430 \u0430\u0434\u0440\u0435\u0441\u0443: lse@luechow-dannenberg.de.<\/p>","protected":false},"author":1,"featured_media":809,"parent":40580,"menu_order":0,"comment_status":"closed","ping_status":"closed","template":"","meta":{"footnotes":""},"class_list":["post-40659","page","type-page","status-publish","has-post-thumbnail","hentry"],"yoast_head":"<!-- This site is optimized with the Yoast SEO plugin v27.3 - https:\/\/yoast.com\/product\/yoast-seo-wordpress\/ -->\n<title>Karriere - Wendland Mobil<\/title>\n<meta name=\"robots\" content=\"index, follow, max-snippet:-1, max-image-preview:large, max-video-preview:-1\" \/>\n<link rel=\"canonical\" href=\"https:\/\/wendlandmobil.de\/uk\/lse-gmbh\/\u043a\u0430\u0440\u0454\u0440\u0430\/\" \/>\n<meta property=\"og:locale\" content=\"uk_UA\" \/>\n<meta property=\"og:type\" content=\"article\" \/>\n<meta property=\"og:title\" content=\"Karriere - Wendland Mobil\" \/>\n<meta property=\"og:description\" content=\"Die aktuellen Stellenausschreibungen der LSE finden Sie hier. Wir freuen uns auf Ihre Bewerbung an: L\u00fcchow-Schmarsauer Eisenbahn GmbHK\u00f6nigsberger Stra\u00dfe 1029439 L\u00fcchowoder per E-Mail als PDF-Anhang an: lse@luechow-dannenberg.de.\" \/>\n<meta property=\"og:url\" content=\"https:\/\/wendlandmobil.de\/uk\/lse-gmbh\/\u043a\u0430\u0440\u0454\u0440\u0430\/\" \/>\n<meta property=\"og:site_name\" content=\"Wendland Mobil\" \/>\n<meta property=\"article:publisher\" content=\"https:\/\/www.facebook.com\/MobilitaetsagenturWendlandElbe\/\" \/>\n<meta property=\"article:modified_time\" content=\"2025-07-07T12:13:08+00:00\" \/>\n<meta property=\"og:image\" content=\"https:\/\/wendlandmobil.de\/wp-content\/uploads\/jobs.png\" \/>\n\t<meta property=\"og:image:width\" content=\"1920\" \/>\n\t<meta property=\"og:image:height\" content=\"700\" \/>\n\t<meta property=\"og:image:type\" content=\"image\/png\" \/>\n<meta name=\"twitter:card\" content=\"summary_large_image\" \/>\n<meta name=\"twitter:label1\" content=\"\u041f\u0440\u0438\u0431\u043b. \u0447\u0430\u0441 \u0447\u0438\u0442\u0430\u043d\u043d\u044f\" \/>\n\t<meta name=\"twitter:data1\" content=\"1 \u0445\u0432\u0438\u043b\u0438\u043d\u0430\" \/>\n<script type=\"application\/ld+json\" class=\"yoast-schema-graph\">{\"@context\":\"https:\\\/\\\/schema.org\",\"@graph\":[{\"@type\":\"WebPage\",\"@id\":\"https:\\\/\\\/wendlandmobil.de\\\/lse-gmbh\\\/karriere\\\/\",\"url\":\"https:\\\/\\\/wendlandmobil.de\\\/lse-gmbh\\\/karriere\\\/\",\"name\":\"Karriere - Wendland Mobil\",\"isPartOf\":{\"@id\":\"https:\\\/\\\/wendlandmobil.de\\\/#website\"},\"primaryImageOfPage\":{\"@id\":\"https:\\\/\\\/wendlandmobil.de\\\/lse-gmbh\\\/karriere\\\/#primaryimage\"},\"image\":{\"@id\":\"https:\\\/\\\/wendlandmobil.de\\\/lse-gmbh\\\/karriere\\\/#primaryimage\"},\"thumbnailUrl\":\"https:\\\/\\\/wendlandmobil.de\\\/wp-content\\\/uploads\\\/jobs.png\",\"datePublished\":\"2024-02-19T14:32:36+00:00\",\"dateModified\":\"2025-07-07T12:13:08+00:00\",\"breadcrumb\":{\"@id\":\"https:\\\/\\\/wendlandmobil.de\\\/lse-gmbh\\\/karriere\\\/#breadcrumb\"},\"inLanguage\":\"uk\",\"potentialAction\":[{\"@type\":\"ReadAction\",\"target\":[\"https:\\\/\\\/wendlandmobil.de\\\/lse-gmbh\\\/karriere\\\/\"]}]},{\"@type\":\"ImageObject\",\"inLanguage\":\"uk\",\"@id\":\"https:\\\/\\\/wendlandmobil.de\\\/lse-gmbh\\\/karriere\\\/#primaryimage\",\"url\":\"https:\\\/\\\/wendlandmobil.de\\\/wp-content\\\/uploads\\\/jobs.png\",\"contentUrl\":\"https:\\\/\\\/wendlandmobil.de\\\/wp-content\\\/uploads\\\/jobs.png\",\"width\":1920,\"height\":700},{\"@type\":\"BreadcrumbList\",\"@id\":\"https:\\\/\\\/wendlandmobil.de\\\/lse-gmbh\\\/karriere\\\/#breadcrumb\",\"itemListElement\":[{\"@type\":\"ListItem\",\"position\":1,\"name\":\"Startseite\",\"item\":\"https:\\\/\\\/wendlandmobil.de\\\/\"},{\"@type\":\"ListItem\",\"position\":2,\"name\":\"LSE GmbH\",\"item\":\"https:\\\/\\\/wendlandmobil.de\\\/lse-gmbh\\\/\"},{\"@type\":\"ListItem\",\"position\":3,\"name\":\"Karriere\"}]},{\"@type\":\"WebSite\",\"@id\":\"https:\\\/\\\/wendlandmobil.de\\\/#website\",\"url\":\"https:\\\/\\\/wendlandmobil.de\\\/\",\"name\":\"Wendland Mobil\",\"description\":\"\",\"publisher\":{\"@id\":\"https:\\\/\\\/wendlandmobil.de\\\/#organization\"},\"potentialAction\":[{\"@type\":\"SearchAction\",\"target\":{\"@type\":\"EntryPoint\",\"urlTemplate\":\"https:\\\/\\\/wendlandmobil.de\\\/?s={search_term_string}\"},\"query-input\":{\"@type\":\"PropertyValueSpecification\",\"valueRequired\":true,\"valueName\":\"search_term_string\"}}],\"inLanguage\":\"uk\"},{\"@type\":\"Organization\",\"@id\":\"https:\\\/\\\/wendlandmobil.de\\\/#organization\",\"name\":\"Wendland Mobil\",\"url\":\"https:\\\/\\\/wendlandmobil.de\\\/\",\"logo\":{\"@type\":\"ImageObject\",\"inLanguage\":\"uk\",\"@id\":\"https:\\\/\\\/wendlandmobil.de\\\/#\\\/schema\\\/logo\\\/image\\\/\",\"url\":\"https:\\\/\\\/wendlandmobil.de\\\/wp-content\\\/uploads\\\/LogoWendland.png\",\"contentUrl\":\"https:\\\/\\\/wendlandmobil.de\\\/wp-content\\\/uploads\\\/LogoWendland.png\",\"width\":384,\"height\":81,\"caption\":\"Wendland Mobil\"},\"image\":{\"@id\":\"https:\\\/\\\/wendlandmobil.de\\\/#\\\/schema\\\/logo\\\/image\\\/\"},\"sameAs\":[\"https:\\\/\\\/www.facebook.com\\\/MobilitaetsagenturWendlandElbe\\\/\",\"https:\\\/\\\/www.instagram.com\\\/mobilimwendland\\\/\"]}]}<\/script>\n<!-- \/ Yoast SEO plugin. -->","yoast_head_json":{"title":"\u041a\u0430\u0440'\u0454\u0440\u0430 - Wendland Mobil","robots":{"index":"index","follow":"follow","max-snippet":"max-snippet:-1","max-image-preview":"max-image-preview:large","max-video-preview":"max-video-preview:-1"},"canonical":"https:\/\/wendlandmobil.de\/uk\/lse-gmbh\/\u043a\u0430\u0440\u0454\u0440\u0430\/","og_locale":"uk_UA","og_type":"article","og_title":"Karriere - Wendland Mobil","og_description":"Die aktuellen Stellenausschreibungen der LSE finden Sie hier. Wir freuen uns auf Ihre Bewerbung an: L\u00fcchow-Schmarsauer Eisenbahn GmbHK\u00f6nigsberger Stra\u00dfe 1029439 L\u00fcchowoder per E-Mail als PDF-Anhang an: lse@luechow-dannenberg.de.","og_url":"https:\/\/wendlandmobil.de\/uk\/lse-gmbh\/\u043a\u0430\u0440\u0454\u0440\u0430\/","og_site_name":"Wendland Mobil","article_publisher":"https:\/\/www.facebook.com\/MobilitaetsagenturWendlandElbe\/","article_modified_time":"2025-07-07T12:13:08+00:00","og_image":[{"width":1920,"height":700,"url":"https:\/\/wendlandmobil.de\/wp-content\/uploads\/jobs.png","type":"image\/png"}],"twitter_card":"summary_large_image","twitter_misc":{"\u041f\u0440\u0438\u0431\u043b. \u0447\u0430\u0441 \u0447\u0438\u0442\u0430\u043d\u043d\u044f":"1 \u0445\u0432\u0438\u043b\u0438\u043d\u0430"},"schema":{"@context":"https:\/\/schema.org","@graph":[{"@type":"WebPage","@id":"https:\/\/wendlandmobil.de\/lse-gmbh\/karriere\/","url":"https:\/\/wendlandmobil.de\/lse-gmbh\/karriere\/","name":"\u041a\u0430\u0440'\u0454\u0440\u0430 - Wendland Mobil","isPartOf":{"@id":"https:\/\/wendlandmobil.de\/#website"},"primaryImageOfPage":{"@id":"https:\/\/wendlandmobil.de\/lse-gmbh\/karriere\/#primaryimage"},"image":{"@id":"https:\/\/wendlandmobil.de\/lse-gmbh\/karriere\/#primaryimage"},"thumbnailUrl":"https:\/\/wendlandmobil.de\/wp-content\/uploads\/jobs.png","datePublished":"2024-02-19T14:32:36+00:00","dateModified":"2025-07-07T12:13:08+00:00","breadcrumb":{"@id":"https:\/\/wendlandmobil.de\/lse-gmbh\/karriere\/#breadcrumb"},"inLanguage":"uk","potentialAction":[{"@type":"ReadAction","target":["https:\/\/wendlandmobil.de\/lse-gmbh\/karriere\/"]}]},{"@type":"ImageObject","inLanguage":"uk","@id":"https:\/\/wendlandmobil.de\/lse-gmbh\/karriere\/#primaryimage","url":"https:\/\/wendlandmobil.de\/wp-content\/uploads\/jobs.png","contentUrl":"https:\/\/wendlandmobil.de\/wp-content\/uploads\/jobs.png","width":1920,"height":700},{"@type":"BreadcrumbList","@id":"https:\/\/wendlandmobil.de\/lse-gmbh\/karriere\/#breadcrumb","itemListElement":[{"@type":"ListItem","position":1,"name":"Startseite","item":"https:\/\/wendlandmobil.de\/"},{"@type":"ListItem","position":2,"name":"LSE GmbH","item":"https:\/\/wendlandmobil.de\/lse-gmbh\/"},{"@type":"ListItem","position":3,"name":"Karriere"}]},{"@type":"WebSite","@id":"https:\/\/wendlandmobil.de\/#website","url":"https:\/\/wendlandmobil.de\/","name":"Wendland Mobile","description":"","publisher":{"@id":"https:\/\/wendlandmobil.de\/#organization"},"potentialAction":[{"@type":"SearchAction","target":{"@type":"EntryPoint","urlTemplate":"https:\/\/wendlandmobil.de\/?s={search_term_string}"},"query-input":{"@type":"PropertyValueSpecification","valueRequired":true,"valueName":"search_term_string"}}],"inLanguage":"uk"},{"@type":"Organization","@id":"https:\/\/wendlandmobil.de\/#organization","name":"Wendland Mobile","url":"https:\/\/wendlandmobil.de\/","logo":{"@type":"ImageObject","inLanguage":"uk","@id":"https:\/\/wendlandmobil.de\/#\/schema\/logo\/image\/","url":"https:\/\/wendlandmobil.de\/wp-content\/uploads\/LogoWendland.png","contentUrl":"https:\/\/wendlandmobil.de\/wp-content\/uploads\/LogoWendland.png","width":384,"height":81,"caption":"Wendland Mobil"},"image":{"@id":"https:\/\/wendlandmobil.de\/#\/schema\/logo\/image\/"},"sameAs":["https:\/\/www.facebook.com\/MobilitaetsagenturWendlandElbe\/","https:\/\/www.instagram.com\/mobilimwendland\/"]}]}},"_links":{"self":[{"href":"https:\/\/wendlandmobil.de\/uk\/wp-json\/wp\/v2\/pages\/40659","targetHints":{"allow":["GET"]}}],"collection":[{"href":"https:\/\/wendlandmobil.de\/uk\/wp-json\/wp\/v2\/pages"}],"about":[{"href":"https:\/\/wendlandmobil.de\/uk\/wp-json\/wp\/v2\/types\/page"}],"author":[{"embeddable":true,"href":"https:\/\/wendlandmobil.de\/uk\/wp-json\/wp\/v2\/users\/1"}],"replies":[{"embeddable":true,"href":"https:\/\/wendlandmobil.de\/uk\/wp-json\/wp\/v2\/comments?post=40659"}],"version-history":[{"count":5,"href":"https:\/\/wendlandmobil.de\/uk\/wp-json\/wp\/v2\/pages\/40659\/revisions"}],"predecessor-version":[{"id":47205,"href":"https:\/\/wendlandmobil.de\/uk\/wp-json\/wp\/v2\/pages\/40659\/revisions\/47205"}],"up":[{"embeddable":true,"href":"https:\/\/wendlandmobil.de\/uk\/wp-json\/wp\/v2\/pages\/40580"}],"wp:featuredmedia":[{"embeddable":true,"href":"https:\/\/wendlandmobil.de\/uk\/wp-json\/wp\/v2\/media\/809"}],"wp:attachment":[{"href":"https:\/\/wendlandmobil.de\/uk\/wp-json\/wp\/v2\/media?parent=40659"}],"curies":[{"name":"wp","href":"https:\/\/api.w.org\/{rel}","templated":true}]}}