{"id":40575,"date":"2024-02-19T14:02:28","date_gmt":"2024-02-19T13:02:28","guid":{"rendered":"https:\/\/wendlandmobil.de\/?page_id=40575"},"modified":"2024-03-18T10:45:11","modified_gmt":"2024-03-18T09:45:11","slug":"%d0%b0%d0%b1%d0%be%d0%bd%d0%b5%d0%bc%d0%b5%d0%bd%d1%82%d0%b8-%d0%bd%d0%b0-%d0%ba%d0%b2%d0%b8%d1%82%d0%ba%d0%b8","status":"publish","type":"page","link":"https:\/\/wendlandmobil.de\/uk\/tickets-abos\/","title":{"rendered":"\u041a\u0432\u0438\u0442\u043a\u0438 + \u0430\u0431\u043e\u043d\u0435\u043c\u0435\u043d\u0442\u0438"},"content":{"rendered":"<div data-elementor-type=\"wp-page\" data-elementor-id=\"40575\" class=\"elementor elementor-40575\" data-elementor-post-type=\"page\">\n\t\t\t\t<div class=\"elementor-element elementor-element-91bc5f1 e-flex e-con-boxed e-con e-parent\" data-id=\"91bc5f1\" data-element_type=\"container\" data-e-type=\"container\">\n\t\t\t\t\t<div class=\"e-con-inner\">\n\t\t\t\t<div class=\"elementor-element elementor-element-662cf34 elementor-widget elementor-widget-heading\" data-id=\"662cf34\" data-element_type=\"widget\" data-e-type=\"widget\" data-widget_type=\"heading.default\">\n\t\t\t\t<div class=\"elementor-widget-container\">\n\t\t\t\t\t<h3 class=\"elementor-heading-title elementor-size-default\">\u041a\u0432\u0438\u0442\u043a\u0438 \u0442\u0430 \u043f\u0456\u0434\u043f\u0438\u0441\u043a\u0438<\/h3>\t\t\t\t<\/div>\n\t\t\t\t<\/div>\n\t\t\t\t<div class=\"elementor-element elementor-element-ff95a5f elementor-widget elementor-widget-text-editor\" data-id=\"ff95a5f\" data-element_type=\"widget\" data-e-type=\"widget\" data-widget_type=\"text-editor.default\">\n\t\t\t\t<div class=\"elementor-widget-container\">\n\t\t\t\t\t\t\t\t\t<p>\u041d\u0430 \u043d\u0430\u0441\u0442\u0443\u043f\u043d\u0438\u0445 \u0441\u0442\u043e\u0440\u0456\u043d\u043a\u0430\u0445 \u0432\u0438 \u0437\u043d\u0430\u0439\u0434\u0435\u0442\u0435 \u0432\u0441\u044e \u043d\u0435\u043e\u0431\u0445\u0456\u0434\u043d\u0443 \u0456\u043d\u0444\u043e\u0440\u043c\u0430\u0446\u0456\u044e \u043f\u0440\u043e \u0448\u043a\u0456\u043b\u044c\u043d\u0438\u0439 \u0442\u0440\u0430\u043d\u0441\u043f\u043e\u0440\u0442, \u0440\u0456\u0447\u043d\u0438\u0439 \u043a\u0432\u0438\u0442\u043e\u043a Wendland-Tarif, Deutschland Ticket \u0442\u0430 mobiCard!<\/p>\t\t\t\t\t\t\t\t<\/div>\n\t\t\t\t<\/div>\n\t\t\t\t<div class=\"elementor-element elementor-element-1e8dc39 elementor-widget elementor-widget-post-template\" data-id=\"1e8dc39\" data-element_type=\"widget\" data-e-type=\"widget\" data-widget_type=\"post-template.default\">\n\t\t\t\t<div class=\"elementor-widget-container\">\n\t\t\t\t\t\r\n<div class=\"row card-grid\">\r\n            <div class=\"col-12 col-sm-6 col-lg-4 col-xl-3 mb-4 mb-md-7\">\r\n            <div class=\"elementor-element elementor-position-top elementor-widget elementor-widget-image-box\">\n\t<div class=\"elementor-widget-container h-100\">\n\t\t<div class=\"elementor-image-box-wrapper\">\n\t\t\t<figure class=\"elementor-image-box-img\">\n\t\t\t\t<a href=\"https:\/\/wendlandmobil.de\/uk\/tickets-abos\/wendland-tarif-jahresticket\/\" tabindex=\"-1\">\n\t\t\t\t\t<img decoding=\"async\" src=\"https:\/\/wendlandmobil.de\/wp-content\/uploads\/header-wendlandtarif-512x160.png\" alt=\"\" title=\"header-wendlandtarif\"  \/>\t\t\t\t\t<span class=\"screen-reader-text\">\u0420\u0456\u0447\u043d\u0438\u0439 \u043a\u0432\u0438\u0442\u043e\u043a \u0437\u0430 \u0442\u0430\u0440\u0438\u0444\u043e\u043c Wendland<\/span>\n\t\t\t\t<\/a>\n\t\t\t<\/figure>\n\t\t\t<div class=\"elementor-image-box-content\">\n\t\t\t\t<h5 class=\"elementor-image-box-title\">\n\t\t\t\t\t<a href=\"https:\/\/wendlandmobil.de\/uk\/tickets-abos\/wendland-tarif-jahresticket\/\">\u0420\u0456\u0447\u043d\u0438\u0439 \u043a\u0432\u0438\u0442\u043e\u043a \u0437\u0430 \u0442\u0430\u0440\u0438\u0444\u043e\u043c Wendland<\/a>\n\t\t\t\t<\/h5>\n\t\t\t\t<p class=\"elementor-image-box-description mb-0\">Ab 16 \u20ac pro Monat f\u00fcr 12 Monate. Finden Sie einfach Ihren Tarif mit unserem Preisrechner: Entdecken Sie das Wendland und genie\u00dfen Sie ein ganzes Jahr grenzenlose Mobilit\u00e4t mit dem Wendlandtarif Jahresticket. Ob f\u00fcr den t\u00e4glichen Arbeitsweg, den Ausflug am Wochenende oder den spontanen Stadtbummel \u2013 mit uns sind Sie stets flexibel und g\u00fcnstig unterwegs!&hellip;<\/p>\n\t\t\t<\/div>\n\t\t<\/div>\n\t<\/div>\n<\/div>\n        <\/div>\r\n            <div class=\"col-12 col-sm-6 col-lg-4 col-xl-3 mb-4 mb-md-7\">\r\n            <div class=\"elementor-element elementor-position-top elementor-widget elementor-widget-image-box\">\n\t<div class=\"elementor-widget-container h-100\">\n\t\t<div class=\"elementor-image-box-wrapper\">\n\t\t\t<figure class=\"elementor-image-box-img\">\n\t\t\t\t<a href=\"https:\/\/wendlandmobil.de\/uk\/tickets-abos\/deutschlandticket\/\" tabindex=\"-1\">\n\t\t\t\t\t<img decoding=\"async\" src=\"https:\/\/wendlandmobil.de\/wp-content\/uploads\/headercorona-2-512x187.jpg\" alt=\"\" title=\"\u0445\u0435\u0434\u0435\u0440\u043a\u043e\u0440\u043e\u043d\u0430\"  \/>\t\t\t\t\t<span class=\"screen-reader-text\">\u041a\u0432\u0438\u0442\u043e\u043a \u0434\u043e \u041d\u0456\u043c\u0435\u0447\u0447\u0438\u043d\u0438<\/span>\n\t\t\t\t<\/a>\n\t\t\t<\/figure>\n\t\t\t<div class=\"elementor-image-box-content\">\n\t\t\t\t<h5 class=\"elementor-image-box-title\">\n\t\t\t\t\t<a href=\"https:\/\/wendlandmobil.de\/uk\/tickets-abos\/deutschlandticket\/\">\u041a\u0432\u0438\u0442\u043e\u043a \u0434\u043e \u041d\u0456\u043c\u0435\u0447\u0447\u0438\u043d\u0438<\/a>\n\t\t\t\t<\/h5>\n\t\t\t\t<p class=\"elementor-image-box-description mb-0\">Aufgrund von missbr\u00e4uchlicher Nutzung m\u00fcssen wir die Bestellfunktion f\u00fcr das Deutschlandticket vor\u00fcbergehend deaktivieren. Bestehende Abonnements und Tickets funktionieren weiterhin. Wir bitten um Ihr Verst\u00e4ndnis. Ab 63 \u20ac pro Monat fahren Sie so viel Sie wollen durch Deutschland. Erwerben Sie das monatliche Abo f\u00fcr das Deutschlandticket \u00fcber die Deutsche Bahn bahn.de oder die Verkehrsverb\u00fcnde wie VBN&hellip;<\/p>\n\t\t\t<\/div>\n\t\t<\/div>\n\t<\/div>\n<\/div>\n        <\/div>\r\n            <div class=\"col-12 col-sm-6 col-lg-4 col-xl-3 mb-4 mb-md-7\">\r\n            <div class=\"elementor-element elementor-position-top elementor-widget elementor-widget-image-box\">\n\t<div class=\"elementor-widget-container h-100\">\n\t\t<div class=\"elementor-image-box-wrapper\">\n\t\t\t<figure class=\"elementor-image-box-img\">\n\t\t\t\t<a href=\"https:\/\/wendlandmobil.de\/uk\/tickets-abos\/mobicard-und-antrag\/\" tabindex=\"-1\">\n\t\t\t\t\t<img decoding=\"async\" src=\"https:\/\/wendlandmobil.de\/wp-content\/uploads\/mobicard2-512x160.png\" alt=\"\" title=\"mobicard2\"  \/>\t\t\t\t\t<span class=\"screen-reader-text\">mobiCard \u0442\u0430 \u0434\u043e\u0434\u0430\u0442\u043e\u043a<\/span>\n\t\t\t\t<\/a>\n\t\t\t<\/figure>\n\t\t\t<div class=\"elementor-image-box-content\">\n\t\t\t\t<h5 class=\"elementor-image-box-title\">\n\t\t\t\t\t<a href=\"https:\/\/wendlandmobil.de\/uk\/tickets-abos\/mobicard-und-antrag\/\">mobiCard \u0442\u0430 \u0434\u043e\u0434\u0430\u0442\u043e\u043a<\/a>\n\t\t\t\t<\/h5>\n\t\t\t\t<p class=\"elementor-image-box-description mb-0\">Die mobiCard &#8211; f\u00fcr erm\u00e4\u00dfigtes Fahren im \u00d6PNV Mit dem neuen Wendlandtarif ab dem 01.10.2023 wurde auch die &#8220;mobiCard&#8221; eingef\u00fchrt. Karteninhaber und Karteninhaberinnen k\u00f6nnen damit die bis zu 50% verg\u00fcnstigte Preisgruppe 2 des neuen Tarifsystems nutzen. Berechtigt sind Personen, die Transferleistungen beziehen. mobiCard Antrag mobiCard Antrag (englisch) Zur Tarifauskunft Wer hat Anspruch auf die mobiCard?&hellip;<\/p>\n\t\t\t<\/div>\n\t\t<\/div>\n\t<\/div>\n<\/div>\n        <\/div>\r\n            <div class=\"col-12 col-sm-6 col-lg-4 col-xl-3 mb-4 mb-md-7\">\r\n            <div class=\"elementor-element elementor-position-top elementor-widget elementor-widget-image-box\">\n\t<div class=\"elementor-widget-container h-100\">\n\t\t<div class=\"elementor-image-box-wrapper\">\n\t\t\t<figure class=\"elementor-image-box-img\">\n\t\t\t\t<a href=\"https:\/\/wendlandmobil.de\/uk\/tickets-abos\/tickets-fuer-schueler-und-azubi\/\" tabindex=\"-1\">\n\t\t\t\t\t<img decoding=\"async\" src=\"https:\/\/wendlandmobil.de\/wp-content\/uploads\/header-ticketsschueler-512x160.png\" alt=\"\" title=\"header-ticketsschueler\"  \/>\t\t\t\t\t<span class=\"screen-reader-text\">\u041a\u0432\u0438\u0442\u043a\u0438 \u0434\u043b\u044f \u0443\u0447\u043d\u0456\u0432 \u0442\u0430 \u0441\u0442\u0443\u0434\u0435\u043d\u0442\u0456\u0432<\/span>\n\t\t\t\t<\/a>\n\t\t\t<\/figure>\n\t\t\t<div class=\"elementor-image-box-content\">\n\t\t\t\t<h5 class=\"elementor-image-box-title\">\n\t\t\t\t\t<a href=\"https:\/\/wendlandmobil.de\/uk\/tickets-abos\/tickets-fuer-schueler-und-azubi\/\">\u041a\u0432\u0438\u0442\u043a\u0438 \u0434\u043b\u044f \u0443\u0447\u043d\u0456\u0432 \u0442\u0430 \u0441\u0442\u0443\u0434\u0435\u043d\u0442\u0456\u0432<\/a>\n\t\t\t\t<\/h5>\n\t\t\t\t<p class=\"elementor-image-box-description mb-0\">Mit dem Jugend- und Azubiticket (verg\u00fcnstigtes, regionales Sch\u00fcler- und Azubiticket) k\u00f6nnen alle stra\u00dfengebundenen, \u00f6ffentlichen Verkehrsmittel im Landkreis L\u00fcchow-Dannenberg an allen Tagen \u2013 auch in den Ferien und am Wochenende \u2013 unbegrenzt genutzt werden. Info f\u00fcr Sch\u00fclerinnen und Sch\u00fcler mit Wohnsitz &#038; Schule in L\u00fcchow-Dannenberg Sch\u00fclerinnen und Sch\u00fcler, die im Landkreis L\u00fcchow-Dannenberg wohnhaft sind und au\u00dferdem&hellip;<\/p>\n\t\t\t<\/div>\n\t\t<\/div>\n\t<\/div>\n<\/div>\n        <\/div>\r\n    <\/div>\r\n\t\t\t\t<\/div>\n\t\t\t\t<\/div>\n\t\t\t\t\t<\/div>\n\t\t\t\t<\/div>\n\t\t\t\t<\/div>","protected":false},"excerpt":{"rendered":"<p>\u041a\u0432\u0438\u0442\u043a\u0438 \u0442\u0430 \u0430\u0431\u043e\u043d\u0435\u043c\u0435\u043d\u0442\u0438 \u041d\u0430 \u043d\u0430\u0441\u0442\u0443\u043f\u043d\u0438\u0445 \u0441\u0442\u043e\u0440\u0456\u043d\u043a\u0430\u0445 \u0432\u0438 \u0437\u043d\u0430\u0439\u0434\u0435\u0442\u0435 \u0432\u0441\u044e \u043d\u0435\u043e\u0431\u0445\u0456\u0434\u043d\u0443 \u0456\u043d\u0444\u043e\u0440\u043c\u0430\u0446\u0456\u044e \u043f\u0440\u043e \u0448\u043a\u0456\u043b\u044c\u043d\u0438\u0439 \u0442\u0440\u0430\u043d\u0441\u043f\u043e\u0440\u0442, \u0440\u0456\u0447\u043d\u0438\u0439 \u043a\u0432\u0438\u0442\u043e\u043a Wendland-Tarif, Deutschland Ticket \u0442\u0430 mobiCard! \u0428\u043a\u0456\u043b\u044c\u043d\u0438\u0439 \u0442\u0440\u0430\u043d\u0441\u043f\u043e\u0440\u0442 \u0428\u043a\u0456\u043b\u044c\u043d\u0438\u0439 \u0442\u0440\u0430\u043d\u0441\u043f\u043e\u0440\u0442 \u0422\u0443\u0442 \u0432\u0438 \u0437\u043d\u0430\u0439\u0434\u0435\u0442\u0435 \u0432\u0441\u0456 \u0440\u043e\u0437\u043f\u043e\u0440\u044f\u0434\u0436\u0435\u043d\u043d\u044f \u0440\u0430\u0439\u043e\u043d\u043d\u043e\u0457 \u0430\u0434\u043c\u0456\u043d\u0456\u0441\u0442\u0440\u0430\u0446\u0456\u0457, \u0449\u043e \u0441\u0442\u043e\u0441\u0443\u044e\u0442\u044c\u0441\u044f \u0448\u043a\u0456\u043b\u044c\u043d\u043e\u0433\u043e \u0442\u0440\u0430\u043d\u0441\u043f\u043e\u0440\u0442\u0443, \u0443 \u0432\u0438\u0433\u043b\u044f\u0434\u0456 PDF-\u0444\u0430\u0439\u043b\u0456\u0432 \u0434\u043b\u044f \u0437\u0430\u0432\u0430\u043d\u0442\u0430\u0436\u0435\u043d\u043d\u044f. \u0414\u043b\u044f \u0443\u0447\u043d\u0456\u0432, \u044f\u043a\u0456 \u0432\u0456\u0434\u0432\u0456\u0434\u0443\u044e\u0442\u044c \u0448\u043a\u043e\u043b\u0443 \u0437\u0430 \u043c\u0435\u0436\u0430\u043c\u0438 \u043e\u043a\u0440\u0443\u0433\u0443 \u0430\u0431\u043e \u043c\u0430\u044e\u0442\u044c \u0456\u043d\u0448\u0456 \u043e\u0441\u043e\u0431\u043b\u0438\u0432\u0456 \u0432\u0438\u043c\u043e\u0433\u0438, \u0431\u0443\u0434\u044c \u043b\u0430\u0441\u043a\u0430...<\/p>","protected":false},"author":1,"featured_media":113,"parent":0,"menu_order":0,"comment_status":"closed","ping_status":"closed","template":"","meta":{"footnotes":""},"class_list":["post-40575","page","type-page","status-publish","has-post-thumbnail","hentry"],"yoast_head":"<!-- This site is optimized with the Yoast SEO plugin v27.3 - https:\/\/yoast.com\/product\/yoast-seo-wordpress\/ -->\n<title>Tickets + Abos - Wendland Mobil<\/title>\n<meta name=\"robots\" content=\"index, follow, max-snippet:-1, max-image-preview:large, max-video-preview:-1\" \/>\n<link rel=\"canonical\" href=\"https:\/\/wendlandmobil.de\/uk\/\u0430\u0431\u043e\u043d\u0435\u043c\u0435\u043d\u0442\u0438-\u043d\u0430-\u043a\u0432\u0438\u0442\u043a\u0438\/\" \/>\n<meta property=\"og:locale\" content=\"uk_UA\" \/>\n<meta property=\"og:type\" content=\"article\" \/>\n<meta property=\"og:title\" content=\"Tickets + Abos - Wendland Mobil\" \/>\n<meta property=\"og:description\" content=\"Tickets &#038; Abos Auf den folgenden Seiten finden Sie alle Informationen rund um das Thema Sch\u00fclerbef\u00f6rderung, Wendland-Tarif Jahresticket, Deutschland Ticket und zur mobiCard! Sch\u00fclerbef\u00f6rderung Sch\u00fclerbef\u00f6rderung Hier finden Sie alle Antr\u00e4ge der Kreisverwaltung rund um die Sch\u00fclerbef\u00f6rderung als PDF-Datei zum Herunterladen. F\u00fcr Sch\u00fcler:innen, die entweder au\u00dferhalb des Landkreises beschult werden oder bei denen sonstige besondere Voraussetzungen&hellip;\" \/>\n<meta property=\"og:url\" content=\"https:\/\/wendlandmobil.de\/uk\/\u0430\u0431\u043e\u043d\u0435\u043c\u0435\u043d\u0442\u0438-\u043d\u0430-\u043a\u0432\u0438\u0442\u043a\u0438\/\" \/>\n<meta property=\"og:site_name\" content=\"Wendland Mobil\" \/>\n<meta property=\"article:publisher\" content=\"https:\/\/www.facebook.com\/MobilitaetsagenturWendlandElbe\/\" \/>\n<meta property=\"article:modified_time\" content=\"2024-03-18T09:45:11+00:00\" \/>\n<meta property=\"og:image\" content=\"https:\/\/wendlandmobil.de\/wp-content\/uploads\/sliderslide-2.jpg\" \/>\n\t<meta property=\"og:image:width\" content=\"1920\" \/>\n\t<meta property=\"og:image:height\" content=\"850\" \/>\n\t<meta property=\"og:image:type\" content=\"image\/jpeg\" \/>\n<meta name=\"twitter:card\" content=\"summary_large_image\" \/>\n<meta name=\"twitter:label1\" content=\"\u041f\u0440\u0438\u0431\u043b. \u0447\u0430\u0441 \u0447\u0438\u0442\u0430\u043d\u043d\u044f\" \/>\n\t<meta name=\"twitter:data1\" content=\"8 \u0445\u0432\u0438\u043b\u0438\u043d\" \/>\n<script type=\"application\/ld+json\" class=\"yoast-schema-graph\">{\"@context\":\"https:\\\/\\\/schema.org\",\"@graph\":[{\"@type\":\"WebPage\",\"@id\":\"https:\\\/\\\/wendlandmobil.de\\\/tickets-abos\\\/\",\"url\":\"https:\\\/\\\/wendlandmobil.de\\\/tickets-abos\\\/\",\"name\":\"Tickets + Abos - Wendland Mobil\",\"isPartOf\":{\"@id\":\"https:\\\/\\\/wendlandmobil.de\\\/#website\"},\"primaryImageOfPage\":{\"@id\":\"https:\\\/\\\/wendlandmobil.de\\\/tickets-abos\\\/#primaryimage\"},\"image\":{\"@id\":\"https:\\\/\\\/wendlandmobil.de\\\/tickets-abos\\\/#primaryimage\"},\"thumbnailUrl\":\"https:\\\/\\\/wendlandmobil.de\\\/wp-content\\\/uploads\\\/sliderslide-2.jpg\",\"datePublished\":\"2024-02-19T13:02:28+00:00\",\"dateModified\":\"2024-03-18T09:45:11+00:00\",\"breadcrumb\":{\"@id\":\"https:\\\/\\\/wendlandmobil.de\\\/tickets-abos\\\/#breadcrumb\"},\"inLanguage\":\"uk\",\"potentialAction\":[{\"@type\":\"ReadAction\",\"target\":[\"https:\\\/\\\/wendlandmobil.de\\\/tickets-abos\\\/\"]}]},{\"@type\":\"ImageObject\",\"inLanguage\":\"uk\",\"@id\":\"https:\\\/\\\/wendlandmobil.de\\\/tickets-abos\\\/#primaryimage\",\"url\":\"https:\\\/\\\/wendlandmobil.de\\\/wp-content\\\/uploads\\\/sliderslide-2.jpg\",\"contentUrl\":\"https:\\\/\\\/wendlandmobil.de\\\/wp-content\\\/uploads\\\/sliderslide-2.jpg\",\"width\":1920,\"height\":850},{\"@type\":\"BreadcrumbList\",\"@id\":\"https:\\\/\\\/wendlandmobil.de\\\/tickets-abos\\\/#breadcrumb\",\"itemListElement\":[{\"@type\":\"ListItem\",\"position\":1,\"name\":\"Startseite\",\"item\":\"https:\\\/\\\/wendlandmobil.de\\\/\"},{\"@type\":\"ListItem\",\"position\":2,\"name\":\"Tickets + Abos\"}]},{\"@type\":\"WebSite\",\"@id\":\"https:\\\/\\\/wendlandmobil.de\\\/#website\",\"url\":\"https:\\\/\\\/wendlandmobil.de\\\/\",\"name\":\"Wendland Mobil\",\"description\":\"\",\"publisher\":{\"@id\":\"https:\\\/\\\/wendlandmobil.de\\\/#organization\"},\"potentialAction\":[{\"@type\":\"SearchAction\",\"target\":{\"@type\":\"EntryPoint\",\"urlTemplate\":\"https:\\\/\\\/wendlandmobil.de\\\/?s={search_term_string}\"},\"query-input\":{\"@type\":\"PropertyValueSpecification\",\"valueRequired\":true,\"valueName\":\"search_term_string\"}}],\"inLanguage\":\"uk\"},{\"@type\":\"Organization\",\"@id\":\"https:\\\/\\\/wendlandmobil.de\\\/#organization\",\"name\":\"Wendland Mobil\",\"url\":\"https:\\\/\\\/wendlandmobil.de\\\/\",\"logo\":{\"@type\":\"ImageObject\",\"inLanguage\":\"uk\",\"@id\":\"https:\\\/\\\/wendlandmobil.de\\\/#\\\/schema\\\/logo\\\/image\\\/\",\"url\":\"https:\\\/\\\/wendlandmobil.de\\\/wp-content\\\/uploads\\\/LogoWendland.png\",\"contentUrl\":\"https:\\\/\\\/wendlandmobil.de\\\/wp-content\\\/uploads\\\/LogoWendland.png\",\"width\":384,\"height\":81,\"caption\":\"Wendland Mobil\"},\"image\":{\"@id\":\"https:\\\/\\\/wendlandmobil.de\\\/#\\\/schema\\\/logo\\\/image\\\/\"},\"sameAs\":[\"https:\\\/\\\/www.facebook.com\\\/MobilitaetsagenturWendlandElbe\\\/\",\"https:\\\/\\\/www.instagram.com\\\/mobilimwendland\\\/\"]}]}<\/script>\n<!-- \/ Yoast SEO plugin. -->","yoast_head_json":{"title":"\u041a\u0432\u0438\u0442\u043a\u0438 + \u0430\u0431\u043e\u043d\u0435\u043c\u0435\u043d\u0442\u0438 - Wendland Mobil","robots":{"index":"index","follow":"follow","max-snippet":"max-snippet:-1","max-image-preview":"max-image-preview:large","max-video-preview":"max-video-preview:-1"},"canonical":"https:\/\/wendlandmobil.de\/uk\/\u0430\u0431\u043e\u043d\u0435\u043c\u0435\u043d\u0442\u0438-\u043d\u0430-\u043a\u0432\u0438\u0442\u043a\u0438\/","og_locale":"uk_UA","og_type":"article","og_title":"Tickets + Abos - Wendland Mobil","og_description":"Tickets &#038; Abos Auf den folgenden Seiten finden Sie alle Informationen rund um das Thema Sch\u00fclerbef\u00f6rderung, Wendland-Tarif Jahresticket, Deutschland Ticket und zur mobiCard! Sch\u00fclerbef\u00f6rderung Sch\u00fclerbef\u00f6rderung Hier finden Sie alle Antr\u00e4ge der Kreisverwaltung rund um die Sch\u00fclerbef\u00f6rderung als PDF-Datei zum Herunterladen. F\u00fcr Sch\u00fcler:innen, die entweder au\u00dferhalb des Landkreises beschult werden oder bei denen sonstige besondere Voraussetzungen&hellip;","og_url":"https:\/\/wendlandmobil.de\/uk\/\u0430\u0431\u043e\u043d\u0435\u043c\u0435\u043d\u0442\u0438-\u043d\u0430-\u043a\u0432\u0438\u0442\u043a\u0438\/","og_site_name":"Wendland Mobil","article_publisher":"https:\/\/www.facebook.com\/MobilitaetsagenturWendlandElbe\/","article_modified_time":"2024-03-18T09:45:11+00:00","og_image":[{"width":1920,"height":850,"url":"https:\/\/wendlandmobil.de\/wp-content\/uploads\/sliderslide-2.jpg","type":"image\/jpeg"}],"twitter_card":"summary_large_image","twitter_misc":{"\u041f\u0440\u0438\u0431\u043b. \u0447\u0430\u0441 \u0447\u0438\u0442\u0430\u043d\u043d\u044f":"8 \u0445\u0432\u0438\u043b\u0438\u043d"},"schema":{"@context":"https:\/\/schema.org","@graph":[{"@type":"WebPage","@id":"https:\/\/wendlandmobil.de\/tickets-abos\/","url":"https:\/\/wendlandmobil.de\/tickets-abos\/","name":"\u041a\u0432\u0438\u0442\u043a\u0438 + \u0430\u0431\u043e\u043d\u0435\u043c\u0435\u043d\u0442\u0438 - Wendland Mobil","isPartOf":{"@id":"https:\/\/wendlandmobil.de\/#website"},"primaryImageOfPage":{"@id":"https:\/\/wendlandmobil.de\/tickets-abos\/#primaryimage"},"image":{"@id":"https:\/\/wendlandmobil.de\/tickets-abos\/#primaryimage"},"thumbnailUrl":"https:\/\/wendlandmobil.de\/wp-content\/uploads\/sliderslide-2.jpg","datePublished":"2024-02-19T13:02:28+00:00","dateModified":"2024-03-18T09:45:11+00:00","breadcrumb":{"@id":"https:\/\/wendlandmobil.de\/tickets-abos\/#breadcrumb"},"inLanguage":"uk","potentialAction":[{"@type":"ReadAction","target":["https:\/\/wendlandmobil.de\/tickets-abos\/"]}]},{"@type":"ImageObject","inLanguage":"uk","@id":"https:\/\/wendlandmobil.de\/tickets-abos\/#primaryimage","url":"https:\/\/wendlandmobil.de\/wp-content\/uploads\/sliderslide-2.jpg","contentUrl":"https:\/\/wendlandmobil.de\/wp-content\/uploads\/sliderslide-2.jpg","width":1920,"height":850},{"@type":"BreadcrumbList","@id":"https:\/\/wendlandmobil.de\/tickets-abos\/#breadcrumb","itemListElement":[{"@type":"ListItem","position":1,"name":"Startseite","item":"https:\/\/wendlandmobil.de\/"},{"@type":"ListItem","position":2,"name":"Tickets + Abos"}]},{"@type":"WebSite","@id":"https:\/\/wendlandmobil.de\/#website","url":"https:\/\/wendlandmobil.de\/","name":"Wendland Mobile","description":"","publisher":{"@id":"https:\/\/wendlandmobil.de\/#organization"},"potentialAction":[{"@type":"SearchAction","target":{"@type":"EntryPoint","urlTemplate":"https:\/\/wendlandmobil.de\/?s={search_term_string}"},"query-input":{"@type":"PropertyValueSpecification","valueRequired":true,"valueName":"search_term_string"}}],"inLanguage":"uk"},{"@type":"Organization","@id":"https:\/\/wendlandmobil.de\/#organization","name":"Wendland Mobile","url":"https:\/\/wendlandmobil.de\/","logo":{"@type":"ImageObject","inLanguage":"uk","@id":"https:\/\/wendlandmobil.de\/#\/schema\/logo\/image\/","url":"https:\/\/wendlandmobil.de\/wp-content\/uploads\/LogoWendland.png","contentUrl":"https:\/\/wendlandmobil.de\/wp-content\/uploads\/LogoWendland.png","width":384,"height":81,"caption":"Wendland Mobil"},"image":{"@id":"https:\/\/wendlandmobil.de\/#\/schema\/logo\/image\/"},"sameAs":["https:\/\/www.facebook.com\/MobilitaetsagenturWendlandElbe\/","https:\/\/www.instagram.com\/mobilimwendland\/"]}]}},"_links":{"self":[{"href":"https:\/\/wendlandmobil.de\/uk\/wp-json\/wp\/v2\/pages\/40575","targetHints":{"allow":["GET"]}}],"collection":[{"href":"https:\/\/wendlandmobil.de\/uk\/wp-json\/wp\/v2\/pages"}],"about":[{"href":"https:\/\/wendlandmobil.de\/uk\/wp-json\/wp\/v2\/types\/page"}],"author":[{"embeddable":true,"href":"https:\/\/wendlandmobil.de\/uk\/wp-json\/wp\/v2\/users\/1"}],"replies":[{"embeddable":true,"href":"https:\/\/wendlandmobil.de\/uk\/wp-json\/wp\/v2\/comments?post=40575"}],"version-history":[{"count":5,"href":"https:\/\/wendlandmobil.de\/uk\/wp-json\/wp\/v2\/pages\/40575\/revisions"}],"predecessor-version":[{"id":41937,"href":"https:\/\/wendlandmobil.de\/uk\/wp-json\/wp\/v2\/pages\/40575\/revisions\/41937"}],"wp:featuredmedia":[{"embeddable":true,"href":"https:\/\/wendlandmobil.de\/uk\/wp-json\/wp\/v2\/media\/113"}],"wp:attachment":[{"href":"https:\/\/wendlandmobil.de\/uk\/wp-json\/wp\/v2\/media?parent=40575"}],"curies":[{"name":"wp","href":"https:\/\/api.w.org\/{rel}","templated":true}]}}