{"id":40566,"date":"2024-02-19T13:50:08","date_gmt":"2024-02-19T12:50:08","guid":{"rendered":"https:\/\/wendlandmobil.de\/?page_id=40566"},"modified":"2024-07-17T14:18:16","modified_gmt":"2024-07-17T12:18:16","slug":"%d0%b7%d0%b0%d1%80%d1%8f%d0%b4%d0%bd%d0%b8%d0%b9-%d0%bf%d1%80%d0%b8%d1%81%d1%82%d1%80%d1%96%d0%b9","status":"publish","type":"page","link":"https:\/\/wendlandmobil.de\/uk\/mobilitaetsangebote\/ladepuenktchen\/","title":{"rendered":"\u041f\u0443\u043d\u043a\u0442\u0438 \u0437\u0430\u0432\u0430\u043d\u0442\u0430\u0436\u0435\u043d\u043d\u044f"},"content":{"rendered":"<div data-elementor-type=\"wp-page\" data-elementor-id=\"40566\" class=\"elementor elementor-40566\" data-elementor-post-type=\"page\">\n\t\t\t\t<div class=\"elementor-element elementor-element-c81646c e-flex e-con-boxed e-con e-parent\" data-id=\"c81646c\" data-element_type=\"container\" data-e-type=\"container\">\n\t\t\t\t\t<div class=\"e-con-inner\">\n\t\t\t\t<div class=\"elementor-element elementor-element-08afe6c elementor-widget elementor-widget-text-editor\" data-id=\"08afe6c\" data-element_type=\"widget\" data-e-type=\"widget\" data-widget_type=\"text-editor.default\">\n\t\t\t\t<div class=\"elementor-widget-container\">\n\t\t\t\t\t\t\t\t\t<p>\u0414\u0435 \u044f \u043c\u043e\u0436\u0443 \u0437\u0430\u0440\u044f\u0434\u0438\u0442\u0438 \u0430\u043a\u0443\u043c\u0443\u043b\u044f\u0442\u043e\u0440 \u0441\u0432\u043e\u0433\u043e \u0435\u043b\u0435\u043a\u0442\u0440\u043e\u0432\u0435\u043b\u043e\u0441\u0438\u043f\u0435\u0434\u0430, \u043a\u043e\u043b\u0438 \u044f \u043f\u0435\u0440\u0435\u0431\u0443\u0432\u0430\u044e \u0432 \u0440\u0430\u0439\u043e\u043d\u0456? \u041d\u0430\u0448\u0456 \u043f\u0443\u043d\u043a\u0442\u0438 \u0437\u0430\u0440\u044f\u0434\u043a\u0438 - \u0446\u0435 \u0432\u0456\u0434\u043f\u043e\u0432\u0456\u0434\u044c!<\/p><p>\u0417 \u043f\u0440\u043e\u0435\u043a\u0442\u043e\u043c <strong>\"\u0421\u0442\u0430\u0454\u043c\u043e \u043f\u0443\u043d\u043a\u0442\u043e\u043c \u0437\u0430\u0432\u0430\u043d\u0442\u0430\u0436\u0435\u043d\u043d\u044f\"<\/strong>\u00a0 \u0420\u0430\u0437\u043e\u043c \u0437 \u0442\u0443\u0440\u0438\u0441\u0442\u0438\u0447\u043d\u0438\u043c \u043e\u0444\u0456\u0441\u043e\u043c Wendland.Elbe \u043d\u0430\u043c \u0432\u0434\u0430\u043b\u043e\u0441\u044f \u0441\u0442\u0432\u043e\u0440\u0438\u0442\u0438 \u0437\u0430\u0440\u044f\u0434\u043d\u0443 \u0456\u043d\u0444\u0440\u0430\u0441\u0442\u0440\u0443\u043a\u0442\u0443\u0440\u0443, \u044f\u043a\u0430 \u043f\u043e\u0441\u0442\u0456\u0439\u043d\u043e \u0440\u043e\u0437\u0448\u0438\u0440\u044e\u0454\u0442\u044c\u0441\u044f, \u0456 \u0432\u0438 \u0437\u043d\u0430\u0439\u0434\u0435\u0442\u0435 \u043c\u043e\u0436\u043b\u0438\u0432\u043e\u0441\u0442\u0456 \u0437\u0430\u0440\u044f\u0434\u0438\u0442\u0438 \u0430\u043a\u0443\u043c\u0443\u043b\u044f\u0442\u043e\u0440 \u0432\u0430\u0448\u043e\u0433\u043e \u0435\u043b\u0435\u043a\u0442\u0440\u043e\u0432\u0435\u043b\u043e\u0441\u0438\u043f\u0435\u0434\u0430 \u0432 \u0440\u0456\u0437\u043d\u0438\u0445 \u0443\u0441\u0442\u0430\u043d\u043e\u0432\u0430\u0445 \u0442\u0430 \u043f\u0440\u0438\u0432\u0430\u0442\u043d\u0438\u0445 \u0434\u043e\u043c\u043e\u0433\u043e\u0441\u043f\u043e\u0434\u0430\u0440\u0441\u0442\u0432\u0430\u0445 \u0432 \u043e\u043a\u0440\u0443\u0437\u0456! \u0412\u0438 \u043c\u043e\u0436\u0435\u0442\u0435 \u0437\u043d\u0430\u0439\u0442\u0438 \u0432\u0441\u0456 \u043f\u0443\u043d\u043a\u0442\u0438 \u0437\u0430\u0440\u044f\u0434\u043a\u0438 \u0432 <a href=\"https:\/\/lkdan.maps.arcgis.com\/apps\/webappviewer\/index.html?id=21930325788f412886bb96581e0c1d2a\" target=\"_blank\" rel=\"noopener\">\u0456\u043d\u0442\u0435\u0440\u0430\u043a\u0442\u0438\u0432\u043d\u0430 \u043a\u0430\u0440\u0442\u0430<\/a>.<\/p>\t\t\t\t\t\t\t\t<\/div>\n\t\t\t\t<\/div>\n\t\t\t\t<div class=\"elementor-element elementor-element-d85079c elementor-widget elementor-widget-image\" data-id=\"d85079c\" data-element_type=\"widget\" data-e-type=\"widget\" data-widget_type=\"image.default\">\n\t\t\t\t<div class=\"elementor-widget-container\">\n\t\t\t\t\t\t\t\t\t\t\t\t\t\t\t<img fetchpriority=\"high\" decoding=\"async\" width=\"1024\" height=\"768\" src=\"https:\/\/wendlandmobil.de\/wp-content\/uploads\/kirche-ladepuenktchen-1024x768.jpg\" class=\"attachment-large size-large wp-image-41646\" alt=\"\" srcset=\"https:\/\/wendlandmobil.de\/wp-content\/uploads\/kirche-ladepuenktchen-1024x768.jpg 1024w, https:\/\/wendlandmobil.de\/wp-content\/uploads\/kirche-ladepuenktchen-512x384.jpg 512w, https:\/\/wendlandmobil.de\/wp-content\/uploads\/kirche-ladepuenktchen-768x576.jpg 768w, https:\/\/wendlandmobil.de\/wp-content\/uploads\/kirche-ladepuenktchen-1536x1152.jpg 1536w, https:\/\/wendlandmobil.de\/wp-content\/uploads\/kirche-ladepuenktchen-2048x1536.jpg 2048w, https:\/\/wendlandmobil.de\/wp-content\/uploads\/kirche-ladepuenktchen-16x12.jpg 16w, https:\/\/wendlandmobil.de\/wp-content\/uploads\/kirche-ladepuenktchen-600x450.jpg 600w\" sizes=\"(max-width: 1024px) 100vw, 1024px\" \/>\t\t\t\t\t\t\t\t\t\t\t\t\t\t\t<\/div>\n\t\t\t\t<\/div>\n\t\t\t\t<div class=\"elementor-element elementor-element-731a238 elementor-widget elementor-widget-text-editor\" data-id=\"731a238\" data-element_type=\"widget\" data-e-type=\"widget\" data-widget_type=\"text-editor.default\">\n\t\t\t\t<div class=\"elementor-widget-container\">\n\t\t\t\t\t\t\t\t\t<p>\u00a0<\/p><p><strong>\u042f\u043a \u0441\u0442\u0430\u0442\u0438 \u0442\u043e\u0447\u043a\u043e\u044e \u0437\u0430\u0440\u044f\u0434\u043a\u0438?<\/strong><\/p><p>\u041c\u0438 \u0437\u0431\u0438\u0440\u0430\u0454\u043c\u043e \u0432\u0441\u0456\u0445 \u0437\u0430\u0446\u0456\u043a\u0430\u0432\u043b\u0435\u043d\u0438\u0445 \u0443\u0447\u0430\u0441\u043d\u0438\u043a\u0456\u0432 \u0437 \u043d\u0430\u0439\u0440\u0456\u0437\u043d\u043e\u043c\u0430\u043d\u0456\u0442\u043d\u0456\u0448\u0438\u0445 \u0433\u0430\u043b\u0443\u0437\u0435\u0439 \u041b\u044e\u0445\u043e\u0432\u0430-\u0414\u0430\u043d\u043d\u0435\u043d\u0431\u0435\u0440\u0491\u0430, \u0437 \u043f\u0443\u043d\u043a\u0442\u0456\u0432 \u043e\u0431\u0441\u043b\u0443\u0433\u043e\u0432\u0443\u0432\u0430\u043d\u043d\u044f, \u0433\u0430\u0441\u0442\u0440\u043e\u043d\u043e\u043c\u0456\u0457, \u043a\u0443\u043b\u044c\u0442\u0443\u0440\u043d\u0438\u0445 \u0437\u0430\u043a\u043b\u0430\u0434\u0456\u0432, \u0446\u0435\u0440\u043a\u043e\u0432, \u043a\u043e\u043c\u043f\u0430\u043d\u0456\u0439, \u0440\u043e\u0437\u0434\u0440\u0456\u0431\u043d\u043e\u0457 \u0442\u043e\u0440\u0433\u0456\u0432\u043b\u0456, \u0430 \u0442\u0430\u043a\u043e\u0436 \u0437 \u0431\u0443\u0434\u0438\u043d\u043a\u0456\u0432 \u0434\u043b\u044f \u0432\u0456\u0434\u043f\u043e\u0447\u0438\u043d\u043a\u0443 \u0430\u0431\u043e \u043f\u0440\u0438\u0432\u0430\u0442\u043d\u0438\u0445 \u043e\u0441\u0456\u0431. \u0412\u0438 \u043c\u043e\u0436\u0435\u0442\u0435 \u0441\u043e\u0431\u0456 \u0443\u044f\u0432\u0438\u0442\u0438, \u0449\u043e \u043f\u0440\u043e\u043f\u043e\u043d\u0443\u0454\u0442\u0435 \u0437\u0430\u0440\u044f\u0434\u043d\u0438\u0439 \u043f\u0443\u043d\u043a\u0442 \u0434\u043b\u044f \u0435\u043b\u0435\u043a\u0442\u0440\u043e\u0432\u0435\u043b\u043e\u0441\u0438\u043f\u0435\u0434\u0456\u0432? \u0422\u043e\u0434\u0456 \u0437\u0432'\u044f\u0436\u0456\u0442\u044c\u0441\u044f \u0437 \u043d\u0430\u043c\u0438!<\/p>\t\t\t\t\t\t\t\t<\/div>\n\t\t\t\t<\/div>\n\t\t\t\t<div class=\"elementor-element elementor-element-e9c4f0b elementor-align-left elementor-widget elementor-widget-button\" data-id=\"e9c4f0b\" data-element_type=\"widget\" data-e-type=\"widget\" data-widget_type=\"button.default\">\n\t\t\t\t<div class=\"elementor-widget-container\">\n\t\t\t\t\t\t\t\t\t<div class=\"elementor-button-wrapper\">\n\t\t\t\t\t<a class=\"elementor-button elementor-button-link elementor-size-md\" href=\"https:\/\/wendlandmobil.de\/uk\/kontakt\/\" target=\"_blank\">\n\t\t\t\t\t\t<span class=\"elementor-button-content-wrapper\">\n\t\t\t\t\t\t\t\t\t<span class=\"elementor-button-text\">\u0421\u0442\u0430\u043d\u044c \u0442\u043e\u0447\u043a\u043e\u044e \u043f\u0456\u0434\u0437\u0430\u0440\u044f\u0434\u043a\u0438!<\/span>\n\t\t\t\t\t<\/span>\n\t\t\t\t\t<\/a>\n\t\t\t\t<\/div>\n\t\t\t\t\t\t\t\t<\/div>\n\t\t\t\t<\/div>\n\t\t\t\t<div class=\"elementor-element elementor-element-481b12b elementor-widget elementor-widget-spacer\" data-id=\"481b12b\" data-element_type=\"widget\" data-e-type=\"widget\" data-widget_type=\"spacer.default\">\n\t\t\t\t<div class=\"elementor-widget-container\">\n\t\t\t\t\t\t\t<div class=\"elementor-spacer\">\n\t\t\t<div class=\"elementor-spacer-inner\"><\/div>\n\t\t<\/div>\n\t\t\t\t\t\t<\/div>\n\t\t\t\t<\/div>\n\t\t\t\t<div class=\"elementor-element elementor-element-f6ca868 elementor-widget elementor-widget-image\" data-id=\"f6ca868\" data-element_type=\"widget\" data-e-type=\"widget\" data-widget_type=\"image.default\">\n\t\t\t\t<div class=\"elementor-widget-container\">\n\t\t\t\t\t\t\t\t\t\t\t\t\t\t\t<img decoding=\"async\" width=\"1024\" height=\"730\" src=\"https:\/\/wendlandmobil.de\/wp-content\/uploads\/26-05-2021-schild-lade-puenktchen-breiterrahmen-3-1024x730.png\" class=\"attachment-large size-large wp-image-40568\" alt=\"\" srcset=\"https:\/\/wendlandmobil.de\/wp-content\/uploads\/26-05-2021-schild-lade-puenktchen-breiterrahmen-3-1024x730.png 1024w, https:\/\/wendlandmobil.de\/wp-content\/uploads\/26-05-2021-schild-lade-puenktchen-breiterrahmen-3-512x365.png 512w, https:\/\/wendlandmobil.de\/wp-content\/uploads\/26-05-2021-schild-lade-puenktchen-breiterrahmen-3-768x548.png 768w, https:\/\/wendlandmobil.de\/wp-content\/uploads\/26-05-2021-schild-lade-puenktchen-breiterrahmen-3-1536x1095.png 1536w, https:\/\/wendlandmobil.de\/wp-content\/uploads\/26-05-2021-schild-lade-puenktchen-breiterrahmen-3-2048x1460.png 2048w, https:\/\/wendlandmobil.de\/wp-content\/uploads\/26-05-2021-schild-lade-puenktchen-breiterrahmen-3-18x12.png 18w, https:\/\/wendlandmobil.de\/wp-content\/uploads\/26-05-2021-schild-lade-puenktchen-breiterrahmen-3-600x428.png 600w\" sizes=\"(max-width: 1024px) 100vw, 1024px\" \/>\t\t\t\t\t\t\t\t\t\t\t\t\t\t\t<\/div>\n\t\t\t\t<\/div>\n\t\t\t\t<div class=\"elementor-element elementor-element-43df40b elementor-widget elementor-widget-text-editor\" data-id=\"43df40b\" data-element_type=\"widget\" data-e-type=\"widget\" data-widget_type=\"text-editor.default\">\n\t\t\t\t<div class=\"elementor-widget-container\">\n\t\t\t\t\t\t\t\t\t<p>\u0423\u0441\u0456 \u0437\u0430\u043a\u043b\u0430\u0434\u0438-\u0443\u0447\u0430\u0441\u043d\u0438\u043a\u0438 \u043e\u0442\u0440\u0438\u043c\u0430\u044e\u0442\u044c \u0431\u0435\u0437\u043a\u043e\u0448\u0442\u043e\u0432\u043d\u0438\u0439 \u0437\u043d\u0430\u043a Ladep\u00fcnktchen.<\/p>\t\t\t\t\t\t\t\t<\/div>\n\t\t\t\t<\/div>\n\t\t\t\t\t<\/div>\n\t\t\t\t<\/div>\n\t\t<div class=\"elementor-element elementor-element-2e36465 e-flex e-con-boxed e-con e-parent\" data-id=\"2e36465\" data-element_type=\"container\" data-e-type=\"container\">\n\t\t\t\t\t<div class=\"e-con-inner\">\n\t\t\t\t<div class=\"elementor-element elementor-element-ef94c16 elementor-widget elementor-widget-spacer\" data-id=\"ef94c16\" data-element_type=\"widget\" data-e-type=\"widget\" data-widget_type=\"spacer.default\">\n\t\t\t\t<div class=\"elementor-widget-container\">\n\t\t\t\t\t\t\t<div class=\"elementor-spacer\">\n\t\t\t<div class=\"elementor-spacer-inner\"><\/div>\n\t\t<\/div>\n\t\t\t\t\t\t<\/div>\n\t\t\t\t<\/div>\n\t\t\t\t<div class=\"elementor-element elementor-element-f42737f elementor-widget elementor-widget-heading\" data-id=\"f42737f\" data-element_type=\"widget\" data-e-type=\"widget\" data-widget_type=\"heading.default\">\n\t\t\t\t<div class=\"elementor-widget-container\">\n\t\t\t\t\t<h3 class=\"elementor-heading-title elementor-size-default\">\u0412\u0441\u0456 \u0442\u043e\u0447\u043a\u0438 \u0437\u0430\u0440\u044f\u0434\u043a\u0438 \u044f\u043a \u043d\u0430 \u0434\u043e\u043b\u043e\u043d\u0456<\/h3>\t\t\t\t<\/div>\n\t\t\t\t<\/div>\n\t\t\t\t<div class=\"elementor-element elementor-element-c9670d5 elementor-widget elementor-widget-html\" data-id=\"c9670d5\" data-element_type=\"widget\" data-e-type=\"widget\" data-widget_type=\"html.default\">\n\t\t\t\t<div class=\"elementor-widget-container\">\n\t\t\t\t\t<style>.embed-container {position: relative; padding-bottom: 80%; height: 0; max-width: 100%;} .embed-container iframe, .embed-container object, .embed-container iframe{position: absolute; top: 0; left: 0; width: 100%; height: 100%;} small{position: absolute; z-index: 40; bottom: 0; margin-bottom: -15px;}<\/style><div class=\"embed-container\"><iframe width=\"500\" height=\"400\" frameborder=\"0\" scrolling=\"no\" marginheight=\"0\" marginwidth=\"0\" title=\"Mobilit\u00e4t WEB-Karte der Stabstelle 60 E-Bike Ladep\u00fcnktchen\" src=\"\/\/lkdan.maps.arcgis.com\/apps\/Embed\/index.html?webmap=1f96f1947d0a46039dadbf772c50aab9&extent=10.7096,52.8766,11.7156,53.1888&home=true&zoom=true&previewImage=false&scale=false&search=true&searchextent=true&legendlayers=true&basemap_gallery=true&disable_scroll=true&theme=light\"><\/iframe><\/div>\r\n\r\n\t\t\t\t<\/div>\n\t\t\t\t<\/div>\n\t\t\t\t\t<\/div>\n\t\t\t\t<\/div>\n\t\t\t\t<\/div>","protected":false},"excerpt":{"rendered":"<p>\u0414\u0435 \u044f \u043c\u043e\u0436\u0443 \u0437\u0430\u0440\u044f\u0434\u0438\u0442\u0438 \u0430\u043a\u0443\u043c\u0443\u043b\u044f\u0442\u043e\u0440 \u0441\u0432\u043e\u0433\u043e \u0435\u043b\u0435\u043a\u0442\u0440\u043e\u0432\u0435\u043b\u043e\u0441\u0438\u043f\u0435\u0434\u0430, \u043a\u043e\u043b\u0438 \u044f \u043f\u0435\u0440\u0435\u0431\u0443\u0432\u0430\u044e \u0432 \u0440\u0430\u0439\u043e\u043d\u0456? \u041d\u0430\u0448\u0456 \u043f\u0443\u043d\u043a\u0442\u0438 \u0437\u0430\u0440\u044f\u0434\u043a\u0438 - \u0446\u0435 \u0432\u0456\u0434\u043f\u043e\u0432\u0456\u0434\u044c! \u0420\u0430\u0437\u043e\u043c \u0437 \u0442\u0443\u0440\u0438\u0441\u0442\u0438\u0447\u043d\u0438\u043c \u043e\u0444\u0456\u0441\u043e\u043c Wendland.Elbe \u043c\u0438 \u0437\u043c\u043e\u0433\u043b\u0438 \u0441\u0442\u0432\u043e\u0440\u0438\u0442\u0438 \u0456\u043d\u0444\u0440\u0430\u0441\u0442\u0440\u0443\u043a\u0442\u0443\u0440\u0443 \u0437\u0430\u0440\u044f\u0434\u043a\u0438 \u0432 \u0440\u0430\u043c\u043a\u0430\u0445 \u043f\u0440\u043e\u0435\u043a\u0442\u0443 \"Ladep\u00fcnktchen werden\", \u044f\u043a\u0430 \u043f\u043e\u0441\u0442\u0456\u0439\u043d\u043e \u0440\u043e\u0437\u0448\u0438\u0440\u044e\u0454\u0442\u044c\u0441\u044f, \u0456 \u0432\u0438 \u0437\u043d\u0430\u0439\u0434\u0435\u0442\u0435 \u043c\u043e\u0436\u043b\u0438\u0432\u043e\u0441\u0442\u0456 \u0437\u0430\u0440\u044f\u0434\u0438\u0442\u0438 \u0430\u043a\u0443\u043c\u0443\u043b\u044f\u0442\u043e\u0440 \u0432\u0430\u0448\u043e\u0433\u043e \u0435\u043b\u0435\u043a\u0442\u0440\u043e\u0432\u0435\u043b\u043e\u0441\u0438\u043f\u0435\u0434\u0430 \u0432 \u0440\u0456\u0437\u043d\u0438\u0445 \u0443\u0441\u0442\u0430\u043d\u043e\u0432\u0430\u0445 \u0442\u0430 \u043f\u0440\u0438\u0432\u0430\u0442\u043d\u0438\u0445 \u0434\u043e\u043c\u043e\u0433\u043e\u0441\u043f\u043e\u0434\u0430\u0440\u0441\u0442\u0432\u0430\u0445 \u0432 \u0440\u0430\u0439\u043e\u043d\u0456!<\/p>","protected":false},"author":1,"featured_media":41817,"parent":40467,"menu_order":0,"comment_status":"closed","ping_status":"closed","template":"","meta":{"footnotes":""},"class_list":["post-40566","page","type-page","status-publish","has-post-thumbnail","hentry"],"yoast_head":"<!-- This site is optimized with the Yoast SEO plugin v27.3 - https:\/\/yoast.com\/product\/yoast-seo-wordpress\/ -->\n<title>Ladep\u00fcnktchen - Wendland Mobil<\/title>\n<meta name=\"robots\" content=\"index, follow, max-snippet:-1, max-image-preview:large, max-video-preview:-1\" \/>\n<link rel=\"canonical\" href=\"https:\/\/wendlandmobil.de\/uk\/\u043f\u0440\u043e\u043f\u043e\u0437\u0438\u0446\u0456\u0457-\u043c\u043e\u0431\u0456\u043b\u044c\u043d\u043e\u0441\u0442\u0456\/\u0437\u0430\u0440\u044f\u0434\u043d\u0438\u0439-\u043f\u0440\u0438\u0441\u0442\u0440\u0456\u0439\/\" \/>\n<meta property=\"og:locale\" content=\"uk_UA\" \/>\n<meta property=\"og:type\" content=\"article\" \/>\n<meta property=\"og:title\" content=\"Ladep\u00fcnktchen - Wendland Mobil\" \/>\n<meta property=\"og:description\" content=\"Wo gibt es die M\u00f6glichkeit, mein E-Bike Akku zu laden, wenn ich im Landkreis unterwegs bin? Unsere Ladep\u00fcnktchen sind die Antwort! Mit dem Projekt &#8220;Ladep\u00fcnktchen werden&#8221;\u00a0 haben wir zusammen mit dem Tourismusb\u00fcro Wendland.Elbe eine Ladeinfrastruktur schaffen k\u00f6nnen, die sich kontinuierlich erweitert.An verschiedensten Institutionen und Privathaushalten im Landkreis finden Sie M\u00f6glichkeiten, Ihr E-Bike Akku zu laden!&hellip;\" \/>\n<meta property=\"og:url\" content=\"https:\/\/wendlandmobil.de\/uk\/\u043f\u0440\u043e\u043f\u043e\u0437\u0438\u0446\u0456\u0457-\u043c\u043e\u0431\u0456\u043b\u044c\u043d\u043e\u0441\u0442\u0456\/\u0437\u0430\u0440\u044f\u0434\u043d\u0438\u0439-\u043f\u0440\u0438\u0441\u0442\u0440\u0456\u0439\/\" \/>\n<meta property=\"og:site_name\" content=\"Wendland Mobil\" \/>\n<meta property=\"article:publisher\" content=\"https:\/\/www.facebook.com\/MobilitaetsagenturWendlandElbe\/\" \/>\n<meta property=\"article:modified_time\" content=\"2024-07-17T12:18:16+00:00\" \/>\n<meta property=\"og:image\" content=\"https:\/\/wendlandmobil.de\/wp-content\/uploads\/header-ladepuenktchen.png\" \/>\n\t<meta property=\"og:image:width\" content=\"1920\" \/>\n\t<meta property=\"og:image:height\" content=\"600\" \/>\n\t<meta property=\"og:image:type\" content=\"image\/png\" \/>\n<meta name=\"twitter:card\" content=\"summary_large_image\" \/>\n<meta name=\"twitter:label1\" content=\"\u041f\u0440\u0438\u0431\u043b. \u0447\u0430\u0441 \u0447\u0438\u0442\u0430\u043d\u043d\u044f\" \/>\n\t<meta name=\"twitter:data1\" content=\"2 \u0445\u0432\u0438\u043b\u0438\u043d\u0438\" \/>\n<script type=\"application\/ld+json\" class=\"yoast-schema-graph\">{\"@context\":\"https:\\\/\\\/schema.org\",\"@graph\":[{\"@type\":\"WebPage\",\"@id\":\"https:\\\/\\\/wendlandmobil.de\\\/mobilitaetsangebote\\\/ladepuenktchen\\\/\",\"url\":\"https:\\\/\\\/wendlandmobil.de\\\/mobilitaetsangebote\\\/ladepuenktchen\\\/\",\"name\":\"Ladep\u00fcnktchen - Wendland Mobil\",\"isPartOf\":{\"@id\":\"https:\\\/\\\/wendlandmobil.de\\\/#website\"},\"primaryImageOfPage\":{\"@id\":\"https:\\\/\\\/wendlandmobil.de\\\/mobilitaetsangebote\\\/ladepuenktchen\\\/#primaryimage\"},\"image\":{\"@id\":\"https:\\\/\\\/wendlandmobil.de\\\/mobilitaetsangebote\\\/ladepuenktchen\\\/#primaryimage\"},\"thumbnailUrl\":\"https:\\\/\\\/wendlandmobil.de\\\/wp-content\\\/uploads\\\/header-ladepuenktchen.png\",\"datePublished\":\"2024-02-19T12:50:08+00:00\",\"dateModified\":\"2024-07-17T12:18:16+00:00\",\"breadcrumb\":{\"@id\":\"https:\\\/\\\/wendlandmobil.de\\\/mobilitaetsangebote\\\/ladepuenktchen\\\/#breadcrumb\"},\"inLanguage\":\"uk\",\"potentialAction\":[{\"@type\":\"ReadAction\",\"target\":[\"https:\\\/\\\/wendlandmobil.de\\\/mobilitaetsangebote\\\/ladepuenktchen\\\/\"]}]},{\"@type\":\"ImageObject\",\"inLanguage\":\"uk\",\"@id\":\"https:\\\/\\\/wendlandmobil.de\\\/mobilitaetsangebote\\\/ladepuenktchen\\\/#primaryimage\",\"url\":\"https:\\\/\\\/wendlandmobil.de\\\/wp-content\\\/uploads\\\/header-ladepuenktchen.png\",\"contentUrl\":\"https:\\\/\\\/wendlandmobil.de\\\/wp-content\\\/uploads\\\/header-ladepuenktchen.png\",\"width\":1920,\"height\":600},{\"@type\":\"BreadcrumbList\",\"@id\":\"https:\\\/\\\/wendlandmobil.de\\\/mobilitaetsangebote\\\/ladepuenktchen\\\/#breadcrumb\",\"itemListElement\":[{\"@type\":\"ListItem\",\"position\":1,\"name\":\"Startseite\",\"item\":\"https:\\\/\\\/wendlandmobil.de\\\/\"},{\"@type\":\"ListItem\",\"position\":2,\"name\":\"Mobilit\u00e4tsangebote\",\"item\":\"https:\\\/\\\/wendlandmobil.de\\\/mobilitaetsangebote\\\/\"},{\"@type\":\"ListItem\",\"position\":3,\"name\":\"Ladep\u00fcnktchen\"}]},{\"@type\":\"WebSite\",\"@id\":\"https:\\\/\\\/wendlandmobil.de\\\/#website\",\"url\":\"https:\\\/\\\/wendlandmobil.de\\\/\",\"name\":\"Wendland Mobil\",\"description\":\"\",\"publisher\":{\"@id\":\"https:\\\/\\\/wendlandmobil.de\\\/#organization\"},\"potentialAction\":[{\"@type\":\"SearchAction\",\"target\":{\"@type\":\"EntryPoint\",\"urlTemplate\":\"https:\\\/\\\/wendlandmobil.de\\\/?s={search_term_string}\"},\"query-input\":{\"@type\":\"PropertyValueSpecification\",\"valueRequired\":true,\"valueName\":\"search_term_string\"}}],\"inLanguage\":\"uk\"},{\"@type\":\"Organization\",\"@id\":\"https:\\\/\\\/wendlandmobil.de\\\/#organization\",\"name\":\"Wendland Mobil\",\"url\":\"https:\\\/\\\/wendlandmobil.de\\\/\",\"logo\":{\"@type\":\"ImageObject\",\"inLanguage\":\"uk\",\"@id\":\"https:\\\/\\\/wendlandmobil.de\\\/#\\\/schema\\\/logo\\\/image\\\/\",\"url\":\"https:\\\/\\\/wendlandmobil.de\\\/wp-content\\\/uploads\\\/LogoWendland.png\",\"contentUrl\":\"https:\\\/\\\/wendlandmobil.de\\\/wp-content\\\/uploads\\\/LogoWendland.png\",\"width\":384,\"height\":81,\"caption\":\"Wendland Mobil\"},\"image\":{\"@id\":\"https:\\\/\\\/wendlandmobil.de\\\/#\\\/schema\\\/logo\\\/image\\\/\"},\"sameAs\":[\"https:\\\/\\\/www.facebook.com\\\/MobilitaetsagenturWendlandElbe\\\/\",\"https:\\\/\\\/www.instagram.com\\\/mobilimwendland\\\/\"]}]}<\/script>\n<!-- \/ Yoast SEO plugin. -->","yoast_head_json":{"title":"\u041f\u0443\u043d\u043a\u0442\u0438 \u0437\u0430\u0432\u0430\u043d\u0442\u0430\u0436\u0435\u043d\u043d\u044f - Wendland Mobile","robots":{"index":"index","follow":"follow","max-snippet":"max-snippet:-1","max-image-preview":"max-image-preview:large","max-video-preview":"max-video-preview:-1"},"canonical":"https:\/\/wendlandmobil.de\/uk\/\u043f\u0440\u043e\u043f\u043e\u0437\u0438\u0446\u0456\u0457-\u043c\u043e\u0431\u0456\u043b\u044c\u043d\u043e\u0441\u0442\u0456\/\u0437\u0430\u0440\u044f\u0434\u043d\u0438\u0439-\u043f\u0440\u0438\u0441\u0442\u0440\u0456\u0439\/","og_locale":"uk_UA","og_type":"article","og_title":"Ladep\u00fcnktchen - Wendland Mobil","og_description":"Wo gibt es die M\u00f6glichkeit, mein E-Bike Akku zu laden, wenn ich im Landkreis unterwegs bin? Unsere Ladep\u00fcnktchen sind die Antwort! Mit dem Projekt &#8220;Ladep\u00fcnktchen werden&#8221;\u00a0 haben wir zusammen mit dem Tourismusb\u00fcro Wendland.Elbe eine Ladeinfrastruktur schaffen k\u00f6nnen, die sich kontinuierlich erweitert.An verschiedensten Institutionen und Privathaushalten im Landkreis finden Sie M\u00f6glichkeiten, Ihr E-Bike Akku zu laden!&hellip;","og_url":"https:\/\/wendlandmobil.de\/uk\/\u043f\u0440\u043e\u043f\u043e\u0437\u0438\u0446\u0456\u0457-\u043c\u043e\u0431\u0456\u043b\u044c\u043d\u043e\u0441\u0442\u0456\/\u0437\u0430\u0440\u044f\u0434\u043d\u0438\u0439-\u043f\u0440\u0438\u0441\u0442\u0440\u0456\u0439\/","og_site_name":"Wendland Mobil","article_publisher":"https:\/\/www.facebook.com\/MobilitaetsagenturWendlandElbe\/","article_modified_time":"2024-07-17T12:18:16+00:00","og_image":[{"width":1920,"height":600,"url":"https:\/\/wendlandmobil.de\/wp-content\/uploads\/header-ladepuenktchen.png","type":"image\/png"}],"twitter_card":"summary_large_image","twitter_misc":{"\u041f\u0440\u0438\u0431\u043b. \u0447\u0430\u0441 \u0447\u0438\u0442\u0430\u043d\u043d\u044f":"2 \u0445\u0432\u0438\u043b\u0438\u043d\u0438"},"schema":{"@context":"https:\/\/schema.org","@graph":[{"@type":"WebPage","@id":"https:\/\/wendlandmobil.de\/mobilitaetsangebote\/ladepuenktchen\/","url":"https:\/\/wendlandmobil.de\/mobilitaetsangebote\/ladepuenktchen\/","name":"\u041f\u0443\u043d\u043a\u0442\u0438 \u0437\u0430\u0432\u0430\u043d\u0442\u0430\u0436\u0435\u043d\u043d\u044f - Wendland Mobile","isPartOf":{"@id":"https:\/\/wendlandmobil.de\/#website"},"primaryImageOfPage":{"@id":"https:\/\/wendlandmobil.de\/mobilitaetsangebote\/ladepuenktchen\/#primaryimage"},"image":{"@id":"https:\/\/wendlandmobil.de\/mobilitaetsangebote\/ladepuenktchen\/#primaryimage"},"thumbnailUrl":"https:\/\/wendlandmobil.de\/wp-content\/uploads\/header-ladepuenktchen.png","datePublished":"2024-02-19T12:50:08+00:00","dateModified":"2024-07-17T12:18:16+00:00","breadcrumb":{"@id":"https:\/\/wendlandmobil.de\/mobilitaetsangebote\/ladepuenktchen\/#breadcrumb"},"inLanguage":"uk","potentialAction":[{"@type":"ReadAction","target":["https:\/\/wendlandmobil.de\/mobilitaetsangebote\/ladepuenktchen\/"]}]},{"@type":"ImageObject","inLanguage":"uk","@id":"https:\/\/wendlandmobil.de\/mobilitaetsangebote\/ladepuenktchen\/#primaryimage","url":"https:\/\/wendlandmobil.de\/wp-content\/uploads\/header-ladepuenktchen.png","contentUrl":"https:\/\/wendlandmobil.de\/wp-content\/uploads\/header-ladepuenktchen.png","width":1920,"height":600},{"@type":"BreadcrumbList","@id":"https:\/\/wendlandmobil.de\/mobilitaetsangebote\/ladepuenktchen\/#breadcrumb","itemListElement":[{"@type":"ListItem","position":1,"name":"Startseite","item":"https:\/\/wendlandmobil.de\/"},{"@type":"ListItem","position":2,"name":"Mobilit\u00e4tsangebote","item":"https:\/\/wendlandmobil.de\/mobilitaetsangebote\/"},{"@type":"ListItem","position":3,"name":"Ladep\u00fcnktchen"}]},{"@type":"WebSite","@id":"https:\/\/wendlandmobil.de\/#website","url":"https:\/\/wendlandmobil.de\/","name":"Wendland Mobile","description":"","publisher":{"@id":"https:\/\/wendlandmobil.de\/#organization"},"potentialAction":[{"@type":"SearchAction","target":{"@type":"EntryPoint","urlTemplate":"https:\/\/wendlandmobil.de\/?s={search_term_string}"},"query-input":{"@type":"PropertyValueSpecification","valueRequired":true,"valueName":"search_term_string"}}],"inLanguage":"uk"},{"@type":"Organization","@id":"https:\/\/wendlandmobil.de\/#organization","name":"Wendland Mobile","url":"https:\/\/wendlandmobil.de\/","logo":{"@type":"ImageObject","inLanguage":"uk","@id":"https:\/\/wendlandmobil.de\/#\/schema\/logo\/image\/","url":"https:\/\/wendlandmobil.de\/wp-content\/uploads\/LogoWendland.png","contentUrl":"https:\/\/wendlandmobil.de\/wp-content\/uploads\/LogoWendland.png","width":384,"height":81,"caption":"Wendland Mobil"},"image":{"@id":"https:\/\/wendlandmobil.de\/#\/schema\/logo\/image\/"},"sameAs":["https:\/\/www.facebook.com\/MobilitaetsagenturWendlandElbe\/","https:\/\/www.instagram.com\/mobilimwendland\/"]}]}},"_links":{"self":[{"href":"https:\/\/wendlandmobil.de\/uk\/wp-json\/wp\/v2\/pages\/40566","targetHints":{"allow":["GET"]}}],"collection":[{"href":"https:\/\/wendlandmobil.de\/uk\/wp-json\/wp\/v2\/pages"}],"about":[{"href":"https:\/\/wendlandmobil.de\/uk\/wp-json\/wp\/v2\/types\/page"}],"author":[{"embeddable":true,"href":"https:\/\/wendlandmobil.de\/uk\/wp-json\/wp\/v2\/users\/1"}],"replies":[{"embeddable":true,"href":"https:\/\/wendlandmobil.de\/uk\/wp-json\/wp\/v2\/comments?post=40566"}],"version-history":[{"count":5,"href":"https:\/\/wendlandmobil.de\/uk\/wp-json\/wp\/v2\/pages\/40566\/revisions"}],"predecessor-version":[{"id":43619,"href":"https:\/\/wendlandmobil.de\/uk\/wp-json\/wp\/v2\/pages\/40566\/revisions\/43619"}],"up":[{"embeddable":true,"href":"https:\/\/wendlandmobil.de\/uk\/wp-json\/wp\/v2\/pages\/40467"}],"wp:featuredmedia":[{"embeddable":true,"href":"https:\/\/wendlandmobil.de\/uk\/wp-json\/wp\/v2\/media\/41817"}],"wp:attachment":[{"href":"https:\/\/wendlandmobil.de\/uk\/wp-json\/wp\/v2\/media?parent=40566"}],"curies":[{"name":"wp","href":"https:\/\/api.w.org\/{rel}","templated":true}]}}