{"id":38640,"date":"2023-09-20T08:26:36","date_gmt":"2023-09-20T06:26:36","guid":{"rendered":"https:\/\/wendlandmobil.de\/?page_id=38640"},"modified":"2026-04-01T12:42:13","modified_gmt":"2026-04-01T10:42:13","slug":"%d1%83%d0%bc%d0%be%d0%b2%d0%b8-%d1%83%d1%87%d0%b0%d1%81%d1%82%d1%96-%d0%b2-%d0%ba%d0%be%d0%bd%d0%ba%d1%83%d1%80%d1%81%d1%96","status":"publish","type":"page","link":"https:\/\/wendlandmobil.de\/uk\/befoerderungsbedingungen\/","title":{"rendered":"\u0423\u043c\u043e\u0432\u0438 \u043f\u0435\u0440\u0435\u0432\u0435\u0437\u0435\u043d\u043d\u044f"},"content":{"rendered":"<div data-elementor-type=\"wp-page\" data-elementor-id=\"38640\" class=\"elementor elementor-38640\" data-elementor-post-type=\"page\">\n\t\t\t\t\t\t<section class=\"elementor-section elementor-top-section elementor-element elementor-element-65064a4 elementor-section-boxed elementor-section-height-default elementor-section-height-default\" data-id=\"65064a4\" data-element_type=\"section\" data-e-type=\"section\">\n\t\t\t\t\t\t<div class=\"elementor-container elementor-column-gap-default\">\n\t\t\t\t\t<div class=\"elementor-column elementor-col-100 elementor-top-column elementor-element elementor-element-e5ed9c8\" data-id=\"e5ed9c8\" data-element_type=\"column\" data-e-type=\"column\">\n\t\t\t<div class=\"elementor-widget-wrap elementor-element-populated\">\n\t\t\t\t\t\t<div class=\"elementor-element elementor-element-544ea6a elementor-widget elementor-widget-spacer\" data-id=\"544ea6a\" data-element_type=\"widget\" data-e-type=\"widget\" data-widget_type=\"spacer.default\">\n\t\t\t\t<div class=\"elementor-widget-container\">\n\t\t\t\t\t\t\t<div class=\"elementor-spacer\">\n\t\t\t<div class=\"elementor-spacer-inner\"><\/div>\n\t\t<\/div>\n\t\t\t\t\t\t<\/div>\n\t\t\t\t<\/div>\n\t\t\t\t\t<\/div>\n\t\t<\/div>\n\t\t\t\t\t<\/div>\n\t\t<\/section>\n\t\t\t\t<section class=\"elementor-section elementor-top-section elementor-element elementor-element-43c0c0a elementor-section-boxed elementor-section-height-default elementor-section-height-default\" data-id=\"43c0c0a\" data-element_type=\"section\" data-e-type=\"section\">\n\t\t\t\t\t\t<div class=\"elementor-container elementor-column-gap-default\">\n\t\t\t\t\t<div class=\"elementor-column elementor-col-100 elementor-top-column elementor-element elementor-element-601b80f\" data-id=\"601b80f\" data-element_type=\"column\" data-e-type=\"column\">\n\t\t\t<div class=\"elementor-widget-wrap\">\n\t\t\t\t\t\t\t<\/div>\n\t\t<\/div>\n\t\t\t\t\t<\/div>\n\t\t<\/section>\n\t\t\t\t<section class=\"elementor-section elementor-top-section elementor-element elementor-element-b86e5b8 elementor-section-stretched elementor-section-boxed elementor-section-height-default elementor-section-height-default\" data-id=\"b86e5b8\" data-element_type=\"section\" data-e-type=\"section\" data-settings=\"{&quot;stretch_section&quot;:&quot;section-stretched&quot;}\">\n\t\t\t\t\t\t<div class=\"elementor-container elementor-column-gap-default\">\n\t\t\t\t\t<div class=\"elementor-column elementor-col-100 elementor-top-column elementor-element elementor-element-ad0c7c7\" data-id=\"ad0c7c7\" data-element_type=\"column\" data-e-type=\"column\">\n\t\t\t<div class=\"elementor-widget-wrap elementor-element-populated\">\n\t\t\t\t\t\t<div class=\"elementor-element elementor-element-2e3d687 elementor-widget elementor-widget-heading\" data-id=\"2e3d687\" data-element_type=\"widget\" data-e-type=\"widget\" data-widget_type=\"heading.default\">\n\t\t\t\t<div class=\"elementor-widget-container\">\n\t\t\t\t\t<h1 class=\"elementor-heading-title elementor-size-default\">\u0423\u043c\u043e\u0432\u0438 \u043f\u0435\u0440\u0435\u0432\u0435\u0437\u0435\u043d\u043d\u044f<\/h1>\t\t\t\t<\/div>\n\t\t\t\t<\/div>\n\t\t\t\t<div class=\"elementor-element elementor-element-4716cf8 elementor-widget__width-initial elementor-widget elementor-widget-text-editor\" data-id=\"4716cf8\" data-element_type=\"widget\" data-e-type=\"widget\" data-widget_type=\"text-editor.default\">\n\t\t\t\t<div class=\"elementor-widget-container\">\n\t\t\t\t\t\t\t\t\t<p>\u0428\u0430\u043d\u043e\u0432\u043d\u0438\u0439 \u043f\u0430\u0441\u0430\u0436\u0438\u0440\u0435,<br \/>\u0422\u0443\u0442 \u0432\u0438 \u0437\u043d\u0430\u0439\u0434\u0435\u0442\u0435 \u043d\u0430\u0448\u0456 \u0443\u043c\u043e\u0432\u0438 \u043f\u0435\u0440\u0435\u0432\u0435\u0437\u0435\u043d\u043d\u044f \u0437\u0430 \u0442\u0430\u0440\u0438\u0444\u043e\u043c Wendlandtarif, \u044f\u043a\u0456 \u0437\u0430\u0441\u0442\u043e\u0441\u043e\u0432\u0443\u044e\u0442\u044c\u0441\u044f \u0434\u043e \u0432\u0441\u0456\u0445 \u0430\u0432\u0442\u043e\u0431\u0443\u0441\u043d\u0438\u0445 \u043a\u043e\u043c\u043f\u0430\u043d\u0456\u0439 \u0432 \u043c\u0435\u0436\u0430\u0445 \u043e\u043a\u0440\u0443\u0433\u0443 \u041b\u044e\u0445\u043e\u0432-\u0414\u0430\u043d\u043d\u0435\u043d\u0431\u0435\u0440\u0433, \u0430 \u0442\u0430\u043a\u043e\u0436 \u0434\u043b\u044f \u0441\u043f\u043e\u043b\u0443\u0447\u0435\u043d\u043d\u044f \u0437 \u0417\u0430\u043b\u044c\u0446\u0432\u0435\u0434\u0435\u043b\u0435\u043c \u0442\u0430 \u041b\u044e\u043d\u0435\u0431\u0443\u0440\u0433\u043e\u043c:<\/p>\t\t\t\t\t\t\t\t<\/div>\n\t\t\t\t<\/div>\n\t\t\t\t<div class=\"elementor-element elementor-element-81802f8 elementor-widget elementor-widget-spacer\" data-id=\"81802f8\" data-element_type=\"widget\" data-e-type=\"widget\" data-widget_type=\"spacer.default\">\n\t\t\t\t<div class=\"elementor-widget-container\">\n\t\t\t\t\t\t\t<div class=\"elementor-spacer\">\n\t\t\t<div class=\"elementor-spacer-inner\"><\/div>\n\t\t<\/div>\n\t\t\t\t\t\t<\/div>\n\t\t\t\t<\/div>\n\t\t\t\t\t<\/div>\n\t\t<\/div>\n\t\t\t\t\t<\/div>\n\t\t<\/section>\n\t\t\t\t<section class=\"elementor-section elementor-top-section elementor-element elementor-element-f44d686 elementor-section-boxed elementor-section-height-default elementor-section-height-default\" data-id=\"f44d686\" data-element_type=\"section\" data-e-type=\"section\">\n\t\t\t\t\t\t<div class=\"elementor-container elementor-column-gap-default\">\n\t\t\t\t\t<div class=\"elementor-column elementor-col-33 elementor-top-column elementor-element elementor-element-1b51dad\" data-id=\"1b51dad\" data-element_type=\"column\" data-e-type=\"column\">\n\t\t\t<div class=\"elementor-widget-wrap elementor-element-populated\">\n\t\t\t\t\t\t<div class=\"elementor-element elementor-element-d5edbcf elementor-widget elementor-widget-media-card\" data-id=\"d5edbcf\" data-element_type=\"widget\" data-e-type=\"widget\" data-widget_type=\"media-card.default\">\n\t\t\t\t<div class=\"elementor-widget-container\">\n\t\t\t\t\t        <a class=\"media-card d-flex\" href=\"https:\/\/wendlandmobil.de\/wp-content\/uploads\/Befoerderungsbedingungen_zum_01.04.2026.pdf\" target=\"_blank\" data-elementor-open-lightbox=\"no\">\n            <div class=\"attachment-data flex-grow-1\">\n                <div class=\"elementor-widget-heading\">\n                    <h3 class=\"elementor-heading-title elementor-size-paragraph-small mb-0\">Bef\u00f6rderungsbedingungen zum 01.04.2026<\/h3>\n                <\/div>\n                <small class=\"attachment-file-info color-text\">\n                    Letzte Aktualisierung: 01.04.2026 (PDF, 164 \u041a\u0411)                <\/small>\n            <\/div>\n            <div class=\"elementor-widget-button elementor-button-transparent-borderless\">\n                <span class=\"elementor-button\">\n                    <span class=\"elementor-button-content-wrapper\">\n                        <span class=\"elementor-button-icon elementor-align-icon-right mx-0\"><i class=\"far fa-file-download\"\n                                                                                               aria-hidden=\"true\"><\/i><\/span>\n                        <span class=\"elementor-button-text screen-reader-text\">Download Bef\u00f6rderungsbedingungen zum 01.04.2026<\/span>\n                    <\/span>\n                <\/span>\n            <\/div>\n        <\/a>\n    \t\t\t\t<\/div>\n\t\t\t\t<\/div>\n\t\t\t\t<div class=\"elementor-element elementor-element-b10d3d2 elementor-widget elementor-widget-media-card\" data-id=\"b10d3d2\" data-element_type=\"widget\" data-e-type=\"widget\" data-widget_type=\"media-card.default\">\n\t\t\t\t<div class=\"elementor-widget-container\">\n\t\t\t\t\t        <a class=\"media-card d-flex\" href=\"https:\/\/wendlandmobil.de\/wp-content\/uploads\/OD_Nutzungsbedingungen-Fahrgaeste_V1.pdf\" target=\"_blank\" data-elementor-open-lightbox=\"no\">\n            <div class=\"attachment-data flex-grow-1\">\n                <div class=\"elementor-widget-heading\">\n                    <h3 class=\"elementor-heading-title elementor-size-paragraph-small mb-0\">\u0423\u043c\u043e\u0432\u0438 \u0432\u0438\u043a\u043e\u0440\u0438\u0441\u0442\u0430\u043d\u043d\u044f Wendland OnDemand<\/h3>\n                <\/div>\n                <small class=\"attachment-file-info color-text\">\n                    Letzte Aktualisierung: 21.12.2023 (PDF, 72 \u041a\u0411)                <\/small>\n            <\/div>\n            <div class=\"elementor-widget-button elementor-button-transparent-borderless\">\n                <span class=\"elementor-button\">\n                    <span class=\"elementor-button-content-wrapper\">\n                        <span class=\"elementor-button-icon elementor-align-icon-right mx-0\"><i class=\"far fa-file-download\"\n                                                                                               aria-hidden=\"true\"><\/i><\/span>\n                        <span class=\"elementor-button-text screen-reader-text\">Download Nutzungsbedingungen Wendland OnDemand<\/span>\n                    <\/span>\n                <\/span>\n            <\/div>\n        <\/a>\n    \t\t\t\t<\/div>\n\t\t\t\t<\/div>\n\t\t\t\t<div class=\"elementor-element elementor-element-8cbb12e elementor-widget elementor-widget-spacer\" data-id=\"8cbb12e\" data-element_type=\"widget\" data-e-type=\"widget\" data-widget_type=\"spacer.default\">\n\t\t\t\t<div class=\"elementor-widget-container\">\n\t\t\t\t\t\t\t<div class=\"elementor-spacer\">\n\t\t\t<div class=\"elementor-spacer-inner\"><\/div>\n\t\t<\/div>\n\t\t\t\t\t\t<\/div>\n\t\t\t\t<\/div>\n\t\t\t\t\t<\/div>\n\t\t<\/div>\n\t\t\t\t<div class=\"elementor-column elementor-col-33 elementor-top-column elementor-element elementor-element-31137f5\" data-id=\"31137f5\" data-element_type=\"column\" data-e-type=\"column\">\n\t\t\t<div class=\"elementor-widget-wrap\">\n\t\t\t\t\t\t\t<\/div>\n\t\t<\/div>\n\t\t\t\t<div class=\"elementor-column elementor-col-33 elementor-top-column elementor-element elementor-element-be1a139\" data-id=\"be1a139\" data-element_type=\"column\" data-e-type=\"column\">\n\t\t\t<div class=\"elementor-widget-wrap\">\n\t\t\t\t\t\t\t<\/div>\n\t\t<\/div>\n\t\t\t\t\t<\/div>\n\t\t<\/section>\n\t\t\t\t<\/div>","protected":false},"excerpt":{"rendered":"<p>Bef\u00f6rderungsbedingungen Sehr geehrter Fahrgast,hier finden Sie unsere Bef\u00f6rderungsbedingungen f\u00fcr den Wendlandtarif, die bei allen Busunternehmen innerhalb des Landkreises L\u00fcchow-Dannenberg gelten sowie f\u00fcr die Verbindungen nach Salzwedel und L\u00fcneburg: Bef\u00f6rderungsbedingungen zum 01.04.2026 Letzte Aktualisierung: 01.04.2026 (PDF, 164 KB) Download Bef\u00f6rderungsbedingungen zum 01.04.2026 Nutzungsbedingungen Wendland OnDemand Letzte Aktualisierung: 21.12.2023 (PDF, 72 KB) Download Nutzungsbedingungen Wendland OnDemand<\/p>","protected":false},"author":1,"featured_media":0,"parent":0,"menu_order":0,"comment_status":"closed","ping_status":"closed","template":"","meta":{"footnotes":""},"class_list":["post-38640","page","type-page","status-publish","hentry"],"yoast_head":"<!-- This site is optimized with the Yoast SEO plugin v27.3 - https:\/\/yoast.com\/product\/yoast-seo-wordpress\/ -->\n<title>Bef\u00f6rderungsbedingungen - Wendland Mobil<\/title>\n<meta name=\"robots\" content=\"index, follow, max-snippet:-1, max-image-preview:large, max-video-preview:-1\" \/>\n<link rel=\"canonical\" href=\"https:\/\/wendlandmobil.de\/uk\/\u0443\u043c\u043e\u0432\u0438-\u0443\u0447\u0430\u0441\u0442\u0456-\u0432-\u043a\u043e\u043d\u043a\u0443\u0440\u0441\u0456\/\" \/>\n<meta property=\"og:locale\" content=\"uk_UA\" \/>\n<meta property=\"og:type\" content=\"article\" \/>\n<meta property=\"og:title\" content=\"Bef\u00f6rderungsbedingungen - Wendland Mobil\" \/>\n<meta property=\"og:description\" content=\"Bef\u00f6rderungsbedingungen Sehr geehrter Fahrgast,hier finden Sie unsere Bef\u00f6rderungsbedingungen f\u00fcr den Wendlandtarif, die bei allen Busunternehmen innerhalb des Landkreises L\u00fcchow-Dannenberg gelten sowie f\u00fcr die Verbindungen nach Salzwedel und L\u00fcneburg: Bef\u00f6rderungsbedingungen zum 01.04.2026 Letzte Aktualisierung: 01.04.2026 (PDF, 164 KB) Download Bef\u00f6rderungsbedingungen zum 01.04.2026 Nutzungsbedingungen Wendland OnDemand Letzte Aktualisierung: 21.12.2023 (PDF, 72 KB) Download Nutzungsbedingungen Wendland OnDemand\" \/>\n<meta property=\"og:url\" content=\"https:\/\/wendlandmobil.de\/uk\/\u0443\u043c\u043e\u0432\u0438-\u0443\u0447\u0430\u0441\u0442\u0456-\u0432-\u043a\u043e\u043d\u043a\u0443\u0440\u0441\u0456\/\" \/>\n<meta property=\"og:site_name\" content=\"Wendland Mobil\" \/>\n<meta property=\"article:publisher\" content=\"https:\/\/www.facebook.com\/MobilitaetsagenturWendlandElbe\/\" \/>\n<meta property=\"article:modified_time\" content=\"2026-04-01T10:42:13+00:00\" \/>\n<meta name=\"twitter:card\" content=\"summary_large_image\" \/>\n<meta name=\"twitter:label1\" content=\"\u041f\u0440\u0438\u0431\u043b. \u0447\u0430\u0441 \u0447\u0438\u0442\u0430\u043d\u043d\u044f\" \/>\n\t<meta name=\"twitter:data1\" content=\"1 \u0445\u0432\u0438\u043b\u0438\u043d\u0430\" \/>\n<script type=\"application\/ld+json\" class=\"yoast-schema-graph\">{\"@context\":\"https:\\\/\\\/schema.org\",\"@graph\":[{\"@type\":\"WebPage\",\"@id\":\"https:\\\/\\\/wendlandmobil.de\\\/befoerderungsbedingungen\\\/\",\"url\":\"https:\\\/\\\/wendlandmobil.de\\\/befoerderungsbedingungen\\\/\",\"name\":\"Bef\u00f6rderungsbedingungen - Wendland Mobil\",\"isPartOf\":{\"@id\":\"https:\\\/\\\/wendlandmobil.de\\\/#website\"},\"datePublished\":\"2023-09-20T06:26:36+00:00\",\"dateModified\":\"2026-04-01T10:42:13+00:00\",\"breadcrumb\":{\"@id\":\"https:\\\/\\\/wendlandmobil.de\\\/befoerderungsbedingungen\\\/#breadcrumb\"},\"inLanguage\":\"uk\",\"potentialAction\":[{\"@type\":\"ReadAction\",\"target\":[\"https:\\\/\\\/wendlandmobil.de\\\/befoerderungsbedingungen\\\/\"]}]},{\"@type\":\"BreadcrumbList\",\"@id\":\"https:\\\/\\\/wendlandmobil.de\\\/befoerderungsbedingungen\\\/#breadcrumb\",\"itemListElement\":[{\"@type\":\"ListItem\",\"position\":1,\"name\":\"Startseite\",\"item\":\"https:\\\/\\\/wendlandmobil.de\\\/\"},{\"@type\":\"ListItem\",\"position\":2,\"name\":\"Bef\u00f6rderungsbedingungen\"}]},{\"@type\":\"WebSite\",\"@id\":\"https:\\\/\\\/wendlandmobil.de\\\/#website\",\"url\":\"https:\\\/\\\/wendlandmobil.de\\\/\",\"name\":\"Wendland Mobil\",\"description\":\"\",\"publisher\":{\"@id\":\"https:\\\/\\\/wendlandmobil.de\\\/#organization\"},\"potentialAction\":[{\"@type\":\"SearchAction\",\"target\":{\"@type\":\"EntryPoint\",\"urlTemplate\":\"https:\\\/\\\/wendlandmobil.de\\\/?s={search_term_string}\"},\"query-input\":{\"@type\":\"PropertyValueSpecification\",\"valueRequired\":true,\"valueName\":\"search_term_string\"}}],\"inLanguage\":\"uk\"},{\"@type\":\"Organization\",\"@id\":\"https:\\\/\\\/wendlandmobil.de\\\/#organization\",\"name\":\"Wendland Mobil\",\"url\":\"https:\\\/\\\/wendlandmobil.de\\\/\",\"logo\":{\"@type\":\"ImageObject\",\"inLanguage\":\"uk\",\"@id\":\"https:\\\/\\\/wendlandmobil.de\\\/#\\\/schema\\\/logo\\\/image\\\/\",\"url\":\"https:\\\/\\\/wendlandmobil.de\\\/wp-content\\\/uploads\\\/LogoWendland.png\",\"contentUrl\":\"https:\\\/\\\/wendlandmobil.de\\\/wp-content\\\/uploads\\\/LogoWendland.png\",\"width\":384,\"height\":81,\"caption\":\"Wendland Mobil\"},\"image\":{\"@id\":\"https:\\\/\\\/wendlandmobil.de\\\/#\\\/schema\\\/logo\\\/image\\\/\"},\"sameAs\":[\"https:\\\/\\\/www.facebook.com\\\/MobilitaetsagenturWendlandElbe\\\/\",\"https:\\\/\\\/www.instagram.com\\\/mobilimwendland\\\/\"]}]}<\/script>\n<!-- \/ Yoast SEO plugin. -->","yoast_head_json":{"title":"\u0423\u043c\u043e\u0432\u0438 \u043f\u0435\u0440\u0435\u0432\u0435\u0437\u0435\u043d\u043d\u044f - Wendland Mobil","robots":{"index":"index","follow":"follow","max-snippet":"max-snippet:-1","max-image-preview":"max-image-preview:large","max-video-preview":"max-video-preview:-1"},"canonical":"https:\/\/wendlandmobil.de\/uk\/\u0443\u043c\u043e\u0432\u0438-\u0443\u0447\u0430\u0441\u0442\u0456-\u0432-\u043a\u043e\u043d\u043a\u0443\u0440\u0441\u0456\/","og_locale":"uk_UA","og_type":"article","og_title":"Bef\u00f6rderungsbedingungen - Wendland Mobil","og_description":"Bef\u00f6rderungsbedingungen Sehr geehrter Fahrgast,hier finden Sie unsere Bef\u00f6rderungsbedingungen f\u00fcr den Wendlandtarif, die bei allen Busunternehmen innerhalb des Landkreises L\u00fcchow-Dannenberg gelten sowie f\u00fcr die Verbindungen nach Salzwedel und L\u00fcneburg: Bef\u00f6rderungsbedingungen zum 01.04.2026 Letzte Aktualisierung: 01.04.2026 (PDF, 164 KB) Download Bef\u00f6rderungsbedingungen zum 01.04.2026 Nutzungsbedingungen Wendland OnDemand Letzte Aktualisierung: 21.12.2023 (PDF, 72 KB) Download Nutzungsbedingungen Wendland OnDemand","og_url":"https:\/\/wendlandmobil.de\/uk\/\u0443\u043c\u043e\u0432\u0438-\u0443\u0447\u0430\u0441\u0442\u0456-\u0432-\u043a\u043e\u043d\u043a\u0443\u0440\u0441\u0456\/","og_site_name":"Wendland Mobil","article_publisher":"https:\/\/www.facebook.com\/MobilitaetsagenturWendlandElbe\/","article_modified_time":"2026-04-01T10:42:13+00:00","twitter_card":"summary_large_image","twitter_misc":{"\u041f\u0440\u0438\u0431\u043b. \u0447\u0430\u0441 \u0447\u0438\u0442\u0430\u043d\u043d\u044f":"1 \u0445\u0432\u0438\u043b\u0438\u043d\u0430"},"schema":{"@context":"https:\/\/schema.org","@graph":[{"@type":"WebPage","@id":"https:\/\/wendlandmobil.de\/befoerderungsbedingungen\/","url":"https:\/\/wendlandmobil.de\/befoerderungsbedingungen\/","name":"\u0423\u043c\u043e\u0432\u0438 \u043f\u0435\u0440\u0435\u0432\u0435\u0437\u0435\u043d\u043d\u044f - Wendland Mobil","isPartOf":{"@id":"https:\/\/wendlandmobil.de\/#website"},"datePublished":"2023-09-20T06:26:36+00:00","dateModified":"2026-04-01T10:42:13+00:00","breadcrumb":{"@id":"https:\/\/wendlandmobil.de\/befoerderungsbedingungen\/#breadcrumb"},"inLanguage":"uk","potentialAction":[{"@type":"ReadAction","target":["https:\/\/wendlandmobil.de\/befoerderungsbedingungen\/"]}]},{"@type":"BreadcrumbList","@id":"https:\/\/wendlandmobil.de\/befoerderungsbedingungen\/#breadcrumb","itemListElement":[{"@type":"ListItem","position":1,"name":"Startseite","item":"https:\/\/wendlandmobil.de\/"},{"@type":"ListItem","position":2,"name":"Bef\u00f6rderungsbedingungen"}]},{"@type":"WebSite","@id":"https:\/\/wendlandmobil.de\/#website","url":"https:\/\/wendlandmobil.de\/","name":"Wendland Mobile","description":"","publisher":{"@id":"https:\/\/wendlandmobil.de\/#organization"},"potentialAction":[{"@type":"SearchAction","target":{"@type":"EntryPoint","urlTemplate":"https:\/\/wendlandmobil.de\/?s={search_term_string}"},"query-input":{"@type":"PropertyValueSpecification","valueRequired":true,"valueName":"search_term_string"}}],"inLanguage":"uk"},{"@type":"Organization","@id":"https:\/\/wendlandmobil.de\/#organization","name":"Wendland Mobile","url":"https:\/\/wendlandmobil.de\/","logo":{"@type":"ImageObject","inLanguage":"uk","@id":"https:\/\/wendlandmobil.de\/#\/schema\/logo\/image\/","url":"https:\/\/wendlandmobil.de\/wp-content\/uploads\/LogoWendland.png","contentUrl":"https:\/\/wendlandmobil.de\/wp-content\/uploads\/LogoWendland.png","width":384,"height":81,"caption":"Wendland Mobil"},"image":{"@id":"https:\/\/wendlandmobil.de\/#\/schema\/logo\/image\/"},"sameAs":["https:\/\/www.facebook.com\/MobilitaetsagenturWendlandElbe\/","https:\/\/www.instagram.com\/mobilimwendland\/"]}]}},"_links":{"self":[{"href":"https:\/\/wendlandmobil.de\/uk\/wp-json\/wp\/v2\/pages\/38640","targetHints":{"allow":["GET"]}}],"collection":[{"href":"https:\/\/wendlandmobil.de\/uk\/wp-json\/wp\/v2\/pages"}],"about":[{"href":"https:\/\/wendlandmobil.de\/uk\/wp-json\/wp\/v2\/types\/page"}],"author":[{"embeddable":true,"href":"https:\/\/wendlandmobil.de\/uk\/wp-json\/wp\/v2\/users\/1"}],"replies":[{"embeddable":true,"href":"https:\/\/wendlandmobil.de\/uk\/wp-json\/wp\/v2\/comments?post=38640"}],"version-history":[{"count":5,"href":"https:\/\/wendlandmobil.de\/uk\/wp-json\/wp\/v2\/pages\/38640\/revisions"}],"predecessor-version":[{"id":56235,"href":"https:\/\/wendlandmobil.de\/uk\/wp-json\/wp\/v2\/pages\/38640\/revisions\/56235"}],"wp:attachment":[{"href":"https:\/\/wendlandmobil.de\/uk\/wp-json\/wp\/v2\/media?parent=38640"}],"curies":[{"name":"wp","href":"https:\/\/api.w.org\/{rel}","templated":true}]}}