{"id":10220,"date":"2021-09-14T13:58:40","date_gmt":"2021-09-14T11:58:40","guid":{"rendered":"https:\/\/wendlandmobil.de\/?page_id=10220"},"modified":"2021-09-14T14:13:29","modified_gmt":"2021-09-14T12:13:29","slug":"%d1%94%d0%b2%d1%80%d0%be%d0%bf%d0%b5%d0%b9%d1%81%d1%8c%d0%ba%d0%b8%d0%b9-%d1%82%d0%b8%d0%b6%d0%b4%d0%b5%d0%bd%d1%8c-%d0%bc%d0%be%d0%b1%d1%96%d0%bb%d1%8c%d0%bd%d0%be%d1%81%d1%82%d1%96-2021","status":"publish","type":"page","link":"https:\/\/wendlandmobil.de\/uk\/europaeische-mobilitaetswoche-2021\/","title":{"rendered":"\u0404\u0432\u0440\u043e\u043f\u0435\u0439\u0441\u044c\u043a\u0438\u0439 \u0442\u0438\u0436\u0434\u0435\u043d\u044c \u043c\u043e\u0431\u0456\u043b\u044c\u043d\u043e\u0441\u0442\u0456 2021"},"content":{"rendered":"<div data-elementor-type=\"wp-page\" data-elementor-id=\"10220\" class=\"elementor elementor-10220\" data-elementor-post-type=\"page\">\n\t\t\t\t\t\t<section class=\"elementor-section elementor-top-section elementor-element elementor-element-47c8185f elementor-section-stretched elementor-section-boxed elementor-section-height-default elementor-section-height-default\" data-id=\"47c8185f\" data-element_type=\"section\" data-e-type=\"section\" data-settings=\"{&quot;stretch_section&quot;:&quot;section-stretched&quot;}\">\n\t\t\t\t\t\t<div class=\"elementor-container elementor-column-gap-default\">\n\t\t\t\t\t<div class=\"elementor-column elementor-col-100 elementor-top-column elementor-element elementor-element-6f00588f\" data-id=\"6f00588f\" data-element_type=\"column\" data-e-type=\"column\">\n\t\t\t<div class=\"elementor-widget-wrap elementor-element-populated\">\n\t\t\t\t\t\t<div class=\"elementor-element elementor-element-3826f6af elementor-widget elementor-widget-spacer\" data-id=\"3826f6af\" data-element_type=\"widget\" data-e-type=\"widget\" data-widget_type=\"spacer.default\">\n\t\t\t\t<div class=\"elementor-widget-container\">\n\t\t\t\t\t\t\t<div class=\"elementor-spacer\">\n\t\t\t<div class=\"elementor-spacer-inner\"><\/div>\n\t\t<\/div>\n\t\t\t\t\t\t<\/div>\n\t\t\t\t<\/div>\n\t\t\t\t\t<\/div>\n\t\t<\/div>\n\t\t\t\t\t<\/div>\n\t\t<\/section>\n\t\t\t\t<section class=\"elementor-section elementor-top-section elementor-element elementor-element-634ff368 elementor-section-boxed elementor-section-height-default elementor-section-height-default\" data-id=\"634ff368\" data-element_type=\"section\" data-e-type=\"section\">\n\t\t\t\t\t\t<div class=\"elementor-container elementor-column-gap-default\">\n\t\t\t\t\t<div class=\"elementor-column elementor-col-33 elementor-top-column elementor-element elementor-element-23e9cc5c\" data-id=\"23e9cc5c\" data-element_type=\"column\" data-e-type=\"column\">\n\t\t\t<div class=\"elementor-widget-wrap elementor-element-populated\">\n\t\t\t\t\t\t<div class=\"elementor-element elementor-element-5d92a414 elementor-widget elementor-widget-text-editor\" data-id=\"5d92a414\" data-element_type=\"widget\" data-e-type=\"widget\" data-widget_type=\"text-editor.default\">\n\t\t\t\t<div class=\"elementor-widget-container\">\n\t\t\t\t\t\t\t\t\t<h1><strong>\u0404\u0432\u0440\u043e\u043f\u0435\u0439\u0441\u044c\u043a\u0438\u0439 \u0442\u0438\u0436\u0434\u0435\u043d\u044c \u043c\u043e\u0431\u0456\u043b\u044c\u043d\u043e\u0441\u0442\u0456 2021<br \/><\/strong><\/h1>\t\t\t\t\t\t\t\t<\/div>\n\t\t\t\t<\/div>\n\t\t\t\t<div class=\"elementor-element elementor-element-11f29e9d elementor-widget elementor-widget-text-editor\" data-id=\"11f29e9d\" data-element_type=\"widget\" data-e-type=\"widget\" data-widget_type=\"text-editor.default\">\n\t\t\t\t<div class=\"elementor-widget-container\">\n\t\t\t\t\t\t\t\t\t<p>\u0423 \"The <strong>\u0404\u0432\u0440\u043e\u043f\u0435\u0439\u0441\u044c\u043a\u0438\u0439 \u0442\u0438\u0436\u0434\u0435\u043d\u044c \u043c\u043e\u0431\u0456\u043b\u044c\u043d\u043e\u0441\u0442\u0456<\/strong> \u0446\u0435 \u043a\u0430\u043c\u043f\u0430\u043d\u0456\u044f \u0404\u0432\u0440\u043e\u043f\u0435\u0439\u0441\u044c\u043a\u043e\u0457 \u041a\u043e\u043c\u0456\u0441\u0456\u0457. \u0417 2002 \u0440\u043e\u043a\u0443 \u0432\u0456\u043d \u043f\u0440\u043e\u043f\u043e\u043d\u0443\u0454 \u043c\u0443\u043d\u0456\u0446\u0438\u043f\u0430\u043b\u0456\u0442\u0435\u0442\u0430\u043c \u0437 \u0443\u0441\u0456\u0454\u0457 \u0404\u0432\u0440\u043e\u043f\u0438 \u0447\u0443\u0434\u043e\u0432\u0443 \u043c\u043e\u0436\u043b\u0438\u0432\u0456\u0441\u0442\u044c \u043f\u043e\u0437\u043d\u0430\u0439\u043e\u043c\u0438\u0442\u0438 \u0441\u0432\u043e\u0457\u0445 \u0433\u0440\u043e\u043c\u0430\u0434\u044f\u043d \u0437 \u043f\u043e\u0432\u043d\u0438\u043c \u0441\u043f\u0435\u043a\u0442\u0440\u043e\u043c \u0441\u0442\u0430\u043b\u043e\u0457 \u043c\u043e\u0431\u0456\u043b\u044c\u043d\u043e\u0441\u0442\u0456 \u043d\u0430 \u043c\u0456\u0441\u0446\u044f\u0445. \u0429\u043e\u0440\u043e\u043a\u0443, \u0437 16 \u043f\u043e 22 \u0432\u0435\u0440\u0435\u0441\u043d\u044f, \u0404\u0432\u0440\u043e\u043f\u0435\u0439\u0441\u044c\u043a\u0438\u0439 \u0442\u0438\u0436\u0434\u0435\u043d\u044c \u043c\u043e\u0431\u0456\u043b\u044c\u043d\u043e\u0441\u0442\u0456 \u0432\u0438\u043f\u0440\u043e\u0431\u043e\u0432\u0443\u0454 \u0456\u043d\u043d\u043e\u0432\u0430\u0446\u0456\u0439\u043d\u0456 \u0442\u0440\u0430\u043d\u0441\u043f\u043e\u0440\u0442\u043d\u0456 \u0440\u0456\u0448\u0435\u043d\u043d\u044f \u0430\u0431\u043e \u0441\u043f\u0440\u0438\u044f\u0454 \u0441\u0442\u0430\u043b\u043e\u043c\u0443 \u0440\u043e\u0437\u0432\u0438\u0442\u043a\u0443 \u043c\u043e\u0431\u0456\u043b\u044c\u043d\u043e\u0441\u0442\u0456 \u0432 \u043c\u0456\u0441\u0446\u0435\u0432\u0438\u0445 \u0433\u0440\u043e\u043c\u0430\u0434\u0430\u0445 \u0437\u0430 \u0434\u043e\u043f\u043e\u043c\u043e\u0433\u043e\u044e \u043a\u0440\u0435\u0430\u0442\u0438\u0432\u043d\u0438\u0445 \u0456\u0434\u0435\u0439.<\/p><p>\u041c\u0438 \u0431\u0435\u0440\u0435\u043c\u043e \u0443\u0447\u0430\u0441\u0442\u044c \u0443 \u0404\u0432\u0440\u043e\u043f\u0435\u0439\u0441\u044c\u043a\u043e\u043c\u0443 \u0442\u0438\u0436\u043d\u0456 \u043c\u043e\u0431\u0456\u043b\u044c\u043d\u043e\u0441\u0442\u0456 \u0442\u0430 \u043f\u0440\u043e\u043f\u043e\u043d\u0443\u0454\u043c\u043e \u0448\u0438\u0440\u043e\u043a\u0438\u0439 \u0441\u043f\u0435\u043a\u0442\u0440 \u0430\u043a\u0446\u0456\u0439 \u0442\u0430 \u0437\u0430\u0445\u043e\u0434\u0456\u0432, \u0449\u043e\u0431 \u043d\u0430\u0431\u043b\u0438\u0437\u0438\u0442\u0438 \u043c\u0456\u0441\u0446\u0435\u0432\u0456 \u043f\u0440\u043e\u043f\u043e\u0437\u0438\u0446\u0456\u0457 \u043c\u043e\u0431\u0456\u043b\u044c\u043d\u043e\u0441\u0442\u0456.<\/p>\t\t\t\t\t\t\t\t<\/div>\n\t\t\t\t<\/div>\n\t\t\t\t<div class=\"elementor-element elementor-element-49f28f5a elementor-align-left elementor-widget elementor-widget-button\" data-id=\"49f28f5a\" data-element_type=\"widget\" data-e-type=\"widget\" data-widget_type=\"button.default\">\n\t\t\t\t<div class=\"elementor-widget-container\">\n\t\t\t\t\t\t\t\t\t<div class=\"elementor-button-wrapper\">\n\t\t\t\t\t<a class=\"elementor-button elementor-button-link elementor-size-md\" href=\"https:\/\/wendlandmobil.de\/uk\/%d0%ba%d0%be%d0%bd%d1%82%d0%b0%d0%ba%d1%82\/\" target=\"_blank\">\n\t\t\t\t\t\t<span class=\"elementor-button-content-wrapper\">\n\t\t\t\t\t\t\t\t\t<span class=\"elementor-button-text\">\u041f\u0438\u0442\u0430\u043d\u043d\u044f?<\/span>\n\t\t\t\t\t<\/span>\n\t\t\t\t\t<\/a>\n\t\t\t\t<\/div>\n\t\t\t\t\t\t\t\t<\/div>\n\t\t\t\t<\/div>\n\t\t\t\t<div class=\"elementor-element elementor-element-324b3c28 elementor-widget elementor-widget-spacer\" data-id=\"324b3c28\" data-element_type=\"widget\" data-e-type=\"widget\" data-widget_type=\"spacer.default\">\n\t\t\t\t<div class=\"elementor-widget-container\">\n\t\t\t\t\t\t\t<div class=\"elementor-spacer\">\n\t\t\t<div class=\"elementor-spacer-inner\"><\/div>\n\t\t<\/div>\n\t\t\t\t\t\t<\/div>\n\t\t\t\t<\/div>\n\t\t\t\t<div class=\"elementor-element elementor-element-1a050e74 elementor-widget elementor-widget-spacer\" data-id=\"1a050e74\" data-element_type=\"widget\" data-e-type=\"widget\" data-widget_type=\"spacer.default\">\n\t\t\t\t<div class=\"elementor-widget-container\">\n\t\t\t\t\t\t\t<div class=\"elementor-spacer\">\n\t\t\t<div class=\"elementor-spacer-inner\"><\/div>\n\t\t<\/div>\n\t\t\t\t\t\t<\/div>\n\t\t\t\t<\/div>\n\t\t\t\t\t<\/div>\n\t\t<\/div>\n\t\t\t\t<div class=\"elementor-column elementor-col-33 elementor-top-column elementor-element elementor-element-29ee6b19\" data-id=\"29ee6b19\" data-element_type=\"column\" data-e-type=\"column\">\n\t\t\t<div class=\"elementor-widget-wrap\">\n\t\t\t\t\t\t\t<\/div>\n\t\t<\/div>\n\t\t\t\t<div class=\"elementor-column elementor-col-33 elementor-top-column elementor-element elementor-element-46b7656e\" data-id=\"46b7656e\" data-element_type=\"column\" data-e-type=\"column\">\n\t\t\t<div class=\"elementor-widget-wrap elementor-element-populated\">\n\t\t\t\t\t\t<div class=\"elementor-element elementor-element-796bc091 elementor-widget elementor-widget-image\" data-id=\"796bc091\" data-element_type=\"widget\" data-e-type=\"widget\" data-widget_type=\"image.default\">\n\t\t\t\t<div class=\"elementor-widget-container\">\n\t\t\t\t\t\t\t\t\t\t\t\t\t\t\t<img fetchpriority=\"high\" decoding=\"async\" width=\"683\" height=\"1024\" src=\"https:\/\/wendlandmobil.de\/wp-content\/uploads\/13-09-anzeige-zeitung-mobilitaetswoche2021-683x1024.png\" class=\"attachment-large size-large wp-image-10226\" alt=\"\" srcset=\"https:\/\/wendlandmobil.de\/wp-content\/uploads\/13-09-anzeige-zeitung-mobilitaetswoche2021-683x1024.png 683w, https:\/\/wendlandmobil.de\/wp-content\/uploads\/13-09-anzeige-zeitung-mobilitaetswoche2021-600x900.png 600w, https:\/\/wendlandmobil.de\/wp-content\/uploads\/13-09-anzeige-zeitung-mobilitaetswoche2021-341x512.png 341w, https:\/\/wendlandmobil.de\/wp-content\/uploads\/13-09-anzeige-zeitung-mobilitaetswoche2021-768x1152.png 768w, https:\/\/wendlandmobil.de\/wp-content\/uploads\/13-09-anzeige-zeitung-mobilitaetswoche2021-1024x1536.png 1024w, https:\/\/wendlandmobil.de\/wp-content\/uploads\/13-09-anzeige-zeitung-mobilitaetswoche2021-1366x2048.png 1366w, https:\/\/wendlandmobil.de\/wp-content\/uploads\/13-09-anzeige-zeitung-mobilitaetswoche2021.png 1654w\" sizes=\"(max-width: 683px) 100vw, 683px\" \/>\t\t\t\t\t\t\t\t\t\t\t\t\t\t\t<\/div>\n\t\t\t\t<\/div>\n\t\t\t\t\t<\/div>\n\t\t<\/div>\n\t\t\t\t\t<\/div>\n\t\t<\/section>\n\t\t\t\t<section class=\"elementor-section elementor-top-section elementor-element elementor-element-c48fd6d elementor-section-boxed elementor-section-height-default elementor-section-height-default\" data-id=\"c48fd6d\" data-element_type=\"section\" data-e-type=\"section\">\n\t\t\t\t\t\t<div class=\"elementor-container elementor-column-gap-default\">\n\t\t\t\t\t<div class=\"elementor-column elementor-col-100 elementor-top-column elementor-element elementor-element-4d8f9b2\" data-id=\"4d8f9b2\" data-element_type=\"column\" data-e-type=\"column\">\n\t\t\t<div class=\"elementor-widget-wrap elementor-element-populated\">\n\t\t\t\t\t\t<div class=\"elementor-element elementor-element-8315dfd elementor-widget elementor-widget-spacer\" data-id=\"8315dfd\" data-element_type=\"widget\" data-e-type=\"widget\" data-widget_type=\"spacer.default\">\n\t\t\t\t<div class=\"elementor-widget-container\">\n\t\t\t\t\t\t\t<div class=\"elementor-spacer\">\n\t\t\t<div class=\"elementor-spacer-inner\"><\/div>\n\t\t<\/div>\n\t\t\t\t\t\t<\/div>\n\t\t\t\t<\/div>\n\t\t\t\t<div class=\"elementor-element elementor-element-7a8bc98 elementor-widget elementor-widget-image\" data-id=\"7a8bc98\" data-element_type=\"widget\" data-e-type=\"widget\" data-widget_type=\"image.default\">\n\t\t\t\t<div class=\"elementor-widget-container\">\n\t\t\t\t\t\t\t\t\t\t\t\t\t\t\t<img decoding=\"async\" width=\"1920\" height=\"700\" src=\"https:\/\/wendlandmobil.de\/wp-content\/uploads\/Zeichenflaeche-1.png\" class=\"attachment-full size-full wp-image-10223\" alt=\"\" srcset=\"https:\/\/wendlandmobil.de\/wp-content\/uploads\/Zeichenflaeche-1.png 1920w, https:\/\/wendlandmobil.de\/wp-content\/uploads\/Zeichenflaeche-1-600x219.png 600w, https:\/\/wendlandmobil.de\/wp-content\/uploads\/Zeichenflaeche-1-512x187.png 512w, https:\/\/wendlandmobil.de\/wp-content\/uploads\/Zeichenflaeche-1-768x280.png 768w, https:\/\/wendlandmobil.de\/wp-content\/uploads\/Zeichenflaeche-1-1024x373.png 1024w, https:\/\/wendlandmobil.de\/wp-content\/uploads\/Zeichenflaeche-1-1536x560.png 1536w\" sizes=\"(max-width: 1920px) 100vw, 1920px\" \/>\t\t\t\t\t\t\t\t\t\t\t\t\t\t\t<\/div>\n\t\t\t\t<\/div>\n\t\t\t\t\t<\/div>\n\t\t<\/div>\n\t\t\t\t\t<\/div>\n\t\t<\/section>\n\t\t\t\t<\/div>","protected":false},"excerpt":{"rendered":"<p>\u0404\u0432\u0440\u043e\u043f\u0435\u0439\u0441\u044c\u043a\u0438\u0439 \u0442\u0438\u0436\u0434\u0435\u043d\u044c \u043c\u043e\u0431\u0456\u043b\u044c\u043d\u043e\u0441\u0442\u0456 2021 \u0404\u0432\u0440\u043e\u043f\u0435\u0439\u0441\u044c\u043a\u0438\u0439 \u0442\u0438\u0436\u0434\u0435\u043d\u044c \u043c\u043e\u0431\u0456\u043b\u044c\u043d\u043e\u0441\u0442\u0456 - \u0446\u0435 \u043a\u0430\u043c\u043f\u0430\u043d\u0456\u044f, \u043e\u0440\u0433\u0430\u043d\u0456\u0437\u043e\u0432\u0430\u043d\u0430 \u0404\u0432\u0440\u043e\u043f\u0435\u0439\u0441\u044c\u043a\u043e\u044e \u041a\u043e\u043c\u0456\u0441\u0456\u0454\u044e. \u041f\u043e\u0447\u0438\u043d\u0430\u044e\u0447\u0438 \u0437 2002 \u0440\u043e\u043a\u0443, \u0432\u0456\u043d \u043f\u0440\u043e\u043f\u043e\u043d\u0443\u0454 \u043c\u0443\u043d\u0456\u0446\u0438\u043f\u0430\u043b\u0456\u0442\u0435\u0442\u0430\u043c \u043f\u043e \u0432\u0441\u0456\u0439 \u0404\u0432\u0440\u043e\u043f\u0456 \u0447\u0443\u0434\u043e\u0432\u0443 \u043c\u043e\u0436\u043b\u0438\u0432\u0456\u0441\u0442\u044c \u043e\u0437\u043d\u0430\u0439\u043e\u043c\u0438\u0442\u0438 \u0441\u0432\u043e\u0457\u0445 \u0433\u0440\u043e\u043c\u0430\u0434\u044f\u043d \u0437 \u043f\u043e\u0432\u043d\u0438\u043c \u0441\u043f\u0435\u043a\u0442\u0440\u043e\u043c \u0441\u0442\u0430\u043b\u043e\u0457 \u043c\u043e\u0431\u0456\u043b\u044c\u043d\u043e\u0441\u0442\u0456 \u043d\u0430 \u043c\u0456\u0441\u0446\u044f\u0445. \u0429\u043e\u0440\u043e\u043a\u0443, \u0437 16 \u043f\u043e 22 \u0432\u0435\u0440\u0435\u0441\u043d\u044f, \u0432 \u0440\u0430\u043c\u043a\u0430\u0445 \u0404\u0432\u0440\u043e\u043f\u0435\u0439\u0441\u044c\u043a\u043e\u0433\u043e \u0442\u0438\u0436\u043d\u044f \u043c\u043e\u0431\u0456\u043b\u044c\u043d\u043e\u0441\u0442\u0456 \u0432\u0438\u043f\u0440\u043e\u0431\u043e\u0432\u0443\u044e\u0442\u044c\u0441\u044f \u0430\u0431\u043e \u0432\u043f\u0440\u043e\u0432\u0430\u0434\u0436\u0443\u044e\u0442\u044c\u0441\u044f \u0456\u043d\u043d\u043e\u0432\u0430\u0446\u0456\u0439\u043d\u0456 \u0442\u0440\u0430\u043d\u0441\u043f\u043e\u0440\u0442\u043d\u0456 \u0440\u0456\u0448\u0435\u043d\u043d\u044f.<\/p>","protected":false},"author":2,"featured_media":0,"parent":0,"menu_order":0,"comment_status":"closed","ping_status":"closed","template":"","meta":{"footnotes":""},"class_list":["post-10220","page","type-page","status-publish","hentry"],"yoast_head":"<!-- This site is optimized with the Yoast SEO plugin v27.3 - https:\/\/yoast.com\/product\/yoast-seo-wordpress\/ -->\n<title>Europ\u00e4ische Mobilit\u00e4tswoche 2021 - Wendland Mobil<\/title>\n<meta name=\"robots\" content=\"index, follow, max-snippet:-1, max-image-preview:large, max-video-preview:-1\" \/>\n<link rel=\"canonical\" href=\"https:\/\/wendlandmobil.de\/uk\/\u0454\u0432\u0440\u043e\u043f\u0435\u0439\u0441\u044c\u043a\u0438\u0439-\u0442\u0438\u0436\u0434\u0435\u043d\u044c-\u043c\u043e\u0431\u0456\u043b\u044c\u043d\u043e\u0441\u0442\u0456-2021\/\" \/>\n<meta property=\"og:locale\" content=\"uk_UA\" \/>\n<meta property=\"og:type\" content=\"article\" \/>\n<meta property=\"og:title\" content=\"Europ\u00e4ische Mobilit\u00e4tswoche 2021 - Wendland Mobil\" \/>\n<meta property=\"og:description\" content=\"Europ\u00e4ische Mobilit\u00e4tswoche 2021 Die Europ\u00e4ische Mobilit\u00e4tswoche ist eine Kampagne der Europ\u00e4ischen Kommission. Seit 2002 bietet sie Kommunen aus ganz Europa die perfekte M\u00f6glichkeit, ihren B\u00fcrgerinnen und B\u00fcrgern die komplette Bandbreite nachhaltiger Mobilit\u00e4t vor Ort n\u00e4her zu bringen. Jedes Jahr, immer vom 16. bis 22. September, werden im Rahmen der Europ\u00e4ischen Mobilit\u00e4tswoche innovative Verkehrsl\u00f6sungen ausprobiert oder&hellip;\" \/>\n<meta property=\"og:url\" content=\"https:\/\/wendlandmobil.de\/uk\/\u0454\u0432\u0440\u043e\u043f\u0435\u0439\u0441\u044c\u043a\u0438\u0439-\u0442\u0438\u0436\u0434\u0435\u043d\u044c-\u043c\u043e\u0431\u0456\u043b\u044c\u043d\u043e\u0441\u0442\u0456-2021\/\" \/>\n<meta property=\"og:site_name\" content=\"Wendland Mobil\" \/>\n<meta property=\"article:publisher\" content=\"https:\/\/www.facebook.com\/MobilitaetsagenturWendlandElbe\/\" \/>\n<meta property=\"article:modified_time\" content=\"2021-09-14T12:13:29+00:00\" \/>\n<meta property=\"og:image\" content=\"https:\/\/wendlandmobil.de\/wp-content\/uploads\/13-09-anzeige-zeitung-mobilitaetswoche2021-683x1024.png\" \/>\n<meta name=\"twitter:card\" content=\"summary_large_image\" \/>\n<meta name=\"twitter:label1\" content=\"\u041f\u0440\u0438\u0431\u043b. \u0447\u0430\u0441 \u0447\u0438\u0442\u0430\u043d\u043d\u044f\" \/>\n\t<meta name=\"twitter:data1\" content=\"1 \u0445\u0432\u0438\u043b\u0438\u043d\u0430\" \/>\n<script type=\"application\/ld+json\" class=\"yoast-schema-graph\">{\"@context\":\"https:\\\/\\\/schema.org\",\"@graph\":[{\"@type\":\"WebPage\",\"@id\":\"https:\\\/\\\/wendlandmobil.de\\\/europaeische-mobilitaetswoche-2021\\\/\",\"url\":\"https:\\\/\\\/wendlandmobil.de\\\/europaeische-mobilitaetswoche-2021\\\/\",\"name\":\"Europ\u00e4ische Mobilit\u00e4tswoche 2021 - Wendland Mobil\",\"isPartOf\":{\"@id\":\"https:\\\/\\\/wendlandmobil.de\\\/#website\"},\"primaryImageOfPage\":{\"@id\":\"https:\\\/\\\/wendlandmobil.de\\\/europaeische-mobilitaetswoche-2021\\\/#primaryimage\"},\"image\":{\"@id\":\"https:\\\/\\\/wendlandmobil.de\\\/europaeische-mobilitaetswoche-2021\\\/#primaryimage\"},\"thumbnailUrl\":\"https:\\\/\\\/wendlandmobil.de\\\/wp-content\\\/uploads\\\/13-09-anzeige-zeitung-mobilitaetswoche2021-683x1024.png\",\"datePublished\":\"2021-09-14T11:58:40+00:00\",\"dateModified\":\"2021-09-14T12:13:29+00:00\",\"breadcrumb\":{\"@id\":\"https:\\\/\\\/wendlandmobil.de\\\/europaeische-mobilitaetswoche-2021\\\/#breadcrumb\"},\"inLanguage\":\"uk\",\"potentialAction\":[{\"@type\":\"ReadAction\",\"target\":[\"https:\\\/\\\/wendlandmobil.de\\\/europaeische-mobilitaetswoche-2021\\\/\"]}]},{\"@type\":\"ImageObject\",\"inLanguage\":\"uk\",\"@id\":\"https:\\\/\\\/wendlandmobil.de\\\/europaeische-mobilitaetswoche-2021\\\/#primaryimage\",\"url\":\"https:\\\/\\\/wendlandmobil.de\\\/wp-content\\\/uploads\\\/13-09-anzeige-zeitung-mobilitaetswoche2021-683x1024.png\",\"contentUrl\":\"https:\\\/\\\/wendlandmobil.de\\\/wp-content\\\/uploads\\\/13-09-anzeige-zeitung-mobilitaetswoche2021-683x1024.png\"},{\"@type\":\"BreadcrumbList\",\"@id\":\"https:\\\/\\\/wendlandmobil.de\\\/europaeische-mobilitaetswoche-2021\\\/#breadcrumb\",\"itemListElement\":[{\"@type\":\"ListItem\",\"position\":1,\"name\":\"Startseite\",\"item\":\"https:\\\/\\\/wendlandmobil.de\\\/\"},{\"@type\":\"ListItem\",\"position\":2,\"name\":\"Europ\u00e4ische Mobilit\u00e4tswoche 2021\"}]},{\"@type\":\"WebSite\",\"@id\":\"https:\\\/\\\/wendlandmobil.de\\\/#website\",\"url\":\"https:\\\/\\\/wendlandmobil.de\\\/\",\"name\":\"Wendland Mobil\",\"description\":\"\",\"publisher\":{\"@id\":\"https:\\\/\\\/wendlandmobil.de\\\/#organization\"},\"potentialAction\":[{\"@type\":\"SearchAction\",\"target\":{\"@type\":\"EntryPoint\",\"urlTemplate\":\"https:\\\/\\\/wendlandmobil.de\\\/?s={search_term_string}\"},\"query-input\":{\"@type\":\"PropertyValueSpecification\",\"valueRequired\":true,\"valueName\":\"search_term_string\"}}],\"inLanguage\":\"uk\"},{\"@type\":\"Organization\",\"@id\":\"https:\\\/\\\/wendlandmobil.de\\\/#organization\",\"name\":\"Wendland Mobil\",\"url\":\"https:\\\/\\\/wendlandmobil.de\\\/\",\"logo\":{\"@type\":\"ImageObject\",\"inLanguage\":\"uk\",\"@id\":\"https:\\\/\\\/wendlandmobil.de\\\/#\\\/schema\\\/logo\\\/image\\\/\",\"url\":\"https:\\\/\\\/wendlandmobil.de\\\/wp-content\\\/uploads\\\/LogoWendland.png\",\"contentUrl\":\"https:\\\/\\\/wendlandmobil.de\\\/wp-content\\\/uploads\\\/LogoWendland.png\",\"width\":384,\"height\":81,\"caption\":\"Wendland Mobil\"},\"image\":{\"@id\":\"https:\\\/\\\/wendlandmobil.de\\\/#\\\/schema\\\/logo\\\/image\\\/\"},\"sameAs\":[\"https:\\\/\\\/www.facebook.com\\\/MobilitaetsagenturWendlandElbe\\\/\",\"https:\\\/\\\/www.instagram.com\\\/mobilimwendland\\\/\"]}]}<\/script>\n<!-- \/ Yoast SEO plugin. -->","yoast_head_json":{"title":"\u0404\u0432\u0440\u043e\u043f\u0435\u0439\u0441\u044c\u043a\u0438\u0439 \u0442\u0438\u0436\u0434\u0435\u043d\u044c \u043c\u043e\u0431\u0456\u043b\u044c\u043d\u043e\u0441\u0442\u0456 2021 - Wendland Mobil","robots":{"index":"index","follow":"follow","max-snippet":"max-snippet:-1","max-image-preview":"max-image-preview:large","max-video-preview":"max-video-preview:-1"},"canonical":"https:\/\/wendlandmobil.de\/uk\/\u0454\u0432\u0440\u043e\u043f\u0435\u0439\u0441\u044c\u043a\u0438\u0439-\u0442\u0438\u0436\u0434\u0435\u043d\u044c-\u043c\u043e\u0431\u0456\u043b\u044c\u043d\u043e\u0441\u0442\u0456-2021\/","og_locale":"uk_UA","og_type":"article","og_title":"Europ\u00e4ische Mobilit\u00e4tswoche 2021 - Wendland Mobil","og_description":"Europ\u00e4ische Mobilit\u00e4tswoche 2021 Die Europ\u00e4ische Mobilit\u00e4tswoche ist eine Kampagne der Europ\u00e4ischen Kommission. Seit 2002 bietet sie Kommunen aus ganz Europa die perfekte M\u00f6glichkeit, ihren B\u00fcrgerinnen und B\u00fcrgern die komplette Bandbreite nachhaltiger Mobilit\u00e4t vor Ort n\u00e4her zu bringen. Jedes Jahr, immer vom 16. bis 22. September, werden im Rahmen der Europ\u00e4ischen Mobilit\u00e4tswoche innovative Verkehrsl\u00f6sungen ausprobiert oder&hellip;","og_url":"https:\/\/wendlandmobil.de\/uk\/\u0454\u0432\u0440\u043e\u043f\u0435\u0439\u0441\u044c\u043a\u0438\u0439-\u0442\u0438\u0436\u0434\u0435\u043d\u044c-\u043c\u043e\u0431\u0456\u043b\u044c\u043d\u043e\u0441\u0442\u0456-2021\/","og_site_name":"Wendland Mobil","article_publisher":"https:\/\/www.facebook.com\/MobilitaetsagenturWendlandElbe\/","article_modified_time":"2021-09-14T12:13:29+00:00","og_image":[{"url":"https:\/\/wendlandmobil.de\/wp-content\/uploads\/13-09-anzeige-zeitung-mobilitaetswoche2021-683x1024.png","type":"","width":"","height":""}],"twitter_card":"summary_large_image","twitter_misc":{"\u041f\u0440\u0438\u0431\u043b. \u0447\u0430\u0441 \u0447\u0438\u0442\u0430\u043d\u043d\u044f":"1 \u0445\u0432\u0438\u043b\u0438\u043d\u0430"},"schema":{"@context":"https:\/\/schema.org","@graph":[{"@type":"WebPage","@id":"https:\/\/wendlandmobil.de\/europaeische-mobilitaetswoche-2021\/","url":"https:\/\/wendlandmobil.de\/europaeische-mobilitaetswoche-2021\/","name":"\u0404\u0432\u0440\u043e\u043f\u0435\u0439\u0441\u044c\u043a\u0438\u0439 \u0442\u0438\u0436\u0434\u0435\u043d\u044c \u043c\u043e\u0431\u0456\u043b\u044c\u043d\u043e\u0441\u0442\u0456 2021 - Wendland Mobil","isPartOf":{"@id":"https:\/\/wendlandmobil.de\/#website"},"primaryImageOfPage":{"@id":"https:\/\/wendlandmobil.de\/europaeische-mobilitaetswoche-2021\/#primaryimage"},"image":{"@id":"https:\/\/wendlandmobil.de\/europaeische-mobilitaetswoche-2021\/#primaryimage"},"thumbnailUrl":"https:\/\/wendlandmobil.de\/wp-content\/uploads\/13-09-anzeige-zeitung-mobilitaetswoche2021-683x1024.png","datePublished":"2021-09-14T11:58:40+00:00","dateModified":"2021-09-14T12:13:29+00:00","breadcrumb":{"@id":"https:\/\/wendlandmobil.de\/europaeische-mobilitaetswoche-2021\/#breadcrumb"},"inLanguage":"uk","potentialAction":[{"@type":"ReadAction","target":["https:\/\/wendlandmobil.de\/europaeische-mobilitaetswoche-2021\/"]}]},{"@type":"ImageObject","inLanguage":"uk","@id":"https:\/\/wendlandmobil.de\/europaeische-mobilitaetswoche-2021\/#primaryimage","url":"https:\/\/wendlandmobil.de\/wp-content\/uploads\/13-09-anzeige-zeitung-mobilitaetswoche2021-683x1024.png","contentUrl":"https:\/\/wendlandmobil.de\/wp-content\/uploads\/13-09-anzeige-zeitung-mobilitaetswoche2021-683x1024.png"},{"@type":"BreadcrumbList","@id":"https:\/\/wendlandmobil.de\/europaeische-mobilitaetswoche-2021\/#breadcrumb","itemListElement":[{"@type":"ListItem","position":1,"name":"Startseite","item":"https:\/\/wendlandmobil.de\/"},{"@type":"ListItem","position":2,"name":"Europ\u00e4ische Mobilit\u00e4tswoche 2021"}]},{"@type":"WebSite","@id":"https:\/\/wendlandmobil.de\/#website","url":"https:\/\/wendlandmobil.de\/","name":"Wendland Mobile","description":"","publisher":{"@id":"https:\/\/wendlandmobil.de\/#organization"},"potentialAction":[{"@type":"SearchAction","target":{"@type":"EntryPoint","urlTemplate":"https:\/\/wendlandmobil.de\/?s={search_term_string}"},"query-input":{"@type":"PropertyValueSpecification","valueRequired":true,"valueName":"search_term_string"}}],"inLanguage":"uk"},{"@type":"Organization","@id":"https:\/\/wendlandmobil.de\/#organization","name":"Wendland Mobile","url":"https:\/\/wendlandmobil.de\/","logo":{"@type":"ImageObject","inLanguage":"uk","@id":"https:\/\/wendlandmobil.de\/#\/schema\/logo\/image\/","url":"https:\/\/wendlandmobil.de\/wp-content\/uploads\/LogoWendland.png","contentUrl":"https:\/\/wendlandmobil.de\/wp-content\/uploads\/LogoWendland.png","width":384,"height":81,"caption":"Wendland Mobil"},"image":{"@id":"https:\/\/wendlandmobil.de\/#\/schema\/logo\/image\/"},"sameAs":["https:\/\/www.facebook.com\/MobilitaetsagenturWendlandElbe\/","https:\/\/www.instagram.com\/mobilimwendland\/"]}]}},"_links":{"self":[{"href":"https:\/\/wendlandmobil.de\/uk\/wp-json\/wp\/v2\/pages\/10220","targetHints":{"allow":["GET"]}}],"collection":[{"href":"https:\/\/wendlandmobil.de\/uk\/wp-json\/wp\/v2\/pages"}],"about":[{"href":"https:\/\/wendlandmobil.de\/uk\/wp-json\/wp\/v2\/types\/page"}],"author":[{"embeddable":true,"href":"https:\/\/wendlandmobil.de\/uk\/wp-json\/wp\/v2\/users\/2"}],"replies":[{"embeddable":true,"href":"https:\/\/wendlandmobil.de\/uk\/wp-json\/wp\/v2\/comments?post=10220"}],"version-history":[{"count":5,"href":"https:\/\/wendlandmobil.de\/uk\/wp-json\/wp\/v2\/pages\/10220\/revisions"}],"predecessor-version":[{"id":10231,"href":"https:\/\/wendlandmobil.de\/uk\/wp-json\/wp\/v2\/pages\/10220\/revisions\/10231"}],"wp:attachment":[{"href":"https:\/\/wendlandmobil.de\/uk\/wp-json\/wp\/v2\/media?parent=10220"}],"curies":[{"name":"wp","href":"https:\/\/api.w.org\/{rel}","templated":true}]}}