{"id":6,"date":"2021-01-22T12:22:01","date_gmt":"2021-01-22T12:22:01","guid":{"rendered":"http:\/\/dev.codelords.de\/mobilitaetsagentur-wendland\/?page_id=6"},"modified":"2026-02-10T10:39:39","modified_gmt":"2026-02-10T09:39:39","slug":"imprint","status":"publish","type":"page","link":"https:\/\/wendlandmobil.de\/en\/impressum\/","title":{"rendered":"Imprint"},"content":{"rendered":"<div data-elementor-type=\"wp-page\" data-elementor-id=\"6\" class=\"elementor elementor-6\" data-elementor-post-type=\"page\">\n\t\t\t\t\t\t<section class=\"elementor-section elementor-top-section elementor-element elementor-element-1f7cb2a elementor-section-stretched elementor-section-boxed elementor-section-height-default elementor-section-height-default\" data-id=\"1f7cb2a\" data-element_type=\"section\" data-e-type=\"section\" data-settings=\"{&quot;stretch_section&quot;:&quot;section-stretched&quot;}\">\n\t\t\t\t\t\t<div class=\"elementor-container elementor-column-gap-default\">\n\t\t\t\t\t<div class=\"elementor-column elementor-col-100 elementor-top-column elementor-element elementor-element-76a86ea7\" data-id=\"76a86ea7\" data-element_type=\"column\" data-e-type=\"column\">\n\t\t\t<div class=\"elementor-widget-wrap elementor-element-populated\">\n\t\t\t\t\t\t<div class=\"elementor-element elementor-element-5cd21868 elementor-widget elementor-widget-spacer\" data-id=\"5cd21868\" data-element_type=\"widget\" data-e-type=\"widget\" data-widget_type=\"spacer.default\">\n\t\t\t\t<div class=\"elementor-widget-container\">\n\t\t\t\t\t\t\t<div class=\"elementor-spacer\">\n\t\t\t<div class=\"elementor-spacer-inner\"><\/div>\n\t\t<\/div>\n\t\t\t\t\t\t<\/div>\n\t\t\t\t<\/div>\n\t\t\t\t<div class=\"elementor-element elementor-element-6bfe47da elementor-widget elementor-widget-text-editor\" data-id=\"6bfe47da\" data-element_type=\"widget\" data-e-type=\"widget\" data-widget_type=\"text-editor.default\">\n\t\t\t\t<div class=\"elementor-widget-container\">\n\t\t\t\t\t\t\t\t\t<h1><strong>Imprint<\/strong><\/h1><p><strong>Information according to \u00a7 5 TMG\u00a0<\/strong><\/p>\t\t\t\t\t\t\t\t<\/div>\n\t\t\t\t<\/div>\n\t\t\t\t\t<\/div>\n\t\t<\/div>\n\t\t\t\t\t<\/div>\n\t\t<\/section>\n\t\t\t\t<section class=\"elementor-section elementor-top-section elementor-element elementor-element-33cf1011 elementor-section-stretched elementor-section-boxed elementor-section-height-default elementor-section-height-default\" data-id=\"33cf1011\" data-element_type=\"section\" data-e-type=\"section\" data-settings=\"{&quot;stretch_section&quot;:&quot;section-stretched&quot;}\">\n\t\t\t\t\t\t<div class=\"elementor-container elementor-column-gap-default\">\n\t\t\t\t\t<div class=\"elementor-column elementor-col-33 elementor-top-column elementor-element elementor-element-c9cbb72\" data-id=\"c9cbb72\" data-element_type=\"column\" data-e-type=\"column\">\n\t\t\t<div class=\"elementor-widget-wrap elementor-element-populated\">\n\t\t\t\t\t\t<div class=\"elementor-element elementor-element-6e89445 elementor-widget elementor-widget-text-editor\" data-id=\"6e89445\" data-element_type=\"widget\" data-e-type=\"widget\" data-widget_type=\"text-editor.default\">\n\t\t\t\t<div class=\"elementor-widget-container\">\n\t\t\t\t\t\t\t\t\t<h3>L\u00fcchow-Schmarsau Railway GmbH<\/h3><p><b>Registered office and postal address:<\/b><br \/>L\u00fcchow-Schmarsau Railway GmbH<br \/>K\u00f6nigsberger Str. 10 (District House)<br \/>29439 L\u00fcchow (Wendland)<\/p><p><b>Office and depot:<\/b><br \/>Roland-Brandin-Str. 2<br \/>29439 L\u00fcchow<\/p><p>Tel: <a href=\"tel:00495841120555\">05841-120 555<\/a><\/p><p><a href=\"mailto:lse@luechow-dannenberg.de\">lse@luechow-dannenberg.de<\/a><\/p><p>Gesch\u00e4ftsf\u00fchrung: Sarah Frahm und Dennis Peizert<\/p><p>Tax number: 32\/202\/04408<br \/>Commercial register number: HRB 120030<br \/>Registry court: L\u00fcneburg Local Court HRB 120030<\/p><p><strong>This imprint also applies to the Facebook page and the Instagram page, which can be reached at:<\/strong><\/p><p><a href=\"https:\/\/www.facebook.com\/lsebus\" target=\"_blank\" rel=\"noopener\">www.facebook.com\/lsebus<\/a><br \/><a href=\"https:\/\/www.instagram.com\/lse_luechow\/\" target=\"_blank\" rel=\"noopener\">www.instagram.com\/lse_luechow<\/a><\/p>\t\t\t\t\t\t\t\t<\/div>\n\t\t\t\t<\/div>\n\t\t\t\t<div class=\"elementor-element elementor-element-3b4731f6 elementor-widget elementor-widget-spacer\" data-id=\"3b4731f6\" data-element_type=\"widget\" data-e-type=\"widget\" data-widget_type=\"spacer.default\">\n\t\t\t\t<div class=\"elementor-widget-container\">\n\t\t\t\t\t\t\t<div class=\"elementor-spacer\">\n\t\t\t<div class=\"elementor-spacer-inner\"><\/div>\n\t\t<\/div>\n\t\t\t\t\t\t<\/div>\n\t\t\t\t<\/div>\n\t\t\t\t<div class=\"elementor-element elementor-element-70414b7 elementor-widget elementor-widget-text-editor\" data-id=\"70414b7\" data-element_type=\"widget\" data-e-type=\"widget\" data-widget_type=\"text-editor.default\">\n\t\t\t\t<div class=\"elementor-widget-container\">\n\t\t\t\t\t\t\t\t\t<p><strong>Imprint District Administration<\/strong><br \/><strong>L\u00fcchow-Dannenberg district<\/strong><br \/>K\u00f6nigsberger Street 10<br \/>29439 L\u00fcchow (Wendland)<br \/>05841 120-0<br \/>05841 120-88000<br \/><a href=\"mailto:info@luechow-dannenberg.de\">info@luechow-dannenberg.de<\/a><br \/>Internet: <a href=\"https:\/\/www.luechow-dannenberg.de\/\">www.luechow-dannenberg.de<\/a><\/p><p>The district of L\u00fcchow-Dannenberg is a public corporation. It is represented by the District Administrator Dagmar Schulz.<\/p>\t\t\t\t\t\t\t\t<\/div>\n\t\t\t\t<\/div>\n\t\t\t\t<div class=\"elementor-element elementor-element-4de5625e elementor-widget elementor-widget-spacer\" data-id=\"4de5625e\" data-element_type=\"widget\" data-e-type=\"widget\" data-widget_type=\"spacer.default\">\n\t\t\t\t<div class=\"elementor-widget-container\">\n\t\t\t\t\t\t\t<div class=\"elementor-spacer\">\n\t\t\t<div class=\"elementor-spacer-inner\"><\/div>\n\t\t<\/div>\n\t\t\t\t\t\t<\/div>\n\t\t\t\t<\/div>\n\t\t\t\t<div class=\"elementor-element elementor-element-2bfd255c elementor-widget elementor-widget-spacer\" data-id=\"2bfd255c\" data-element_type=\"widget\" data-e-type=\"widget\" data-widget_type=\"spacer.default\">\n\t\t\t\t<div class=\"elementor-widget-container\">\n\t\t\t\t\t\t\t<div class=\"elementor-spacer\">\n\t\t\t<div class=\"elementor-spacer-inner\"><\/div>\n\t\t<\/div>\n\t\t\t\t\t\t<\/div>\n\t\t\t\t<\/div>\n\t\t\t\t\t<\/div>\n\t\t<\/div>\n\t\t\t\t<div class=\"elementor-column elementor-col-33 elementor-top-column elementor-element elementor-element-55a18b71\" data-id=\"55a18b71\" data-element_type=\"column\" data-e-type=\"column\">\n\t\t\t<div class=\"elementor-widget-wrap\">\n\t\t\t\t\t\t\t<\/div>\n\t\t<\/div>\n\t\t\t\t<div class=\"elementor-column elementor-col-33 elementor-top-column elementor-element elementor-element-42c7c98f\" data-id=\"42c7c98f\" data-element_type=\"column\" data-e-type=\"column\">\n\t\t\t<div class=\"elementor-widget-wrap elementor-element-populated\">\n\t\t\t\t\t\t<div class=\"elementor-element elementor-element-1a7fcfdb elementor-widget elementor-widget-text-editor\" data-id=\"1a7fcfdb\" data-element_type=\"widget\" data-e-type=\"widget\" data-widget_type=\"text-editor.default\">\n\t\t\t\t<div class=\"elementor-widget-container\">\n\t\t\t\t\t\t\t\t\t<h3>Mobility Agency Wendland.Elbe<\/h3><p><b>Registered office and postal address:<br \/><\/b>Unit 60 Climate Protection &amp; Mobility<br \/>L\u00fcchow-Dannenberg district<br \/>K\u00f6nigsberger Str. 10 (District House)<br \/>29439 L\u00fcchow (Wendland)<\/p><p>The district of L\u00fcchow-Dannenberg is a public corporation.<br \/>It is represented by Dagmar Schulz (District Administrator).<\/p><p><b>Office:<\/b><br \/>Pavilion at the bus station<br \/>Amtshof 1<br \/>29439 L\u00fcchow<\/p><p>Tel: <a href=\"tel:00495841120678\">05841-120 678<\/a><\/p><p><a href=\"mailto:mobilitaet@luechow-dannenberg.de\">mobilitaet@luechow-dannenberg.de<\/a><\/p><p><strong>This imprint also applies to the Facebook page and the Instagram page, which can be reached at:<\/strong><\/p><p><a href=\"https:\/\/www.facebook.com\/MobilitaetsagenturWendlandElbe\" target=\"_blank\" rel=\"noopener\">www.facebook.com\/MobilitaetsagenturWendlandElbe<\/a><br \/><a href=\"http:\/\/www.instagram.com\/wendlandmobil\">www.instagram.com\/wendlandmobil<\/a><\/p>\t\t\t\t\t\t\t\t<\/div>\n\t\t\t\t<\/div>\n\t\t\t\t<div class=\"elementor-element elementor-element-5d98ec5 elementor-widget elementor-widget-text-editor\" data-id=\"5d98ec5\" data-element_type=\"widget\" data-e-type=\"widget\" data-widget_type=\"text-editor.default\">\n\t\t\t\t<div class=\"elementor-widget-container\">\n\t\t\t\t\t\t\t\t\t<p><strong>Picture credits<\/strong><\/p><p>Unless otherwise stated, all images and graphics <span class=\"ILfuVd\"><span class=\"hgKElc\">\u00a9Mobilit\u00e4tsagentur Wendland. Elbe and LSE GmbH.<\/span><\/span><\/p><p>94548076 Hipster girl using cell telephone<\/p><p>@ GaudiLab<\/p><p>208875450 Group of happy teen scholars running to school bus after lessons to get home @ ArturVerkhovetskiy<\/p><p>198798064 Selective focus of beautiful girl using smartphone and sitting on bike @ Y-Boychenko<\/p><p>171145768 Business adviser analysing financial with new startup finance pr @ freedomtumz<\/p><p>Portrait of a happy teenage couple showing thumbs up<\/p><p>Adobe Stock:<\/p><p>#307735756<br \/>#176959969<br \/>#230787743<br \/>#232967360<br \/>#277608638<br \/>#283487685<br \/>#603325475<br \/>#1301732460<\/p><p>Photo cargo bike <span class=\"ILfuVd\"><span class=\"hgKElc\">\u00a9<\/span><\/span>Madeline <br \/>Jost, <a href=\"https:\/\/www.madebyline.de\" target=\"_blank\" rel=\"noopener\">https:\/\/www.madebyline.de<\/a><\/p><p>Photo B\u00fcrgermobile: <span class=\"ILfuVd\"><span class=\"hgKElc\">\u00a9<\/span><\/span>ZernienMobil e.V.<\/p><p>Header \"Ferries\": Corporate Art, dieprignitz.de<br \/>Photos rental bike campaign: <span class=\"ILfuVd\"><span class=\"hgKElc\">\u00a9<\/span><\/span>Rainer Erhard<\/p><p>\u00a0<\/p>\t\t\t\t\t\t\t\t<\/div>\n\t\t\t\t<\/div>\n\t\t\t\t\t<\/div>\n\t\t<\/div>\n\t\t\t\t\t<\/div>\n\t\t<\/section>\n\t\t\t\t<\/div>","protected":false},"excerpt":{"rendered":"<p>Impressum Angaben gem\u00e4\u00df \u00a7 5 TMG\u00a0 L\u00fcchow-Schmarsauer Eisenbahn GmbH Sitz und Postanschrift:L\u00fcchow-Schmarsauer Eisenbahn GmbHK\u00f6nigsberger Str. 10 (Kreishaus)29439 L\u00fcchow (Wendland) B\u00fcro und Betriebshof:Roland-Brandin-Str. 229439 L\u00fcchow Tel.: 05841-120 555 lse@luechow-dannenberg.de Gesch\u00e4ftsf\u00fchrung: Sarah Frahm und Dennis Peizert Steuernummer: 32\/202\/04408Handelsregisternummer: HRB 120030Registergericht: Amtsgericht L\u00fcneburg HRB 120030 Dieses Impressum gilt ebenso f\u00fcr die Facebook-Seite und die Instagram-Seite, erreichbar unter: www.facebook.com\/lsebuswww.instagram.com\/lse_luechow&hellip;<\/p>","protected":false},"author":1,"featured_media":227,"parent":0,"menu_order":0,"comment_status":"closed","ping_status":"closed","template":"","meta":{"footnotes":""},"class_list":["post-6","page","type-page","status-publish","has-post-thumbnail","hentry"],"yoast_head":"<!-- This site is optimized with the Yoast SEO plugin v27.3 - https:\/\/yoast.com\/product\/yoast-seo-wordpress\/ -->\n<title>Impressum - Wendland Mobil<\/title>\n<meta name=\"robots\" content=\"index, follow, max-snippet:-1, max-image-preview:large, max-video-preview:-1\" \/>\n<link rel=\"canonical\" href=\"https:\/\/wendlandmobil.de\/en\/imprint\/\" \/>\n<meta property=\"og:locale\" content=\"en_GB\" \/>\n<meta property=\"og:type\" content=\"article\" \/>\n<meta property=\"og:title\" content=\"Impressum - Wendland Mobil\" \/>\n<meta property=\"og:description\" content=\"Impressum Angaben gem\u00e4\u00df \u00a7 5 TMG\u00a0 L\u00fcchow-Schmarsauer Eisenbahn GmbH Sitz und Postanschrift:L\u00fcchow-Schmarsauer Eisenbahn GmbHK\u00f6nigsberger Str. 10 (Kreishaus)29439 L\u00fcchow (Wendland) B\u00fcro und Betriebshof:Roland-Brandin-Str. 229439 L\u00fcchow Tel.: 05841-120 555 lse@luechow-dannenberg.de Gesch\u00e4ftsf\u00fchrung: Sarah Frahm und Dennis Peizert Steuernummer: 32\/202\/04408Handelsregisternummer: HRB 120030Registergericht: Amtsgericht L\u00fcneburg HRB 120030 Dieses Impressum gilt ebenso f\u00fcr die Facebook-Seite und die Instagram-Seite, erreichbar unter: www.facebook.com\/lsebuswww.instagram.com\/lse_luechow&hellip;\" \/>\n<meta property=\"og:url\" content=\"https:\/\/wendlandmobil.de\/en\/imprint\/\" \/>\n<meta property=\"og:site_name\" content=\"Wendland Mobil\" \/>\n<meta property=\"article:publisher\" content=\"https:\/\/www.facebook.com\/MobilitaetsagenturWendlandElbe\/\" \/>\n<meta property=\"article:modified_time\" content=\"2026-02-10T09:39:39+00:00\" \/>\n<meta property=\"og:image\" content=\"https:\/\/wendlandmobil.de\/wp-content\/uploads\/headerkontakt.jpg\" \/>\n\t<meta property=\"og:image:width\" content=\"1920\" \/>\n\t<meta property=\"og:image:height\" content=\"700\" \/>\n\t<meta property=\"og:image:type\" content=\"image\/jpeg\" \/>\n<meta name=\"twitter:card\" content=\"summary_large_image\" \/>\n<meta name=\"twitter:label1\" content=\"Estimated reading time\" \/>\n\t<meta name=\"twitter:data1\" content=\"2 minutes\" \/>\n<script type=\"application\/ld+json\" class=\"yoast-schema-graph\">{\"@context\":\"https:\\\/\\\/schema.org\",\"@graph\":[{\"@type\":\"WebPage\",\"@id\":\"https:\\\/\\\/wendlandmobil.de\\\/impressum\\\/\",\"url\":\"https:\\\/\\\/wendlandmobil.de\\\/impressum\\\/\",\"name\":\"Impressum - Wendland Mobil\",\"isPartOf\":{\"@id\":\"https:\\\/\\\/wendlandmobil.de\\\/#website\"},\"primaryImageOfPage\":{\"@id\":\"https:\\\/\\\/wendlandmobil.de\\\/impressum\\\/#primaryimage\"},\"image\":{\"@id\":\"https:\\\/\\\/wendlandmobil.de\\\/impressum\\\/#primaryimage\"},\"thumbnailUrl\":\"https:\\\/\\\/wendlandmobil.de\\\/wp-content\\\/uploads\\\/headerkontakt.jpg\",\"datePublished\":\"2021-01-22T12:22:01+00:00\",\"dateModified\":\"2026-02-10T09:39:39+00:00\",\"breadcrumb\":{\"@id\":\"https:\\\/\\\/wendlandmobil.de\\\/impressum\\\/#breadcrumb\"},\"inLanguage\":\"en-GB\",\"potentialAction\":[{\"@type\":\"ReadAction\",\"target\":[\"https:\\\/\\\/wendlandmobil.de\\\/impressum\\\/\"]}]},{\"@type\":\"ImageObject\",\"inLanguage\":\"en-GB\",\"@id\":\"https:\\\/\\\/wendlandmobil.de\\\/impressum\\\/#primaryimage\",\"url\":\"https:\\\/\\\/wendlandmobil.de\\\/wp-content\\\/uploads\\\/headerkontakt.jpg\",\"contentUrl\":\"https:\\\/\\\/wendlandmobil.de\\\/wp-content\\\/uploads\\\/headerkontakt.jpg\",\"width\":1920,\"height\":700},{\"@type\":\"BreadcrumbList\",\"@id\":\"https:\\\/\\\/wendlandmobil.de\\\/impressum\\\/#breadcrumb\",\"itemListElement\":[{\"@type\":\"ListItem\",\"position\":1,\"name\":\"Startseite\",\"item\":\"https:\\\/\\\/wendlandmobil.de\\\/\"},{\"@type\":\"ListItem\",\"position\":2,\"name\":\"Impressum\"}]},{\"@type\":\"WebSite\",\"@id\":\"https:\\\/\\\/wendlandmobil.de\\\/#website\",\"url\":\"https:\\\/\\\/wendlandmobil.de\\\/\",\"name\":\"Wendland Mobil\",\"description\":\"\",\"publisher\":{\"@id\":\"https:\\\/\\\/wendlandmobil.de\\\/#organization\"},\"potentialAction\":[{\"@type\":\"SearchAction\",\"target\":{\"@type\":\"EntryPoint\",\"urlTemplate\":\"https:\\\/\\\/wendlandmobil.de\\\/?s={search_term_string}\"},\"query-input\":{\"@type\":\"PropertyValueSpecification\",\"valueRequired\":true,\"valueName\":\"search_term_string\"}}],\"inLanguage\":\"en-GB\"},{\"@type\":\"Organization\",\"@id\":\"https:\\\/\\\/wendlandmobil.de\\\/#organization\",\"name\":\"Wendland Mobil\",\"url\":\"https:\\\/\\\/wendlandmobil.de\\\/\",\"logo\":{\"@type\":\"ImageObject\",\"inLanguage\":\"en-GB\",\"@id\":\"https:\\\/\\\/wendlandmobil.de\\\/#\\\/schema\\\/logo\\\/image\\\/\",\"url\":\"https:\\\/\\\/wendlandmobil.de\\\/wp-content\\\/uploads\\\/LogoWendland.png\",\"contentUrl\":\"https:\\\/\\\/wendlandmobil.de\\\/wp-content\\\/uploads\\\/LogoWendland.png\",\"width\":384,\"height\":81,\"caption\":\"Wendland Mobil\"},\"image\":{\"@id\":\"https:\\\/\\\/wendlandmobil.de\\\/#\\\/schema\\\/logo\\\/image\\\/\"},\"sameAs\":[\"https:\\\/\\\/www.facebook.com\\\/MobilitaetsagenturWendlandElbe\\\/\",\"https:\\\/\\\/www.instagram.com\\\/mobilimwendland\\\/\"]}]}<\/script>\n<!-- \/ Yoast SEO plugin. -->","yoast_head_json":{"title":"Imprint - Wendland Mobil","robots":{"index":"index","follow":"follow","max-snippet":"max-snippet:-1","max-image-preview":"max-image-preview:large","max-video-preview":"max-video-preview:-1"},"canonical":"https:\/\/wendlandmobil.de\/en\/imprint\/","og_locale":"en_GB","og_type":"article","og_title":"Impressum - Wendland Mobil","og_description":"Impressum Angaben gem\u00e4\u00df \u00a7 5 TMG\u00a0 L\u00fcchow-Schmarsauer Eisenbahn GmbH Sitz und Postanschrift:L\u00fcchow-Schmarsauer Eisenbahn GmbHK\u00f6nigsberger Str. 10 (Kreishaus)29439 L\u00fcchow (Wendland) B\u00fcro und Betriebshof:Roland-Brandin-Str. 229439 L\u00fcchow Tel.: 05841-120 555 lse@luechow-dannenberg.de Gesch\u00e4ftsf\u00fchrung: Sarah Frahm und Dennis Peizert Steuernummer: 32\/202\/04408Handelsregisternummer: HRB 120030Registergericht: Amtsgericht L\u00fcneburg HRB 120030 Dieses Impressum gilt ebenso f\u00fcr die Facebook-Seite und die Instagram-Seite, erreichbar unter: www.facebook.com\/lsebuswww.instagram.com\/lse_luechow&hellip;","og_url":"https:\/\/wendlandmobil.de\/en\/imprint\/","og_site_name":"Wendland Mobil","article_publisher":"https:\/\/www.facebook.com\/MobilitaetsagenturWendlandElbe\/","article_modified_time":"2026-02-10T09:39:39+00:00","og_image":[{"width":1920,"height":700,"url":"https:\/\/wendlandmobil.de\/wp-content\/uploads\/headerkontakt.jpg","type":"image\/jpeg"}],"twitter_card":"summary_large_image","twitter_misc":{"Estimated reading time":"2 minutes"},"schema":{"@context":"https:\/\/schema.org","@graph":[{"@type":"WebPage","@id":"https:\/\/wendlandmobil.de\/impressum\/","url":"https:\/\/wendlandmobil.de\/impressum\/","name":"Imprint - Wendland Mobil","isPartOf":{"@id":"https:\/\/wendlandmobil.de\/#website"},"primaryImageOfPage":{"@id":"https:\/\/wendlandmobil.de\/impressum\/#primaryimage"},"image":{"@id":"https:\/\/wendlandmobil.de\/impressum\/#primaryimage"},"thumbnailUrl":"https:\/\/wendlandmobil.de\/wp-content\/uploads\/headerkontakt.jpg","datePublished":"2021-01-22T12:22:01+00:00","dateModified":"2026-02-10T09:39:39+00:00","breadcrumb":{"@id":"https:\/\/wendlandmobil.de\/impressum\/#breadcrumb"},"inLanguage":"en-GB","potentialAction":[{"@type":"ReadAction","target":["https:\/\/wendlandmobil.de\/impressum\/"]}]},{"@type":"ImageObject","inLanguage":"en-GB","@id":"https:\/\/wendlandmobil.de\/impressum\/#primaryimage","url":"https:\/\/wendlandmobil.de\/wp-content\/uploads\/headerkontakt.jpg","contentUrl":"https:\/\/wendlandmobil.de\/wp-content\/uploads\/headerkontakt.jpg","width":1920,"height":700},{"@type":"BreadcrumbList","@id":"https:\/\/wendlandmobil.de\/impressum\/#breadcrumb","itemListElement":[{"@type":"ListItem","position":1,"name":"Startseite","item":"https:\/\/wendlandmobil.de\/"},{"@type":"ListItem","position":2,"name":"Impressum"}]},{"@type":"WebSite","@id":"https:\/\/wendlandmobil.de\/#website","url":"https:\/\/wendlandmobil.de\/","name":"Wendland Mobile","description":"","publisher":{"@id":"https:\/\/wendlandmobil.de\/#organization"},"potentialAction":[{"@type":"SearchAction","target":{"@type":"EntryPoint","urlTemplate":"https:\/\/wendlandmobil.de\/?s={search_term_string}"},"query-input":{"@type":"PropertyValueSpecification","valueRequired":true,"valueName":"search_term_string"}}],"inLanguage":"en-GB"},{"@type":"Organization","@id":"https:\/\/wendlandmobil.de\/#organization","name":"Wendland Mobile","url":"https:\/\/wendlandmobil.de\/","logo":{"@type":"ImageObject","inLanguage":"en-GB","@id":"https:\/\/wendlandmobil.de\/#\/schema\/logo\/image\/","url":"https:\/\/wendlandmobil.de\/wp-content\/uploads\/LogoWendland.png","contentUrl":"https:\/\/wendlandmobil.de\/wp-content\/uploads\/LogoWendland.png","width":384,"height":81,"caption":"Wendland Mobil"},"image":{"@id":"https:\/\/wendlandmobil.de\/#\/schema\/logo\/image\/"},"sameAs":["https:\/\/www.facebook.com\/MobilitaetsagenturWendlandElbe\/","https:\/\/www.instagram.com\/mobilimwendland\/"]}]}},"_links":{"self":[{"href":"https:\/\/wendlandmobil.de\/en\/wp-json\/wp\/v2\/pages\/6","targetHints":{"allow":["GET"]}}],"collection":[{"href":"https:\/\/wendlandmobil.de\/en\/wp-json\/wp\/v2\/pages"}],"about":[{"href":"https:\/\/wendlandmobil.de\/en\/wp-json\/wp\/v2\/types\/page"}],"author":[{"embeddable":true,"href":"https:\/\/wendlandmobil.de\/en\/wp-json\/wp\/v2\/users\/1"}],"replies":[{"embeddable":true,"href":"https:\/\/wendlandmobil.de\/en\/wp-json\/wp\/v2\/comments?post=6"}],"version-history":[{"count":5,"href":"https:\/\/wendlandmobil.de\/en\/wp-json\/wp\/v2\/pages\/6\/revisions"}],"predecessor-version":[{"id":55918,"href":"https:\/\/wendlandmobil.de\/en\/wp-json\/wp\/v2\/pages\/6\/revisions\/55918"}],"wp:featuredmedia":[{"embeddable":true,"href":"https:\/\/wendlandmobil.de\/en\/wp-json\/wp\/v2\/media\/227"}],"wp:attachment":[{"href":"https:\/\/wendlandmobil.de\/en\/wp-json\/wp\/v2\/media?parent=6"}],"curies":[{"name":"wp","href":"https:\/\/api.w.org\/{rel}","templated":true}]}}