{"id":55268,"date":"2026-01-07T11:21:18","date_gmt":"2026-01-07T10:21:18","guid":{"rendered":"https:\/\/wendlandmobil.de\/?page_id=55268"},"modified":"2026-01-07T15:46:57","modified_gmt":"2026-01-07T14:46:57","slug":"fuhrpark","status":"publish","type":"page","link":"https:\/\/wendlandmobil.de\/en\/lse-gmbh\/fuhrpark\/","title":{"rendered":"Fuhrpark"},"content":{"rendered":"<div data-elementor-type=\"wp-page\" data-elementor-id=\"55268\" class=\"elementor elementor-55268\" data-elementor-post-type=\"page\">\n\t\t\t\t<div class=\"elementor-element elementor-element-62fcf17 e-flex e-con-boxed e-con e-parent\" data-id=\"62fcf17\" data-element_type=\"container\" data-e-type=\"container\">\n\t\t\t\t\t<div class=\"e-con-inner\">\n\t\t\t\t<div class=\"elementor-element elementor-element-9b155fd elementor-widget elementor-widget-text-editor\" data-id=\"9b155fd\" data-element_type=\"widget\" data-e-type=\"widget\" data-widget_type=\"text-editor.default\">\n\t\t\t\t<div class=\"elementor-widget-container\">\n\t\t\t\t\t\t\t\t\t<p><strong>Neue Elektrobusse f\u00fcr den Landkreis <\/strong><\/p><p>Die LSE hat von der NBank einen Zuwendungsbescheid f\u00fcr den Kauf von sieben neuen Elektrobussen erhalten. Die Fahrzeuge kosten rund 3,9 Millionen Euro, der Eigenanteil der landkreiseigenen LSE betr\u00e4gt 392.000 Euro. \u201eWir leisten damit einen wichtigen Beitrag zum Klimaschutz\u201c, freut sich Landr\u00e4tin Dagmar Schulz. Dieser Beitrag w\u00e4re ohne entsprechende F\u00f6rderung durch das Land und die EU nicht finanzierbar. Die Busse sollen ab Ende 2026 eingesetzt werden. \u201eUnser Fahrpersonal hat bereits Elektrobusse getestet\u201c, erg\u00e4nzt Sarah Frahm von der LSE. \u201eWir ersetzen \u00e4ltere Busse und k\u00f6nnen so auch den Fahrerinnen und Fahrern moderne Technik und Arbeitspl\u00e4tze bieten.\u201c Um die Busse in den Betriebsablauf zu integrieren, wird es Absprachen mit der Politik und der Belegschaft geben, etwa zu Ladem\u00f6glichkeiten. Diese m\u00fcssen noch geschaffen werden. Grundlage ist das \u201eLadeinfrastrukturkonzept f\u00fcr E-Mobilit\u00e4t\u201c im Landkreis L\u00fcchow-Dannenberg. Das Konzept wurde gemeinsam von der Stabsstelle Klimaschutz und Mobilit\u00e4t und der nieders\u00e4chsischen Landesbeh\u00f6rde f\u00fcr Stra\u00dfenbau und Verkehr erstellt.<\/p><p><strong>Neue Dieselbusse <\/strong><\/p><p>Weiterhin werden drei neue Dieselfahrzeuge beschafft, um defekte oder veraltete Fahrzeuge zu ersetzen. Das Land f\u00f6rdert den Kauf mit 40 Prozent, sodass die LSE einen Eigenanteil von 604.000 Euro finanzieren muss. F\u00fcr drei Neufahrzeuge gibt es eine 40-prozentige F\u00f6rderung vom Land. Ein viertes Fahrzeug soll kurzfristig \u00fcber den Gebrauchtfahrzeugmarkt angeschafft werden, um ein defektes Fahrzeug zu ersetzen.<\/p>\t\t\t\t\t\t\t\t<\/div>\n\t\t\t\t<\/div>\n\t\t\t\t<div class=\"elementor-element elementor-element-2a435a2 elementor-widget elementor-widget-button\" data-id=\"2a435a2\" data-element_type=\"widget\" data-e-type=\"widget\" data-widget_type=\"button.default\">\n\t\t\t\t<div class=\"elementor-widget-container\">\n\t\t\t\t\t\t\t\t\t<div class=\"elementor-button-wrapper\">\n\t\t\t\t\t<a class=\"elementor-button elementor-button-link elementor-size-sm\" href=\"https:\/\/wendlandmobil.de\/en\/mobility-offers\/charging-infrastructure-car\/\">\n\t\t\t\t\t\t<span class=\"elementor-button-content-wrapper\">\n\t\t\t\t\t\t\t\t\t<span class=\"elementor-button-text\">Hintergund zum Ladeinfrastrukturkonzept<\/span>\n\t\t\t\t\t<\/span>\n\t\t\t\t\t<\/a>\n\t\t\t\t<\/div>\n\t\t\t\t\t\t\t\t<\/div>\n\t\t\t\t<\/div>\n\t\t\t\t<div class=\"elementor-element elementor-element-7d200d0 elementor-widget elementor-widget-image\" data-id=\"7d200d0\" data-element_type=\"widget\" data-e-type=\"widget\" data-widget_type=\"image.default\">\n\t\t\t\t<div class=\"elementor-widget-container\">\n\t\t\t\t\t\t\t\t\t\t\t\t\t\t\t<img fetchpriority=\"high\" decoding=\"async\" width=\"724\" height=\"1024\" src=\"https:\/\/wendlandmobil.de\/wp-content\/uploads\/Foerderplakate-ESF-EFRE-1-724x1024.jpg\" class=\"attachment-large size-large wp-image-55287\" alt=\"\" srcset=\"https:\/\/wendlandmobil.de\/wp-content\/uploads\/Foerderplakate-ESF-EFRE-1-724x1024.jpg 724w, https:\/\/wendlandmobil.de\/wp-content\/uploads\/Foerderplakate-ESF-EFRE-1-362x512.jpg 362w, https:\/\/wendlandmobil.de\/wp-content\/uploads\/Foerderplakate-ESF-EFRE-1-768x1087.jpg 768w, https:\/\/wendlandmobil.de\/wp-content\/uploads\/Foerderplakate-ESF-EFRE-1-1086x1536.jpg 1086w, https:\/\/wendlandmobil.de\/wp-content\/uploads\/Foerderplakate-ESF-EFRE-1-1448x2048.jpg 1448w, https:\/\/wendlandmobil.de\/wp-content\/uploads\/Foerderplakate-ESF-EFRE-1-8x12.jpg 8w, https:\/\/wendlandmobil.de\/wp-content\/uploads\/Foerderplakate-ESF-EFRE-1-600x849.jpg 600w, https:\/\/wendlandmobil.de\/wp-content\/uploads\/Foerderplakate-ESF-EFRE-1.jpg 1683w\" sizes=\"(max-width: 724px) 100vw, 724px\" \/>\t\t\t\t\t\t\t\t\t\t\t\t\t\t\t<\/div>\n\t\t\t\t<\/div>\n\t\t\t\t<div class=\"elementor-element elementor-element-5a768a5 elementor-widget elementor-widget-spacer\" data-id=\"5a768a5\" data-element_type=\"widget\" data-e-type=\"widget\" data-widget_type=\"spacer.default\">\n\t\t\t\t<div class=\"elementor-widget-container\">\n\t\t\t\t\t\t\t<div class=\"elementor-spacer\">\n\t\t\t<div class=\"elementor-spacer-inner\"><\/div>\n\t\t<\/div>\n\t\t\t\t\t\t<\/div>\n\t\t\t\t<\/div>\n\t\t\t\t<div class=\"elementor-element elementor-element-01cb072 elementor-widget elementor-widget-image\" data-id=\"01cb072\" data-element_type=\"widget\" data-e-type=\"widget\" data-widget_type=\"image.default\">\n\t\t\t\t<div class=\"elementor-widget-container\">\n\t\t\t\t\t\t\t\t\t\t\t\t\t\t\t<img decoding=\"async\" width=\"1024\" height=\"190\" src=\"https:\/\/wendlandmobil.de\/wp-content\/uploads\/Kombi_v_Kofinanziert_EU_NDS_POS_CMYK_Logo-Kombination_EU_NDS_CMYK-1024x190.jpg\" class=\"attachment-large size-large wp-image-55270\" alt=\"\" srcset=\"https:\/\/wendlandmobil.de\/wp-content\/uploads\/Kombi_v_Kofinanziert_EU_NDS_POS_CMYK_Logo-Kombination_EU_NDS_CMYK-1024x190.jpg 1024w, https:\/\/wendlandmobil.de\/wp-content\/uploads\/Kombi_v_Kofinanziert_EU_NDS_POS_CMYK_Logo-Kombination_EU_NDS_CMYK-512x95.jpg 512w, https:\/\/wendlandmobil.de\/wp-content\/uploads\/Kombi_v_Kofinanziert_EU_NDS_POS_CMYK_Logo-Kombination_EU_NDS_CMYK-768x143.jpg 768w, https:\/\/wendlandmobil.de\/wp-content\/uploads\/Kombi_v_Kofinanziert_EU_NDS_POS_CMYK_Logo-Kombination_EU_NDS_CMYK-1536x285.jpg 1536w, https:\/\/wendlandmobil.de\/wp-content\/uploads\/Kombi_v_Kofinanziert_EU_NDS_POS_CMYK_Logo-Kombination_EU_NDS_CMYK-2048x381.jpg 2048w, https:\/\/wendlandmobil.de\/wp-content\/uploads\/Kombi_v_Kofinanziert_EU_NDS_POS_CMYK_Logo-Kombination_EU_NDS_CMYK-18x3.jpg 18w, https:\/\/wendlandmobil.de\/wp-content\/uploads\/Kombi_v_Kofinanziert_EU_NDS_POS_CMYK_Logo-Kombination_EU_NDS_CMYK-600x111.jpg 600w\" sizes=\"(max-width: 1024px) 100vw, 1024px\" \/>\t\t\t\t\t\t\t\t\t\t\t\t\t\t\t<\/div>\n\t\t\t\t<\/div>\n\t\t\t\t\t<\/div>\n\t\t\t\t<\/div>\n\t\t<div class=\"elementor-element elementor-element-425327f e-flex e-con-boxed e-con e-parent\" data-id=\"425327f\" data-element_type=\"container\" data-e-type=\"container\">\n\t\t\t\t\t<div class=\"e-con-inner\">\n\t\t\t\t<div class=\"elementor-element elementor-element-d902b5b elementor-widget elementor-widget-spacer\" data-id=\"d902b5b\" data-element_type=\"widget\" data-e-type=\"widget\" data-widget_type=\"spacer.default\">\n\t\t\t\t<div class=\"elementor-widget-container\">\n\t\t\t\t\t\t\t<div class=\"elementor-spacer\">\n\t\t\t<div class=\"elementor-spacer-inner\"><\/div>\n\t\t<\/div>\n\t\t\t\t\t\t<\/div>\n\t\t\t\t<\/div>\n\t\t\t\t\t<\/div>\n\t\t\t\t<\/div>\n\t\t\t\t<\/div>","protected":false},"excerpt":{"rendered":"<p>Neue Elektrobusse f\u00fcr den Landkreis Die LSE hat von der NBank einen Zuwendungsbescheid f\u00fcr den Kauf von sieben neuen Elektrobussen erhalten. Die Fahrzeuge kosten rund 3,9 Millionen Euro, der Eigenanteil der landkreiseigenen LSE betr\u00e4gt 392.000 Euro. \u201eWir leisten damit einen wichtigen Beitrag zum Klimaschutz\u201c, freut sich Landr\u00e4tin Dagmar Schulz. Dieser Beitrag w\u00e4re ohne entsprechende F\u00f6rderung&hellip;<\/p>","protected":false},"author":395,"featured_media":0,"parent":40580,"menu_order":0,"comment_status":"closed","ping_status":"closed","template":"","meta":{"footnotes":""},"class_list":["post-55268","page","type-page","status-publish","hentry"],"yoast_head":"<!-- This site is optimized with the Yoast SEO plugin v27.3 - https:\/\/yoast.com\/product\/yoast-seo-wordpress\/ -->\n<title>Fuhrpark - Wendland Mobil<\/title>\n<meta name=\"robots\" content=\"index, follow, max-snippet:-1, max-image-preview:large, max-video-preview:-1\" \/>\n<link rel=\"canonical\" href=\"https:\/\/wendlandmobil.de\/en\/lse-gmbh\/fuhrpark\/\" \/>\n<meta property=\"og:locale\" content=\"en_GB\" \/>\n<meta property=\"og:type\" content=\"article\" \/>\n<meta property=\"og:title\" content=\"Fuhrpark - Wendland Mobil\" \/>\n<meta property=\"og:description\" content=\"Neue Elektrobusse f\u00fcr den Landkreis Die LSE hat von der NBank einen Zuwendungsbescheid f\u00fcr den Kauf von sieben neuen Elektrobussen erhalten. Die Fahrzeuge kosten rund 3,9 Millionen Euro, der Eigenanteil der landkreiseigenen LSE betr\u00e4gt 392.000 Euro. \u201eWir leisten damit einen wichtigen Beitrag zum Klimaschutz\u201c, freut sich Landr\u00e4tin Dagmar Schulz. Dieser Beitrag w\u00e4re ohne entsprechende F\u00f6rderung&hellip;\" \/>\n<meta property=\"og:url\" content=\"https:\/\/wendlandmobil.de\/en\/lse-gmbh\/fuhrpark\/\" \/>\n<meta property=\"og:site_name\" content=\"Wendland Mobil\" \/>\n<meta property=\"article:publisher\" content=\"https:\/\/www.facebook.com\/MobilitaetsagenturWendlandElbe\/\" \/>\n<meta property=\"article:modified_time\" content=\"2026-01-07T14:46:57+00:00\" \/>\n<meta property=\"og:image\" content=\"https:\/\/wendlandmobil.de\/wp-content\/uploads\/Foerderplakate-ESF-EFRE-1.jpg\" \/>\n\t<meta property=\"og:image:width\" content=\"1683\" \/>\n\t<meta property=\"og:image:height\" content=\"2381\" \/>\n\t<meta property=\"og:image:type\" content=\"image\/jpeg\" \/>\n<meta name=\"twitter:card\" content=\"summary_large_image\" \/>\n<meta name=\"twitter:label1\" content=\"Estimated reading time\" \/>\n\t<meta name=\"twitter:data1\" content=\"2 minutes\" \/>\n<script type=\"application\/ld+json\" class=\"yoast-schema-graph\">{\"@context\":\"https:\\\/\\\/schema.org\",\"@graph\":[{\"@type\":\"WebPage\",\"@id\":\"https:\\\/\\\/wendlandmobil.de\\\/lse-gmbh\\\/fuhrpark\\\/\",\"url\":\"https:\\\/\\\/wendlandmobil.de\\\/lse-gmbh\\\/fuhrpark\\\/\",\"name\":\"Fuhrpark - Wendland Mobil\",\"isPartOf\":{\"@id\":\"https:\\\/\\\/wendlandmobil.de\\\/#website\"},\"primaryImageOfPage\":{\"@id\":\"https:\\\/\\\/wendlandmobil.de\\\/lse-gmbh\\\/fuhrpark\\\/#primaryimage\"},\"image\":{\"@id\":\"https:\\\/\\\/wendlandmobil.de\\\/lse-gmbh\\\/fuhrpark\\\/#primaryimage\"},\"thumbnailUrl\":\"https:\\\/\\\/wendlandmobil.de\\\/wp-content\\\/uploads\\\/Foerderplakate-ESF-EFRE-1-724x1024.jpg\",\"datePublished\":\"2026-01-07T10:21:18+00:00\",\"dateModified\":\"2026-01-07T14:46:57+00:00\",\"breadcrumb\":{\"@id\":\"https:\\\/\\\/wendlandmobil.de\\\/lse-gmbh\\\/fuhrpark\\\/#breadcrumb\"},\"inLanguage\":\"en-GB\",\"potentialAction\":[{\"@type\":\"ReadAction\",\"target\":[\"https:\\\/\\\/wendlandmobil.de\\\/lse-gmbh\\\/fuhrpark\\\/\"]}]},{\"@type\":\"ImageObject\",\"inLanguage\":\"en-GB\",\"@id\":\"https:\\\/\\\/wendlandmobil.de\\\/lse-gmbh\\\/fuhrpark\\\/#primaryimage\",\"url\":\"https:\\\/\\\/wendlandmobil.de\\\/wp-content\\\/uploads\\\/Foerderplakate-ESF-EFRE-1-724x1024.jpg\",\"contentUrl\":\"https:\\\/\\\/wendlandmobil.de\\\/wp-content\\\/uploads\\\/Foerderplakate-ESF-EFRE-1-724x1024.jpg\"},{\"@type\":\"BreadcrumbList\",\"@id\":\"https:\\\/\\\/wendlandmobil.de\\\/lse-gmbh\\\/fuhrpark\\\/#breadcrumb\",\"itemListElement\":[{\"@type\":\"ListItem\",\"position\":1,\"name\":\"Startseite\",\"item\":\"https:\\\/\\\/wendlandmobil.de\\\/\"},{\"@type\":\"ListItem\",\"position\":2,\"name\":\"LSE GmbH\",\"item\":\"https:\\\/\\\/wendlandmobil.de\\\/lse-gmbh\\\/\"},{\"@type\":\"ListItem\",\"position\":3,\"name\":\"Fuhrpark\"}]},{\"@type\":\"WebSite\",\"@id\":\"https:\\\/\\\/wendlandmobil.de\\\/#website\",\"url\":\"https:\\\/\\\/wendlandmobil.de\\\/\",\"name\":\"Wendland Mobil\",\"description\":\"\",\"publisher\":{\"@id\":\"https:\\\/\\\/wendlandmobil.de\\\/#organization\"},\"potentialAction\":[{\"@type\":\"SearchAction\",\"target\":{\"@type\":\"EntryPoint\",\"urlTemplate\":\"https:\\\/\\\/wendlandmobil.de\\\/?s={search_term_string}\"},\"query-input\":{\"@type\":\"PropertyValueSpecification\",\"valueRequired\":true,\"valueName\":\"search_term_string\"}}],\"inLanguage\":\"en-GB\"},{\"@type\":\"Organization\",\"@id\":\"https:\\\/\\\/wendlandmobil.de\\\/#organization\",\"name\":\"Wendland Mobil\",\"url\":\"https:\\\/\\\/wendlandmobil.de\\\/\",\"logo\":{\"@type\":\"ImageObject\",\"inLanguage\":\"en-GB\",\"@id\":\"https:\\\/\\\/wendlandmobil.de\\\/#\\\/schema\\\/logo\\\/image\\\/\",\"url\":\"https:\\\/\\\/wendlandmobil.de\\\/wp-content\\\/uploads\\\/LogoWendland.png\",\"contentUrl\":\"https:\\\/\\\/wendlandmobil.de\\\/wp-content\\\/uploads\\\/LogoWendland.png\",\"width\":384,\"height\":81,\"caption\":\"Wendland Mobil\"},\"image\":{\"@id\":\"https:\\\/\\\/wendlandmobil.de\\\/#\\\/schema\\\/logo\\\/image\\\/\"},\"sameAs\":[\"https:\\\/\\\/www.facebook.com\\\/MobilitaetsagenturWendlandElbe\\\/\",\"https:\\\/\\\/www.instagram.com\\\/mobilimwendland\\\/\"]}]}<\/script>\n<!-- \/ Yoast SEO plugin. -->","yoast_head_json":{"title":"Fuhrpark - Wendland Mobil","robots":{"index":"index","follow":"follow","max-snippet":"max-snippet:-1","max-image-preview":"max-image-preview:large","max-video-preview":"max-video-preview:-1"},"canonical":"https:\/\/wendlandmobil.de\/en\/lse-gmbh\/fuhrpark\/","og_locale":"en_GB","og_type":"article","og_title":"Fuhrpark - Wendland Mobil","og_description":"Neue Elektrobusse f\u00fcr den Landkreis Die LSE hat von der NBank einen Zuwendungsbescheid f\u00fcr den Kauf von sieben neuen Elektrobussen erhalten. Die Fahrzeuge kosten rund 3,9 Millionen Euro, der Eigenanteil der landkreiseigenen LSE betr\u00e4gt 392.000 Euro. \u201eWir leisten damit einen wichtigen Beitrag zum Klimaschutz\u201c, freut sich Landr\u00e4tin Dagmar Schulz. Dieser Beitrag w\u00e4re ohne entsprechende F\u00f6rderung&hellip;","og_url":"https:\/\/wendlandmobil.de\/en\/lse-gmbh\/fuhrpark\/","og_site_name":"Wendland Mobil","article_publisher":"https:\/\/www.facebook.com\/MobilitaetsagenturWendlandElbe\/","article_modified_time":"2026-01-07T14:46:57+00:00","og_image":[{"width":1683,"height":2381,"url":"https:\/\/wendlandmobil.de\/wp-content\/uploads\/Foerderplakate-ESF-EFRE-1.jpg","type":"image\/jpeg"}],"twitter_card":"summary_large_image","twitter_misc":{"Estimated reading time":"2 minutes"},"schema":{"@context":"https:\/\/schema.org","@graph":[{"@type":"WebPage","@id":"https:\/\/wendlandmobil.de\/lse-gmbh\/fuhrpark\/","url":"https:\/\/wendlandmobil.de\/lse-gmbh\/fuhrpark\/","name":"Fuhrpark - Wendland Mobil","isPartOf":{"@id":"https:\/\/wendlandmobil.de\/#website"},"primaryImageOfPage":{"@id":"https:\/\/wendlandmobil.de\/lse-gmbh\/fuhrpark\/#primaryimage"},"image":{"@id":"https:\/\/wendlandmobil.de\/lse-gmbh\/fuhrpark\/#primaryimage"},"thumbnailUrl":"https:\/\/wendlandmobil.de\/wp-content\/uploads\/Foerderplakate-ESF-EFRE-1-724x1024.jpg","datePublished":"2026-01-07T10:21:18+00:00","dateModified":"2026-01-07T14:46:57+00:00","breadcrumb":{"@id":"https:\/\/wendlandmobil.de\/lse-gmbh\/fuhrpark\/#breadcrumb"},"inLanguage":"en-GB","potentialAction":[{"@type":"ReadAction","target":["https:\/\/wendlandmobil.de\/lse-gmbh\/fuhrpark\/"]}]},{"@type":"ImageObject","inLanguage":"en-GB","@id":"https:\/\/wendlandmobil.de\/lse-gmbh\/fuhrpark\/#primaryimage","url":"https:\/\/wendlandmobil.de\/wp-content\/uploads\/Foerderplakate-ESF-EFRE-1-724x1024.jpg","contentUrl":"https:\/\/wendlandmobil.de\/wp-content\/uploads\/Foerderplakate-ESF-EFRE-1-724x1024.jpg"},{"@type":"BreadcrumbList","@id":"https:\/\/wendlandmobil.de\/lse-gmbh\/fuhrpark\/#breadcrumb","itemListElement":[{"@type":"ListItem","position":1,"name":"Startseite","item":"https:\/\/wendlandmobil.de\/"},{"@type":"ListItem","position":2,"name":"LSE GmbH","item":"https:\/\/wendlandmobil.de\/lse-gmbh\/"},{"@type":"ListItem","position":3,"name":"Fuhrpark"}]},{"@type":"WebSite","@id":"https:\/\/wendlandmobil.de\/#website","url":"https:\/\/wendlandmobil.de\/","name":"Wendland Mobile","description":"","publisher":{"@id":"https:\/\/wendlandmobil.de\/#organization"},"potentialAction":[{"@type":"SearchAction","target":{"@type":"EntryPoint","urlTemplate":"https:\/\/wendlandmobil.de\/?s={search_term_string}"},"query-input":{"@type":"PropertyValueSpecification","valueRequired":true,"valueName":"search_term_string"}}],"inLanguage":"en-GB"},{"@type":"Organization","@id":"https:\/\/wendlandmobil.de\/#organization","name":"Wendland Mobile","url":"https:\/\/wendlandmobil.de\/","logo":{"@type":"ImageObject","inLanguage":"en-GB","@id":"https:\/\/wendlandmobil.de\/#\/schema\/logo\/image\/","url":"https:\/\/wendlandmobil.de\/wp-content\/uploads\/LogoWendland.png","contentUrl":"https:\/\/wendlandmobil.de\/wp-content\/uploads\/LogoWendland.png","width":384,"height":81,"caption":"Wendland Mobil"},"image":{"@id":"https:\/\/wendlandmobil.de\/#\/schema\/logo\/image\/"},"sameAs":["https:\/\/www.facebook.com\/MobilitaetsagenturWendlandElbe\/","https:\/\/www.instagram.com\/mobilimwendland\/"]}]}},"_links":{"self":[{"href":"https:\/\/wendlandmobil.de\/en\/wp-json\/wp\/v2\/pages\/55268","targetHints":{"allow":["GET"]}}],"collection":[{"href":"https:\/\/wendlandmobil.de\/en\/wp-json\/wp\/v2\/pages"}],"about":[{"href":"https:\/\/wendlandmobil.de\/en\/wp-json\/wp\/v2\/types\/page"}],"author":[{"embeddable":true,"href":"https:\/\/wendlandmobil.de\/en\/wp-json\/wp\/v2\/users\/395"}],"replies":[{"embeddable":true,"href":"https:\/\/wendlandmobil.de\/en\/wp-json\/wp\/v2\/comments?post=55268"}],"version-history":[{"count":5,"href":"https:\/\/wendlandmobil.de\/en\/wp-json\/wp\/v2\/pages\/55268\/revisions"}],"predecessor-version":[{"id":55293,"href":"https:\/\/wendlandmobil.de\/en\/wp-json\/wp\/v2\/pages\/55268\/revisions\/55293"}],"up":[{"embeddable":true,"href":"https:\/\/wendlandmobil.de\/en\/wp-json\/wp\/v2\/pages\/40580"}],"wp:attachment":[{"href":"https:\/\/wendlandmobil.de\/en\/wp-json\/wp\/v2\/media?parent=55268"}],"curies":[{"name":"wp","href":"https:\/\/api.w.org\/{rel}","templated":true}]}}