{"id":54867,"date":"2025-12-11T11:11:29","date_gmt":"2025-12-11T10:11:29","guid":{"rendered":"https:\/\/wendlandmobil.de\/?page_id=54867"},"modified":"2026-04-02T12:51:21","modified_gmt":"2026-04-02T10:51:21","slug":"fahrradboxen","status":"publish","type":"page","link":"https:\/\/wendlandmobil.de\/en\/mobilitaetsangebote\/fahrradboxen\/","title":{"rendered":"Fahrradboxen"},"content":{"rendered":"<div data-elementor-type=\"wp-page\" data-elementor-id=\"54867\" class=\"elementor elementor-54867\" data-elementor-post-type=\"page\">\n\t\t\t\t<div class=\"elementor-element elementor-element-8e9f672 e-flex e-con-boxed e-con e-parent\" data-id=\"8e9f672\" data-element_type=\"container\" data-e-type=\"container\">\n\t\t\t\t\t<div class=\"e-con-inner\">\n\t\t\t\t<div class=\"elementor-element elementor-element-145b31f elementor-widget elementor-widget-video\" data-id=\"145b31f\" data-element_type=\"widget\" data-e-type=\"widget\" data-settings=\"{&quot;youtube_url&quot;:&quot;https:\\\/\\\/www.youtube.com\\\/watch?v=sui-8DUN-Mw&quot;,&quot;video_type&quot;:&quot;youtube&quot;,&quot;controls&quot;:&quot;yes&quot;}\" data-widget_type=\"video.default\">\n\t\t\t\t<div class=\"elementor-widget-container\">\n\t\t\t\t\t\t\t<div class=\"elementor-wrapper elementor-open-inline\">\n\t\t\t<div class=\"elementor-video\"> <div class=\"brlbs-cmpnt-container brlbs-cmpnt-content-blocker brlbs-cmpnt-with-individual-styles\" data-borlabs-cookie-content-blocker-id=\"youtube-content-blocker\" data-borlabs-cookie-content=\"PHNjcmlwdD4KKGZ1bmN0aW9uKCkgewogICAgbGV0IGQgPSBudWxsOwoKICAgIC8vIGlmIHdlIGFyZSBpbiBhIGxvb3AsIHdlIG5lZWQgdG8gc2VsZWN0IHRoZSBjb3JyZWN0IHZpZGVvIGVsZW1lbnQsIHNpbmNlIFdpZGdldCBJRCBvY2N1cnMgbXVsdGlwbGUgdGltZXMgb24gcGFnZQogICAgY29uc3QgZWxlbXNJbkxvb3AgPSBkb2N1bWVudC5xdWVyeVNlbGVjdG9yQWxsKCc6aXMoZGl2W2RhdGEtZWxlbWVudG9yLXR5cGU9Imxvb3AtaXRlbSJdLGRpdltkYXRhLWVsZW1lbnRvci10eXBlPSJqZXQtbGlzdGluZy1pdGVtcyJdLGRpdltkYXRhLXdpZGdldF90eXBlXj0icHJlbWl1bS1hZGRvbi10YWJzLiJdKSBkaXYuZWxlbWVudG9yLWVsZW1lbnQtMTQ1YjMxZicpOwogICAgaWYgKGVsZW1zSW5Mb29wLmxlbmd0aCA9PT0gMSkgewogICAgICAgIGQgPSBlbGVtc0luTG9vcFswXTsKICAgIH0gZWxzZSBpZiAoZWxlbXNJbkxvb3AubGVuZ3RoID4gMSkgewogICAgICAgIGlmICh0eXBlb2YgZG9jdW1lbnQuY3VycmVudFNjcmlwdCA9PT0gJ3VuZGVmaW5lZCcgfHwgZG9jdW1lbnQuY3VycmVudFNjcmlwdCA9PSBudWxsKSB7CiAgICAgICAgICAgIHJldHVybjsKICAgICAgICB9CiAgICAgICAgY29uc3QgdG1wVmlkZW9XaWRnZXQgPSBkb2N1bWVudC5jdXJyZW50U2NyaXB0LmNsb3Nlc3QoJ1tkYXRhLXdpZGdldF90eXBlPSJicmxic192aWRlby5kZWZhdWx0Il0nKTsKICAgICAgICBpZiAodG1wVmlkZW9XaWRnZXQpIHsKICAgICAgICAgICAgZCA9IHRtcFZpZGVvV2lkZ2V0OwogICAgICAgIH0KICAgIH0KCiAgICBpZiAoZCA9PSBudWxsKSB7CiAgICAgICAgZCA9IGRvY3VtZW50LnF1ZXJ5U2VsZWN0b3IoJ2Rpdi5lbGVtZW50b3ItZWxlbWVudC0xNDViMzFmJyk7CiAgICB9CgogICAgaWYgKGQgPT0gbnVsbCkgewogICAgICAgIHJldHVybjsKICAgIH0KICAgIGQuZGF0YXNldC53aWRnZXRfdHlwZSA9IGQuZGF0YXNldC53aWRnZXRfdHlwZS5yZXBsYWNlKCdicmxic18nLCAnJyk7CiAgICBkLmRhdGFzZXQuYnJsYnNVbmJsb2NrZWQgPSAndHJ1ZSc7CgogICAgY29uc3QgaW50ZXJ2YWwgPSBzZXRJbnRlcnZhbCgoKSA9PiB7CiAgICAgICAgaWYgKHR5cGVvZiBlbGVtZW50b3JGcm9udGVuZCAhPT0gJ3VuZGVmaW5lZCcgJiYgdHlwZW9mIGVsZW1lbnRvckZyb250ZW5kLmhvb2tzICE9PSAndW5kZWZpbmVkJykgewogICAgICAgICAgICBjbGVhckludGVydmFsKGludGVydmFsKTsKICAgICAgICAgICAgZWxlbWVudG9yRnJvbnRlbmQuaG9va3MuZG9BY3Rpb24oJ2Zyb250ZW5kL2VsZW1lbnRfcmVhZHkvdmlkZW8uZGVmYXVsdCcsIGpRdWVyeShkKSwgalF1ZXJ5KQogICAgICAgIH0KICAgIH0sIDMwKQp9KSgpOwo8L3NjcmlwdD4=\"><div class=\"brlbs-cmpnt-cb-preset-c brlbs-cmpnt-cb-youtube\"> <div class=\"brlbs-cmpnt-cb-thumbnail\" style=\"background-image: url('https:\/\/wendlandmobil.de\/wp-content\/uploads\/borlabs-cookie\/1\/yt_sui-8DUN-Mw_hqdefault.jpg')\"><\/div> <div class=\"brlbs-cmpnt-cb-main\"> <div class=\"brlbs-cmpnt-cb-play-button\"><\/div> <div class=\"brlbs-cmpnt-cb-content\"> <p class=\"brlbs-cmpnt-cb-description\">Sie sehen gerade einen Platzhalterinhalt von <strong>YouTube<\/strong>. Um auf den eigentlichen Inhalt zuzugreifen, klicken Sie auf die Schaltfl\u00e4che unten. Bitte beachten Sie, dass dabei Daten an Drittanbieter weitergegeben werden.<\/p> <a class=\"brlbs-cmpnt-cb-provider-toggle\" href=\"#\" data-borlabs-cookie-show-provider-information role=\"button\">Mehr Informationen<\/a> <\/div> <div class=\"brlbs-cmpnt-cb-buttons\"> <a class=\"brlbs-cmpnt-cb-btn\" href=\"#\" data-borlabs-cookie-unblock role=\"button\">Inhalt entsperren<\/a> <a class=\"brlbs-cmpnt-cb-btn\" href=\"#\" data-borlabs-cookie-accept-service role=\"button\" style=\"display: inherit\">Erforderlichen Service akzeptieren und Inhalte entsperren<\/a> <\/div> <\/div> <\/div><\/div><\/div>\t\t<\/div>\n\t\t\t\t\t\t<\/div>\n\t\t\t\t<\/div>\n\t\t\t\t<div class=\"elementor-element elementor-element-41b4de9 elementor-widget elementor-widget-text-editor\" data-id=\"41b4de9\" data-element_type=\"widget\" data-e-type=\"widget\" data-widget_type=\"text-editor.default\">\n\t\t\t\t<div class=\"elementor-widget-container\">\n\t\t\t\t\t\t\t\t\t<p><strong>F\u00fcr die St\u00e4rkung des Radverkehrs in L\u00fcchow-Dannenberg: Neue Fahrradboxen ab 12. Januar 2026 buchbar <\/strong><\/p><p>Die Aufstellung von Fahrradboxen ist Teil des NKI-Verbundprojektes \u201eNeue Wege f\u00fcr neue R\u00e4der\u201c.\u00a0<\/p><p>An mehreren Verkehrsknotenpunkten im Landkreis L\u00fcchow-Dannenberg \u2013 insbesondere \u00fcberall dort, wo Pendlerinnen und Pendler, Ausfl\u00fcgler oder touristische G\u00e4ste beispielsweise vom Fahrrad auf den Bus oder die Bahn umsteigen oder zu Besuch kommen \u2013 werden ab dem 12. Januar 2026 insgesamt 50 neue, sichere Fahrradboxen zur Nutzung zur Verf\u00fcgung stehen.<\/p>\t\t\t\t\t\t\t\t<\/div>\n\t\t\t\t<\/div>\n\t\t\t\t\t<\/div>\n\t\t\t\t<\/div>\n\t\t<div class=\"elementor-element elementor-element-1c39eca e-flex e-con-boxed e-con e-parent\" data-id=\"1c39eca\" data-element_type=\"container\" data-e-type=\"container\">\n\t\t\t\t\t<div class=\"e-con-inner\">\n\t\t\t\t<div class=\"elementor-element elementor-element-cc9b4a9 elementor-widget-laptop__width-initial elementor-widget elementor-widget-gallery\" data-id=\"cc9b4a9\" data-element_type=\"widget\" data-e-type=\"widget\" data-settings=\"{&quot;gallery_layout&quot;:&quot;masonry&quot;,&quot;columns&quot;:2,&quot;gap&quot;:{&quot;unit&quot;:&quot;px&quot;,&quot;size&quot;:36,&quot;sizes&quot;:[]},&quot;lazyload&quot;:&quot;yes&quot;,&quot;columns_tablet&quot;:2,&quot;columns_mobile&quot;:1,&quot;gap_laptop&quot;:{&quot;unit&quot;:&quot;px&quot;,&quot;size&quot;:10,&quot;sizes&quot;:[]},&quot;gap_tablet&quot;:{&quot;unit&quot;:&quot;px&quot;,&quot;size&quot;:10,&quot;sizes&quot;:[]},&quot;gap_mobile&quot;:{&quot;unit&quot;:&quot;px&quot;,&quot;size&quot;:10,&quot;sizes&quot;:[]},&quot;link_to&quot;:&quot;file&quot;,&quot;overlay_background&quot;:&quot;yes&quot;,&quot;content_hover_animation&quot;:&quot;fade-in&quot;}\" data-widget_type=\"gallery.default\">\n\t\t\t\t<div class=\"elementor-widget-container\">\n\t\t\t\t\t\t\t<div class=\"elementor-gallery__container\">\n\t\t\t\t\t\t\t<a class=\"e-gallery-item elementor-gallery-item elementor-animated-content\" href=\"https:\/\/wendlandmobil.de\/wp-content\/uploads\/20251211_091812-scaled.jpg\" data-elementor-open-lightbox=\"yes\" data-elementor-lightbox-slideshow=\"cc9b4a9\" data-elementor-lightbox-title=\"20251211_091812\" data-e-action-hash=\"#elementor-action%3Aaction%3Dlightbox%26settings%3DeyJpZCI6NTQ4NzgsInVybCI6Imh0dHBzOlwvXC93ZW5kbGFuZG1vYmlsLmRlXC93cC1jb250ZW50XC91cGxvYWRzXC8yMDI1MTIxMV8wOTE4MTItc2NhbGVkLmpwZyIsInNsaWRlc2hvdyI6ImNjOWI0YTkifQ%3D%3D\">\n\t\t\t\t\t<div class=\"e-gallery-image elementor-gallery-item__image\" data-thumbnail=\"https:\/\/wendlandmobil.de\/wp-content\/uploads\/20251211_091812-scaled.jpg\" data-width=\"2560\" data-height=\"1920\" aria-label=\"\" role=\"img\" ><\/div>\n\t\t\t\t\t\t\t\t\t\t\t<div class=\"elementor-gallery-item__overlay\"><\/div>\n\t\t\t\t\t\t\t\t\t\t\t\t\t\t<\/a>\n\t\t\t\t\t\t\t<a class=\"e-gallery-item elementor-gallery-item elementor-animated-content\" href=\"https:\/\/wendlandmobil.de\/wp-content\/uploads\/BMUKN_NKI_gefoerdert_GRB_DE_2025_quer.svg\" data-elementor-open-lightbox=\"yes\" data-elementor-lightbox-slideshow=\"cc9b4a9\" data-elementor-lightbox-title=\"BMUKN_NKI_gefoerdert_GRB_DE_2025_quer\" data-e-action-hash=\"#elementor-action%3Aaction%3Dlightbox%26settings%3DeyJpZCI6NTQ3NDQsInVybCI6Imh0dHBzOlwvXC93ZW5kbGFuZG1vYmlsLmRlXC93cC1jb250ZW50XC91cGxvYWRzXC9CTVVLTl9OS0lfZ2Vmb2VyZGVydF9HUkJfREVfMjAyNV9xdWVyLnN2ZyIsInNsaWRlc2hvdyI6ImNjOWI0YTkifQ%3D%3D\">\n\t\t\t\t\t<div class=\"e-gallery-image elementor-gallery-item__image\" data-thumbnail=\"https:\/\/wendlandmobil.de\/wp-content\/uploads\/BMUKN_NKI_gefoerdert_GRB_DE_2025_quer.svg\" data-width=\"422\" data-height=\"176\" aria-label=\"\" role=\"img\" ><\/div>\n\t\t\t\t\t\t\t\t\t\t\t<div class=\"elementor-gallery-item__overlay\"><\/div>\n\t\t\t\t\t\t\t\t\t\t\t\t\t\t<\/a>\n\t\t\t\t\t<\/div>\n\t\t\t\t\t<\/div>\n\t\t\t\t<\/div>\n\t\t\t\t\t<\/div>\n\t\t\t\t<\/div>\n\t\t<div class=\"elementor-element elementor-element-4f035e4 e-flex e-con-boxed e-con e-parent\" data-id=\"4f035e4\" data-element_type=\"container\" data-e-type=\"container\">\n\t\t\t\t\t<div class=\"e-con-inner\">\n\t\t\t\t<div class=\"elementor-element elementor-element-2179552 elementor-widget elementor-widget-text-editor\" data-id=\"2179552\" data-element_type=\"widget\" data-e-type=\"widget\" data-widget_type=\"text-editor.default\">\n\t\t\t\t<div class=\"elementor-widget-container\">\n\t\t\t\t\t\t\t\t\t<p>Diese Fahrradgaragen bieten Radfahrenden die M\u00f6glichkeit, ihre Fahrr\u00e4der tageweise oder auch \u00fcber einen l\u00e4ngeren Zeitraum sicher und trocken abzustellen. Die Fahrradboxen stehen in Hitzacker am Bahnhof und am Bohnenmarkt, in Dannenberg am Busbahnhof und am Bahnhof Dannenberg Ost, in L\u00fcchow am Busbahnhof sowie am Bahnhof Schnega. Wer ein Pedelec nutzt, findet in den Boxen eine integrierte Ladem\u00f6glichkeit f\u00fcr entsprechende Akkus. An fast allen Standorten k\u00f6nnen auch Lastenr\u00e4der abgestellt werden.\u00a0<\/p><p>Zum Start der Fahrradboxen gibt es einen g\u00fcnstigen Einf\u00fchrungstarif:<\/p><ul><li>1 Euro kostet die 24-Stunden-Miete<\/li><li>5 Euro werden f\u00fcr sieben Tage f\u00e4llig<\/li><li>10 Euro f\u00fcr einen ganzen Monat<\/li><\/ul><p>Die Buchung der Fahrradboxen ist bequem \u00fcber die App Conwee auf der Webseite <a href=\"https:\/\/app.conwee.eu\">https:\/\/app.conwee.eu<\/a> m\u00f6glich.<\/p>\t\t\t\t\t\t\t\t<\/div>\n\t\t\t\t<\/div>\n\t\t\t\t\t<\/div>\n\t\t\t\t<\/div>\n\t\t<div class=\"elementor-element elementor-element-231a508 e-flex e-con-boxed e-con e-parent\" data-id=\"231a508\" data-element_type=\"container\" data-e-type=\"container\">\n\t\t\t\t\t<div class=\"e-con-inner\">\n\t\t\t\t<div class=\"elementor-element elementor-element-cd92854 elementor-widget elementor-widget-button\" data-id=\"cd92854\" data-element_type=\"widget\" data-e-type=\"widget\" data-widget_type=\"button.default\">\n\t\t\t\t<div class=\"elementor-widget-container\">\n\t\t\t\t\t\t\t\t\t<div class=\"elementor-button-wrapper\">\n\t\t\t\t\t<a class=\"elementor-button elementor-button-link elementor-size-sm\" href=\"https:\/\/app.conwee.eu\">\n\t\t\t\t\t\t<span class=\"elementor-button-content-wrapper\">\n\t\t\t\t\t\t\t\t\t<span class=\"elementor-button-text\">Hier gehts zur Buchung der Fahrradboxen<\/span>\n\t\t\t\t\t<\/span>\n\t\t\t\t\t<\/a>\n\t\t\t\t<\/div>\n\t\t\t\t\t\t\t\t<\/div>\n\t\t\t\t<\/div>\n\t\t\t\t<div class=\"elementor-element elementor-element-edfcf26 elementor-widget elementor-widget-button\" data-id=\"edfcf26\" data-element_type=\"widget\" data-e-type=\"widget\" data-widget_type=\"button.default\">\n\t\t\t\t<div class=\"elementor-widget-container\">\n\t\t\t\t\t\t\t\t\t<div class=\"elementor-button-wrapper\">\n\t\t\t\t\t<a class=\"elementor-button elementor-button-link elementor-size-sm\" href=\"https:\/\/wendlandmobil.de\/wp-content\/uploads\/nutzungsbedingungen.pdf\">\n\t\t\t\t\t\t<span class=\"elementor-button-content-wrapper\">\n\t\t\t\t\t\t\t\t\t<span class=\"elementor-button-text\">Hier geht\u00b4s zu den Nutzungsbedingungen<\/span>\n\t\t\t\t\t<\/span>\n\t\t\t\t\t<\/a>\n\t\t\t\t<\/div>\n\t\t\t\t\t\t\t\t<\/div>\n\t\t\t\t<\/div>\n\t\t\t\t\t<\/div>\n\t\t\t\t<\/div>\n\t\t<div class=\"elementor-element elementor-element-ad5494f e-flex e-con-boxed e-con e-parent\" data-id=\"ad5494f\" data-element_type=\"container\" data-e-type=\"container\">\n\t\t\t\t\t<div class=\"e-con-inner\">\n\t\t\t\t\t<\/div>\n\t\t\t\t<\/div>\n\t\t\t\t<\/div>","protected":false},"excerpt":{"rendered":"<p>https:\/\/www.youtube.com\/watch?v=sui-8DUN-Mw F\u00fcr die St\u00e4rkung des Radverkehrs in L\u00fcchow-Dannenberg: Neue Fahrradboxen ab 12. Januar 2026 buchbar Die Aufstellung von Fahrradboxen ist Teil des NKI-Verbundprojektes \u201eNeue Wege f\u00fcr neue R\u00e4der\u201c.\u00a0 An mehreren Verkehrsknotenpunkten im Landkreis L\u00fcchow-Dannenberg \u2013 insbesondere \u00fcberall dort, wo Pendlerinnen und Pendler, Ausfl\u00fcgler oder touristische G\u00e4ste beispielsweise vom Fahrrad auf den Bus oder die Bahn&hellip;<\/p>","protected":false},"author":1,"featured_media":0,"parent":40467,"menu_order":0,"comment_status":"closed","ping_status":"closed","template":"","meta":{"footnotes":""},"class_list":["post-54867","page","type-page","status-publish","hentry"],"yoast_head":"<!-- This site is optimized with the Yoast SEO plugin v27.3 - https:\/\/yoast.com\/product\/yoast-seo-wordpress\/ -->\n<title>Fahrradboxen - Wendland Mobil<\/title>\n<meta name=\"robots\" content=\"index, follow, max-snippet:-1, max-image-preview:large, max-video-preview:-1\" \/>\n<link rel=\"canonical\" href=\"https:\/\/wendlandmobil.de\/en\/mobility-offers\/fahrradboxen\/\" \/>\n<meta property=\"og:locale\" content=\"en_GB\" \/>\n<meta property=\"og:type\" content=\"article\" \/>\n<meta property=\"og:title\" content=\"Fahrradboxen - Wendland Mobil\" \/>\n<meta property=\"og:description\" content=\"https:\/\/www.youtube.com\/watch?v=sui-8DUN-Mw F\u00fcr die St\u00e4rkung des Radverkehrs in L\u00fcchow-Dannenberg: Neue Fahrradboxen ab 12. Januar 2026 buchbar Die Aufstellung von Fahrradboxen ist Teil des NKI-Verbundprojektes \u201eNeue Wege f\u00fcr neue R\u00e4der\u201c.\u00a0 An mehreren Verkehrsknotenpunkten im Landkreis L\u00fcchow-Dannenberg \u2013 insbesondere \u00fcberall dort, wo Pendlerinnen und Pendler, Ausfl\u00fcgler oder touristische G\u00e4ste beispielsweise vom Fahrrad auf den Bus oder die Bahn&hellip;\" \/>\n<meta property=\"og:url\" content=\"https:\/\/wendlandmobil.de\/en\/mobility-offers\/fahrradboxen\/\" \/>\n<meta property=\"og:site_name\" content=\"Wendland Mobil\" \/>\n<meta property=\"article:publisher\" content=\"https:\/\/www.facebook.com\/MobilitaetsagenturWendlandElbe\/\" \/>\n<meta property=\"article:modified_time\" content=\"2026-04-02T10:51:21+00:00\" \/>\n<meta name=\"twitter:card\" content=\"summary_large_image\" \/>\n<meta name=\"twitter:label1\" content=\"Estimated reading time\" \/>\n\t<meta name=\"twitter:data1\" content=\"2 minutes\" \/>\n<script type=\"application\/ld+json\" class=\"yoast-schema-graph\">{\"@context\":\"https:\\\/\\\/schema.org\",\"@graph\":[{\"@type\":\"WebPage\",\"@id\":\"https:\\\/\\\/wendlandmobil.de\\\/mobilitaetsangebote\\\/fahrradboxen\\\/\",\"url\":\"https:\\\/\\\/wendlandmobil.de\\\/mobilitaetsangebote\\\/fahrradboxen\\\/\",\"name\":\"Fahrradboxen - Wendland Mobil\",\"isPartOf\":{\"@id\":\"https:\\\/\\\/wendlandmobil.de\\\/#website\"},\"datePublished\":\"2025-12-11T10:11:29+00:00\",\"dateModified\":\"2026-04-02T10:51:21+00:00\",\"breadcrumb\":{\"@id\":\"https:\\\/\\\/wendlandmobil.de\\\/mobilitaetsangebote\\\/fahrradboxen\\\/#breadcrumb\"},\"inLanguage\":\"en-GB\",\"potentialAction\":[{\"@type\":\"ReadAction\",\"target\":[\"https:\\\/\\\/wendlandmobil.de\\\/mobilitaetsangebote\\\/fahrradboxen\\\/\"]}]},{\"@type\":\"BreadcrumbList\",\"@id\":\"https:\\\/\\\/wendlandmobil.de\\\/mobilitaetsangebote\\\/fahrradboxen\\\/#breadcrumb\",\"itemListElement\":[{\"@type\":\"ListItem\",\"position\":1,\"name\":\"Startseite\",\"item\":\"https:\\\/\\\/wendlandmobil.de\\\/\"},{\"@type\":\"ListItem\",\"position\":2,\"name\":\"Mobilit\u00e4tsangebote\",\"item\":\"https:\\\/\\\/wendlandmobil.de\\\/mobilitaetsangebote\\\/\"},{\"@type\":\"ListItem\",\"position\":3,\"name\":\"Fahrradboxen\"}]},{\"@type\":\"WebSite\",\"@id\":\"https:\\\/\\\/wendlandmobil.de\\\/#website\",\"url\":\"https:\\\/\\\/wendlandmobil.de\\\/\",\"name\":\"Wendland Mobil\",\"description\":\"\",\"publisher\":{\"@id\":\"https:\\\/\\\/wendlandmobil.de\\\/#organization\"},\"potentialAction\":[{\"@type\":\"SearchAction\",\"target\":{\"@type\":\"EntryPoint\",\"urlTemplate\":\"https:\\\/\\\/wendlandmobil.de\\\/?s={search_term_string}\"},\"query-input\":{\"@type\":\"PropertyValueSpecification\",\"valueRequired\":true,\"valueName\":\"search_term_string\"}}],\"inLanguage\":\"en-GB\"},{\"@type\":\"Organization\",\"@id\":\"https:\\\/\\\/wendlandmobil.de\\\/#organization\",\"name\":\"Wendland Mobil\",\"url\":\"https:\\\/\\\/wendlandmobil.de\\\/\",\"logo\":{\"@type\":\"ImageObject\",\"inLanguage\":\"en-GB\",\"@id\":\"https:\\\/\\\/wendlandmobil.de\\\/#\\\/schema\\\/logo\\\/image\\\/\",\"url\":\"https:\\\/\\\/wendlandmobil.de\\\/wp-content\\\/uploads\\\/LogoWendland.png\",\"contentUrl\":\"https:\\\/\\\/wendlandmobil.de\\\/wp-content\\\/uploads\\\/LogoWendland.png\",\"width\":384,\"height\":81,\"caption\":\"Wendland Mobil\"},\"image\":{\"@id\":\"https:\\\/\\\/wendlandmobil.de\\\/#\\\/schema\\\/logo\\\/image\\\/\"},\"sameAs\":[\"https:\\\/\\\/www.facebook.com\\\/MobilitaetsagenturWendlandElbe\\\/\",\"https:\\\/\\\/www.instagram.com\\\/mobilimwendland\\\/\"]}]}<\/script>\n<!-- \/ Yoast SEO plugin. -->","yoast_head_json":{"title":"Fahrradboxen - Wendland Mobil","robots":{"index":"index","follow":"follow","max-snippet":"max-snippet:-1","max-image-preview":"max-image-preview:large","max-video-preview":"max-video-preview:-1"},"canonical":"https:\/\/wendlandmobil.de\/en\/mobility-offers\/fahrradboxen\/","og_locale":"en_GB","og_type":"article","og_title":"Fahrradboxen - Wendland Mobil","og_description":"https:\/\/www.youtube.com\/watch?v=sui-8DUN-Mw F\u00fcr die St\u00e4rkung des Radverkehrs in L\u00fcchow-Dannenberg: Neue Fahrradboxen ab 12. Januar 2026 buchbar Die Aufstellung von Fahrradboxen ist Teil des NKI-Verbundprojektes \u201eNeue Wege f\u00fcr neue R\u00e4der\u201c.\u00a0 An mehreren Verkehrsknotenpunkten im Landkreis L\u00fcchow-Dannenberg \u2013 insbesondere \u00fcberall dort, wo Pendlerinnen und Pendler, Ausfl\u00fcgler oder touristische G\u00e4ste beispielsweise vom Fahrrad auf den Bus oder die Bahn&hellip;","og_url":"https:\/\/wendlandmobil.de\/en\/mobility-offers\/fahrradboxen\/","og_site_name":"Wendland Mobil","article_publisher":"https:\/\/www.facebook.com\/MobilitaetsagenturWendlandElbe\/","article_modified_time":"2026-04-02T10:51:21+00:00","twitter_card":"summary_large_image","twitter_misc":{"Estimated reading time":"2 minutes"},"schema":{"@context":"https:\/\/schema.org","@graph":[{"@type":"WebPage","@id":"https:\/\/wendlandmobil.de\/mobilitaetsangebote\/fahrradboxen\/","url":"https:\/\/wendlandmobil.de\/mobilitaetsangebote\/fahrradboxen\/","name":"Fahrradboxen - Wendland Mobil","isPartOf":{"@id":"https:\/\/wendlandmobil.de\/#website"},"datePublished":"2025-12-11T10:11:29+00:00","dateModified":"2026-04-02T10:51:21+00:00","breadcrumb":{"@id":"https:\/\/wendlandmobil.de\/mobilitaetsangebote\/fahrradboxen\/#breadcrumb"},"inLanguage":"en-GB","potentialAction":[{"@type":"ReadAction","target":["https:\/\/wendlandmobil.de\/mobilitaetsangebote\/fahrradboxen\/"]}]},{"@type":"BreadcrumbList","@id":"https:\/\/wendlandmobil.de\/mobilitaetsangebote\/fahrradboxen\/#breadcrumb","itemListElement":[{"@type":"ListItem","position":1,"name":"Startseite","item":"https:\/\/wendlandmobil.de\/"},{"@type":"ListItem","position":2,"name":"Mobilit\u00e4tsangebote","item":"https:\/\/wendlandmobil.de\/mobilitaetsangebote\/"},{"@type":"ListItem","position":3,"name":"Fahrradboxen"}]},{"@type":"WebSite","@id":"https:\/\/wendlandmobil.de\/#website","url":"https:\/\/wendlandmobil.de\/","name":"Wendland Mobile","description":"","publisher":{"@id":"https:\/\/wendlandmobil.de\/#organization"},"potentialAction":[{"@type":"SearchAction","target":{"@type":"EntryPoint","urlTemplate":"https:\/\/wendlandmobil.de\/?s={search_term_string}"},"query-input":{"@type":"PropertyValueSpecification","valueRequired":true,"valueName":"search_term_string"}}],"inLanguage":"en-GB"},{"@type":"Organization","@id":"https:\/\/wendlandmobil.de\/#organization","name":"Wendland Mobile","url":"https:\/\/wendlandmobil.de\/","logo":{"@type":"ImageObject","inLanguage":"en-GB","@id":"https:\/\/wendlandmobil.de\/#\/schema\/logo\/image\/","url":"https:\/\/wendlandmobil.de\/wp-content\/uploads\/LogoWendland.png","contentUrl":"https:\/\/wendlandmobil.de\/wp-content\/uploads\/LogoWendland.png","width":384,"height":81,"caption":"Wendland Mobil"},"image":{"@id":"https:\/\/wendlandmobil.de\/#\/schema\/logo\/image\/"},"sameAs":["https:\/\/www.facebook.com\/MobilitaetsagenturWendlandElbe\/","https:\/\/www.instagram.com\/mobilimwendland\/"]}]}},"_links":{"self":[{"href":"https:\/\/wendlandmobil.de\/en\/wp-json\/wp\/v2\/pages\/54867","targetHints":{"allow":["GET"]}}],"collection":[{"href":"https:\/\/wendlandmobil.de\/en\/wp-json\/wp\/v2\/pages"}],"about":[{"href":"https:\/\/wendlandmobil.de\/en\/wp-json\/wp\/v2\/types\/page"}],"author":[{"embeddable":true,"href":"https:\/\/wendlandmobil.de\/en\/wp-json\/wp\/v2\/users\/1"}],"replies":[{"embeddable":true,"href":"https:\/\/wendlandmobil.de\/en\/wp-json\/wp\/v2\/comments?post=54867"}],"version-history":[{"count":5,"href":"https:\/\/wendlandmobil.de\/en\/wp-json\/wp\/v2\/pages\/54867\/revisions"}],"predecessor-version":[{"id":56294,"href":"https:\/\/wendlandmobil.de\/en\/wp-json\/wp\/v2\/pages\/54867\/revisions\/56294"}],"up":[{"embeddable":true,"href":"https:\/\/wendlandmobil.de\/en\/wp-json\/wp\/v2\/pages\/40467"}],"wp:attachment":[{"href":"https:\/\/wendlandmobil.de\/en\/wp-json\/wp\/v2\/media?parent=54867"}],"curies":[{"name":"wp","href":"https:\/\/api.w.org\/{rel}","templated":true}]}}