{"id":42790,"date":"2024-06-03T09:33:30","date_gmt":"2024-06-03T07:33:30","guid":{"rendered":"https:\/\/wendlandmobil.de\/?page_id=42790"},"modified":"2026-01-21T13:27:39","modified_gmt":"2026-01-21T12:27:39","slug":"driving-licence-waiver","status":"publish","type":"page","link":"https:\/\/wendlandmobil.de\/en\/fahrerlaubnisverzicht\/","title":{"rendered":"Driving licence waiver"},"content":{"rendered":"<div data-elementor-type=\"wp-page\" data-elementor-id=\"42790\" class=\"elementor elementor-42790\" data-elementor-post-type=\"page\">\n\t\t\t\t<div class=\"elementor-element elementor-element-21d8100f e-flex e-con-boxed e-con e-parent\" data-id=\"21d8100f\" data-element_type=\"container\" data-e-type=\"container\">\n\t\t\t\t\t<div class=\"e-con-inner\">\n\t\t<div class=\"elementor-element elementor-element-4c439ca7 e-con-full e-flex e-con e-child\" data-id=\"4c439ca7\" data-element_type=\"container\" data-e-type=\"container\">\n\t\t\t\t<div class=\"elementor-element elementor-element-247246cf elementor-widget elementor-widget-heading\" data-id=\"247246cf\" data-element_type=\"widget\" data-e-type=\"widget\" data-widget_type=\"heading.default\">\n\t\t\t\t<div class=\"elementor-widget-container\">\n\t\t\t\t\t<h4 class=\"elementor-heading-title elementor-size-default\">Free annual public transport ticket if you give up your driving licence<\/h4>\t\t\t\t<\/div>\n\t\t\t\t<\/div>\n\t\t\t\t<div class=\"elementor-element elementor-element-58cc72fe elementor-widget elementor-widget-text-editor\" data-id=\"58cc72fe\" data-element_type=\"widget\" data-e-type=\"widget\" data-widget_type=\"text-editor.default\">\n\t\t\t\t<div class=\"elementor-widget-container\">\n\t\t\t\t\t\t\t\t\t<p>From now on, people who voluntarily surrender their driving licence have the opportunity to obtain a driving licence for an unlimited period of time. <strong>Annual ticket for public transport<\/strong> in the area of validity of the Wendland tariff - this was decided by the district council last year. The application for the annual ticket must be submitted again each year for the following year.<\/p>\t\t\t\t\t\t\t\t<\/div>\n\t\t\t\t<\/div>\n\t\t\t\t<div class=\"elementor-element elementor-element-6c81b65 elementor-widget elementor-widget-media-card\" data-id=\"6c81b65\" data-element_type=\"widget\" data-e-type=\"widget\" data-widget_type=\"media-card.default\">\n\t\t\t\t<div class=\"elementor-widget-container\">\n\t\t\t\t\t        <a class=\"media-card d-flex\" href=\"https:\/\/wendlandmobil.de\/wp-content\/uploads\/Antrag-Jahresticket-bei-Fahrerlaubnisverzicht_Stand_Jan2026-1.pdf\" target=\"_blank\" data-elementor-open-lightbox=\"no\">\n            <div class=\"attachment-data flex-grow-1\">\n                <div class=\"elementor-widget-heading\">\n                    <h3 class=\"elementor-heading-title elementor-size-paragraph-small mb-0\">Download Antrag Jahresticket bei Fahrerlaubnisverzicht<\/h3>\n                <\/div>\n                <small class=\"attachment-file-info color-text\">\n                    Letzte Aktualisierung: 21.01.2026 (PDF, 109 KB)                <\/small>\n            <\/div>\n            <div class=\"elementor-widget-button elementor-button-transparent-borderless\">\n                <span class=\"elementor-button\">\n                    <span class=\"elementor-button-content-wrapper\">\n                        <span class=\"elementor-button-icon elementor-align-icon-right mx-0\"><i class=\"far fa-file-download\"\n                                                                                               aria-hidden=\"true\"><\/i><\/span>\n                        <span class=\"elementor-button-text screen-reader-text\">Download Download Antrag Jahresticket bei Fahrerlaubnisverzicht<\/span>\n                    <\/span>\n                <\/span>\n            <\/div>\n        <\/a>\n    \t\t\t\t<\/div>\n\t\t\t\t<\/div>\n\t\t\t\t<div class=\"elementor-element elementor-element-b6a7c28 elementor-widget elementor-widget-media-card\" data-id=\"b6a7c28\" data-element_type=\"widget\" data-e-type=\"widget\" data-widget_type=\"media-card.default\">\n\t\t\t\t<div class=\"elementor-widget-container\">\n\t\t\t\t\t        <a class=\"media-card d-flex\" href=\"https:\/\/wendlandmobil.de\/wp-content\/uploads\/Antrag-Jahresticket-bei-Fahrerlaubnisverzicht_Stand_Jan2026.docx\" target=\"_blank\" data-elementor-open-lightbox=\"no\">\n            <div class=\"attachment-data flex-grow-1\">\n                <div class=\"elementor-widget-heading\">\n                    <h3 class=\"elementor-heading-title elementor-size-paragraph-small mb-0\">Download Antrag Jahresticket bei Fahrerlaubnisverzicht<\/h3>\n                <\/div>\n                <small class=\"attachment-file-info color-text\">\n                    Letzte Aktualisierung: 21.01.2026 (VND.OPENXMLFORMATS-OFFICEDOCUMENT.WORDPROCESSINGML.DOCUMENT, 48 KB)                <\/small>\n            <\/div>\n            <div class=\"elementor-widget-button elementor-button-transparent-borderless\">\n                <span class=\"elementor-button\">\n                    <span class=\"elementor-button-content-wrapper\">\n                        <span class=\"elementor-button-icon elementor-align-icon-right mx-0\"><i class=\"far fa-file-download\"\n                                                                                               aria-hidden=\"true\"><\/i><\/span>\n                        <span class=\"elementor-button-text screen-reader-text\">Download Download Antrag Jahresticket bei Fahrerlaubnisverzicht<\/span>\n                    <\/span>\n                <\/span>\n            <\/div>\n        <\/a>\n    \t\t\t\t<\/div>\n\t\t\t\t<\/div>\n\t\t\t\t<div class=\"elementor-element elementor-element-766a4b86 elementor-widget elementor-widget-button\" data-id=\"766a4b86\" data-element_type=\"widget\" data-e-type=\"widget\" data-widget_type=\"button.default\">\n\t\t\t\t<div class=\"elementor-widget-container\">\n\t\t\t\t\t\t\t\t\t<div class=\"elementor-button-wrapper\">\n\t\t\t\t\t<a class=\"elementor-button elementor-button-link elementor-size-sm\" href=\"https:\/\/wendlandmobil.de\/en\/connection-tariffs\/tariff-information\/\">\n\t\t\t\t\t\t<span class=\"elementor-button-content-wrapper\">\n\t\t\t\t\t\t\t\t\t<span class=\"elementor-button-text\">To the tariff information<\/span>\n\t\t\t\t\t<\/span>\n\t\t\t\t\t<\/a>\n\t\t\t\t<\/div>\n\t\t\t\t\t\t\t\t<\/div>\n\t\t\t\t<\/div>\n\t\t\t\t<div class=\"elementor-element elementor-element-7cc49843 elementor-widget elementor-widget-n-accordion\" data-id=\"7cc49843\" data-element_type=\"widget\" data-e-type=\"widget\" data-settings=\"{&quot;default_state&quot;:&quot;expanded&quot;,&quot;max_items_expended&quot;:&quot;one&quot;,&quot;n_accordion_animation_duration&quot;:{&quot;unit&quot;:&quot;ms&quot;,&quot;size&quot;:400,&quot;sizes&quot;:[]}}\" data-widget_type=\"nested-accordion.default\">\n\t\t\t\t<div class=\"elementor-widget-container\">\n\t\t\t\t\t\t\t<div class=\"e-n-accordion\" aria-label=\"Accordion. Open links with Enter or Space, close with Escape, and navigate with Arrow Keys\">\n\t\t\t\t\t\t<details id=\"e-n-accordion-item-2090\" class=\"e-n-accordion-item\" open>\n\t\t\t\t<summary class=\"e-n-accordion-item-title\" data-accordion-index=\"1\" tabindex=\"0\" aria-expanded=\"true\" aria-controls=\"e-n-accordion-item-2090\" >\n\t\t\t\t\t<span class='e-n-accordion-item-title-header'><div class=\"e-n-accordion-item-title-text\"> Who is entitled to the offer? <\/div><\/span>\n\t\t\t\t\t\t\t<span class='e-n-accordion-item-title-icon'>\n\t\t\t<span class='e-opened' ><i aria-hidden=\"true\" class=\"fal fa-minus\"><\/i><\/span>\n\t\t\t<span class='e-closed'><i aria-hidden=\"true\" class=\"fal fa-plus\"><\/i><\/span>\n\t\t<\/span>\n\n\t\t\t\t\t\t<\/summary>\n\t\t\t\t<div role=\"region\" aria-labelledby=\"e-n-accordion-item-2090\" class=\"elementor-element elementor-element-71621d3d e-con-full e-flex e-con e-child\" data-id=\"71621d3d\" data-element_type=\"container\" data-e-type=\"container\">\n\t\t\t\t<div class=\"elementor-element elementor-element-19b6dd44 elementor-widget elementor-widget-text-editor\" data-id=\"19b6dd44\" data-element_type=\"widget\" data-e-type=\"widget\" data-widget_type=\"text-editor.default\">\n\t\t\t\t<div class=\"elementor-widget-container\">\n\t\t\t\t\t\t\t\t\t<p>People who voluntarily surrender their driving licence are eligible. The offer is aimed specifically at older residents of the district, for whom the use of regional public transport offers a good opportunity to be mobile even without a driving licence.<\/p>\t\t\t\t\t\t\t\t<\/div>\n\t\t\t\t<\/div>\n\t\t\t\t<\/div>\n\t\t\t\t\t<\/details>\n\t\t\t\t\t\t<details id=\"e-n-accordion-item-2091\" class=\"e-n-accordion-item\" >\n\t\t\t\t<summary class=\"e-n-accordion-item-title\" data-accordion-index=\"2\" tabindex=\"-1\" aria-expanded=\"false\" aria-controls=\"e-n-accordion-item-2091\" >\n\t\t\t\t\t<span class='e-n-accordion-item-title-header'><div class=\"e-n-accordion-item-title-text\"> How can I take advantage of the offer? <\/div><\/span>\n\t\t\t\t\t\t\t<span class='e-n-accordion-item-title-icon'>\n\t\t\t<span class='e-opened' ><i aria-hidden=\"true\" class=\"fal fa-minus\"><\/i><\/span>\n\t\t\t<span class='e-closed'><i aria-hidden=\"true\" class=\"fal fa-plus\"><\/i><\/span>\n\t\t<\/span>\n\n\t\t\t\t\t\t<\/summary>\n\t\t\t\t<div role=\"region\" aria-labelledby=\"e-n-accordion-item-2091\" class=\"elementor-element elementor-element-49de0ca0 e-con-full e-flex e-con e-child\" data-id=\"49de0ca0\" data-element_type=\"container\" data-e-type=\"container\">\n\t\t\t\t<div class=\"elementor-element elementor-element-1b9bf910 elementor-widget elementor-widget-text-editor\" data-id=\"1b9bf910\" data-element_type=\"widget\" data-e-type=\"widget\" data-widget_type=\"text-editor.default\">\n\t\t\t\t<div class=\"elementor-widget-container\">\n\t\t\t\t\t\t\t\t\t<p>Interested citizens can submit the waiver declaration to the road traffic office, where they will receive the application form for the annual ticket, which will then be sent to them by post.<\/p><p>Appointments can also be booked online via the appointment booking portal.<\/p>\t\t\t\t\t\t\t\t<\/div>\n\t\t\t\t<\/div>\n\t\t\t\t<div class=\"elementor-element elementor-element-601096e elementor-widget elementor-widget-button\" data-id=\"601096e\" data-element_type=\"widget\" data-e-type=\"widget\" data-widget_type=\"button.default\">\n\t\t\t\t<div class=\"elementor-widget-container\">\n\t\t\t\t\t\t\t\t\t<div class=\"elementor-button-wrapper\">\n\t\t\t\t\t<a class=\"elementor-button elementor-button-link elementor-size-sm\" href=\"https:\/\/tnv.luechow-dannenberg.de\/tnv\/?renderer=responsive\" target=\"_blank\">\n\t\t\t\t\t\t<span class=\"elementor-button-content-wrapper\">\n\t\t\t\t\t\t\t\t\t<span class=\"elementor-button-text\">To make an appointment online<\/span>\n\t\t\t\t\t<\/span>\n\t\t\t\t\t<\/a>\n\t\t\t\t<\/div>\n\t\t\t\t\t\t\t\t<\/div>\n\t\t\t\t<\/div>\n\t\t\t\t<\/div>\n\t\t\t\t\t<\/details>\n\t\t\t\t\t\t<details id=\"e-n-accordion-item-2092\" class=\"e-n-accordion-item\" >\n\t\t\t\t<summary class=\"e-n-accordion-item-title\" data-accordion-index=\"3\" tabindex=\"-1\" aria-expanded=\"false\" aria-controls=\"e-n-accordion-item-2092\" >\n\t\t\t\t\t<span class='e-n-accordion-item-title-header'><div class=\"e-n-accordion-item-title-text\"> How long is the annual ticket valid for? <\/div><\/span>\n\t\t\t\t\t\t\t<span class='e-n-accordion-item-title-icon'>\n\t\t\t<span class='e-opened' ><i aria-hidden=\"true\" class=\"fal fa-minus\"><\/i><\/span>\n\t\t\t<span class='e-closed'><i aria-hidden=\"true\" class=\"fal fa-plus\"><\/i><\/span>\n\t\t<\/span>\n\n\t\t\t\t\t\t<\/summary>\n\t\t\t\t<div role=\"region\" aria-labelledby=\"e-n-accordion-item-2092\" class=\"elementor-element elementor-element-55608330 e-con-full e-flex e-con e-child\" data-id=\"55608330\" data-element_type=\"container\" data-e-type=\"container\">\n\t\t\t\t<div class=\"elementor-element elementor-element-1d249201 elementor-widget elementor-widget-text-editor\" data-id=\"1d249201\" data-element_type=\"widget\" data-e-type=\"widget\" data-widget_type=\"text-editor.default\">\n\t\t\t\t<div class=\"elementor-widget-container\">\n\t\t\t\t\t\t\t\t\t<p>The annual ticket is always valid for one year and must then be reapplied for. It will then be checked again whether the entitlement is due to the driving licence waiver.<\/p>\t\t\t\t\t\t\t\t<\/div>\n\t\t\t\t<\/div>\n\t\t\t\t<\/div>\n\t\t\t\t\t<\/details>\n\t\t\t\t\t\t<details id=\"e-n-accordion-item-2093\" class=\"e-n-accordion-item\" >\n\t\t\t\t<summary class=\"e-n-accordion-item-title\" data-accordion-index=\"4\" tabindex=\"-1\" aria-expanded=\"false\" aria-controls=\"e-n-accordion-item-2093\" >\n\t\t\t\t\t<span class='e-n-accordion-item-title-header'><div class=\"e-n-accordion-item-title-text\"> Where can I get more information? <\/div><\/span>\n\t\t\t\t\t\t\t<span class='e-n-accordion-item-title-icon'>\n\t\t\t<span class='e-opened' ><i aria-hidden=\"true\" class=\"fal fa-minus\"><\/i><\/span>\n\t\t\t<span class='e-closed'><i aria-hidden=\"true\" class=\"fal fa-plus\"><\/i><\/span>\n\t\t<\/span>\n\n\t\t\t\t\t\t<\/summary>\n\t\t\t\t<div role=\"region\" aria-labelledby=\"e-n-accordion-item-2093\" class=\"elementor-element elementor-element-2af423ab e-con-full e-flex e-con e-child\" data-id=\"2af423ab\" data-element_type=\"container\" data-e-type=\"container\">\n\t\t\t\t<div class=\"elementor-element elementor-element-172d670e elementor-widget elementor-widget-text-editor\" data-id=\"172d670e\" data-element_type=\"widget\" data-e-type=\"widget\" data-widget_type=\"text-editor.default\">\n\t\t\t\t<div class=\"elementor-widget-container\">\n\t\t\t\t\t\t\t\t\t<p>For comprehensive advice, please visit us in person at the Mobility Agency Wendland.Elbe during the above-mentioned opening hours. Alternatively, you can reach us during the above-mentioned opening hours by telephone on 05841 120 678 or by e-mail at <a href=\"mailto:mobilitaet@luechow-dannenberg.de\">mobilitaet@luechow-dannenberg.de<\/a>.<\/p>\t\t\t\t\t\t\t\t<\/div>\n\t\t\t\t<\/div>\n\t\t\t\t<\/div>\n\t\t\t\t\t<\/details>\n\t\t\t\t\t<\/div>\n\t\t\t\t\t\t<\/div>\n\t\t\t\t<\/div>\n\t\t\t\t<\/div>\n\t\t\t\t\t<\/div>\n\t\t\t\t<\/div>\n\t\t\t\t<\/div>","protected":false},"excerpt":{"rendered":"<p>Kostenloses \u00d6PNV-Jahresticket bei Fahrerlaubnisverzicht Ab sofort haben Menschen, die freiwillig die Fahrerlaubnis abgeben die M\u00f6glichkeit, zeitlich unbegrenzt ein Jahresticket f\u00fcr den \u00d6PNV im Geltungsbereich des Wendlandtarifs zu erhalten \u2013 so entschied es der Kreistag im vergangenen Jahr. Die Beantragung des Jahrestickets muss jedes Jahr erneut f\u00fcr das Folgejahr durchgef\u00fchrt werden. Download Antrag Jahresticket bei Fahrerlaubnisverzicht&hellip;<\/p>","protected":false},"author":2,"featured_media":66,"parent":0,"menu_order":0,"comment_status":"closed","ping_status":"closed","template":"","meta":{"footnotes":""},"class_list":["post-42790","page","type-page","status-publish","has-post-thumbnail","hentry"],"yoast_head":"<!-- This site is optimized with the Yoast SEO plugin v27.3 - https:\/\/yoast.com\/product\/yoast-seo-wordpress\/ -->\n<title>Fahrerlaubnisverzicht - Wendland Mobil<\/title>\n<meta name=\"robots\" content=\"index, follow, max-snippet:-1, max-image-preview:large, max-video-preview:-1\" \/>\n<link rel=\"canonical\" href=\"https:\/\/wendlandmobil.de\/en\/driving-licence-waiver\/\" \/>\n<meta property=\"og:locale\" content=\"en_GB\" \/>\n<meta property=\"og:type\" content=\"article\" \/>\n<meta property=\"og:title\" content=\"Fahrerlaubnisverzicht - Wendland Mobil\" \/>\n<meta property=\"og:description\" content=\"Kostenloses \u00d6PNV-Jahresticket bei Fahrerlaubnisverzicht Ab sofort haben Menschen, die freiwillig die Fahrerlaubnis abgeben die M\u00f6glichkeit, zeitlich unbegrenzt ein Jahresticket f\u00fcr den \u00d6PNV im Geltungsbereich des Wendlandtarifs zu erhalten \u2013 so entschied es der Kreistag im vergangenen Jahr. Die Beantragung des Jahrestickets muss jedes Jahr erneut f\u00fcr das Folgejahr durchgef\u00fchrt werden. Download Antrag Jahresticket bei Fahrerlaubnisverzicht&hellip;\" \/>\n<meta property=\"og:url\" content=\"https:\/\/wendlandmobil.de\/en\/driving-licence-waiver\/\" \/>\n<meta property=\"og:site_name\" content=\"Wendland Mobil\" \/>\n<meta property=\"article:publisher\" content=\"https:\/\/www.facebook.com\/MobilitaetsagenturWendlandElbe\/\" \/>\n<meta property=\"article:modified_time\" content=\"2026-01-21T12:27:39+00:00\" \/>\n<meta property=\"og:image\" content=\"https:\/\/wendlandmobil.de\/wp-content\/uploads\/0647618a065c8ed9f7ed7b8abd9a3fc7.png\" \/>\n\t<meta property=\"og:image:width\" content=\"1920\" \/>\n\t<meta property=\"og:image:height\" content=\"696\" \/>\n\t<meta property=\"og:image:type\" content=\"image\/png\" \/>\n<meta name=\"twitter:card\" content=\"summary_large_image\" \/>\n<meta name=\"twitter:label1\" content=\"Estimated reading time\" \/>\n\t<meta name=\"twitter:data1\" content=\"3 minutes\" \/>\n<script type=\"application\/ld+json\" class=\"yoast-schema-graph\">{\"@context\":\"https:\\\/\\\/schema.org\",\"@graph\":[{\"@type\":\"WebPage\",\"@id\":\"https:\\\/\\\/wendlandmobil.de\\\/fahrerlaubnisverzicht\\\/\",\"url\":\"https:\\\/\\\/wendlandmobil.de\\\/fahrerlaubnisverzicht\\\/\",\"name\":\"Fahrerlaubnisverzicht - Wendland Mobil\",\"isPartOf\":{\"@id\":\"https:\\\/\\\/wendlandmobil.de\\\/#website\"},\"primaryImageOfPage\":{\"@id\":\"https:\\\/\\\/wendlandmobil.de\\\/fahrerlaubnisverzicht\\\/#primaryimage\"},\"image\":{\"@id\":\"https:\\\/\\\/wendlandmobil.de\\\/fahrerlaubnisverzicht\\\/#primaryimage\"},\"thumbnailUrl\":\"https:\\\/\\\/wendlandmobil.de\\\/wp-content\\\/uploads\\\/0647618a065c8ed9f7ed7b8abd9a3fc7.png\",\"datePublished\":\"2024-06-03T07:33:30+00:00\",\"dateModified\":\"2026-01-21T12:27:39+00:00\",\"breadcrumb\":{\"@id\":\"https:\\\/\\\/wendlandmobil.de\\\/fahrerlaubnisverzicht\\\/#breadcrumb\"},\"inLanguage\":\"en-GB\",\"potentialAction\":[{\"@type\":\"ReadAction\",\"target\":[\"https:\\\/\\\/wendlandmobil.de\\\/fahrerlaubnisverzicht\\\/\"]}]},{\"@type\":\"ImageObject\",\"inLanguage\":\"en-GB\",\"@id\":\"https:\\\/\\\/wendlandmobil.de\\\/fahrerlaubnisverzicht\\\/#primaryimage\",\"url\":\"https:\\\/\\\/wendlandmobil.de\\\/wp-content\\\/uploads\\\/0647618a065c8ed9f7ed7b8abd9a3fc7.png\",\"contentUrl\":\"https:\\\/\\\/wendlandmobil.de\\\/wp-content\\\/uploads\\\/0647618a065c8ed9f7ed7b8abd9a3fc7.png\",\"width\":1920,\"height\":696},{\"@type\":\"BreadcrumbList\",\"@id\":\"https:\\\/\\\/wendlandmobil.de\\\/fahrerlaubnisverzicht\\\/#breadcrumb\",\"itemListElement\":[{\"@type\":\"ListItem\",\"position\":1,\"name\":\"Startseite\",\"item\":\"https:\\\/\\\/wendlandmobil.de\\\/\"},{\"@type\":\"ListItem\",\"position\":2,\"name\":\"Fahrerlaubnisverzicht\"}]},{\"@type\":\"WebSite\",\"@id\":\"https:\\\/\\\/wendlandmobil.de\\\/#website\",\"url\":\"https:\\\/\\\/wendlandmobil.de\\\/\",\"name\":\"Wendland Mobil\",\"description\":\"\",\"publisher\":{\"@id\":\"https:\\\/\\\/wendlandmobil.de\\\/#organization\"},\"potentialAction\":[{\"@type\":\"SearchAction\",\"target\":{\"@type\":\"EntryPoint\",\"urlTemplate\":\"https:\\\/\\\/wendlandmobil.de\\\/?s={search_term_string}\"},\"query-input\":{\"@type\":\"PropertyValueSpecification\",\"valueRequired\":true,\"valueName\":\"search_term_string\"}}],\"inLanguage\":\"en-GB\"},{\"@type\":\"Organization\",\"@id\":\"https:\\\/\\\/wendlandmobil.de\\\/#organization\",\"name\":\"Wendland Mobil\",\"url\":\"https:\\\/\\\/wendlandmobil.de\\\/\",\"logo\":{\"@type\":\"ImageObject\",\"inLanguage\":\"en-GB\",\"@id\":\"https:\\\/\\\/wendlandmobil.de\\\/#\\\/schema\\\/logo\\\/image\\\/\",\"url\":\"https:\\\/\\\/wendlandmobil.de\\\/wp-content\\\/uploads\\\/LogoWendland.png\",\"contentUrl\":\"https:\\\/\\\/wendlandmobil.de\\\/wp-content\\\/uploads\\\/LogoWendland.png\",\"width\":384,\"height\":81,\"caption\":\"Wendland Mobil\"},\"image\":{\"@id\":\"https:\\\/\\\/wendlandmobil.de\\\/#\\\/schema\\\/logo\\\/image\\\/\"},\"sameAs\":[\"https:\\\/\\\/www.facebook.com\\\/MobilitaetsagenturWendlandElbe\\\/\",\"https:\\\/\\\/www.instagram.com\\\/mobilimwendland\\\/\"]}]}<\/script>\n<!-- \/ Yoast SEO plugin. -->","yoast_head_json":{"title":"Driving licence waiver - Wendland Mobil","robots":{"index":"index","follow":"follow","max-snippet":"max-snippet:-1","max-image-preview":"max-image-preview:large","max-video-preview":"max-video-preview:-1"},"canonical":"https:\/\/wendlandmobil.de\/en\/driving-licence-waiver\/","og_locale":"en_GB","og_type":"article","og_title":"Fahrerlaubnisverzicht - Wendland Mobil","og_description":"Kostenloses \u00d6PNV-Jahresticket bei Fahrerlaubnisverzicht Ab sofort haben Menschen, die freiwillig die Fahrerlaubnis abgeben die M\u00f6glichkeit, zeitlich unbegrenzt ein Jahresticket f\u00fcr den \u00d6PNV im Geltungsbereich des Wendlandtarifs zu erhalten \u2013 so entschied es der Kreistag im vergangenen Jahr. Die Beantragung des Jahrestickets muss jedes Jahr erneut f\u00fcr das Folgejahr durchgef\u00fchrt werden. Download Antrag Jahresticket bei Fahrerlaubnisverzicht&hellip;","og_url":"https:\/\/wendlandmobil.de\/en\/driving-licence-waiver\/","og_site_name":"Wendland Mobil","article_publisher":"https:\/\/www.facebook.com\/MobilitaetsagenturWendlandElbe\/","article_modified_time":"2026-01-21T12:27:39+00:00","og_image":[{"width":1920,"height":696,"url":"https:\/\/wendlandmobil.de\/wp-content\/uploads\/0647618a065c8ed9f7ed7b8abd9a3fc7.png","type":"image\/png"}],"twitter_card":"summary_large_image","twitter_misc":{"Estimated reading time":"3 minutes"},"schema":{"@context":"https:\/\/schema.org","@graph":[{"@type":"WebPage","@id":"https:\/\/wendlandmobil.de\/fahrerlaubnisverzicht\/","url":"https:\/\/wendlandmobil.de\/fahrerlaubnisverzicht\/","name":"Driving licence waiver - Wendland Mobil","isPartOf":{"@id":"https:\/\/wendlandmobil.de\/#website"},"primaryImageOfPage":{"@id":"https:\/\/wendlandmobil.de\/fahrerlaubnisverzicht\/#primaryimage"},"image":{"@id":"https:\/\/wendlandmobil.de\/fahrerlaubnisverzicht\/#primaryimage"},"thumbnailUrl":"https:\/\/wendlandmobil.de\/wp-content\/uploads\/0647618a065c8ed9f7ed7b8abd9a3fc7.png","datePublished":"2024-06-03T07:33:30+00:00","dateModified":"2026-01-21T12:27:39+00:00","breadcrumb":{"@id":"https:\/\/wendlandmobil.de\/fahrerlaubnisverzicht\/#breadcrumb"},"inLanguage":"en-GB","potentialAction":[{"@type":"ReadAction","target":["https:\/\/wendlandmobil.de\/fahrerlaubnisverzicht\/"]}]},{"@type":"ImageObject","inLanguage":"en-GB","@id":"https:\/\/wendlandmobil.de\/fahrerlaubnisverzicht\/#primaryimage","url":"https:\/\/wendlandmobil.de\/wp-content\/uploads\/0647618a065c8ed9f7ed7b8abd9a3fc7.png","contentUrl":"https:\/\/wendlandmobil.de\/wp-content\/uploads\/0647618a065c8ed9f7ed7b8abd9a3fc7.png","width":1920,"height":696},{"@type":"BreadcrumbList","@id":"https:\/\/wendlandmobil.de\/fahrerlaubnisverzicht\/#breadcrumb","itemListElement":[{"@type":"ListItem","position":1,"name":"Startseite","item":"https:\/\/wendlandmobil.de\/"},{"@type":"ListItem","position":2,"name":"Fahrerlaubnisverzicht"}]},{"@type":"WebSite","@id":"https:\/\/wendlandmobil.de\/#website","url":"https:\/\/wendlandmobil.de\/","name":"Wendland Mobile","description":"","publisher":{"@id":"https:\/\/wendlandmobil.de\/#organization"},"potentialAction":[{"@type":"SearchAction","target":{"@type":"EntryPoint","urlTemplate":"https:\/\/wendlandmobil.de\/?s={search_term_string}"},"query-input":{"@type":"PropertyValueSpecification","valueRequired":true,"valueName":"search_term_string"}}],"inLanguage":"en-GB"},{"@type":"Organization","@id":"https:\/\/wendlandmobil.de\/#organization","name":"Wendland Mobile","url":"https:\/\/wendlandmobil.de\/","logo":{"@type":"ImageObject","inLanguage":"en-GB","@id":"https:\/\/wendlandmobil.de\/#\/schema\/logo\/image\/","url":"https:\/\/wendlandmobil.de\/wp-content\/uploads\/LogoWendland.png","contentUrl":"https:\/\/wendlandmobil.de\/wp-content\/uploads\/LogoWendland.png","width":384,"height":81,"caption":"Wendland Mobil"},"image":{"@id":"https:\/\/wendlandmobil.de\/#\/schema\/logo\/image\/"},"sameAs":["https:\/\/www.facebook.com\/MobilitaetsagenturWendlandElbe\/","https:\/\/www.instagram.com\/mobilimwendland\/"]}]}},"_links":{"self":[{"href":"https:\/\/wendlandmobil.de\/en\/wp-json\/wp\/v2\/pages\/42790","targetHints":{"allow":["GET"]}}],"collection":[{"href":"https:\/\/wendlandmobil.de\/en\/wp-json\/wp\/v2\/pages"}],"about":[{"href":"https:\/\/wendlandmobil.de\/en\/wp-json\/wp\/v2\/types\/page"}],"author":[{"embeddable":true,"href":"https:\/\/wendlandmobil.de\/en\/wp-json\/wp\/v2\/users\/2"}],"replies":[{"embeddable":true,"href":"https:\/\/wendlandmobil.de\/en\/wp-json\/wp\/v2\/comments?post=42790"}],"version-history":[{"count":5,"href":"https:\/\/wendlandmobil.de\/en\/wp-json\/wp\/v2\/pages\/42790\/revisions"}],"predecessor-version":[{"id":55692,"href":"https:\/\/wendlandmobil.de\/en\/wp-json\/wp\/v2\/pages\/42790\/revisions\/55692"}],"wp:featuredmedia":[{"embeddable":true,"href":"https:\/\/wendlandmobil.de\/en\/wp-json\/wp\/v2\/media\/66"}],"wp:attachment":[{"href":"https:\/\/wendlandmobil.de\/en\/wp-json\/wp\/v2\/media?parent=42790"}],"curies":[{"name":"wp","href":"https:\/\/api.w.org\/{rel}","templated":true}]}}