{"id":42022,"date":"2024-03-22T13:33:14","date_gmt":"2024-03-22T12:33:14","guid":{"rendered":"https:\/\/wendlandmobil.de\/?page_id=42022"},"modified":"2024-03-22T14:30:09","modified_gmt":"2024-03-22T13:30:09","slug":"accessibility-declaration","status":"publish","type":"page","link":"https:\/\/wendlandmobil.de\/en\/barrierefreiheitserklaerung\/","title":{"rendered":"Declaration of accessibility"},"content":{"rendered":"<div data-elementor-type=\"wp-page\" data-elementor-id=\"42022\" class=\"elementor elementor-42022\" data-elementor-post-type=\"page\">\n\t\t\t\t<div class=\"elementor-element elementor-element-a5885b1 e-flex e-con-boxed e-con e-parent\" data-id=\"a5885b1\" data-element_type=\"container\" data-e-type=\"container\">\n\t\t\t\t\t<div class=\"e-con-inner\">\n\t\t\t\t<div class=\"elementor-element elementor-element-807328f elementor-widget elementor-widget-text-editor\" data-id=\"807328f\" data-element_type=\"widget\" data-e-type=\"widget\" data-widget_type=\"text-editor.default\">\n\t\t\t\t<div class=\"elementor-widget-container\">\n\t\t\t\t\t\t\t\t\t<p>As the website operator, we endeavour to keep the website<br>in accordance with the relevant accessibility regulations. The following legal provisions apply to us: Lower Saxony Disability Equality Act (NBGG)<\/p>\n<h2>Website<\/h2>\n<p>This accessibility statement applies to the website <a href=\"https:\/\/wendlandmobil.de\/en\/\">https:\/\/wendlandmobil.de<\/a>.<\/p>\n<h3>Publication date of the website<\/h3>\n<p>This website was published on 01.03.2024.<\/p>\n<h2>Feedback and contact details<\/h2>\n<p>Have you noticed any shortcomings in the accessibility of content on our website or do you have any comments or questions about accessibility? Please contact us at :<\/p>\n<p><strong>L\u00fcchow-Dannenberg district<\/strong><br>Unit 60 Climate Protection &amp; Mobility<br>K\u00f6nigsberger Str. 10 (District House)<br>29439 L\u00fcchow (Wendland)<\/p>\n<p><a href=\"https:\/\/wendlandmobil.de\/en\/contact\/\">https:\/\/wendlandmobil.de\/kontakt<\/a><\/p>\n<h2>Status of compatibility with the requirements<\/h2>\n<p>This website is not fully compliant with the accessibility regulations that apply to us<br>compatible. In detail:<\/p>\n<h3>Incompatibility with accessibility legislation<\/h3>\n<p>The contents listed below are not or only partially compatible with the<br>relevant legal regulations on accessibility:<\/p>\n<p><b>Easy language and sign language<br><\/b>The use of plain language should be continuously reviewed and optimised. The content is generally written in understandable language. Sign language is not offered.<\/p>\n<p><b>Keyboard focus and keyboard operability<br><\/b>The keyboard focus on individual elements in the menu and in the page flow is limited. The website can generally be operated using the keyboard. The Language<br>Switcher is only partially accessible as the function is set up via an external plugin.<\/p>\n<p><b>Alternative texts for images and graphics<br><\/b>A graphic that has no informative function does not require an alternative text. Graphics without an informative function are, for example, spacers, coloured areas, patterns or purely decorative photos. Such graphics should be labelled with an empty alt attribute (alt=\"\"). In turn, alternative texts should be set for graphics and images. It cannot be ruled out that these are not shown for all graphics.<\/p>\n<p><b>High-contrast colours and typographic clarity<br><\/b>Text passages highlighted in colour make it easier for non-impaired people to read.<br>attention and indicate that this is a link or a similar function. For blind or colour-impaired visitors, however, this is not self-evident and cannot be readily understood. However, the contrast values are sufficiently high for information (text and icons) that is conveyed via colour. Brightness contrasts fulfil the specific standards.<\/p>\n<p><b>Links and PDF documents<br><\/b>The aim is to encourage visitors to the website to grasp the content and provide orientation. Links to external websites or PDFs that open in a new tab can pose a problem. Opening new windows or loading a page can impair the user's orientation. This is particularly true for blind and visually impaired people. They may not realise that the context has changed.<\/p>\n<p>On all pages, external links always open in a new window so that the person is directed to the external website so that it is possible to understand how they ended up there or how to get back to the website. Links and file formats that are made available on the website should be appropriately labelled with a reference to different file formats and should also be able to be opened and accessed without barriers.<br>The contents of the PDFs are not completely barrier-free.<\/p>\n<h3>Disproportionate burden<\/h3>\n<p><span style=\"font-size: 1.125rem; text-align: var(--text-align); background-color: var(--bs-body-bg); font-weight: var(--bs-body-font-weight);\">The following areas are implemented on the website, which contain special&nbsp;<\/span><span style=\"font-size: 1.125rem; text-align: var(--text-align); background-color: var(--bs-body-bg); font-weight: var(--bs-body-font-weight);\">technical configurations and the conversion to barrier-free use involves a considerable effort.&nbsp;<\/span><span style=\"font-size: 1.125rem; text-align: var(--text-align); background-color: var(--bs-body-bg); font-weight: var(--bs-body-font-weight);\">would require additional effort. This includes all functions that can be performed by&nbsp;<\/span><span style=\"font-size: 1.125rem; text-align: var(--text-align); background-color: var(--bs-body-bg); font-weight: var(--bs-body-font-weight);\">third-party providers have been integrated on the website.<\/span><\/p>\n<p>Examples include both a map via OpenStreetMap and the timetable information from the Bremen\/Lower Saxony Transport Association (VBN).<\/p>\n<h3>Barrier-free alternatives<\/h3>\n<p><span style=\"font-size: 1.125rem; text-align: var(--text-align); background-color: var(--bs-body-bg); font-weight: var(--bs-body-font-weight);\">For our non-accessible content we provide&nbsp;<\/span><span style=\"font-size: 1.125rem; text-align: var(--text-align); background-color: var(--bs-body-bg); font-weight: var(--bs-body-font-weight);\">The following barrier-free alternatives are available:<\/span><\/p>\n<p><ul><li>Enlargement: Text and content can be enlarged to more than 200% in order to<\/li><li>to improve readability without losing functionality.<\/li><li>The read-aloud function can be used due to a correct syntax.<\/li><li>Keyboard shortcuts help you find your way around the website.<\/li><li>Alternative access to information is offered via the navigation on the desktop and the mobile version of the website.<\/li><li>The navigation elements are consistent and support the understanding at which position <span style=\"font-size: 1.125rem; text-align: var(--text-align); background-color: var(--bs-body-bg); font-weight: var(--bs-body-font-weight);\">and which contexts can be explored.<\/span><\/li><\/ul><\/p>\n<h3>Evaluation method<\/h3>\n<p>The content was evaluated using the \"Google Lighthouse\" tool with regard to contrast values and programming backgrounds. The result of 95% indicates very good accessibility. The other criteria were checked using the recognised BITV test (https:\/\/webtest.bitvtest.de). The functionality of page elements was tested in order to determine the current state of accessibility.<\/p>\n<h2>Enforcement proceedings<\/h2>\n<p>If you believe that you have been disadvantaged by the inadequate accessibility of our website, you can contact the relevant enforcement body. You can reach them at:<\/p>\n<p>State representative for people with<br>Disabilities<br>Hannah-Arendt-Platz 2<br>30159 Hanover<\/p>\n<p>Phone: 0511 120-4007<br>Fax: 0511 120-99-4036<br>E-mail: <a href=\"mailto:Landesbeauftragte@ms.niedersachsen.de\">Landesbeauftragte@ms.niedersachsen.de<\/a><\/p>\n<h2>Preparation of this accessibility statement<\/h2>\n<p>This declaration was created on 13\/03\/2024.&nbsp;<span style=\"font-size: 1.125rem; text-align: var(--text-align); background-color: var(--bs-body-bg); font-weight: var(--bs-body-font-weight);\">The declaration was last reviewed on 22\/03\/2024.<\/span><\/p>\t\t\t\t\t\t\t\t<\/div>\n\t\t\t\t<\/div>\n\t\t\t\t\t<\/div>\n\t\t\t\t<\/div>\n\t\t\t\t<\/div>","protected":false},"excerpt":{"rendered":"<p>Wir als Websitebetreiber sind bem\u00fcht, die Website inEinklang mit den einschl\u00e4gigen Vorschriften zur Barrierefreiheit zu gestalten. F\u00fcr uns gelten folgende Rechtsvorschriften: Nieders\u00e4chsisches Behindertengleichstellungsgesetz (NBGG) Website Diese Erkl\u00e4rung zur Barrierefreiheit gilt f\u00fcr die Website https:\/\/wendlandmobil.de. Ver\u00f6ffentlichungsdatum der Website Diese Website wurde am 01.03.2024 ver\u00f6ffentlicht. Feedback und Kontaktangaben Sind Ihnen M\u00e4ngel beim barrierefreien Zugang zu Inhalten auf&hellip;<\/p>","protected":false},"author":1,"featured_media":0,"parent":0,"menu_order":0,"comment_status":"closed","ping_status":"closed","template":"","meta":{"footnotes":""},"class_list":["post-42022","page","type-page","status-publish","hentry"],"yoast_head":"<!-- This site is optimized with the Yoast SEO plugin v27.3 - https:\/\/yoast.com\/product\/yoast-seo-wordpress\/ -->\n<title>Barrierefreiheitserkl\u00e4rung - Wendland Mobil<\/title>\n<meta name=\"robots\" content=\"index, follow, max-snippet:-1, max-image-preview:large, max-video-preview:-1\" \/>\n<link rel=\"canonical\" href=\"https:\/\/wendlandmobil.de\/en\/accessibility-declaration\/\" \/>\n<meta property=\"og:locale\" content=\"en_GB\" \/>\n<meta property=\"og:type\" content=\"article\" \/>\n<meta property=\"og:title\" content=\"Barrierefreiheitserkl\u00e4rung - Wendland Mobil\" \/>\n<meta property=\"og:description\" content=\"Wir als Websitebetreiber sind bem\u00fcht, die Website inEinklang mit den einschl\u00e4gigen Vorschriften zur Barrierefreiheit zu gestalten. F\u00fcr uns gelten folgende Rechtsvorschriften: Nieders\u00e4chsisches Behindertengleichstellungsgesetz (NBGG) Website Diese Erkl\u00e4rung zur Barrierefreiheit gilt f\u00fcr die Website https:\/\/wendlandmobil.de. Ver\u00f6ffentlichungsdatum der Website Diese Website wurde am 01.03.2024 ver\u00f6ffentlicht. Feedback und Kontaktangaben Sind Ihnen M\u00e4ngel beim barrierefreien Zugang zu Inhalten auf&hellip;\" \/>\n<meta property=\"og:url\" content=\"https:\/\/wendlandmobil.de\/en\/accessibility-declaration\/\" \/>\n<meta property=\"og:site_name\" content=\"Wendland Mobil\" \/>\n<meta property=\"article:publisher\" content=\"https:\/\/www.facebook.com\/MobilitaetsagenturWendlandElbe\/\" \/>\n<meta property=\"article:modified_time\" content=\"2024-03-22T13:30:09+00:00\" \/>\n<meta name=\"twitter:card\" content=\"summary_large_image\" \/>\n<meta name=\"twitter:label1\" content=\"Estimated reading time\" \/>\n\t<meta name=\"twitter:data1\" content=\"5 minutes\" \/>\n<script type=\"application\/ld+json\" class=\"yoast-schema-graph\">{\"@context\":\"https:\\\/\\\/schema.org\",\"@graph\":[{\"@type\":\"WebPage\",\"@id\":\"https:\\\/\\\/wendlandmobil.de\\\/barrierefreiheitserklaerung\\\/\",\"url\":\"https:\\\/\\\/wendlandmobil.de\\\/barrierefreiheitserklaerung\\\/\",\"name\":\"Barrierefreiheitserkl\u00e4rung - Wendland Mobil\",\"isPartOf\":{\"@id\":\"https:\\\/\\\/wendlandmobil.de\\\/#website\"},\"datePublished\":\"2024-03-22T12:33:14+00:00\",\"dateModified\":\"2024-03-22T13:30:09+00:00\",\"breadcrumb\":{\"@id\":\"https:\\\/\\\/wendlandmobil.de\\\/barrierefreiheitserklaerung\\\/#breadcrumb\"},\"inLanguage\":\"en-GB\",\"potentialAction\":[{\"@type\":\"ReadAction\",\"target\":[\"https:\\\/\\\/wendlandmobil.de\\\/barrierefreiheitserklaerung\\\/\"]}]},{\"@type\":\"BreadcrumbList\",\"@id\":\"https:\\\/\\\/wendlandmobil.de\\\/barrierefreiheitserklaerung\\\/#breadcrumb\",\"itemListElement\":[{\"@type\":\"ListItem\",\"position\":1,\"name\":\"Startseite\",\"item\":\"https:\\\/\\\/wendlandmobil.de\\\/\"},{\"@type\":\"ListItem\",\"position\":2,\"name\":\"Barrierefreiheitserkl\u00e4rung\"}]},{\"@type\":\"WebSite\",\"@id\":\"https:\\\/\\\/wendlandmobil.de\\\/#website\",\"url\":\"https:\\\/\\\/wendlandmobil.de\\\/\",\"name\":\"Wendland Mobil\",\"description\":\"\",\"publisher\":{\"@id\":\"https:\\\/\\\/wendlandmobil.de\\\/#organization\"},\"potentialAction\":[{\"@type\":\"SearchAction\",\"target\":{\"@type\":\"EntryPoint\",\"urlTemplate\":\"https:\\\/\\\/wendlandmobil.de\\\/?s={search_term_string}\"},\"query-input\":{\"@type\":\"PropertyValueSpecification\",\"valueRequired\":true,\"valueName\":\"search_term_string\"}}],\"inLanguage\":\"en-GB\"},{\"@type\":\"Organization\",\"@id\":\"https:\\\/\\\/wendlandmobil.de\\\/#organization\",\"name\":\"Wendland Mobil\",\"url\":\"https:\\\/\\\/wendlandmobil.de\\\/\",\"logo\":{\"@type\":\"ImageObject\",\"inLanguage\":\"en-GB\",\"@id\":\"https:\\\/\\\/wendlandmobil.de\\\/#\\\/schema\\\/logo\\\/image\\\/\",\"url\":\"https:\\\/\\\/wendlandmobil.de\\\/wp-content\\\/uploads\\\/LogoWendland.png\",\"contentUrl\":\"https:\\\/\\\/wendlandmobil.de\\\/wp-content\\\/uploads\\\/LogoWendland.png\",\"width\":384,\"height\":81,\"caption\":\"Wendland Mobil\"},\"image\":{\"@id\":\"https:\\\/\\\/wendlandmobil.de\\\/#\\\/schema\\\/logo\\\/image\\\/\"},\"sameAs\":[\"https:\\\/\\\/www.facebook.com\\\/MobilitaetsagenturWendlandElbe\\\/\",\"https:\\\/\\\/www.instagram.com\\\/mobilimwendland\\\/\"]}]}<\/script>\n<!-- \/ Yoast SEO plugin. -->","yoast_head_json":{"title":"Declaration of accessibility - Wendland Mobil","robots":{"index":"index","follow":"follow","max-snippet":"max-snippet:-1","max-image-preview":"max-image-preview:large","max-video-preview":"max-video-preview:-1"},"canonical":"https:\/\/wendlandmobil.de\/en\/accessibility-declaration\/","og_locale":"en_GB","og_type":"article","og_title":"Barrierefreiheitserkl\u00e4rung - Wendland Mobil","og_description":"Wir als Websitebetreiber sind bem\u00fcht, die Website inEinklang mit den einschl\u00e4gigen Vorschriften zur Barrierefreiheit zu gestalten. F\u00fcr uns gelten folgende Rechtsvorschriften: Nieders\u00e4chsisches Behindertengleichstellungsgesetz (NBGG) Website Diese Erkl\u00e4rung zur Barrierefreiheit gilt f\u00fcr die Website https:\/\/wendlandmobil.de. Ver\u00f6ffentlichungsdatum der Website Diese Website wurde am 01.03.2024 ver\u00f6ffentlicht. Feedback und Kontaktangaben Sind Ihnen M\u00e4ngel beim barrierefreien Zugang zu Inhalten auf&hellip;","og_url":"https:\/\/wendlandmobil.de\/en\/accessibility-declaration\/","og_site_name":"Wendland Mobil","article_publisher":"https:\/\/www.facebook.com\/MobilitaetsagenturWendlandElbe\/","article_modified_time":"2024-03-22T13:30:09+00:00","twitter_card":"summary_large_image","twitter_misc":{"Estimated reading time":"5 minutes"},"schema":{"@context":"https:\/\/schema.org","@graph":[{"@type":"WebPage","@id":"https:\/\/wendlandmobil.de\/barrierefreiheitserklaerung\/","url":"https:\/\/wendlandmobil.de\/barrierefreiheitserklaerung\/","name":"Declaration of accessibility - Wendland Mobil","isPartOf":{"@id":"https:\/\/wendlandmobil.de\/#website"},"datePublished":"2024-03-22T12:33:14+00:00","dateModified":"2024-03-22T13:30:09+00:00","breadcrumb":{"@id":"https:\/\/wendlandmobil.de\/barrierefreiheitserklaerung\/#breadcrumb"},"inLanguage":"en-GB","potentialAction":[{"@type":"ReadAction","target":["https:\/\/wendlandmobil.de\/barrierefreiheitserklaerung\/"]}]},{"@type":"BreadcrumbList","@id":"https:\/\/wendlandmobil.de\/barrierefreiheitserklaerung\/#breadcrumb","itemListElement":[{"@type":"ListItem","position":1,"name":"Startseite","item":"https:\/\/wendlandmobil.de\/"},{"@type":"ListItem","position":2,"name":"Barrierefreiheitserkl\u00e4rung"}]},{"@type":"WebSite","@id":"https:\/\/wendlandmobil.de\/#website","url":"https:\/\/wendlandmobil.de\/","name":"Wendland Mobile","description":"","publisher":{"@id":"https:\/\/wendlandmobil.de\/#organization"},"potentialAction":[{"@type":"SearchAction","target":{"@type":"EntryPoint","urlTemplate":"https:\/\/wendlandmobil.de\/?s={search_term_string}"},"query-input":{"@type":"PropertyValueSpecification","valueRequired":true,"valueName":"search_term_string"}}],"inLanguage":"en-GB"},{"@type":"Organization","@id":"https:\/\/wendlandmobil.de\/#organization","name":"Wendland Mobile","url":"https:\/\/wendlandmobil.de\/","logo":{"@type":"ImageObject","inLanguage":"en-GB","@id":"https:\/\/wendlandmobil.de\/#\/schema\/logo\/image\/","url":"https:\/\/wendlandmobil.de\/wp-content\/uploads\/LogoWendland.png","contentUrl":"https:\/\/wendlandmobil.de\/wp-content\/uploads\/LogoWendland.png","width":384,"height":81,"caption":"Wendland Mobil"},"image":{"@id":"https:\/\/wendlandmobil.de\/#\/schema\/logo\/image\/"},"sameAs":["https:\/\/www.facebook.com\/MobilitaetsagenturWendlandElbe\/","https:\/\/www.instagram.com\/mobilimwendland\/"]}]}},"_links":{"self":[{"href":"https:\/\/wendlandmobil.de\/en\/wp-json\/wp\/v2\/pages\/42022","targetHints":{"allow":["GET"]}}],"collection":[{"href":"https:\/\/wendlandmobil.de\/en\/wp-json\/wp\/v2\/pages"}],"about":[{"href":"https:\/\/wendlandmobil.de\/en\/wp-json\/wp\/v2\/types\/page"}],"author":[{"embeddable":true,"href":"https:\/\/wendlandmobil.de\/en\/wp-json\/wp\/v2\/users\/1"}],"replies":[{"embeddable":true,"href":"https:\/\/wendlandmobil.de\/en\/wp-json\/wp\/v2\/comments?post=42022"}],"version-history":[{"count":5,"href":"https:\/\/wendlandmobil.de\/en\/wp-json\/wp\/v2\/pages\/42022\/revisions"}],"predecessor-version":[{"id":42039,"href":"https:\/\/wendlandmobil.de\/en\/wp-json\/wp\/v2\/pages\/42022\/revisions\/42039"}],"wp:attachment":[{"href":"https:\/\/wendlandmobil.de\/en\/wp-json\/wp\/v2\/media?parent=42022"}],"curies":[{"name":"wp","href":"https:\/\/api.w.org\/{rel}","templated":true}]}}