{"id":40675,"date":"2024-02-19T15:36:24","date_gmt":"2024-02-19T14:36:24","guid":{"rendered":"https:\/\/wendlandmobil.de\/?page_id=40675"},"modified":"2024-03-12T12:38:34","modified_gmt":"2024-03-12T11:38:34","slug":"find-a-lift-via-app","status":"publish","type":"page","link":"https:\/\/wendlandmobil.de\/en\/mobilitaetsangebote\/mitfahrt-finden-per-app\/","title":{"rendered":"Find a lift via app"},"content":{"rendered":"<div data-elementor-type=\"wp-page\" data-elementor-id=\"40675\" class=\"elementor elementor-40675\" data-elementor-post-type=\"page\">\n\t\t\t\t<div class=\"elementor-element elementor-element-d389747 e-flex e-con-boxed e-con e-parent\" data-id=\"d389747\" data-element_type=\"container\" data-e-type=\"container\">\n\t\t\t\t\t<div class=\"e-con-inner\">\n\t\t\t\t<div class=\"elementor-element elementor-element-6a52e89 elementor-widget elementor-widget-heading\" data-id=\"6a52e89\" data-element_type=\"widget\" data-e-type=\"widget\" data-widget_type=\"heading.default\">\n\t\t\t\t<div class=\"elementor-widget-container\">\n\t\t\t\t\t<h2 class=\"elementor-heading-title elementor-size-default\">The ride-sharing app is here!<\/h2>\t\t\t\t<\/div>\n\t\t\t\t<\/div>\n\t\t\t\t<div class=\"elementor-element elementor-element-5d90197 elementor-widget elementor-widget-text-editor\" data-id=\"5d90197\" data-element_type=\"widget\" data-e-type=\"widget\" data-widget_type=\"text-editor.default\">\n\t\t\t\t<div class=\"elementor-widget-container\">\n\t\t\t\t\t\t\t\t\t<p><strong>Mitfahren-dan.de - The new carpooling platform for L\u00fcchow-Dannenberg!<\/strong><\/p><p>As part of the Mobility Agency project, the funding was used to create a <b>Carpooling module<\/b> where citizens can register and search for and offer rides.<\/p><p>Based on the desktop version for computers, a native app for Android and iOS devices was also programmed. This maps the contents of the carpooling module and additionally offers the option of so-called push messages that inform about suitable carpooling offers or requests.<\/p><p>Special boarding points are the <b>Carpool benches<\/b>, the project from the joint municipality of Gartow, are integrated into the app and can be used to get on and off the bus.<\/p><p><strong>The app offers the ideal platform for carpooling to work, join in and help avoid unnecessary journeys and save CO2!<\/strong><\/p>\t\t\t\t\t\t\t\t<\/div>\n\t\t\t\t<\/div>\n\t\t\t\t<div class=\"elementor-element elementor-element-a1ee02a elementor-align-left elementor-widget elementor-widget-button\" data-id=\"a1ee02a\" data-element_type=\"widget\" data-e-type=\"widget\" data-widget_type=\"button.default\">\n\t\t\t\t<div class=\"elementor-widget-container\">\n\t\t\t\t\t\t\t\t\t<div class=\"elementor-button-wrapper\">\n\t\t\t\t\t<a class=\"elementor-button elementor-button-link elementor-size-md\" href=\"https:\/\/www.mitfahren-dan.de\" target=\"_blank\">\n\t\t\t\t\t\t<span class=\"elementor-button-content-wrapper\">\n\t\t\t\t\t\t\t\t\t<span class=\"elementor-button-text\">To the carpooling portal!<\/span>\n\t\t\t\t\t<\/span>\n\t\t\t\t\t<\/a>\n\t\t\t\t<\/div>\n\t\t\t\t\t\t\t\t<\/div>\n\t\t\t\t<\/div>\n\t\t\t\t<div class=\"elementor-element elementor-element-fe66033 elementor-widget elementor-widget-image\" data-id=\"fe66033\" data-element_type=\"widget\" data-e-type=\"widget\" data-widget_type=\"image.default\">\n\t\t\t\t<div class=\"elementor-widget-container\">\n\t\t\t\t\t\t\t\t\t\t\t\t\t\t\t<img fetchpriority=\"high\" decoding=\"async\" width=\"1024\" height=\"683\" src=\"https:\/\/wendlandmobil.de\/wp-content\/uploads\/Depositphotos_566459122_XL-2-1024x683.jpg\" class=\"attachment-large size-large wp-image-40758\" alt=\"\" srcset=\"https:\/\/wendlandmobil.de\/wp-content\/uploads\/Depositphotos_566459122_XL-2-1024x683.jpg 1024w, https:\/\/wendlandmobil.de\/wp-content\/uploads\/Depositphotos_566459122_XL-2-512x341.jpg 512w, https:\/\/wendlandmobil.de\/wp-content\/uploads\/Depositphotos_566459122_XL-2-768x512.jpg 768w, https:\/\/wendlandmobil.de\/wp-content\/uploads\/Depositphotos_566459122_XL-2-1536x1024.jpg 1536w, https:\/\/wendlandmobil.de\/wp-content\/uploads\/Depositphotos_566459122_XL-2-2048x1366.jpg 2048w, https:\/\/wendlandmobil.de\/wp-content\/uploads\/Depositphotos_566459122_XL-2-18x12.jpg 18w, https:\/\/wendlandmobil.de\/wp-content\/uploads\/Depositphotos_566459122_XL-2-600x400.jpg 600w\" sizes=\"(max-width: 1024px) 100vw, 1024px\" \/>\t\t\t\t\t\t\t\t\t\t\t\t\t\t\t<\/div>\n\t\t\t\t<\/div>\n\t\t\t\t\t<\/div>\n\t\t\t\t<\/div>\n\t\t<div class=\"elementor-element elementor-element-051ccbb e-flex e-con-boxed e-con e-parent\" data-id=\"051ccbb\" data-element_type=\"container\" data-e-type=\"container\">\n\t\t\t\t\t<div class=\"e-con-inner\">\n\t\t\t\t<div class=\"elementor-element elementor-element-b136d99 elementor-widget elementor-widget-spacer\" data-id=\"b136d99\" data-element_type=\"widget\" data-e-type=\"widget\" data-widget_type=\"spacer.default\">\n\t\t\t\t<div class=\"elementor-widget-container\">\n\t\t\t\t\t\t\t<div class=\"elementor-spacer\">\n\t\t\t<div class=\"elementor-spacer-inner\"><\/div>\n\t\t<\/div>\n\t\t\t\t\t\t<\/div>\n\t\t\t\t<\/div>\n\t\t\t\t<div class=\"elementor-element elementor-element-4e8eabe elementor-widget elementor-widget-accordion\" data-id=\"4e8eabe\" data-element_type=\"widget\" data-e-type=\"widget\" data-widget_type=\"accordion.default\">\n\t\t\t\t<div class=\"elementor-widget-container\">\n\t\t\t\t\t\t\t<div class=\"elementor-accordion\">\n\t\t\t\t\t\t\t<div class=\"elementor-accordion-item\">\n\t\t\t\t\t<div id=\"elementor-tab-title-8231\" class=\"elementor-tab-title\" data-tab=\"1\" role=\"button\" aria-controls=\"elementor-tab-content-8231\" aria-expanded=\"false\">\n\t\t\t\t\t\t\t\t\t\t\t\t\t<span class=\"elementor-accordion-icon elementor-accordion-icon-right\" aria-hidden=\"true\">\n\t\t\t\t\t\t\t\t\t\t\t\t\t\t\t<span class=\"elementor-accordion-icon-closed\"><i class=\"fal fa-plus\"><\/i><\/span>\n\t\t\t\t\t\t\t\t<span class=\"elementor-accordion-icon-opened\"><i class=\"fal fa-minus\"><\/i><\/span>\n\t\t\t\t\t\t\t\t\t\t\t\t\t\t<\/span>\n\t\t\t\t\t\t\t\t\t\t\t\t<a class=\"elementor-accordion-title\" tabindex=\"0\">How does it work?<\/a>\n\t\t\t\t\t<\/div>\n\t\t\t\t\t<div id=\"elementor-tab-content-8231\" class=\"elementor-tab-content elementor-clearfix\" data-tab=\"1\" role=\"region\" aria-labelledby=\"elementor-tab-title-8231\"><p><strong>Ride-dan.de <\/strong>works similarly to the widely used carpooling website \"BlablaCar\", but is mainly intended to be used for everyday journeys but also for carpooling to special events in the district. Nevertheless, in principle, requests and offers for rides to anywhere in Germany are possible. The success of Mitfahrapp stands and falls with its users, i.e. the citizens of L\u00fcchow-Dannenberg. The more people there actually share their journeys and offer rides, the greater the offer for those who are dependent on transport options like this or who like to use it as an alternative to their own car or public transport, which may not be conveniently timed at the time.<\/p><p><strong><em>Variant 1: Login and use via the web browser<\/em><\/strong><\/p><ul><li>At <a href=\"http:\/\/www.mitfahren-dan.de\">ride-dan.com<\/a> and select \"register\" in the menu. As soon as your own profile has been created, journeys can be set.<\/li><li>If you have the opportunity, show your identity card at the pavilion at L\u00fcchow bus station and have your account verified for even more security.<\/li><li>Use \"Offer a ride\" to post your rides and wait for passengers.<\/li><\/ul><p><strong><em>Variant 2: Registration and use via the app<\/em><\/strong><\/p><ul><li>Open your App Store or Google Play Store on your smartphone.<\/li><li>Search for \"Mitfahren DAN\" and install the app.<\/li><li>Open the app and go to \"register\" in the menu.<\/li><li>Afterwards, the process continues as with variant 1 and journeys can be set.<\/li><\/ul><p>\u00a0<\/p><p>All currently posted rides appear under \"Find ride\" or the magnifying glass icon in the app. Click on the button \"Book a ride\" to request a ride from the driver.<\/p><p>In the app's own profile, further special characteristics can be specified that might be important for the journey - including, for example, whether smoking is permitted.<\/p><\/div>\n\t\t\t\t<\/div>\n\t\t\t\t\t\t\t<div class=\"elementor-accordion-item\">\n\t\t\t\t\t<div id=\"elementor-tab-title-8232\" class=\"elementor-tab-title\" data-tab=\"2\" role=\"button\" aria-controls=\"elementor-tab-content-8232\" aria-expanded=\"false\">\n\t\t\t\t\t\t\t\t\t\t\t\t\t<span class=\"elementor-accordion-icon elementor-accordion-icon-right\" aria-hidden=\"true\">\n\t\t\t\t\t\t\t\t\t\t\t\t\t\t\t<span class=\"elementor-accordion-icon-closed\"><i class=\"fal fa-plus\"><\/i><\/span>\n\t\t\t\t\t\t\t\t<span class=\"elementor-accordion-icon-opened\"><i class=\"fal fa-minus\"><\/i><\/span>\n\t\t\t\t\t\t\t\t\t\t\t\t\t\t<\/span>\n\t\t\t\t\t\t\t\t\t\t\t\t<a class=\"elementor-accordion-title\" tabindex=\"0\">How secure is the app?<\/a>\n\t\t\t\t\t<\/div>\n\t\t\t\t\t<div id=\"elementor-tab-content-8232\" class=\"elementor-tab-content elementor-clearfix\" data-tab=\"2\" role=\"region\" aria-labelledby=\"elementor-tab-title-8232\"><p>In order to increase the security for passengers a little, it is possible to have one's profile verified and to have a green tick displayed. You can do this by going to the Mobility Agency pavilion at the L\u00fcchow bus station and showing your ID card. The staff of the Mobility Agency will then activate the verification.<\/p><\/div>\n\t\t\t\t<\/div>\n\t\t\t\t\t\t\t<div class=\"elementor-accordion-item\">\n\t\t\t\t\t<div id=\"elementor-tab-title-8233\" class=\"elementor-tab-title\" data-tab=\"3\" role=\"button\" aria-controls=\"elementor-tab-content-8233\" aria-expanded=\"false\">\n\t\t\t\t\t\t\t\t\t\t\t\t\t<span class=\"elementor-accordion-icon elementor-accordion-icon-right\" aria-hidden=\"true\">\n\t\t\t\t\t\t\t\t\t\t\t\t\t\t\t<span class=\"elementor-accordion-icon-closed\"><i class=\"fal fa-plus\"><\/i><\/span>\n\t\t\t\t\t\t\t\t<span class=\"elementor-accordion-icon-opened\"><i class=\"fal fa-minus\"><\/i><\/span>\n\t\t\t\t\t\t\t\t\t\t\t\t\t\t<\/span>\n\t\t\t\t\t\t\t\t\t\t\t\t<a class=\"elementor-accordion-title\" tabindex=\"0\">FAQ about the Mitfahrapp<\/a>\n\t\t\t\t\t<\/div>\n\t\t\t\t\t<div id=\"elementor-tab-content-8233\" class=\"elementor-tab-content elementor-clearfix\" data-tab=\"3\" role=\"region\" aria-labelledby=\"elementor-tab-title-8233\"><p>Frequently asked questions about the ride-sharing app can be found here: <a href=\"https:\/\/mitfahren-dan.de\/faq\" target=\"_blank\" rel=\"noopener\">https:\/\/mitfahren-dan.de\/faq<\/a>.<\/p><p>Further questions? Feel free to send us an email at: <a href=\"mailto:mobilitaet@luechow-dannenberg.de\">mobilitaet@luechow-dannenberg.de<\/a>!<\/p><\/div>\n\t\t\t\t<\/div>\n\t\t\t\t\t\t\t\t<\/div>\n\t\t\t\t\t\t<\/div>\n\t\t\t\t<\/div>\n\t\t\t\t\t<\/div>\n\t\t\t\t<\/div>\n\t\t<div class=\"elementor-element elementor-element-c28a881 e-flex e-con-boxed e-con e-parent\" data-id=\"c28a881\" data-element_type=\"container\" data-e-type=\"container\">\n\t\t\t\t\t<div class=\"e-con-inner\">\n\t\t\t\t<div class=\"elementor-element elementor-element-2d2de0c elementor-widget elementor-widget-spacer\" data-id=\"2d2de0c\" data-element_type=\"widget\" data-e-type=\"widget\" data-widget_type=\"spacer.default\">\n\t\t\t\t<div class=\"elementor-widget-container\">\n\t\t\t\t\t\t\t<div class=\"elementor-spacer\">\n\t\t\t<div class=\"elementor-spacer-inner\"><\/div>\n\t\t<\/div>\n\t\t\t\t\t\t<\/div>\n\t\t\t\t<\/div>\n\t\t\t\t<div class=\"elementor-element elementor-element-78cb94a elementor-widget elementor-widget-text-editor\" data-id=\"78cb94a\" data-element_type=\"widget\" data-e-type=\"widget\" data-widget_type=\"text-editor.default\">\n\t\t\t\t<div class=\"elementor-widget-container\">\n\t\t\t\t\t\t\t\t\t<h3 id=\"cc-m-header-8040892054\"><strong>To the app download:<\/strong><\/h3><p><a title=\"https:\/\/apps.apple.com\/de\/app\/mobilityhq\/id1496613005\" href=\"https:\/\/apps.apple.com\/de\/app\/mitfahren-dan\/id1645881570\" target=\"_blank\" rel=\"noopener\"><strong>Download for Apple users<\/strong><\/a><\/p>\t\t\t\t\t\t\t\t<\/div>\n\t\t\t\t<\/div>\n\t\t\t\t<div class=\"elementor-element elementor-element-d44d5b3 elementor-widget elementor-widget-image\" data-id=\"d44d5b3\" data-element_type=\"widget\" data-e-type=\"widget\" data-widget_type=\"image.default\">\n\t\t\t\t<div class=\"elementor-widget-container\">\n\t\t\t\t\t\t\t\t\t\t\t\t\t\t\t\t<a href=\"https:\/\/apps.apple.com\/de\/app\/mitfahren-dan\/id1645881570\" target=\"_blank\">\n\t\t\t\t\t\t\t<img decoding=\"async\" width=\"254\" height=\"93\" src=\"https:\/\/wendlandmobil.de\/wp-content\/uploads\/2-1-2.png\" class=\"attachment-large size-large wp-image-40759\" alt=\"\" srcset=\"https:\/\/wendlandmobil.de\/wp-content\/uploads\/2-1-2.png 254w, https:\/\/wendlandmobil.de\/wp-content\/uploads\/2-1-2-18x7.png 18w\" sizes=\"(max-width: 254px) 100vw, 254px\" \/>\t\t\t\t\t\t\t\t<\/a>\n\t\t\t\t\t\t\t\t\t\t\t\t\t\t\t<\/div>\n\t\t\t\t<\/div>\n\t\t\t\t<div class=\"elementor-element elementor-element-cecf5db elementor-widget elementor-widget-text-editor\" data-id=\"cecf5db\" data-element_type=\"widget\" data-e-type=\"widget\" data-widget_type=\"text-editor.default\">\n\t\t\t\t<div class=\"elementor-widget-container\">\n\t\t\t\t\t\t\t\t\t<p><a title=\"https:\/\/play.google.com\/store\/apps\/details?id=com.mobilityhq.mobilityhq&amp;hl=de\" href=\"https:\/\/play.google.com\/store\/apps\/details?id=com.devlabor.app_mitfahrapp\" target=\"_blank\" rel=\"noopener\"><strong>Download for Android users<\/strong><\/a><\/p>\t\t\t\t\t\t\t\t<\/div>\n\t\t\t\t<\/div>\n\t\t\t\t<div class=\"elementor-element elementor-element-c051d4b elementor-widget elementor-widget-image\" data-id=\"c051d4b\" data-element_type=\"widget\" data-e-type=\"widget\" data-widget_type=\"image.default\">\n\t\t\t\t<div class=\"elementor-widget-container\">\n\t\t\t\t\t\t\t\t\t\t\t\t\t\t\t\t<a href=\"https:\/\/play.google.com\/store\/apps\/details?id=com.devlabor.app_mitfahrapp\" target=\"_blank\">\n\t\t\t\t\t\t\t<img decoding=\"async\" width=\"256\" height=\"90\" src=\"https:\/\/wendlandmobil.de\/wp-content\/uploads\/image-256x90-1-2.png\" class=\"attachment-large size-large wp-image-40760\" alt=\"\" srcset=\"https:\/\/wendlandmobil.de\/wp-content\/uploads\/image-256x90-1-2.png 256w, https:\/\/wendlandmobil.de\/wp-content\/uploads\/image-256x90-1-2-18x6.png 18w\" sizes=\"(max-width: 256px) 100vw, 256px\" \/>\t\t\t\t\t\t\t\t<\/a>\n\t\t\t\t\t\t\t\t\t\t\t\t\t\t\t<\/div>\n\t\t\t\t<\/div>\n\t\t\t\t<div class=\"elementor-element elementor-element-1190cd5 elementor-widget elementor-widget-spacer\" data-id=\"1190cd5\" data-element_type=\"widget\" data-e-type=\"widget\" data-widget_type=\"spacer.default\">\n\t\t\t\t<div class=\"elementor-widget-container\">\n\t\t\t\t\t\t\t<div class=\"elementor-spacer\">\n\t\t\t<div class=\"elementor-spacer-inner\"><\/div>\n\t\t<\/div>\n\t\t\t\t\t\t<\/div>\n\t\t\t\t<\/div>\n\t\t\t\t\t<\/div>\n\t\t\t\t<\/div>\n\t\t\t\t<\/div>","protected":false},"excerpt":{"rendered":"<p>The ride-sharing app is here! Mitfahren-dan.de - The new car-sharing platform for L\u00fcchow-Dannenberg! As part of the Mobility Agency project, funding was used to develop a ride-sharing module in which citizens can register and search for and offer rides. Based on the desktop version for computers, a native app for Android and iOS devices was also programmed. The app displays the contents...<\/p>","protected":false},"author":1,"featured_media":41818,"parent":40467,"menu_order":0,"comment_status":"closed","ping_status":"closed","template":"","meta":{"footnotes":""},"class_list":["post-40675","page","type-page","status-publish","has-post-thumbnail","hentry"],"yoast_head":"<!-- This site is optimized with the Yoast SEO plugin v27.3 - https:\/\/yoast.com\/product\/yoast-seo-wordpress\/ -->\n<title>Mitfahrt finden per App - Wendland Mobil<\/title>\n<meta name=\"robots\" content=\"index, follow, max-snippet:-1, max-image-preview:large, max-video-preview:-1\" \/>\n<link rel=\"canonical\" href=\"https:\/\/wendlandmobil.de\/en\/mobility-offers\/find-a-lift-via-app\/\" \/>\n<meta property=\"og:locale\" content=\"en_GB\" \/>\n<meta property=\"og:type\" content=\"article\" \/>\n<meta property=\"og:title\" content=\"Mitfahrt finden per App - Wendland Mobil\" \/>\n<meta property=\"og:description\" content=\"Die Mitfahr-App ist da! Mitfahren-dan.de \u2013 Die neue Mitfahrplattform f\u00fcr L\u00fcchow-Dannenberg! Im Rahmen des Projektes Mobilit\u00e4tsagentur wurde mit den F\u00f6rdergeldern ein Mitfahrmodul entwickelt, in dem sich B\u00fcrger:innen registrieren und Mitfahrten suchen sowie anbieten k\u00f6nnen. Auf Basis der Desktop-Version f\u00fcr Computer wurde auch eine native App f\u00fcr Android und iOS Ger\u00e4te programmiert. Diese bildet die Inhalte&hellip;\" \/>\n<meta property=\"og:url\" content=\"https:\/\/wendlandmobil.de\/en\/mobility-offers\/find-a-lift-via-app\/\" \/>\n<meta property=\"og:site_name\" content=\"Wendland Mobil\" \/>\n<meta property=\"article:publisher\" content=\"https:\/\/www.facebook.com\/MobilitaetsagenturWendlandElbe\/\" \/>\n<meta property=\"article:modified_time\" content=\"2024-03-12T11:38:34+00:00\" \/>\n<meta property=\"og:image\" content=\"https:\/\/wendlandmobil.de\/wp-content\/uploads\/header-mifahrapp.png\" \/>\n\t<meta property=\"og:image:width\" content=\"1920\" \/>\n\t<meta property=\"og:image:height\" content=\"600\" \/>\n\t<meta property=\"og:image:type\" content=\"image\/png\" \/>\n<meta name=\"twitter:card\" content=\"summary_large_image\" \/>\n<meta name=\"twitter:label1\" content=\"Estimated reading time\" \/>\n\t<meta name=\"twitter:data1\" content=\"4 minutes\" \/>\n<script type=\"application\/ld+json\" class=\"yoast-schema-graph\">{\"@context\":\"https:\\\/\\\/schema.org\",\"@graph\":[{\"@type\":\"WebPage\",\"@id\":\"https:\\\/\\\/wendlandmobil.de\\\/mobilitaetsangebote\\\/mitfahrt-finden-per-app\\\/\",\"url\":\"https:\\\/\\\/wendlandmobil.de\\\/mobilitaetsangebote\\\/mitfahrt-finden-per-app\\\/\",\"name\":\"Mitfahrt finden per App - Wendland Mobil\",\"isPartOf\":{\"@id\":\"https:\\\/\\\/wendlandmobil.de\\\/#website\"},\"primaryImageOfPage\":{\"@id\":\"https:\\\/\\\/wendlandmobil.de\\\/mobilitaetsangebote\\\/mitfahrt-finden-per-app\\\/#primaryimage\"},\"image\":{\"@id\":\"https:\\\/\\\/wendlandmobil.de\\\/mobilitaetsangebote\\\/mitfahrt-finden-per-app\\\/#primaryimage\"},\"thumbnailUrl\":\"https:\\\/\\\/wendlandmobil.de\\\/wp-content\\\/uploads\\\/header-mifahrapp.png\",\"datePublished\":\"2024-02-19T14:36:24+00:00\",\"dateModified\":\"2024-03-12T11:38:34+00:00\",\"breadcrumb\":{\"@id\":\"https:\\\/\\\/wendlandmobil.de\\\/mobilitaetsangebote\\\/mitfahrt-finden-per-app\\\/#breadcrumb\"},\"inLanguage\":\"en-GB\",\"potentialAction\":[{\"@type\":\"ReadAction\",\"target\":[\"https:\\\/\\\/wendlandmobil.de\\\/mobilitaetsangebote\\\/mitfahrt-finden-per-app\\\/\"]}]},{\"@type\":\"ImageObject\",\"inLanguage\":\"en-GB\",\"@id\":\"https:\\\/\\\/wendlandmobil.de\\\/mobilitaetsangebote\\\/mitfahrt-finden-per-app\\\/#primaryimage\",\"url\":\"https:\\\/\\\/wendlandmobil.de\\\/wp-content\\\/uploads\\\/header-mifahrapp.png\",\"contentUrl\":\"https:\\\/\\\/wendlandmobil.de\\\/wp-content\\\/uploads\\\/header-mifahrapp.png\",\"width\":1920,\"height\":600},{\"@type\":\"BreadcrumbList\",\"@id\":\"https:\\\/\\\/wendlandmobil.de\\\/mobilitaetsangebote\\\/mitfahrt-finden-per-app\\\/#breadcrumb\",\"itemListElement\":[{\"@type\":\"ListItem\",\"position\":1,\"name\":\"Startseite\",\"item\":\"https:\\\/\\\/wendlandmobil.de\\\/\"},{\"@type\":\"ListItem\",\"position\":2,\"name\":\"Mobilit\u00e4tsangebote\",\"item\":\"https:\\\/\\\/wendlandmobil.de\\\/mobilitaetsangebote\\\/\"},{\"@type\":\"ListItem\",\"position\":3,\"name\":\"Mitfahrt finden per App\"}]},{\"@type\":\"WebSite\",\"@id\":\"https:\\\/\\\/wendlandmobil.de\\\/#website\",\"url\":\"https:\\\/\\\/wendlandmobil.de\\\/\",\"name\":\"Wendland Mobil\",\"description\":\"\",\"publisher\":{\"@id\":\"https:\\\/\\\/wendlandmobil.de\\\/#organization\"},\"potentialAction\":[{\"@type\":\"SearchAction\",\"target\":{\"@type\":\"EntryPoint\",\"urlTemplate\":\"https:\\\/\\\/wendlandmobil.de\\\/?s={search_term_string}\"},\"query-input\":{\"@type\":\"PropertyValueSpecification\",\"valueRequired\":true,\"valueName\":\"search_term_string\"}}],\"inLanguage\":\"en-GB\"},{\"@type\":\"Organization\",\"@id\":\"https:\\\/\\\/wendlandmobil.de\\\/#organization\",\"name\":\"Wendland Mobil\",\"url\":\"https:\\\/\\\/wendlandmobil.de\\\/\",\"logo\":{\"@type\":\"ImageObject\",\"inLanguage\":\"en-GB\",\"@id\":\"https:\\\/\\\/wendlandmobil.de\\\/#\\\/schema\\\/logo\\\/image\\\/\",\"url\":\"https:\\\/\\\/wendlandmobil.de\\\/wp-content\\\/uploads\\\/LogoWendland.png\",\"contentUrl\":\"https:\\\/\\\/wendlandmobil.de\\\/wp-content\\\/uploads\\\/LogoWendland.png\",\"width\":384,\"height\":81,\"caption\":\"Wendland Mobil\"},\"image\":{\"@id\":\"https:\\\/\\\/wendlandmobil.de\\\/#\\\/schema\\\/logo\\\/image\\\/\"},\"sameAs\":[\"https:\\\/\\\/www.facebook.com\\\/MobilitaetsagenturWendlandElbe\\\/\",\"https:\\\/\\\/www.instagram.com\\\/mobilimwendland\\\/\"]}]}<\/script>\n<!-- \/ Yoast SEO plugin. -->","yoast_head_json":{"title":"Find a lift via app - Wendland Mobil","robots":{"index":"index","follow":"follow","max-snippet":"max-snippet:-1","max-image-preview":"max-image-preview:large","max-video-preview":"max-video-preview:-1"},"canonical":"https:\/\/wendlandmobil.de\/en\/mobility-offers\/find-a-lift-via-app\/","og_locale":"en_GB","og_type":"article","og_title":"Mitfahrt finden per App - Wendland Mobil","og_description":"Die Mitfahr-App ist da! Mitfahren-dan.de \u2013 Die neue Mitfahrplattform f\u00fcr L\u00fcchow-Dannenberg! Im Rahmen des Projektes Mobilit\u00e4tsagentur wurde mit den F\u00f6rdergeldern ein Mitfahrmodul entwickelt, in dem sich B\u00fcrger:innen registrieren und Mitfahrten suchen sowie anbieten k\u00f6nnen. Auf Basis der Desktop-Version f\u00fcr Computer wurde auch eine native App f\u00fcr Android und iOS Ger\u00e4te programmiert. Diese bildet die Inhalte&hellip;","og_url":"https:\/\/wendlandmobil.de\/en\/mobility-offers\/find-a-lift-via-app\/","og_site_name":"Wendland Mobil","article_publisher":"https:\/\/www.facebook.com\/MobilitaetsagenturWendlandElbe\/","article_modified_time":"2024-03-12T11:38:34+00:00","og_image":[{"width":1920,"height":600,"url":"https:\/\/wendlandmobil.de\/wp-content\/uploads\/header-mifahrapp.png","type":"image\/png"}],"twitter_card":"summary_large_image","twitter_misc":{"Estimated reading time":"4 minutes"},"schema":{"@context":"https:\/\/schema.org","@graph":[{"@type":"WebPage","@id":"https:\/\/wendlandmobil.de\/mobilitaetsangebote\/mitfahrt-finden-per-app\/","url":"https:\/\/wendlandmobil.de\/mobilitaetsangebote\/mitfahrt-finden-per-app\/","name":"Find a lift via app - Wendland Mobil","isPartOf":{"@id":"https:\/\/wendlandmobil.de\/#website"},"primaryImageOfPage":{"@id":"https:\/\/wendlandmobil.de\/mobilitaetsangebote\/mitfahrt-finden-per-app\/#primaryimage"},"image":{"@id":"https:\/\/wendlandmobil.de\/mobilitaetsangebote\/mitfahrt-finden-per-app\/#primaryimage"},"thumbnailUrl":"https:\/\/wendlandmobil.de\/wp-content\/uploads\/header-mifahrapp.png","datePublished":"2024-02-19T14:36:24+00:00","dateModified":"2024-03-12T11:38:34+00:00","breadcrumb":{"@id":"https:\/\/wendlandmobil.de\/mobilitaetsangebote\/mitfahrt-finden-per-app\/#breadcrumb"},"inLanguage":"en-GB","potentialAction":[{"@type":"ReadAction","target":["https:\/\/wendlandmobil.de\/mobilitaetsangebote\/mitfahrt-finden-per-app\/"]}]},{"@type":"ImageObject","inLanguage":"en-GB","@id":"https:\/\/wendlandmobil.de\/mobilitaetsangebote\/mitfahrt-finden-per-app\/#primaryimage","url":"https:\/\/wendlandmobil.de\/wp-content\/uploads\/header-mifahrapp.png","contentUrl":"https:\/\/wendlandmobil.de\/wp-content\/uploads\/header-mifahrapp.png","width":1920,"height":600},{"@type":"BreadcrumbList","@id":"https:\/\/wendlandmobil.de\/mobilitaetsangebote\/mitfahrt-finden-per-app\/#breadcrumb","itemListElement":[{"@type":"ListItem","position":1,"name":"Startseite","item":"https:\/\/wendlandmobil.de\/"},{"@type":"ListItem","position":2,"name":"Mobilit\u00e4tsangebote","item":"https:\/\/wendlandmobil.de\/mobilitaetsangebote\/"},{"@type":"ListItem","position":3,"name":"Mitfahrt finden per App"}]},{"@type":"WebSite","@id":"https:\/\/wendlandmobil.de\/#website","url":"https:\/\/wendlandmobil.de\/","name":"Wendland Mobile","description":"","publisher":{"@id":"https:\/\/wendlandmobil.de\/#organization"},"potentialAction":[{"@type":"SearchAction","target":{"@type":"EntryPoint","urlTemplate":"https:\/\/wendlandmobil.de\/?s={search_term_string}"},"query-input":{"@type":"PropertyValueSpecification","valueRequired":true,"valueName":"search_term_string"}}],"inLanguage":"en-GB"},{"@type":"Organization","@id":"https:\/\/wendlandmobil.de\/#organization","name":"Wendland Mobile","url":"https:\/\/wendlandmobil.de\/","logo":{"@type":"ImageObject","inLanguage":"en-GB","@id":"https:\/\/wendlandmobil.de\/#\/schema\/logo\/image\/","url":"https:\/\/wendlandmobil.de\/wp-content\/uploads\/LogoWendland.png","contentUrl":"https:\/\/wendlandmobil.de\/wp-content\/uploads\/LogoWendland.png","width":384,"height":81,"caption":"Wendland Mobil"},"image":{"@id":"https:\/\/wendlandmobil.de\/#\/schema\/logo\/image\/"},"sameAs":["https:\/\/www.facebook.com\/MobilitaetsagenturWendlandElbe\/","https:\/\/www.instagram.com\/mobilimwendland\/"]}]}},"_links":{"self":[{"href":"https:\/\/wendlandmobil.de\/en\/wp-json\/wp\/v2\/pages\/40675","targetHints":{"allow":["GET"]}}],"collection":[{"href":"https:\/\/wendlandmobil.de\/en\/wp-json\/wp\/v2\/pages"}],"about":[{"href":"https:\/\/wendlandmobil.de\/en\/wp-json\/wp\/v2\/types\/page"}],"author":[{"embeddable":true,"href":"https:\/\/wendlandmobil.de\/en\/wp-json\/wp\/v2\/users\/1"}],"replies":[{"embeddable":true,"href":"https:\/\/wendlandmobil.de\/en\/wp-json\/wp\/v2\/comments?post=40675"}],"version-history":[{"count":5,"href":"https:\/\/wendlandmobil.de\/en\/wp-json\/wp\/v2\/pages\/40675\/revisions"}],"predecessor-version":[{"id":41853,"href":"https:\/\/wendlandmobil.de\/en\/wp-json\/wp\/v2\/pages\/40675\/revisions\/41853"}],"up":[{"embeddable":true,"href":"https:\/\/wendlandmobil.de\/en\/wp-json\/wp\/v2\/pages\/40467"}],"wp:featuredmedia":[{"embeddable":true,"href":"https:\/\/wendlandmobil.de\/en\/wp-json\/wp\/v2\/media\/41818"}],"wp:attachment":[{"href":"https:\/\/wendlandmobil.de\/en\/wp-json\/wp\/v2\/media?parent=40675"}],"curies":[{"name":"wp","href":"https:\/\/api.w.org\/{rel}","templated":true}]}}