{"id":40643,"date":"2024-02-19T15:23:03","date_gmt":"2024-02-19T14:23:03","guid":{"rendered":"https:\/\/wendlandmobil.de\/?page_id=40643"},"modified":"2026-01-27T13:19:10","modified_gmt":"2026-01-27T12:19:10","slug":"interactive-map","status":"publish","type":"page","link":"https:\/\/wendlandmobil.de\/en\/mobilitaetsangebote\/interaktive-karte\/","title":{"rendered":"Interactive map"},"content":{"rendered":"<div data-elementor-type=\"wp-page\" data-elementor-id=\"40643\" class=\"elementor elementor-40643\" data-elementor-post-type=\"page\">\n\t\t\t\t<div class=\"elementor-element elementor-element-3fecc3f e-flex e-con-boxed e-con e-parent\" data-id=\"3fecc3f\" data-element_type=\"container\" data-e-type=\"container\">\n\t\t\t\t\t<div class=\"e-con-inner\">\n\t\t\t\t<div class=\"elementor-element elementor-element-30bd83e elementor-widget elementor-widget-text-editor\" data-id=\"30bd83e\" data-element_type=\"widget\" data-e-type=\"widget\" data-widget_type=\"text-editor.default\">\n\t\t\t\t<div class=\"elementor-widget-container\">\n\t\t\t\t\t\t\t\t\t<p><strong>Welcome to the interactive mobility map for L\u00fcchow-Dannenberg.<\/strong><\/p><p>Ob B\u00fcrgermobile, Ladep\u00fcnktchen, Mitfahrb\u00e4nke oder Bushaltestellen, auf dieser Karte findet ihr alle Infos zum Thema Mobilit\u00e4t in L\u00fcchow-Dannenberg.<\/p><p>Interested companies or institutions have the option of linking to the map app.<\/p><p>Is something missing? The map will be constantly expanded and updated.<\/p><p><strong>We look forward to your comments and suggestions!<\/strong><\/p>\t\t\t\t\t\t\t\t<\/div>\n\t\t\t\t<\/div>\n\t\t\t\t<div class=\"elementor-element elementor-element-0c24ec0 elementor-button-primary elementor-widget elementor-widget-button\" data-id=\"0c24ec0\" data-element_type=\"widget\" data-e-type=\"widget\" data-widget_type=\"button.default\">\n\t\t\t\t<div class=\"elementor-widget-container\">\n\t\t\t\t\t\t\t\t\t<div class=\"elementor-button-wrapper\">\n\t\t\t\t\t<a class=\"elementor-button elementor-button-link elementor-size-sm\" href=\"https:\/\/lkdan.maps.arcgis.com\/apps\/webappviewer\/index.html?id=21930325788f412886bb96581e0c1d2a\" target=\"_blank\">\n\t\t\t\t\t\t<span class=\"elementor-button-content-wrapper\">\n\t\t\t\t\t\t\t\t\t<span class=\"elementor-button-text\">Discover the map!<\/span>\n\t\t\t\t\t<\/span>\n\t\t\t\t\t<\/a>\n\t\t\t\t<\/div>\n\t\t\t\t\t\t\t\t<\/div>\n\t\t\t\t<\/div>\n\t\t\t\t<div class=\"elementor-element elementor-element-fe66e78 elementor-widget elementor-widget-image\" data-id=\"fe66e78\" data-element_type=\"widget\" data-e-type=\"widget\" data-widget_type=\"image.default\">\n\t\t\t\t<div class=\"elementor-widget-container\">\n\t\t\t\t\t\t\t\t\t\t\t\t\t\t\t\t<a href=\"https:\/\/lkdan.maps.arcgis.com\/apps\/webappviewer\/index.html?id=21930325788f412886bb96581e0c1d2a\" target=\"_blank\">\n\t\t\t\t\t\t\t<img fetchpriority=\"high\" decoding=\"async\" width=\"1024\" height=\"1024\" src=\"https:\/\/wendlandmobil.de\/wp-content\/uploads\/14-07-21-interaktive-karte-socialmedia-1024x1024.png\" class=\"attachment-large size-large wp-image-5929\" alt=\"\" srcset=\"https:\/\/wendlandmobil.de\/wp-content\/uploads\/14-07-21-interaktive-karte-socialmedia-1024x1024.png 1024w, https:\/\/wendlandmobil.de\/wp-content\/uploads\/14-07-21-interaktive-karte-socialmedia-300x300.png 300w, https:\/\/wendlandmobil.de\/wp-content\/uploads\/14-07-21-interaktive-karte-socialmedia-100x100.png 100w, https:\/\/wendlandmobil.de\/wp-content\/uploads\/14-07-21-interaktive-karte-socialmedia-600x600.png 600w, https:\/\/wendlandmobil.de\/wp-content\/uploads\/14-07-21-interaktive-karte-socialmedia-512x512.png 512w, https:\/\/wendlandmobil.de\/wp-content\/uploads\/14-07-21-interaktive-karte-socialmedia-256x256.png 256w, https:\/\/wendlandmobil.de\/wp-content\/uploads\/14-07-21-interaktive-karte-socialmedia-768x768.png 768w, https:\/\/wendlandmobil.de\/wp-content\/uploads\/14-07-21-interaktive-karte-socialmedia.png 1080w\" sizes=\"(max-width: 1024px) 100vw, 1024px\" \/>\t\t\t\t\t\t\t\t<\/a>\n\t\t\t\t\t\t\t\t\t\t\t\t\t\t\t<\/div>\n\t\t\t\t<\/div>\n\t\t\t\t\t<\/div>\n\t\t\t\t<\/div>\n\t\t\t\t<\/div>","protected":false},"excerpt":{"rendered":"<p>Herzlich willkommen auf der interaktiven Karte zur Mobilit\u00e4t f\u00fcr L\u00fcchow-Dannenberg. Ob B\u00fcrgermobile, Ladep\u00fcnktchen, Mitfahrb\u00e4nke oder Bushaltestellen, auf dieser Karte findet ihr alle Infos zum Thema Mobilit\u00e4t in L\u00fcchow-Dannenberg. Interessierte Unternehmen oder Institutionen haben die M\u00f6glichkeit, zur Karten-App zu verlinken. Fehlt etwas? Die Karte soll stetig erweitert und aktualisiert werden. Wir freuen uns auf Anmerkungen und&hellip;<\/p>","protected":false},"author":1,"featured_media":41816,"parent":40467,"menu_order":0,"comment_status":"closed","ping_status":"closed","template":"","meta":{"footnotes":""},"class_list":["post-40643","page","type-page","status-publish","has-post-thumbnail","hentry"],"yoast_head":"<!-- This site is optimized with the Yoast SEO plugin v27.3 - https:\/\/yoast.com\/product\/yoast-seo-wordpress\/ -->\n<title>Interaktive Karte - Wendland Mobil<\/title>\n<meta name=\"robots\" content=\"index, follow, max-snippet:-1, max-image-preview:large, max-video-preview:-1\" \/>\n<link rel=\"canonical\" href=\"https:\/\/wendlandmobil.de\/en\/mobility-offers\/interactive-map\/\" \/>\n<meta property=\"og:locale\" content=\"en_GB\" \/>\n<meta property=\"og:type\" content=\"article\" \/>\n<meta property=\"og:title\" content=\"Interaktive Karte - Wendland Mobil\" \/>\n<meta property=\"og:description\" content=\"Herzlich willkommen auf der interaktiven Karte zur Mobilit\u00e4t f\u00fcr L\u00fcchow-Dannenberg. Ob B\u00fcrgermobile, Ladep\u00fcnktchen, Mitfahrb\u00e4nke oder Bushaltestellen, auf dieser Karte findet ihr alle Infos zum Thema Mobilit\u00e4t in L\u00fcchow-Dannenberg. Interessierte Unternehmen oder Institutionen haben die M\u00f6glichkeit, zur Karten-App zu verlinken. Fehlt etwas? Die Karte soll stetig erweitert und aktualisiert werden. Wir freuen uns auf Anmerkungen und&hellip;\" \/>\n<meta property=\"og:url\" content=\"https:\/\/wendlandmobil.de\/en\/mobility-offers\/interactive-map\/\" \/>\n<meta property=\"og:site_name\" content=\"Wendland Mobil\" \/>\n<meta property=\"article:publisher\" content=\"https:\/\/www.facebook.com\/MobilitaetsagenturWendlandElbe\/\" \/>\n<meta property=\"article:modified_time\" content=\"2026-01-27T12:19:10+00:00\" \/>\n<meta property=\"og:image\" content=\"https:\/\/wendlandmobil.de\/wp-content\/uploads\/header-interaktivekarte.png\" \/>\n\t<meta property=\"og:image:width\" content=\"1920\" \/>\n\t<meta property=\"og:image:height\" content=\"600\" \/>\n\t<meta property=\"og:image:type\" content=\"image\/png\" \/>\n<meta name=\"twitter:card\" content=\"summary_large_image\" \/>\n<meta name=\"twitter:label1\" content=\"Estimated reading time\" \/>\n\t<meta name=\"twitter:data1\" content=\"1 minute\" \/>\n<script type=\"application\/ld+json\" class=\"yoast-schema-graph\">{\"@context\":\"https:\\\/\\\/schema.org\",\"@graph\":[{\"@type\":\"WebPage\",\"@id\":\"https:\\\/\\\/wendlandmobil.de\\\/mobilitaetsangebote\\\/interaktive-karte\\\/\",\"url\":\"https:\\\/\\\/wendlandmobil.de\\\/mobilitaetsangebote\\\/interaktive-karte\\\/\",\"name\":\"Interaktive Karte - Wendland Mobil\",\"isPartOf\":{\"@id\":\"https:\\\/\\\/wendlandmobil.de\\\/#website\"},\"primaryImageOfPage\":{\"@id\":\"https:\\\/\\\/wendlandmobil.de\\\/mobilitaetsangebote\\\/interaktive-karte\\\/#primaryimage\"},\"image\":{\"@id\":\"https:\\\/\\\/wendlandmobil.de\\\/mobilitaetsangebote\\\/interaktive-karte\\\/#primaryimage\"},\"thumbnailUrl\":\"https:\\\/\\\/wendlandmobil.de\\\/wp-content\\\/uploads\\\/header-interaktivekarte.png\",\"datePublished\":\"2024-02-19T14:23:03+00:00\",\"dateModified\":\"2026-01-27T12:19:10+00:00\",\"breadcrumb\":{\"@id\":\"https:\\\/\\\/wendlandmobil.de\\\/mobilitaetsangebote\\\/interaktive-karte\\\/#breadcrumb\"},\"inLanguage\":\"en-GB\",\"potentialAction\":[{\"@type\":\"ReadAction\",\"target\":[\"https:\\\/\\\/wendlandmobil.de\\\/mobilitaetsangebote\\\/interaktive-karte\\\/\"]}]},{\"@type\":\"ImageObject\",\"inLanguage\":\"en-GB\",\"@id\":\"https:\\\/\\\/wendlandmobil.de\\\/mobilitaetsangebote\\\/interaktive-karte\\\/#primaryimage\",\"url\":\"https:\\\/\\\/wendlandmobil.de\\\/wp-content\\\/uploads\\\/header-interaktivekarte.png\",\"contentUrl\":\"https:\\\/\\\/wendlandmobil.de\\\/wp-content\\\/uploads\\\/header-interaktivekarte.png\",\"width\":1920,\"height\":600},{\"@type\":\"BreadcrumbList\",\"@id\":\"https:\\\/\\\/wendlandmobil.de\\\/mobilitaetsangebote\\\/interaktive-karte\\\/#breadcrumb\",\"itemListElement\":[{\"@type\":\"ListItem\",\"position\":1,\"name\":\"Startseite\",\"item\":\"https:\\\/\\\/wendlandmobil.de\\\/\"},{\"@type\":\"ListItem\",\"position\":2,\"name\":\"Mobilit\u00e4tsangebote\",\"item\":\"https:\\\/\\\/wendlandmobil.de\\\/mobilitaetsangebote\\\/\"},{\"@type\":\"ListItem\",\"position\":3,\"name\":\"Interaktive Karte\"}]},{\"@type\":\"WebSite\",\"@id\":\"https:\\\/\\\/wendlandmobil.de\\\/#website\",\"url\":\"https:\\\/\\\/wendlandmobil.de\\\/\",\"name\":\"Wendland Mobil\",\"description\":\"\",\"publisher\":{\"@id\":\"https:\\\/\\\/wendlandmobil.de\\\/#organization\"},\"potentialAction\":[{\"@type\":\"SearchAction\",\"target\":{\"@type\":\"EntryPoint\",\"urlTemplate\":\"https:\\\/\\\/wendlandmobil.de\\\/?s={search_term_string}\"},\"query-input\":{\"@type\":\"PropertyValueSpecification\",\"valueRequired\":true,\"valueName\":\"search_term_string\"}}],\"inLanguage\":\"en-GB\"},{\"@type\":\"Organization\",\"@id\":\"https:\\\/\\\/wendlandmobil.de\\\/#organization\",\"name\":\"Wendland Mobil\",\"url\":\"https:\\\/\\\/wendlandmobil.de\\\/\",\"logo\":{\"@type\":\"ImageObject\",\"inLanguage\":\"en-GB\",\"@id\":\"https:\\\/\\\/wendlandmobil.de\\\/#\\\/schema\\\/logo\\\/image\\\/\",\"url\":\"https:\\\/\\\/wendlandmobil.de\\\/wp-content\\\/uploads\\\/LogoWendland.png\",\"contentUrl\":\"https:\\\/\\\/wendlandmobil.de\\\/wp-content\\\/uploads\\\/LogoWendland.png\",\"width\":384,\"height\":81,\"caption\":\"Wendland Mobil\"},\"image\":{\"@id\":\"https:\\\/\\\/wendlandmobil.de\\\/#\\\/schema\\\/logo\\\/image\\\/\"},\"sameAs\":[\"https:\\\/\\\/www.facebook.com\\\/MobilitaetsagenturWendlandElbe\\\/\",\"https:\\\/\\\/www.instagram.com\\\/mobilimwendland\\\/\"]}]}<\/script>\n<!-- \/ Yoast SEO plugin. -->","yoast_head_json":{"title":"Interactive map - Wendland Mobil","robots":{"index":"index","follow":"follow","max-snippet":"max-snippet:-1","max-image-preview":"max-image-preview:large","max-video-preview":"max-video-preview:-1"},"canonical":"https:\/\/wendlandmobil.de\/en\/mobility-offers\/interactive-map\/","og_locale":"en_GB","og_type":"article","og_title":"Interaktive Karte - Wendland Mobil","og_description":"Herzlich willkommen auf der interaktiven Karte zur Mobilit\u00e4t f\u00fcr L\u00fcchow-Dannenberg. Ob B\u00fcrgermobile, Ladep\u00fcnktchen, Mitfahrb\u00e4nke oder Bushaltestellen, auf dieser Karte findet ihr alle Infos zum Thema Mobilit\u00e4t in L\u00fcchow-Dannenberg. Interessierte Unternehmen oder Institutionen haben die M\u00f6glichkeit, zur Karten-App zu verlinken. Fehlt etwas? Die Karte soll stetig erweitert und aktualisiert werden. Wir freuen uns auf Anmerkungen und&hellip;","og_url":"https:\/\/wendlandmobil.de\/en\/mobility-offers\/interactive-map\/","og_site_name":"Wendland Mobil","article_publisher":"https:\/\/www.facebook.com\/MobilitaetsagenturWendlandElbe\/","article_modified_time":"2026-01-27T12:19:10+00:00","og_image":[{"width":1920,"height":600,"url":"https:\/\/wendlandmobil.de\/wp-content\/uploads\/header-interaktivekarte.png","type":"image\/png"}],"twitter_card":"summary_large_image","twitter_misc":{"Estimated reading time":"1 minute"},"schema":{"@context":"https:\/\/schema.org","@graph":[{"@type":"WebPage","@id":"https:\/\/wendlandmobil.de\/mobilitaetsangebote\/interaktive-karte\/","url":"https:\/\/wendlandmobil.de\/mobilitaetsangebote\/interaktive-karte\/","name":"Interactive map - Wendland Mobil","isPartOf":{"@id":"https:\/\/wendlandmobil.de\/#website"},"primaryImageOfPage":{"@id":"https:\/\/wendlandmobil.de\/mobilitaetsangebote\/interaktive-karte\/#primaryimage"},"image":{"@id":"https:\/\/wendlandmobil.de\/mobilitaetsangebote\/interaktive-karte\/#primaryimage"},"thumbnailUrl":"https:\/\/wendlandmobil.de\/wp-content\/uploads\/header-interaktivekarte.png","datePublished":"2024-02-19T14:23:03+00:00","dateModified":"2026-01-27T12:19:10+00:00","breadcrumb":{"@id":"https:\/\/wendlandmobil.de\/mobilitaetsangebote\/interaktive-karte\/#breadcrumb"},"inLanguage":"en-GB","potentialAction":[{"@type":"ReadAction","target":["https:\/\/wendlandmobil.de\/mobilitaetsangebote\/interaktive-karte\/"]}]},{"@type":"ImageObject","inLanguage":"en-GB","@id":"https:\/\/wendlandmobil.de\/mobilitaetsangebote\/interaktive-karte\/#primaryimage","url":"https:\/\/wendlandmobil.de\/wp-content\/uploads\/header-interaktivekarte.png","contentUrl":"https:\/\/wendlandmobil.de\/wp-content\/uploads\/header-interaktivekarte.png","width":1920,"height":600},{"@type":"BreadcrumbList","@id":"https:\/\/wendlandmobil.de\/mobilitaetsangebote\/interaktive-karte\/#breadcrumb","itemListElement":[{"@type":"ListItem","position":1,"name":"Startseite","item":"https:\/\/wendlandmobil.de\/"},{"@type":"ListItem","position":2,"name":"Mobilit\u00e4tsangebote","item":"https:\/\/wendlandmobil.de\/mobilitaetsangebote\/"},{"@type":"ListItem","position":3,"name":"Interaktive Karte"}]},{"@type":"WebSite","@id":"https:\/\/wendlandmobil.de\/#website","url":"https:\/\/wendlandmobil.de\/","name":"Wendland Mobile","description":"","publisher":{"@id":"https:\/\/wendlandmobil.de\/#organization"},"potentialAction":[{"@type":"SearchAction","target":{"@type":"EntryPoint","urlTemplate":"https:\/\/wendlandmobil.de\/?s={search_term_string}"},"query-input":{"@type":"PropertyValueSpecification","valueRequired":true,"valueName":"search_term_string"}}],"inLanguage":"en-GB"},{"@type":"Organization","@id":"https:\/\/wendlandmobil.de\/#organization","name":"Wendland Mobile","url":"https:\/\/wendlandmobil.de\/","logo":{"@type":"ImageObject","inLanguage":"en-GB","@id":"https:\/\/wendlandmobil.de\/#\/schema\/logo\/image\/","url":"https:\/\/wendlandmobil.de\/wp-content\/uploads\/LogoWendland.png","contentUrl":"https:\/\/wendlandmobil.de\/wp-content\/uploads\/LogoWendland.png","width":384,"height":81,"caption":"Wendland Mobil"},"image":{"@id":"https:\/\/wendlandmobil.de\/#\/schema\/logo\/image\/"},"sameAs":["https:\/\/www.facebook.com\/MobilitaetsagenturWendlandElbe\/","https:\/\/www.instagram.com\/mobilimwendland\/"]}]}},"_links":{"self":[{"href":"https:\/\/wendlandmobil.de\/en\/wp-json\/wp\/v2\/pages\/40643","targetHints":{"allow":["GET"]}}],"collection":[{"href":"https:\/\/wendlandmobil.de\/en\/wp-json\/wp\/v2\/pages"}],"about":[{"href":"https:\/\/wendlandmobil.de\/en\/wp-json\/wp\/v2\/types\/page"}],"author":[{"embeddable":true,"href":"https:\/\/wendlandmobil.de\/en\/wp-json\/wp\/v2\/users\/1"}],"replies":[{"embeddable":true,"href":"https:\/\/wendlandmobil.de\/en\/wp-json\/wp\/v2\/comments?post=40643"}],"version-history":[{"count":5,"href":"https:\/\/wendlandmobil.de\/en\/wp-json\/wp\/v2\/pages\/40643\/revisions"}],"predecessor-version":[{"id":55828,"href":"https:\/\/wendlandmobil.de\/en\/wp-json\/wp\/v2\/pages\/40643\/revisions\/55828"}],"up":[{"embeddable":true,"href":"https:\/\/wendlandmobil.de\/en\/wp-json\/wp\/v2\/pages\/40467"}],"wp:featuredmedia":[{"embeddable":true,"href":"https:\/\/wendlandmobil.de\/en\/wp-json\/wp\/v2\/media\/41816"}],"wp:attachment":[{"href":"https:\/\/wendlandmobil.de\/en\/wp-json\/wp\/v2\/media?parent=40643"}],"curies":[{"name":"wp","href":"https:\/\/api.w.org\/{rel}","templated":true}]}}