{"id":40499,"date":"2024-02-19T12:08:29","date_gmt":"2024-02-19T11:08:29","guid":{"rendered":"https:\/\/wendlandmobil.de\/?page_id=40499"},"modified":"2024-03-12T15:05:43","modified_gmt":"2024-03-12T14:05:43","slug":"connection-tariffs","status":"publish","type":"page","link":"https:\/\/wendlandmobil.de\/en\/verbindung-tarife\/","title":{"rendered":"Connection + tariffs"},"content":{"rendered":"<div data-elementor-type=\"wp-page\" data-elementor-id=\"40499\" class=\"elementor elementor-40499\" data-elementor-post-type=\"page\">\n\t\t\t\t<div class=\"elementor-element elementor-element-f3278bc e-flex e-con-boxed e-con e-parent\" data-id=\"f3278bc\" data-element_type=\"container\" data-e-type=\"container\">\n\t\t\t\t\t<div class=\"e-con-inner\">\n\t\t\t\t<div class=\"elementor-element elementor-element-4fadf6f elementor-widget elementor-widget-post-template\" data-id=\"4fadf6f\" data-element_type=\"widget\" data-e-type=\"widget\" data-widget_type=\"post-template.default\">\n\t\t\t\t<div class=\"elementor-widget-container\">\n\t\t\t\t\t\r\n<div class=\"row card-grid\">\r\n            <div class=\"col-12 col-sm-6 col-md-6 col-lg-4 mb-4 mb-md-7\">\r\n            <div class=\"elementor-element elementor-position-top elementor-widget elementor-widget-image-box\">\n\t<div class=\"elementor-widget-container h-100\">\n\t\t<div class=\"elementor-image-box-wrapper\">\n\t\t\t<figure class=\"elementor-image-box-img\">\n\t\t\t\t<a href=\"https:\/\/wendlandmobil.de\/en\/verbindung-tarife\/fahrplanauskunft\/\" tabindex=\"-1\">\n\t\t\t\t\t<img decoding=\"async\" src=\"https:\/\/wendlandmobil.de\/wp-content\/uploads\/Unbenannt2-512x250.png\" alt=\"\" title=\"Untitled2\"  \/>\t\t\t\t\t<span class=\"screen-reader-text\">Timetable information<\/span>\n\t\t\t\t<\/a>\n\t\t\t<\/figure>\n\t\t\t<div class=\"elementor-image-box-content\">\n\t\t\t\t<h5 class=\"elementor-image-box-title\">\n\t\t\t\t\t<a href=\"https:\/\/wendlandmobil.de\/en\/verbindung-tarife\/fahrplanauskunft\/\">Timetable information<\/a>\n\t\t\t\t<\/h5>\n\t\t\t\t<p class=\"elementor-image-box-description mb-0\">Verbindungssuche Wendland OnDemand Schauen Sie sich auch gern unser flexibel abrufbares \u00d6PNV-Taxi Angebot an, immer dann, wenn kein passender Bus f\u00e4hrt! Hier klicken! Liniennetzplan als Download Letzte Aktualisierung: 28.05.2025 (PDF, 2 MB) Download Liniennetzplan als Download Die Fahrpl\u00e4ne f\u00fcr das Wendlandnetz ab 06.01.2026 HINWEIS: \u00a0Bitte 5 Minuten vor der geplanten Abfahrtszeit an der Haltestelle einfinden&hellip;<\/p>\n\t\t\t<\/div>\n\t\t<\/div>\n\t<\/div>\n<\/div>\n        <\/div>\r\n            <div class=\"col-12 col-sm-6 col-md-6 col-lg-4 mb-4 mb-md-7\">\r\n            <div class=\"elementor-element elementor-position-top elementor-widget elementor-widget-image-box\">\n\t<div class=\"elementor-widget-container h-100\">\n\t\t<div class=\"elementor-image-box-wrapper\">\n\t\t\t<figure class=\"elementor-image-box-img\">\n\t\t\t\t<a href=\"https:\/\/wendlandmobil.de\/en\/verbindung-tarife\/tarifauskunft\/\" tabindex=\"-1\">\n\t\t\t\t\t<img decoding=\"async\" src=\"https:\/\/wendlandmobil.de\/wp-content\/uploads\/12c933d32081e9dfb16260e3b7bf1acd-512x186.png\" alt=\"\" title=\"12c933d32081e9dfb16260e3b7bf1acd\"  \/>\t\t\t\t\t<span class=\"screen-reader-text\">Tariff information<\/span>\n\t\t\t\t<\/a>\n\t\t\t<\/figure>\n\t\t\t<div class=\"elementor-image-box-content\">\n\t\t\t\t<h5 class=\"elementor-image-box-title\">\n\t\t\t\t\t<a href=\"https:\/\/wendlandmobil.de\/en\/verbindung-tarife\/tarifauskunft\/\">Tariff information<\/a>\n\t\t\t\t<\/h5>\n\t\t\t\t<p class=\"elementor-image-box-description mb-0\">Wendlandtarif Im Herbst 2023 wurde der neue komfortable Wendlandtarif eingef\u00fchrt. Zum 01.08.2025 erfolgte eine moderate Tarif-Anpassung. F\u00fcr den Wendlandtarif wurde der Landkreis L\u00fcchow-Dannenberg in f\u00fcnf Tarifzonen unterteilt. Ein Tagesticket f\u00fcr eine der Zonen kostet nur 2 Euro, ein Tagesticket f\u00fcr das gesamte Wendland nur 6 Euro. Auch Wochen-, Monats- und Jahrestickets werden g\u00fcnstig angeboten. Hier&hellip;<\/p>\n\t\t\t<\/div>\n\t\t<\/div>\n\t<\/div>\n<\/div>\n        <\/div>\r\n            <div class=\"col-12 col-sm-6 col-md-6 col-lg-4 mb-4 mb-md-7\">\r\n            <div class=\"elementor-element elementor-position-top elementor-widget elementor-widget-image-box\">\n\t<div class=\"elementor-widget-container h-100\">\n\t\t<div class=\"elementor-image-box-wrapper\">\n\t\t\t<figure class=\"elementor-image-box-img\">\n\t\t\t\t<a href=\"https:\/\/wendlandmobil.de\/en\/verbindung-tarife\/schuelerbefoerderung\/\" tabindex=\"-1\">\n\t\t\t\t\t<img decoding=\"async\" src=\"https:\/\/wendlandmobil.de\/wp-content\/uploads\/header-schuelerbefoerderung-512x160.png\" alt=\"\" title=\"header-schuelerbefoerderung\"  \/>\t\t\t\t\t<span class=\"screen-reader-text\">School transport<\/span>\n\t\t\t\t<\/a>\n\t\t\t<\/figure>\n\t\t\t<div class=\"elementor-image-box-content\">\n\t\t\t\t<h5 class=\"elementor-image-box-title\">\n\t\t\t\t\t<a href=\"https:\/\/wendlandmobil.de\/en\/verbindung-tarife\/schuelerbefoerderung\/\">School transport<\/a>\n\t\t\t\t<\/h5>\n\t\t\t\t<p class=\"elementor-image-box-description mb-0\">Vorgehen Verbindungssuche f\u00fcr Ihr Kind Suchen Sie im VBN-Fahrplaner oder in den PDF-Linien-Fahrpl\u00e4nen nach Ihrem Start- und Zielort und pr\u00fcfen Sie, ob Ihr Kind mit einer regul\u00e4ren \u00d6PNV-Verbindung zur Schule kommt. Falls dort keine Verbindung gefunden wird, schauen Sie in den Fahrpl\u00e4nen des Freigestellten Sch\u00fclerverkehrs f\u00fcr das Schuljahr 2025\/26 https:\/\/wendlandmobil.de\/verbindung-tarife\/fahrplanauskunft\/, welche Ende Juli hier ver\u00f6ffentlicht&hellip;<\/p>\n\t\t\t<\/div>\n\t\t<\/div>\n\t<\/div>\n<\/div>\n        <\/div>\r\n    <\/div>\r\n\t\t\t\t<\/div>\n\t\t\t\t<\/div>\n\t\t\t\t\t<\/div>\n\t\t\t\t<\/div>\n\t\t\t\t<\/div>","protected":false},"excerpt":{"rendered":"<p>Timetable information Timetable information<\/p>","protected":false},"author":1,"featured_media":41868,"parent":0,"menu_order":0,"comment_status":"closed","ping_status":"closed","template":"","meta":{"footnotes":""},"class_list":["post-40499","page","type-page","status-publish","has-post-thumbnail","hentry"],"yoast_head":"<!-- This site is optimized with the Yoast SEO plugin v27.3 - https:\/\/yoast.com\/product\/yoast-seo-wordpress\/ -->\n<title>Verbindung + Tarife - Wendland Mobil<\/title>\n<meta name=\"robots\" content=\"index, follow, max-snippet:-1, max-image-preview:large, max-video-preview:-1\" \/>\n<link rel=\"canonical\" href=\"https:\/\/wendlandmobil.de\/en\/connection-tariffs\/\" \/>\n<meta property=\"og:locale\" content=\"en_GB\" \/>\n<meta property=\"og:type\" content=\"article\" \/>\n<meta property=\"og:title\" content=\"Verbindung + Tarife - Wendland Mobil\" \/>\n<meta property=\"og:description\" content=\"Fahrplanauskunft Fahrplanauskunft\" \/>\n<meta property=\"og:url\" content=\"https:\/\/wendlandmobil.de\/en\/connection-tariffs\/\" \/>\n<meta property=\"og:site_name\" content=\"Wendland Mobil\" \/>\n<meta property=\"article:publisher\" content=\"https:\/\/www.facebook.com\/MobilitaetsagenturWendlandElbe\/\" \/>\n<meta property=\"article:modified_time\" content=\"2024-03-12T14:05:43+00:00\" \/>\n<meta property=\"og:image\" content=\"https:\/\/wendlandmobil.de\/wp-content\/uploads\/header-fahrplanauskunft.png\" \/>\n\t<meta property=\"og:image:width\" content=\"1920\" \/>\n\t<meta property=\"og:image:height\" content=\"600\" \/>\n\t<meta property=\"og:image:type\" content=\"image\/png\" \/>\n<meta name=\"twitter:card\" content=\"summary_large_image\" \/>\n<meta name=\"twitter:label1\" content=\"Estimated reading time\" \/>\n\t<meta name=\"twitter:data1\" content=\"1 minute\" \/>\n<script type=\"application\/ld+json\" class=\"yoast-schema-graph\">{\"@context\":\"https:\\\/\\\/schema.org\",\"@graph\":[{\"@type\":\"WebPage\",\"@id\":\"https:\\\/\\\/wendlandmobil.de\\\/verbindung-tarife\\\/\",\"url\":\"https:\\\/\\\/wendlandmobil.de\\\/verbindung-tarife\\\/\",\"name\":\"Verbindung + Tarife - Wendland Mobil\",\"isPartOf\":{\"@id\":\"https:\\\/\\\/wendlandmobil.de\\\/#website\"},\"primaryImageOfPage\":{\"@id\":\"https:\\\/\\\/wendlandmobil.de\\\/verbindung-tarife\\\/#primaryimage\"},\"image\":{\"@id\":\"https:\\\/\\\/wendlandmobil.de\\\/verbindung-tarife\\\/#primaryimage\"},\"thumbnailUrl\":\"https:\\\/\\\/wendlandmobil.de\\\/wp-content\\\/uploads\\\/header-fahrplanauskunft.png\",\"datePublished\":\"2024-02-19T11:08:29+00:00\",\"dateModified\":\"2024-03-12T14:05:43+00:00\",\"breadcrumb\":{\"@id\":\"https:\\\/\\\/wendlandmobil.de\\\/verbindung-tarife\\\/#breadcrumb\"},\"inLanguage\":\"en-GB\",\"potentialAction\":[{\"@type\":\"ReadAction\",\"target\":[\"https:\\\/\\\/wendlandmobil.de\\\/verbindung-tarife\\\/\"]}]},{\"@type\":\"ImageObject\",\"inLanguage\":\"en-GB\",\"@id\":\"https:\\\/\\\/wendlandmobil.de\\\/verbindung-tarife\\\/#primaryimage\",\"url\":\"https:\\\/\\\/wendlandmobil.de\\\/wp-content\\\/uploads\\\/header-fahrplanauskunft.png\",\"contentUrl\":\"https:\\\/\\\/wendlandmobil.de\\\/wp-content\\\/uploads\\\/header-fahrplanauskunft.png\",\"width\":1920,\"height\":600},{\"@type\":\"BreadcrumbList\",\"@id\":\"https:\\\/\\\/wendlandmobil.de\\\/verbindung-tarife\\\/#breadcrumb\",\"itemListElement\":[{\"@type\":\"ListItem\",\"position\":1,\"name\":\"Startseite\",\"item\":\"https:\\\/\\\/wendlandmobil.de\\\/\"},{\"@type\":\"ListItem\",\"position\":2,\"name\":\"Verbindung + Tarife\"}]},{\"@type\":\"WebSite\",\"@id\":\"https:\\\/\\\/wendlandmobil.de\\\/#website\",\"url\":\"https:\\\/\\\/wendlandmobil.de\\\/\",\"name\":\"Wendland Mobil\",\"description\":\"\",\"publisher\":{\"@id\":\"https:\\\/\\\/wendlandmobil.de\\\/#organization\"},\"potentialAction\":[{\"@type\":\"SearchAction\",\"target\":{\"@type\":\"EntryPoint\",\"urlTemplate\":\"https:\\\/\\\/wendlandmobil.de\\\/?s={search_term_string}\"},\"query-input\":{\"@type\":\"PropertyValueSpecification\",\"valueRequired\":true,\"valueName\":\"search_term_string\"}}],\"inLanguage\":\"en-GB\"},{\"@type\":\"Organization\",\"@id\":\"https:\\\/\\\/wendlandmobil.de\\\/#organization\",\"name\":\"Wendland Mobil\",\"url\":\"https:\\\/\\\/wendlandmobil.de\\\/\",\"logo\":{\"@type\":\"ImageObject\",\"inLanguage\":\"en-GB\",\"@id\":\"https:\\\/\\\/wendlandmobil.de\\\/#\\\/schema\\\/logo\\\/image\\\/\",\"url\":\"https:\\\/\\\/wendlandmobil.de\\\/wp-content\\\/uploads\\\/LogoWendland.png\",\"contentUrl\":\"https:\\\/\\\/wendlandmobil.de\\\/wp-content\\\/uploads\\\/LogoWendland.png\",\"width\":384,\"height\":81,\"caption\":\"Wendland Mobil\"},\"image\":{\"@id\":\"https:\\\/\\\/wendlandmobil.de\\\/#\\\/schema\\\/logo\\\/image\\\/\"},\"sameAs\":[\"https:\\\/\\\/www.facebook.com\\\/MobilitaetsagenturWendlandElbe\\\/\",\"https:\\\/\\\/www.instagram.com\\\/mobilimwendland\\\/\"]}]}<\/script>\n<!-- \/ Yoast SEO plugin. -->","yoast_head_json":{"title":"Connection + tariffs - Wendland Mobil","robots":{"index":"index","follow":"follow","max-snippet":"max-snippet:-1","max-image-preview":"max-image-preview:large","max-video-preview":"max-video-preview:-1"},"canonical":"https:\/\/wendlandmobil.de\/en\/connection-tariffs\/","og_locale":"en_GB","og_type":"article","og_title":"Verbindung + Tarife - Wendland Mobil","og_description":"Fahrplanauskunft Fahrplanauskunft","og_url":"https:\/\/wendlandmobil.de\/en\/connection-tariffs\/","og_site_name":"Wendland Mobil","article_publisher":"https:\/\/www.facebook.com\/MobilitaetsagenturWendlandElbe\/","article_modified_time":"2024-03-12T14:05:43+00:00","og_image":[{"width":1920,"height":600,"url":"https:\/\/wendlandmobil.de\/wp-content\/uploads\/header-fahrplanauskunft.png","type":"image\/png"}],"twitter_card":"summary_large_image","twitter_misc":{"Estimated reading time":"1 minute"},"schema":{"@context":"https:\/\/schema.org","@graph":[{"@type":"WebPage","@id":"https:\/\/wendlandmobil.de\/verbindung-tarife\/","url":"https:\/\/wendlandmobil.de\/verbindung-tarife\/","name":"Connection + tariffs - Wendland Mobil","isPartOf":{"@id":"https:\/\/wendlandmobil.de\/#website"},"primaryImageOfPage":{"@id":"https:\/\/wendlandmobil.de\/verbindung-tarife\/#primaryimage"},"image":{"@id":"https:\/\/wendlandmobil.de\/verbindung-tarife\/#primaryimage"},"thumbnailUrl":"https:\/\/wendlandmobil.de\/wp-content\/uploads\/header-fahrplanauskunft.png","datePublished":"2024-02-19T11:08:29+00:00","dateModified":"2024-03-12T14:05:43+00:00","breadcrumb":{"@id":"https:\/\/wendlandmobil.de\/verbindung-tarife\/#breadcrumb"},"inLanguage":"en-GB","potentialAction":[{"@type":"ReadAction","target":["https:\/\/wendlandmobil.de\/verbindung-tarife\/"]}]},{"@type":"ImageObject","inLanguage":"en-GB","@id":"https:\/\/wendlandmobil.de\/verbindung-tarife\/#primaryimage","url":"https:\/\/wendlandmobil.de\/wp-content\/uploads\/header-fahrplanauskunft.png","contentUrl":"https:\/\/wendlandmobil.de\/wp-content\/uploads\/header-fahrplanauskunft.png","width":1920,"height":600},{"@type":"BreadcrumbList","@id":"https:\/\/wendlandmobil.de\/verbindung-tarife\/#breadcrumb","itemListElement":[{"@type":"ListItem","position":1,"name":"Startseite","item":"https:\/\/wendlandmobil.de\/"},{"@type":"ListItem","position":2,"name":"Verbindung + Tarife"}]},{"@type":"WebSite","@id":"https:\/\/wendlandmobil.de\/#website","url":"https:\/\/wendlandmobil.de\/","name":"Wendland Mobile","description":"","publisher":{"@id":"https:\/\/wendlandmobil.de\/#organization"},"potentialAction":[{"@type":"SearchAction","target":{"@type":"EntryPoint","urlTemplate":"https:\/\/wendlandmobil.de\/?s={search_term_string}"},"query-input":{"@type":"PropertyValueSpecification","valueRequired":true,"valueName":"search_term_string"}}],"inLanguage":"en-GB"},{"@type":"Organization","@id":"https:\/\/wendlandmobil.de\/#organization","name":"Wendland Mobile","url":"https:\/\/wendlandmobil.de\/","logo":{"@type":"ImageObject","inLanguage":"en-GB","@id":"https:\/\/wendlandmobil.de\/#\/schema\/logo\/image\/","url":"https:\/\/wendlandmobil.de\/wp-content\/uploads\/LogoWendland.png","contentUrl":"https:\/\/wendlandmobil.de\/wp-content\/uploads\/LogoWendland.png","width":384,"height":81,"caption":"Wendland Mobil"},"image":{"@id":"https:\/\/wendlandmobil.de\/#\/schema\/logo\/image\/"},"sameAs":["https:\/\/www.facebook.com\/MobilitaetsagenturWendlandElbe\/","https:\/\/www.instagram.com\/mobilimwendland\/"]}]}},"_links":{"self":[{"href":"https:\/\/wendlandmobil.de\/en\/wp-json\/wp\/v2\/pages\/40499","targetHints":{"allow":["GET"]}}],"collection":[{"href":"https:\/\/wendlandmobil.de\/en\/wp-json\/wp\/v2\/pages"}],"about":[{"href":"https:\/\/wendlandmobil.de\/en\/wp-json\/wp\/v2\/types\/page"}],"author":[{"embeddable":true,"href":"https:\/\/wendlandmobil.de\/en\/wp-json\/wp\/v2\/users\/1"}],"replies":[{"embeddable":true,"href":"https:\/\/wendlandmobil.de\/en\/wp-json\/wp\/v2\/comments?post=40499"}],"version-history":[{"count":6,"href":"https:\/\/wendlandmobil.de\/en\/wp-json\/wp\/v2\/pages\/40499\/revisions"}],"predecessor-version":[{"id":40505,"href":"https:\/\/wendlandmobil.de\/en\/wp-json\/wp\/v2\/pages\/40499\/revisions\/40505"}],"wp:featuredmedia":[{"embeddable":true,"href":"https:\/\/wendlandmobil.de\/en\/wp-json\/wp\/v2\/media\/41868"}],"wp:attachment":[{"href":"https:\/\/wendlandmobil.de\/en\/wp-json\/wp\/v2\/media?parent=40499"}],"curies":[{"name":"wp","href":"https:\/\/api.w.org\/{rel}","templated":true}]}}