{"id":38805,"date":"2023-09-27T12:03:16","date_gmt":"2023-09-27T10:03:16","guid":{"rendered":"https:\/\/wendlandmobil.de\/?page_id=38805"},"modified":"2024-07-08T09:47:06","modified_gmt":"2024-07-08T07:47:06","slug":"wendland-tariff-price-group-2","status":"publish","type":"page","link":"https:\/\/wendlandmobil.de\/en\/tickets-abos\/wendland-tarif-jahresticket\/wendlandtarif-preisgruppe-2\/","title":{"rendered":"Wendland tariff price group 2"},"content":{"rendered":"<div data-elementor-type=\"wp-page\" data-elementor-id=\"38805\" class=\"elementor elementor-38805\" data-elementor-post-type=\"page\">\n\t\t\t\t\t\t<section class=\"elementor-section elementor-top-section elementor-element elementor-element-98adbde elementor-section-boxed elementor-section-height-default elementor-section-height-default\" data-id=\"98adbde\" data-element_type=\"section\" data-e-type=\"section\">\n\t\t\t\t\t\t<div class=\"elementor-container elementor-column-gap-default\">\n\t\t\t\t\t<div class=\"elementor-column elementor-col-100 elementor-top-column elementor-element elementor-element-ef43216\" data-id=\"ef43216\" data-element_type=\"column\" data-e-type=\"column\">\n\t\t\t<div class=\"elementor-widget-wrap elementor-element-populated\">\n\t\t\t\t\t\t<div class=\"elementor-element elementor-element-5e7884d elementor-widget elementor-widget-text-editor\" data-id=\"5e7884d\" data-element_type=\"widget\" data-e-type=\"widget\" data-widget_type=\"text-editor.default\">\n\t\t\t\t<div class=\"elementor-widget-container\">\n\t\t\t\t\t\t\t\t\t<p><strong>Entitled to purchase the reduced fare tickets in price group 2 are:<\/strong><\/p><ul><li>1.) Children from 6 to 14 years,<\/li><li>2) Pupils and students of public, state-approved or state-recognised private schools.<ul><li>General education schools,<\/li><li>Vocational schools,<\/li><li>Second-chance institutions,<\/li><li>Academies and colleges with the exception of administrative academies, folk high schools and rural folk high schools,<\/li><\/ul><\/li><li>3) Persons attending public schools or other educational institutions not covered by the previous paragraph, provided that they are exempt from compulsory vocational schooling due to attending such schools or educational institutions or provided that attending such schools and other private educational institutions is eligible for support under the Federal Training Assistance Act,<\/li><li>4.) Persons who attend an adult education centre or another institution of further education<br \/>Attend courses for the subsequent acquisition of the Hauptschulabschluss or Realschulabschluss,<\/li><li>5.) Persons who are in a vocational training relationship within the meaning of the Vocational Training Act<br \/>or are in another contractual relationship within the meaning of \u00a7 26 of the Vocational Training Act, as well as persons who are employed in an institution outside of the company.<br \/>Vocational training within the meaning of Section 43 (2) of the Vocational Training Act, Section 36 (2) of the Crafts Code,<\/li><li>6) Persons attending a state-recognised vocational preparation course,<\/li><li>7) Participants in a voluntary social year or comparable social services.<\/li><li>8) Participants in the Federal Volunteer Service (Bundesfreiwilligendienst, BFD) upon presentation of a certificate from the provider of the respective social services, valid for a maximum of one year.<\/li><li>9.) Persons who are in a vocational training relationship within the meaning of the Vocational Training Act<br \/>or in another contractual relationship within the meaning of \u00a7 26 of the Vocational Training Act<br \/>as well as persons who are employed in a facility outside the company.<br \/>Vocational training within the meaning of \u00a7 43 Para. 2 of the Vocational Training Act, \u00a7 36 Para. 2 of the<br \/>craft regulations,<\/li><li>10.) Candidate civil servants in the lower and intermediate civil service as well as trainees and interns,<br \/>who have attended an administration course to qualify for authorisation as a<br \/>Candidate civil servants in the elementary or intermediate civil service must first acquire<br \/>do not receive reimbursement of travelling expenses from the administration<\/li><li>11) Holders of an honorary card<\/li><li>12.) Persons who receive one of the following transfer benefits:<ul><li>Asylum seeker benefits<\/li><li>Basic income support according to SGB XII<\/li><li>Assistance with living expenses according to SGB XII<\/li><li>Citizen's income according to SGB II (former Hartz 4, notification from Job Centre)<\/li><li>Housing benefit<\/li><li>Child supplement (not child benefit)<\/li><\/ul><\/li><\/ul><p>\u00a0<\/p><p>Proof required for the purchase of tickets in price group 2 per group of persons<\/p><table class=\"table\" style=\"height: 258px;\" width=\"352\"><tbody><tr><td width=\"161\">1)<\/td><td width=\"217\">No proof required<\/td><\/tr><tr><td width=\"161\">2), 3), 4), 5), 6), 9)<\/td><td width=\"217\">Pupil or student ID card<\/td><\/tr><tr><td width=\"161\">7), 8)<\/td><td width=\"217\">Volunteer card<\/td><\/tr><tr><td width=\"161\">10)<\/td><td width=\"217\">Proof by the office<\/td><\/tr><tr><td width=\"161\">11)<\/td><td width=\"217\">Volunteer card<\/td><\/tr><tr><td width=\"161\">12)<\/td><td width=\"217\">mobiCard<\/td><\/tr><\/tbody><\/table><p>The prerequisite for the purchase of tickets in price group 2 is the presentation of a proof of belonging to the groups of persons listed in Table 1. Recipients of transfer payments receive a personal mobiCard valid for the current calendar year after one-time presentation of proof, which can then be used as an entitlement to purchase tickets in price group 2. The validity of the mobiCard ends automatically at the end of the year. Renewal for the next calendar year is possible if transfer payments continue.\u00a0<\/p>\t\t\t\t\t\t\t\t<\/div>\n\t\t\t\t<\/div>\n\t\t\t\t\t<\/div>\n\t\t<\/div>\n\t\t\t\t\t<\/div>\n\t\t<\/section>\n\t\t\t\t<section class=\"elementor-section elementor-top-section elementor-element elementor-element-bac8768 elementor-section-boxed elementor-section-height-default elementor-section-height-default\" data-id=\"bac8768\" data-element_type=\"section\" data-e-type=\"section\">\n\t\t\t\t\t\t<div class=\"elementor-container elementor-column-gap-default\">\n\t\t\t\t\t<div class=\"elementor-column elementor-col-100 elementor-top-column elementor-element elementor-element-b121d1d\" data-id=\"b121d1d\" data-element_type=\"column\" data-e-type=\"column\">\n\t\t\t<div class=\"elementor-widget-wrap elementor-element-populated\">\n\t\t\t\t\t\t<div class=\"elementor-element elementor-element-90912b5 elementor-align-center elementor-widget elementor-widget-button\" data-id=\"90912b5\" data-element_type=\"widget\" data-e-type=\"widget\" data-widget_type=\"button.default\">\n\t\t\t\t<div class=\"elementor-widget-container\">\n\t\t\t\t\t\t\t\t\t<div class=\"elementor-button-wrapper\">\n\t\t\t\t\t<a class=\"elementor-button elementor-button-link elementor-size-sm\" href=\"https:\/\/wendlandmobil.de\/en\/product\/wendland-tariff\/\">\n\t\t\t\t\t\t<span class=\"elementor-button-content-wrapper\">\n\t\t\t\t\t\t<span class=\"elementor-button-icon\">\n\t\t\t\t<i aria-hidden=\"true\" class=\"far fa-angle-right\"><\/i>\t\t\t<\/span>\n\t\t\t\t\t\t\t\t\t<span class=\"elementor-button-text\">To the Wendland Tariff<\/span>\n\t\t\t\t\t<\/span>\n\t\t\t\t\t<\/a>\n\t\t\t\t<\/div>\n\t\t\t\t\t\t\t\t<\/div>\n\t\t\t\t<\/div>\n\t\t\t\t\t<\/div>\n\t\t<\/div>\n\t\t\t\t\t<\/div>\n\t\t<\/section>\n\t\t\t\t<\/div>","protected":false},"excerpt":{"rendered":"<p>Berechtigt zum Erwerb der erm\u00e4\u00dfigten Fahrausweise in Preisgruppe 2 sind: 1.) Kinder von 6 bis 14 Jahren, 2.) Sch\u00fcler und Studenten \u00f6ffentlicher, staatlich genehmigter oder staatlich anerkannter privater Allgemeinbildender Schulen, Berufsbildender Schulen, Einrichtungen des zweiten Bildungsweges, Akademien und Hochschulen mit Ausnahme von Verwaltungsakademien, Volks- und Landvolkshochschulen, 3.) Personen, die private Schulen oder sonstige Bildungseinrichtungen, die&hellip;<\/p>","protected":false},"author":1,"featured_media":0,"parent":40629,"menu_order":0,"comment_status":"closed","ping_status":"closed","template":"","meta":{"footnotes":""},"class_list":["post-38805","page","type-page","status-publish","hentry"],"yoast_head":"<!-- This site is optimized with the Yoast SEO plugin v27.3 - https:\/\/yoast.com\/product\/yoast-seo-wordpress\/ -->\n<title>Wendlandtarif Preisgruppe 2 - Wendland Mobil<\/title>\n<meta name=\"robots\" content=\"index, follow, max-snippet:-1, max-image-preview:large, max-video-preview:-1\" \/>\n<link rel=\"canonical\" href=\"https:\/\/wendlandmobil.de\/en\/tickets-subscriptions\/wendland-tariff-annual-ticket\/wendland-tariff-price-group-2\/\" \/>\n<meta property=\"og:locale\" content=\"en_GB\" \/>\n<meta property=\"og:type\" content=\"article\" \/>\n<meta property=\"og:title\" content=\"Wendlandtarif Preisgruppe 2 - Wendland Mobil\" \/>\n<meta property=\"og:description\" content=\"Berechtigt zum Erwerb der erm\u00e4\u00dfigten Fahrausweise in Preisgruppe 2 sind: 1.) Kinder von 6 bis 14 Jahren, 2.) Sch\u00fcler und Studenten \u00f6ffentlicher, staatlich genehmigter oder staatlich anerkannter privater Allgemeinbildender Schulen, Berufsbildender Schulen, Einrichtungen des zweiten Bildungsweges, Akademien und Hochschulen mit Ausnahme von Verwaltungsakademien, Volks- und Landvolkshochschulen, 3.) Personen, die private Schulen oder sonstige Bildungseinrichtungen, die&hellip;\" \/>\n<meta property=\"og:url\" content=\"https:\/\/wendlandmobil.de\/en\/tickets-subscriptions\/wendland-tariff-annual-ticket\/wendland-tariff-price-group-2\/\" \/>\n<meta property=\"og:site_name\" content=\"Wendland Mobil\" \/>\n<meta property=\"article:publisher\" content=\"https:\/\/www.facebook.com\/MobilitaetsagenturWendlandElbe\/\" \/>\n<meta property=\"article:modified_time\" content=\"2024-07-08T07:47:06+00:00\" \/>\n<meta name=\"twitter:card\" content=\"summary_large_image\" \/>\n<meta name=\"twitter:label1\" content=\"Estimated reading time\" \/>\n\t<meta name=\"twitter:data1\" content=\"3 minutes\" \/>\n<script type=\"application\/ld+json\" class=\"yoast-schema-graph\">{\"@context\":\"https:\\\/\\\/schema.org\",\"@graph\":[{\"@type\":\"WebPage\",\"@id\":\"https:\\\/\\\/wendlandmobil.de\\\/tickets-abos\\\/wendland-tarif-jahresticket\\\/wendlandtarif-preisgruppe-2\\\/\",\"url\":\"https:\\\/\\\/wendlandmobil.de\\\/tickets-abos\\\/wendland-tarif-jahresticket\\\/wendlandtarif-preisgruppe-2\\\/\",\"name\":\"Wendlandtarif Preisgruppe 2 - Wendland Mobil\",\"isPartOf\":{\"@id\":\"https:\\\/\\\/wendlandmobil.de\\\/#website\"},\"datePublished\":\"2023-09-27T10:03:16+00:00\",\"dateModified\":\"2024-07-08T07:47:06+00:00\",\"breadcrumb\":{\"@id\":\"https:\\\/\\\/wendlandmobil.de\\\/tickets-abos\\\/wendland-tarif-jahresticket\\\/wendlandtarif-preisgruppe-2\\\/#breadcrumb\"},\"inLanguage\":\"en-GB\",\"potentialAction\":[{\"@type\":\"ReadAction\",\"target\":[\"https:\\\/\\\/wendlandmobil.de\\\/tickets-abos\\\/wendland-tarif-jahresticket\\\/wendlandtarif-preisgruppe-2\\\/\"]}]},{\"@type\":\"BreadcrumbList\",\"@id\":\"https:\\\/\\\/wendlandmobil.de\\\/tickets-abos\\\/wendland-tarif-jahresticket\\\/wendlandtarif-preisgruppe-2\\\/#breadcrumb\",\"itemListElement\":[{\"@type\":\"ListItem\",\"position\":1,\"name\":\"Startseite\",\"item\":\"https:\\\/\\\/wendlandmobil.de\\\/\"},{\"@type\":\"ListItem\",\"position\":2,\"name\":\"Tickets + Abos\",\"item\":\"https:\\\/\\\/wendlandmobil.de\\\/tickets-abos\\\/\"},{\"@type\":\"ListItem\",\"position\":3,\"name\":\"Wendland-Tarif Jahresticket\",\"item\":\"https:\\\/\\\/wendlandmobil.de\\\/tickets-abos\\\/wendland-tarif-jahresticket\\\/\"},{\"@type\":\"ListItem\",\"position\":4,\"name\":\"Wendlandtarif Preisgruppe 2\"}]},{\"@type\":\"WebSite\",\"@id\":\"https:\\\/\\\/wendlandmobil.de\\\/#website\",\"url\":\"https:\\\/\\\/wendlandmobil.de\\\/\",\"name\":\"Wendland Mobil\",\"description\":\"\",\"publisher\":{\"@id\":\"https:\\\/\\\/wendlandmobil.de\\\/#organization\"},\"potentialAction\":[{\"@type\":\"SearchAction\",\"target\":{\"@type\":\"EntryPoint\",\"urlTemplate\":\"https:\\\/\\\/wendlandmobil.de\\\/?s={search_term_string}\"},\"query-input\":{\"@type\":\"PropertyValueSpecification\",\"valueRequired\":true,\"valueName\":\"search_term_string\"}}],\"inLanguage\":\"en-GB\"},{\"@type\":\"Organization\",\"@id\":\"https:\\\/\\\/wendlandmobil.de\\\/#organization\",\"name\":\"Wendland Mobil\",\"url\":\"https:\\\/\\\/wendlandmobil.de\\\/\",\"logo\":{\"@type\":\"ImageObject\",\"inLanguage\":\"en-GB\",\"@id\":\"https:\\\/\\\/wendlandmobil.de\\\/#\\\/schema\\\/logo\\\/image\\\/\",\"url\":\"https:\\\/\\\/wendlandmobil.de\\\/wp-content\\\/uploads\\\/LogoWendland.png\",\"contentUrl\":\"https:\\\/\\\/wendlandmobil.de\\\/wp-content\\\/uploads\\\/LogoWendland.png\",\"width\":384,\"height\":81,\"caption\":\"Wendland Mobil\"},\"image\":{\"@id\":\"https:\\\/\\\/wendlandmobil.de\\\/#\\\/schema\\\/logo\\\/image\\\/\"},\"sameAs\":[\"https:\\\/\\\/www.facebook.com\\\/MobilitaetsagenturWendlandElbe\\\/\",\"https:\\\/\\\/www.instagram.com\\\/mobilimwendland\\\/\"]}]}<\/script>\n<!-- \/ Yoast SEO plugin. -->","yoast_head_json":{"title":"Wendland tariff price group 2 - Wendland Mobil","robots":{"index":"index","follow":"follow","max-snippet":"max-snippet:-1","max-image-preview":"max-image-preview:large","max-video-preview":"max-video-preview:-1"},"canonical":"https:\/\/wendlandmobil.de\/en\/tickets-subscriptions\/wendland-tariff-annual-ticket\/wendland-tariff-price-group-2\/","og_locale":"en_GB","og_type":"article","og_title":"Wendlandtarif Preisgruppe 2 - Wendland Mobil","og_description":"Berechtigt zum Erwerb der erm\u00e4\u00dfigten Fahrausweise in Preisgruppe 2 sind: 1.) Kinder von 6 bis 14 Jahren, 2.) Sch\u00fcler und Studenten \u00f6ffentlicher, staatlich genehmigter oder staatlich anerkannter privater Allgemeinbildender Schulen, Berufsbildender Schulen, Einrichtungen des zweiten Bildungsweges, Akademien und Hochschulen mit Ausnahme von Verwaltungsakademien, Volks- und Landvolkshochschulen, 3.) Personen, die private Schulen oder sonstige Bildungseinrichtungen, die&hellip;","og_url":"https:\/\/wendlandmobil.de\/en\/tickets-subscriptions\/wendland-tariff-annual-ticket\/wendland-tariff-price-group-2\/","og_site_name":"Wendland Mobil","article_publisher":"https:\/\/www.facebook.com\/MobilitaetsagenturWendlandElbe\/","article_modified_time":"2024-07-08T07:47:06+00:00","twitter_card":"summary_large_image","twitter_misc":{"Estimated reading time":"3 minutes"},"schema":{"@context":"https:\/\/schema.org","@graph":[{"@type":"WebPage","@id":"https:\/\/wendlandmobil.de\/tickets-abos\/wendland-tarif-jahresticket\/wendlandtarif-preisgruppe-2\/","url":"https:\/\/wendlandmobil.de\/tickets-abos\/wendland-tarif-jahresticket\/wendlandtarif-preisgruppe-2\/","name":"Wendland tariff price group 2 - Wendland Mobil","isPartOf":{"@id":"https:\/\/wendlandmobil.de\/#website"},"datePublished":"2023-09-27T10:03:16+00:00","dateModified":"2024-07-08T07:47:06+00:00","breadcrumb":{"@id":"https:\/\/wendlandmobil.de\/tickets-abos\/wendland-tarif-jahresticket\/wendlandtarif-preisgruppe-2\/#breadcrumb"},"inLanguage":"en-GB","potentialAction":[{"@type":"ReadAction","target":["https:\/\/wendlandmobil.de\/tickets-abos\/wendland-tarif-jahresticket\/wendlandtarif-preisgruppe-2\/"]}]},{"@type":"BreadcrumbList","@id":"https:\/\/wendlandmobil.de\/tickets-abos\/wendland-tarif-jahresticket\/wendlandtarif-preisgruppe-2\/#breadcrumb","itemListElement":[{"@type":"ListItem","position":1,"name":"Startseite","item":"https:\/\/wendlandmobil.de\/"},{"@type":"ListItem","position":2,"name":"Tickets + Abos","item":"https:\/\/wendlandmobil.de\/tickets-abos\/"},{"@type":"ListItem","position":3,"name":"Wendland-Tarif Jahresticket","item":"https:\/\/wendlandmobil.de\/tickets-abos\/wendland-tarif-jahresticket\/"},{"@type":"ListItem","position":4,"name":"Wendlandtarif Preisgruppe 2"}]},{"@type":"WebSite","@id":"https:\/\/wendlandmobil.de\/#website","url":"https:\/\/wendlandmobil.de\/","name":"Wendland Mobile","description":"","publisher":{"@id":"https:\/\/wendlandmobil.de\/#organization"},"potentialAction":[{"@type":"SearchAction","target":{"@type":"EntryPoint","urlTemplate":"https:\/\/wendlandmobil.de\/?s={search_term_string}"},"query-input":{"@type":"PropertyValueSpecification","valueRequired":true,"valueName":"search_term_string"}}],"inLanguage":"en-GB"},{"@type":"Organization","@id":"https:\/\/wendlandmobil.de\/#organization","name":"Wendland Mobile","url":"https:\/\/wendlandmobil.de\/","logo":{"@type":"ImageObject","inLanguage":"en-GB","@id":"https:\/\/wendlandmobil.de\/#\/schema\/logo\/image\/","url":"https:\/\/wendlandmobil.de\/wp-content\/uploads\/LogoWendland.png","contentUrl":"https:\/\/wendlandmobil.de\/wp-content\/uploads\/LogoWendland.png","width":384,"height":81,"caption":"Wendland Mobil"},"image":{"@id":"https:\/\/wendlandmobil.de\/#\/schema\/logo\/image\/"},"sameAs":["https:\/\/www.facebook.com\/MobilitaetsagenturWendlandElbe\/","https:\/\/www.instagram.com\/mobilimwendland\/"]}]}},"_links":{"self":[{"href":"https:\/\/wendlandmobil.de\/en\/wp-json\/wp\/v2\/pages\/38805","targetHints":{"allow":["GET"]}}],"collection":[{"href":"https:\/\/wendlandmobil.de\/en\/wp-json\/wp\/v2\/pages"}],"about":[{"href":"https:\/\/wendlandmobil.de\/en\/wp-json\/wp\/v2\/types\/page"}],"author":[{"embeddable":true,"href":"https:\/\/wendlandmobil.de\/en\/wp-json\/wp\/v2\/users\/1"}],"replies":[{"embeddable":true,"href":"https:\/\/wendlandmobil.de\/en\/wp-json\/wp\/v2\/comments?post=38805"}],"version-history":[{"count":5,"href":"https:\/\/wendlandmobil.de\/en\/wp-json\/wp\/v2\/pages\/38805\/revisions"}],"predecessor-version":[{"id":43516,"href":"https:\/\/wendlandmobil.de\/en\/wp-json\/wp\/v2\/pages\/38805\/revisions\/43516"}],"up":[{"embeddable":true,"href":"https:\/\/wendlandmobil.de\/en\/wp-json\/wp\/v2\/pages\/40629"}],"wp:attachment":[{"href":"https:\/\/wendlandmobil.de\/en\/wp-json\/wp\/v2\/media?parent=38805"}],"curies":[{"name":"wp","href":"https:\/\/api.w.org\/{rel}","templated":true}]}}