{"id":24452,"date":"2022-07-01T07:23:56","date_gmt":"2022-07-01T05:23:56","guid":{"rendered":"https:\/\/wendlandmobil.de\/?page_id=24452"},"modified":"2022-07-01T07:30:00","modified_gmt":"2022-07-01T05:30:00","slug":"conditions-of-participation-and-data-protection-information","status":"publish","type":"page","link":"https:\/\/wendlandmobil.de\/en\/teilnahmebedingungen-und-datenschutzhinweise\/","title":{"rendered":"Conditions of participation and data protection information"},"content":{"rendered":"<div data-elementor-type=\"wp-page\" data-elementor-id=\"24452\" class=\"elementor elementor-24452\" data-elementor-post-type=\"page\">\n\t\t\t\t\t\t<section class=\"elementor-section elementor-top-section elementor-element elementor-element-74d02478 elementor-section-stretched elementor-section-boxed elementor-section-height-default elementor-section-height-default\" data-id=\"74d02478\" data-element_type=\"section\" data-e-type=\"section\" data-settings=\"{&quot;stretch_section&quot;:&quot;section-stretched&quot;}\">\n\t\t\t\t\t\t<div class=\"elementor-container elementor-column-gap-default\">\n\t\t\t\t\t<div class=\"elementor-column elementor-col-100 elementor-top-column elementor-element elementor-element-3bf88e70\" data-id=\"3bf88e70\" data-element_type=\"column\" data-e-type=\"column\">\n\t\t\t<div class=\"elementor-widget-wrap elementor-element-populated\">\n\t\t\t\t\t\t<div class=\"elementor-element elementor-element-4e2fca48 elementor-widget elementor-widget-spacer\" data-id=\"4e2fca48\" data-element_type=\"widget\" data-e-type=\"widget\" data-widget_type=\"spacer.default\">\n\t\t\t\t<div class=\"elementor-widget-container\">\n\t\t\t\t\t\t\t<div class=\"elementor-spacer\">\n\t\t\t<div class=\"elementor-spacer-inner\"><\/div>\n\t\t<\/div>\n\t\t\t\t\t\t<\/div>\n\t\t\t\t<\/div>\n\t\t\t\t\t<\/div>\n\t\t<\/div>\n\t\t\t\t\t<\/div>\n\t\t<\/section>\n\t\t\t\t<section class=\"elementor-section elementor-top-section elementor-element elementor-element-19b6142f elementor-section-stretched elementor-section-boxed elementor-section-height-default elementor-section-height-default\" data-id=\"19b6142f\" data-element_type=\"section\" data-e-type=\"section\" data-settings=\"{&quot;stretch_section&quot;:&quot;section-stretched&quot;}\">\n\t\t\t\t\t\t<div class=\"elementor-container elementor-column-gap-default\">\n\t\t\t\t\t<div class=\"elementor-column elementor-col-33 elementor-top-column elementor-element elementor-element-46f7a2b1\" data-id=\"46f7a2b1\" data-element_type=\"column\" data-e-type=\"column\">\n\t\t\t<div class=\"elementor-widget-wrap elementor-element-populated\">\n\t\t\t\t\t\t<div class=\"elementor-element elementor-element-169a7b69 elementor-widget elementor-widget-text-editor\" data-id=\"169a7b69\" data-element_type=\"widget\" data-e-type=\"widget\" data-widget_type=\"text-editor.default\">\n\t\t\t\t<div class=\"elementor-widget-container\">\n\t\t\t\t\t\t\t\t\t<h1><strong>Conditions of participation and data protection information<br \/><\/strong><\/h1>\t\t\t\t\t\t\t\t<\/div>\n\t\t\t\t<\/div>\n\t\t\t\t<div class=\"elementor-element elementor-element-1be6e203 elementor-widget elementor-widget-text-editor\" data-id=\"1be6e203\" data-element_type=\"widget\" data-e-type=\"widget\" data-widget_type=\"text-editor.default\">\n\t\t\t\t<div class=\"elementor-widget-container\">\n\t\t\t\t\t\t\t\t\t<p><strong>Conditions of participation<\/strong><\/p><p>Participation in the competition is free of charge. To take part in the competition, you need to fill in and send in the questionnaire (available at the pavilion at the bus station in L\u00fcchow) or participate via the internet at <br \/><a href=\"http:\/\/www.mobil-im-wendland.de\/umfrage\">www.mobil-im-wendland.de\/umfrage<\/a> necessary. Participation in the competition is possible until 17.07.2022. Natural persons who have their residence in L\u00fcchow-Dannenberg and are at least 14 years old are eligible to participate. <em>(Minors with the consent of the person with custody)<\/em>. All persons involved in the conception and implementation of the competition and employees of the organiser and associated companies are not eligible to participate. Only one entry per person is possible. Among all eligible participants, the district of L\u00fcchow-Dannenberg will raffle 5 vouchers, each worth <br \/>20.00 for the cinema \"Alte Brennerei\", Rosenstra\u00dfe 19, 29439 L\u00fcchow (Wendland) as well as 5 vouchers worth \u20ac 20.00 each for the Wendland Therme Gartow, Am Helk 1, 29471 Gartow. The winners will be drawn by lot within 14 days after the closing date. The winners will be informed promptly by e-mail or telephone.<em> (depending on the information in the questionnaire) <\/em>informed about the prize. If a winner cannot be reached within a period of 2 weeks, the claim to the prize will expire. In this case, the organiser is entitled to conduct a replacement draw. Cash payment of the prize is not possible. The legal process is excluded.<\/p><p><strong>Privacy policy<\/strong><\/p><p>In order to participate in the competition in connection with the survey \"Shape public transport in L\u00fcchow-Dannenberg\", we need to collect some personal data from you. This collection can only take place with your consent. Consent to the collection of your personal data is necessary for participation in the prize draw. Without this, you cannot participate in the raffle.<\/p><p><strong>Name and contact details of the responsible person<\/strong><\/p><p>District of L\u00fcchow-Dannenberg, Department 60 - Mobility,<br \/>K\u00f6nigsberger Stra\u00dfe 10, 29439 L\u00fcchow (Wendland)<br \/>Phone: 05841 - 1200, e-mail: <a href=\"mailto:clevermowe@luechow-dannenberg.de\">clevermowe@luechow-dannenberg.de<\/a><\/p><p><strong>Information for the rights of the data subjects <\/strong><\/p><ul><li><strong>Right of withdrawal<\/strong> according to Art. 7 para. 3 EU-DSGVO: The data subject or the legal guardian has the right to revoke his\/her consent at any time. The revocation of consent does not affect the lawfulness of the processing carried out on the basis of the consent until the revocation.<\/li><li><strong>Consent is voluntary.<\/strong> If it is not granted, participation in the raffle cannot take place.<\/li><li><strong>Right to information<\/strong> Art 15 EU-DSGVO: You have the right to information about your data processed here and can exercise this right by email at <a href=\"mailto:99.dsb@luechow-dannenberg.de\">99.dsb@luechow-dannenberg.de<\/a> or by post to Landkreis L\u00fcchow-Dannenberg, K\u00f6nigsberger Str. 10, 29439 L\u00fcchow (Wendland).<\/li><li><strong>Right of complaint pursuant to Art. 77 EU GDPR: <\/strong>You have the right to contact the competent supervisory authority. The State Commissioner for Data Protection of Lower Saxony, Prinzenstr. 5, 30159 Hanover,<\/li><\/ul><p>Tel.: 0511 - 120 4500 \/ Fax: 0511 - 120 4599, E-Mail: <a href=\"mailto:poststelle@lfd.niedersachsen.de\">poststelle@lfd.niedersachsen.de<\/a><\/p><p><strong><u><br \/><\/u><\/strong><strong><u>Explanation<\/u><\/strong><\/p><p>With my signature at the end of the questionnaire or with my participation via internet under <br \/><a href=\"http:\/\/www.mobil-im-wendland.de\/umfrage\">www.mobil-im-wendland.de\/umfrage<\/a> I hereby agree that my personal data, or that of my child, may be collected and stored until the end of the raffle in connection with the survey on local public transport by the L\u00fcchow-Dannenberg District Mobility Service (Fachdienst 60 - Mobilit\u00e4t). After that, my personal data will be destroyed. The following data will be collected: Name, age, place of residence, telephone number or e-mail address. The results of the survey will also be used and published anonymously.<\/p><p><strong>Data protection information:<br \/><\/strong>For information on the processing of personal data at the L\u00fcchow-Dannenberg district and on your rights under the General Data Protection Regulation as well as on your contact persons in data protection matters, please refer to the general information letter of the L\u00fcchow-Dannenberg district. This can be found on the website of the district of L\u00fcchow-Dannenberg under the heading \"My district\" \u2192 \"Data protection\".<\/p><p>\u00a0<\/p>\t\t\t\t\t\t\t\t<\/div>\n\t\t\t\t<\/div>\n\t\t\t\t<div class=\"elementor-element elementor-element-787d1b06 elementor-widget elementor-widget-spacer\" data-id=\"787d1b06\" data-element_type=\"widget\" data-e-type=\"widget\" data-widget_type=\"spacer.default\">\n\t\t\t\t<div class=\"elementor-widget-container\">\n\t\t\t\t\t\t\t<div class=\"elementor-spacer\">\n\t\t\t<div class=\"elementor-spacer-inner\"><\/div>\n\t\t<\/div>\n\t\t\t\t\t\t<\/div>\n\t\t\t\t<\/div>\n\t\t\t\t<div class=\"elementor-element elementor-element-5eb34043 elementor-widget elementor-widget-spacer\" data-id=\"5eb34043\" data-element_type=\"widget\" data-e-type=\"widget\" data-widget_type=\"spacer.default\">\n\t\t\t\t<div class=\"elementor-widget-container\">\n\t\t\t\t\t\t\t<div class=\"elementor-spacer\">\n\t\t\t<div class=\"elementor-spacer-inner\"><\/div>\n\t\t<\/div>\n\t\t\t\t\t\t<\/div>\n\t\t\t\t<\/div>\n\t\t\t\t<div class=\"elementor-element elementor-element-e75569d elementor-widget elementor-widget-spacer\" data-id=\"e75569d\" data-element_type=\"widget\" data-e-type=\"widget\" data-widget_type=\"spacer.default\">\n\t\t\t\t<div class=\"elementor-widget-container\">\n\t\t\t\t\t\t\t<div class=\"elementor-spacer\">\n\t\t\t<div class=\"elementor-spacer-inner\"><\/div>\n\t\t<\/div>\n\t\t\t\t\t\t<\/div>\n\t\t\t\t<\/div>\n\t\t\t\t\t<\/div>\n\t\t<\/div>\n\t\t\t\t<div class=\"elementor-column elementor-col-33 elementor-top-column elementor-element elementor-element-6e3c7299\" data-id=\"6e3c7299\" data-element_type=\"column\" data-e-type=\"column\">\n\t\t\t<div class=\"elementor-widget-wrap\">\n\t\t\t\t\t\t\t<\/div>\n\t\t<\/div>\n\t\t\t\t<div class=\"elementor-column elementor-col-33 elementor-top-column elementor-element elementor-element-6c425e0c\" data-id=\"6c425e0c\" data-element_type=\"column\" data-e-type=\"column\">\n\t\t\t<div class=\"elementor-widget-wrap elementor-element-populated\">\n\t\t\t\t\t\t<div class=\"elementor-element elementor-element-276fac6f elementor-widget elementor-widget-spacer\" data-id=\"276fac6f\" data-element_type=\"widget\" data-e-type=\"widget\" data-widget_type=\"spacer.default\">\n\t\t\t\t<div class=\"elementor-widget-container\">\n\t\t\t\t\t\t\t<div class=\"elementor-spacer\">\n\t\t\t<div class=\"elementor-spacer-inner\"><\/div>\n\t\t<\/div>\n\t\t\t\t\t\t<\/div>\n\t\t\t\t<\/div>\n\t\t\t\t\t<\/div>\n\t\t<\/div>\n\t\t\t\t\t<\/div>\n\t\t<\/section>\n\t\t\t\t<section class=\"elementor-section elementor-top-section elementor-element elementor-element-383f98dc elementor-section-boxed elementor-section-height-default elementor-section-height-default\" data-id=\"383f98dc\" data-element_type=\"section\" data-e-type=\"section\">\n\t\t\t\t\t\t<div class=\"elementor-container elementor-column-gap-default\">\n\t\t\t\t\t<div class=\"elementor-column elementor-col-100 elementor-top-column elementor-element elementor-element-3baf278f\" data-id=\"3baf278f\" data-element_type=\"column\" data-e-type=\"column\">\n\t\t\t<div class=\"elementor-widget-wrap elementor-element-populated\">\n\t\t\t\t\t\t<div class=\"elementor-element elementor-element-1a404661 elementor-widget elementor-widget-spacer\" data-id=\"1a404661\" data-element_type=\"widget\" data-e-type=\"widget\" data-widget_type=\"spacer.default\">\n\t\t\t\t<div class=\"elementor-widget-container\">\n\t\t\t\t\t\t\t<div class=\"elementor-spacer\">\n\t\t\t<div class=\"elementor-spacer-inner\"><\/div>\n\t\t<\/div>\n\t\t\t\t\t\t<\/div>\n\t\t\t\t<\/div>\n\t\t\t\t\t<\/div>\n\t\t<\/div>\n\t\t\t\t\t<\/div>\n\t\t<\/section>\n\t\t\t\t<\/div>","protected":false},"excerpt":{"rendered":"<p>Conditions of participation and data protection information Conditions of participation Participation in the competition is free of charge. To take part in the competition, it is necessary to complete and send in the questionnaire (available in the pavilion at the bus station in L\u00fcchow) or to participate online at www.mobil-im-wendland.de\/umfrage. Participation in the competition is possible until 17.07.2022. Natural persons who are resident in L\u00fcchow-Dannenberg are eligible to participate.<\/p>","protected":false},"author":2,"featured_media":0,"parent":0,"menu_order":0,"comment_status":"closed","ping_status":"closed","template":"","meta":{"footnotes":""},"class_list":["post-24452","page","type-page","status-publish","hentry"],"yoast_head":"<!-- This site is optimized with the Yoast SEO plugin v27.5 - https:\/\/yoast.com\/product\/yoast-seo-wordpress\/ -->\n<title>Teilnahmebedingungen und Datenschutzhinweise - Wendland Mobil<\/title>\n<meta name=\"robots\" content=\"index, follow, max-snippet:-1, max-image-preview:large, max-video-preview:-1\" \/>\n<link rel=\"canonical\" href=\"https:\/\/wendlandmobil.de\/en\/conditions-of-participation-and-data-protection-information\/\" \/>\n<meta property=\"og:locale\" content=\"en_GB\" \/>\n<meta property=\"og:type\" content=\"article\" \/>\n<meta property=\"og:title\" content=\"Teilnahmebedingungen und Datenschutzhinweise - Wendland Mobil\" \/>\n<meta property=\"og:description\" content=\"Teilnahmebedingungen und Datenschutzhinweise Teilnahmebedingungen Die Teilnahme am Gewinnspiel ist kostenlos. Um an dem Gewinnspiel teilzunehmen, ist das Ausf\u00fcllen und Einsenden des Fragebogens (erh\u00e4ltlich im Pavillon am Busbahnhof in L\u00fcchow) oder die Teilnahme per Internet unter www.mobil-im-wendland.de\/umfrage notwendig. Die Teilnahme am Gewinnspiel ist bis zum 17.07.2022 m\u00f6glich. Teilnahmeberechtigt sind nat\u00fcrliche Personen, die ihren Wohnsitz in L\u00fcchow-Dannenberg&hellip;\" \/>\n<meta property=\"og:url\" content=\"https:\/\/wendlandmobil.de\/en\/conditions-of-participation-and-data-protection-information\/\" \/>\n<meta property=\"og:site_name\" content=\"Wendland Mobil\" \/>\n<meta property=\"article:publisher\" content=\"https:\/\/www.facebook.com\/MobilitaetsagenturWendlandElbe\/\" \/>\n<meta property=\"article:modified_time\" content=\"2022-07-01T05:30:00+00:00\" \/>\n<meta name=\"twitter:card\" content=\"summary_large_image\" \/>\n<meta name=\"twitter:label1\" content=\"Estimated reading time\" \/>\n\t<meta name=\"twitter:data1\" content=\"4 minutes\" \/>\n<script type=\"application\/ld+json\" class=\"yoast-schema-graph\">{\"@context\":\"https:\\\/\\\/schema.org\",\"@graph\":[{\"@type\":\"WebPage\",\"@id\":\"https:\\\/\\\/wendlandmobil.de\\\/teilnahmebedingungen-und-datenschutzhinweise\\\/\",\"url\":\"https:\\\/\\\/wendlandmobil.de\\\/teilnahmebedingungen-und-datenschutzhinweise\\\/\",\"name\":\"Teilnahmebedingungen und Datenschutzhinweise - Wendland Mobil\",\"isPartOf\":{\"@id\":\"https:\\\/\\\/wendlandmobil.de\\\/#website\"},\"datePublished\":\"2022-07-01T05:23:56+00:00\",\"dateModified\":\"2022-07-01T05:30:00+00:00\",\"breadcrumb\":{\"@id\":\"https:\\\/\\\/wendlandmobil.de\\\/teilnahmebedingungen-und-datenschutzhinweise\\\/#breadcrumb\"},\"inLanguage\":\"en-GB\",\"potentialAction\":[{\"@type\":\"ReadAction\",\"target\":[\"https:\\\/\\\/wendlandmobil.de\\\/teilnahmebedingungen-und-datenschutzhinweise\\\/\"]}]},{\"@type\":\"BreadcrumbList\",\"@id\":\"https:\\\/\\\/wendlandmobil.de\\\/teilnahmebedingungen-und-datenschutzhinweise\\\/#breadcrumb\",\"itemListElement\":[{\"@type\":\"ListItem\",\"position\":1,\"name\":\"Startseite\",\"item\":\"https:\\\/\\\/wendlandmobil.de\\\/\"},{\"@type\":\"ListItem\",\"position\":2,\"name\":\"Teilnahmebedingungen und Datenschutzhinweise\"}]},{\"@type\":\"WebSite\",\"@id\":\"https:\\\/\\\/wendlandmobil.de\\\/#website\",\"url\":\"https:\\\/\\\/wendlandmobil.de\\\/\",\"name\":\"Wendland Mobil\",\"description\":\"\",\"publisher\":{\"@id\":\"https:\\\/\\\/wendlandmobil.de\\\/#organization\"},\"potentialAction\":[{\"@type\":\"SearchAction\",\"target\":{\"@type\":\"EntryPoint\",\"urlTemplate\":\"https:\\\/\\\/wendlandmobil.de\\\/?s={search_term_string}\"},\"query-input\":{\"@type\":\"PropertyValueSpecification\",\"valueRequired\":true,\"valueName\":\"search_term_string\"}}],\"inLanguage\":\"en-GB\"},{\"@type\":\"Organization\",\"@id\":\"https:\\\/\\\/wendlandmobil.de\\\/#organization\",\"name\":\"Wendland Mobil\",\"url\":\"https:\\\/\\\/wendlandmobil.de\\\/\",\"logo\":{\"@type\":\"ImageObject\",\"inLanguage\":\"en-GB\",\"@id\":\"https:\\\/\\\/wendlandmobil.de\\\/#\\\/schema\\\/logo\\\/image\\\/\",\"url\":\"https:\\\/\\\/wendlandmobil.de\\\/wp-content\\\/uploads\\\/LogoWendland.png\",\"contentUrl\":\"https:\\\/\\\/wendlandmobil.de\\\/wp-content\\\/uploads\\\/LogoWendland.png\",\"width\":384,\"height\":81,\"caption\":\"Wendland Mobil\"},\"image\":{\"@id\":\"https:\\\/\\\/wendlandmobil.de\\\/#\\\/schema\\\/logo\\\/image\\\/\"},\"sameAs\":[\"https:\\\/\\\/www.facebook.com\\\/MobilitaetsagenturWendlandElbe\\\/\",\"https:\\\/\\\/www.instagram.com\\\/mobilimwendland\\\/\"]}]}<\/script>\n<!-- \/ Yoast SEO plugin. -->","yoast_head_json":{"title":"Conditions of participation and data protection information - Wendland Mobil","robots":{"index":"index","follow":"follow","max-snippet":"max-snippet:-1","max-image-preview":"max-image-preview:large","max-video-preview":"max-video-preview:-1"},"canonical":"https:\/\/wendlandmobil.de\/en\/conditions-of-participation-and-data-protection-information\/","og_locale":"en_GB","og_type":"article","og_title":"Teilnahmebedingungen und Datenschutzhinweise - Wendland Mobil","og_description":"Teilnahmebedingungen und Datenschutzhinweise Teilnahmebedingungen Die Teilnahme am Gewinnspiel ist kostenlos. Um an dem Gewinnspiel teilzunehmen, ist das Ausf\u00fcllen und Einsenden des Fragebogens (erh\u00e4ltlich im Pavillon am Busbahnhof in L\u00fcchow) oder die Teilnahme per Internet unter www.mobil-im-wendland.de\/umfrage notwendig. Die Teilnahme am Gewinnspiel ist bis zum 17.07.2022 m\u00f6glich. Teilnahmeberechtigt sind nat\u00fcrliche Personen, die ihren Wohnsitz in L\u00fcchow-Dannenberg&hellip;","og_url":"https:\/\/wendlandmobil.de\/en\/conditions-of-participation-and-data-protection-information\/","og_site_name":"Wendland Mobil","article_publisher":"https:\/\/www.facebook.com\/MobilitaetsagenturWendlandElbe\/","article_modified_time":"2022-07-01T05:30:00+00:00","twitter_card":"summary_large_image","twitter_misc":{"Estimated reading time":"4 minutes"},"schema":{"@context":"https:\/\/schema.org","@graph":[{"@type":"WebPage","@id":"https:\/\/wendlandmobil.de\/teilnahmebedingungen-und-datenschutzhinweise\/","url":"https:\/\/wendlandmobil.de\/teilnahmebedingungen-und-datenschutzhinweise\/","name":"Conditions of participation and data protection information - Wendland Mobil","isPartOf":{"@id":"https:\/\/wendlandmobil.de\/#website"},"datePublished":"2022-07-01T05:23:56+00:00","dateModified":"2022-07-01T05:30:00+00:00","breadcrumb":{"@id":"https:\/\/wendlandmobil.de\/teilnahmebedingungen-und-datenschutzhinweise\/#breadcrumb"},"inLanguage":"en-GB","potentialAction":[{"@type":"ReadAction","target":["https:\/\/wendlandmobil.de\/teilnahmebedingungen-und-datenschutzhinweise\/"]}]},{"@type":"BreadcrumbList","@id":"https:\/\/wendlandmobil.de\/teilnahmebedingungen-und-datenschutzhinweise\/#breadcrumb","itemListElement":[{"@type":"ListItem","position":1,"name":"Startseite","item":"https:\/\/wendlandmobil.de\/"},{"@type":"ListItem","position":2,"name":"Teilnahmebedingungen und Datenschutzhinweise"}]},{"@type":"WebSite","@id":"https:\/\/wendlandmobil.de\/#website","url":"https:\/\/wendlandmobil.de\/","name":"Wendland Mobile","description":"","publisher":{"@id":"https:\/\/wendlandmobil.de\/#organization"},"potentialAction":[{"@type":"SearchAction","target":{"@type":"EntryPoint","urlTemplate":"https:\/\/wendlandmobil.de\/?s={search_term_string}"},"query-input":{"@type":"PropertyValueSpecification","valueRequired":true,"valueName":"search_term_string"}}],"inLanguage":"en-GB"},{"@type":"Organization","@id":"https:\/\/wendlandmobil.de\/#organization","name":"Wendland Mobile","url":"https:\/\/wendlandmobil.de\/","logo":{"@type":"ImageObject","inLanguage":"en-GB","@id":"https:\/\/wendlandmobil.de\/#\/schema\/logo\/image\/","url":"https:\/\/wendlandmobil.de\/wp-content\/uploads\/LogoWendland.png","contentUrl":"https:\/\/wendlandmobil.de\/wp-content\/uploads\/LogoWendland.png","width":384,"height":81,"caption":"Wendland Mobil"},"image":{"@id":"https:\/\/wendlandmobil.de\/#\/schema\/logo\/image\/"},"sameAs":["https:\/\/www.facebook.com\/MobilitaetsagenturWendlandElbe\/","https:\/\/www.instagram.com\/mobilimwendland\/"]}]}},"_links":{"self":[{"href":"https:\/\/wendlandmobil.de\/en\/wp-json\/wp\/v2\/pages\/24452","targetHints":{"allow":["GET"]}}],"collection":[{"href":"https:\/\/wendlandmobil.de\/en\/wp-json\/wp\/v2\/pages"}],"about":[{"href":"https:\/\/wendlandmobil.de\/en\/wp-json\/wp\/v2\/types\/page"}],"author":[{"embeddable":true,"href":"https:\/\/wendlandmobil.de\/en\/wp-json\/wp\/v2\/users\/2"}],"replies":[{"embeddable":true,"href":"https:\/\/wendlandmobil.de\/en\/wp-json\/wp\/v2\/comments?post=24452"}],"version-history":[{"count":3,"href":"https:\/\/wendlandmobil.de\/en\/wp-json\/wp\/v2\/pages\/24452\/revisions"}],"predecessor-version":[{"id":24460,"href":"https:\/\/wendlandmobil.de\/en\/wp-json\/wp\/v2\/pages\/24452\/revisions\/24460"}],"wp:attachment":[{"href":"https:\/\/wendlandmobil.de\/en\/wp-json\/wp\/v2\/media?parent=24452"}],"curies":[{"name":"wp","href":"https:\/\/api.w.org\/{rel}","templated":true}]}}