{"id":13827,"date":"2022-03-11T10:33:47","date_gmt":"2022-03-11T09:33:47","guid":{"rendered":"https:\/\/wendlandmobil.de\/?page_id=13827"},"modified":"2022-03-11T10:45:39","modified_gmt":"2022-03-11T09:45:39","slug":"modal-split-survey","status":"publish","type":"page","link":"https:\/\/wendlandmobil.de\/en\/modal-split-befragung\/","title":{"rendered":"Modal split survey"},"content":{"rendered":"<div data-elementor-type=\"wp-page\" data-elementor-id=\"13827\" class=\"elementor elementor-13827\" data-elementor-post-type=\"page\">\n\t\t\t\t\t\t<section class=\"elementor-section elementor-top-section elementor-element elementor-element-5c6bc0f1 elementor-section-stretched elementor-section-boxed elementor-section-height-default elementor-section-height-default\" data-id=\"5c6bc0f1\" data-element_type=\"section\" data-e-type=\"section\" data-settings=\"{&quot;stretch_section&quot;:&quot;section-stretched&quot;}\">\n\t\t\t\t\t\t<div class=\"elementor-container elementor-column-gap-default\">\n\t\t\t\t\t<div class=\"elementor-column elementor-col-100 elementor-top-column elementor-element elementor-element-4a9e8889\" data-id=\"4a9e8889\" data-element_type=\"column\" data-e-type=\"column\">\n\t\t\t<div class=\"elementor-widget-wrap elementor-element-populated\">\n\t\t\t\t\t\t<div class=\"elementor-element elementor-element-4a70b0e elementor-widget elementor-widget-spacer\" data-id=\"4a70b0e\" data-element_type=\"widget\" data-e-type=\"widget\" data-widget_type=\"spacer.default\">\n\t\t\t\t<div class=\"elementor-widget-container\">\n\t\t\t\t\t\t\t<div class=\"elementor-spacer\">\n\t\t\t<div class=\"elementor-spacer-inner\"><\/div>\n\t\t<\/div>\n\t\t\t\t\t\t<\/div>\n\t\t\t\t<\/div>\n\t\t\t\t\t<\/div>\n\t\t<\/div>\n\t\t\t\t\t<\/div>\n\t\t<\/section>\n\t\t\t\t<section class=\"elementor-section elementor-top-section elementor-element elementor-element-26108162 elementor-section-boxed elementor-section-height-default elementor-section-height-default\" data-id=\"26108162\" data-element_type=\"section\" data-e-type=\"section\">\n\t\t\t\t\t\t<div class=\"elementor-container elementor-column-gap-default\">\n\t\t\t\t\t<div class=\"elementor-column elementor-col-33 elementor-top-column elementor-element elementor-element-fa5e6e6\" data-id=\"fa5e6e6\" data-element_type=\"column\" data-e-type=\"column\">\n\t\t\t<div class=\"elementor-widget-wrap elementor-element-populated\">\n\t\t\t\t\t\t<div class=\"elementor-element elementor-element-539526df elementor-widget elementor-widget-text-editor\" data-id=\"539526df\" data-element_type=\"widget\" data-e-type=\"widget\" data-widget_type=\"text-editor.default\">\n\t\t\t\t<div class=\"elementor-widget-container\">\n\t\t\t\t\t\t\t\t\t<h1><strong>Modal split survey 2021<br \/><\/strong><\/h1>\t\t\t\t\t\t\t\t<\/div>\n\t\t\t\t<\/div>\n\t\t\t\t<div class=\"elementor-element elementor-element-954ce55 elementor-widget elementor-widget-text-editor\" data-id=\"954ce55\" data-element_type=\"widget\" data-e-type=\"widget\" data-widget_type=\"text-editor.default\">\n\t\t\t\t<div class=\"elementor-widget-container\">\n\t\t\t\t\t\t\t\t\t<p><strong>How mobile are the citizens in the district of L\u00fcchow-Dannenberg?<\/strong><\/p><p>What journeys are made within and between the district's joint municipalities and to towns and municipalities outside the district? Which means of transport are used for which journeys, e.g. shopping, leisure time, work? Why are some means of transport used rather little and where are deficits seen and improvements in the transport offer desired?<\/p><p>In order to obtain answers to these and other questions, a household survey on mobility behaviour in L\u00fcchow-Dannenberg was conducted in spring 2021. Of the 2,860 households from all towns and municipalities in the district of L\u00fcchow-Dannenberg selected in a random sample, 24% of the households took part in the survey. In the process, 1,264 people aged six and over, corresponding to 2.6% of the L\u00fcchow-Dannenberg population, logged a total of 3,658 trips on one of the six specified reference dates in June 2021. The comprehensive results of the survey, which was conducted on a voluntary basis, allow representative statements to be made on mobility behaviour in the entire district area and in part also differentiated for the three joint municipalities Elbtalaue, Gartow and L\u00fcchow. This brochure contains a small excerpt of the most important results of the mobility survey. <\/p><p>We would like to take this opportunity to thank all those involved in the survey, in particular all the participating citizens of the L\u00fcchow-Dannenberg district, for their cooperation! It was only with their support that the results now available on mobility in L\u00fcchow-Dannenberg could be compiled.<\/p>\t\t\t\t\t\t\t\t<\/div>\n\t\t\t\t<\/div>\n\t\t\t\t<div class=\"elementor-element elementor-element-20ee94c0 elementor-widget elementor-widget-spacer\" data-id=\"20ee94c0\" data-element_type=\"widget\" data-e-type=\"widget\" data-widget_type=\"spacer.default\">\n\t\t\t\t<div class=\"elementor-widget-container\">\n\t\t\t\t\t\t\t<div class=\"elementor-spacer\">\n\t\t\t<div class=\"elementor-spacer-inner\"><\/div>\n\t\t<\/div>\n\t\t\t\t\t\t<\/div>\n\t\t\t\t<\/div>\n\t\t\t\t<div class=\"elementor-element elementor-element-7c587044 elementor-widget elementor-widget-spacer\" data-id=\"7c587044\" data-element_type=\"widget\" data-e-type=\"widget\" data-widget_type=\"spacer.default\">\n\t\t\t\t<div class=\"elementor-widget-container\">\n\t\t\t\t\t\t\t<div class=\"elementor-spacer\">\n\t\t\t<div class=\"elementor-spacer-inner\"><\/div>\n\t\t<\/div>\n\t\t\t\t\t\t<\/div>\n\t\t\t\t<\/div>\n\t\t\t\t\t<\/div>\n\t\t<\/div>\n\t\t\t\t<div class=\"elementor-column elementor-col-33 elementor-top-column elementor-element elementor-element-7d6fda5a\" data-id=\"7d6fda5a\" data-element_type=\"column\" data-e-type=\"column\">\n\t\t\t<div class=\"elementor-widget-wrap\">\n\t\t\t\t\t\t\t<\/div>\n\t\t<\/div>\n\t\t\t\t<div class=\"elementor-column elementor-col-33 elementor-top-column elementor-element elementor-element-16d3007e\" data-id=\"16d3007e\" data-element_type=\"column\" data-e-type=\"column\">\n\t\t\t<div class=\"elementor-widget-wrap elementor-element-populated\">\n\t\t\t\t\t\t<div class=\"elementor-element elementor-element-5ac93cd5 elementor-widget elementor-widget-spacer\" data-id=\"5ac93cd5\" data-element_type=\"widget\" data-e-type=\"widget\" data-widget_type=\"spacer.default\">\n\t\t\t\t<div class=\"elementor-widget-container\">\n\t\t\t\t\t\t\t<div class=\"elementor-spacer\">\n\t\t\t<div class=\"elementor-spacer-inner\"><\/div>\n\t\t<\/div>\n\t\t\t\t\t\t<\/div>\n\t\t\t\t<\/div>\n\t\t\t\t<div class=\"elementor-element elementor-element-52431be6 elementor-widget elementor-widget-image\" data-id=\"52431be6\" data-element_type=\"widget\" data-e-type=\"widget\" data-widget_type=\"image.default\">\n\t\t\t\t<div class=\"elementor-widget-container\">\n\t\t\t\t\t\t\t\t\t\t\t\t\t\t\t<img fetchpriority=\"high\" decoding=\"async\" width=\"768\" height=\"1024\" src=\"https:\/\/wendlandmobil.de\/wp-content\/uploads\/lk-befragung-2-768x1024.jpg\" class=\"attachment-large size-large wp-image-13828\" alt=\"\" srcset=\"https:\/\/wendlandmobil.de\/wp-content\/uploads\/lk-befragung-2-768x1024.jpg 768w, https:\/\/wendlandmobil.de\/wp-content\/uploads\/lk-befragung-2-600x800.jpg 600w, https:\/\/wendlandmobil.de\/wp-content\/uploads\/lk-befragung-2-384x512.jpg 384w, https:\/\/wendlandmobil.de\/wp-content\/uploads\/lk-befragung-2-1152x1536.jpg 1152w, https:\/\/wendlandmobil.de\/wp-content\/uploads\/lk-befragung-2-1536x2048.jpg 1536w\" sizes=\"(max-width: 768px) 100vw, 768px\" \/>\t\t\t\t\t\t\t\t\t\t\t\t\t\t\t<\/div>\n\t\t\t\t<\/div>\n\t\t\t\t<div class=\"elementor-element elementor-element-9441aae elementor-widget elementor-widget-image\" data-id=\"9441aae\" data-element_type=\"widget\" data-e-type=\"widget\" data-widget_type=\"image.default\">\n\t\t\t\t<div class=\"elementor-widget-container\">\n\t\t\t\t\t\t\t\t\t\t\t\t\t\t\t\t<a href=\"https:\/\/wendlandmobil.de\/wp-content\/uploads\/Zentrale-Kennziffern-der-Befragung_1.png\" data-elementor-open-lightbox=\"yes\" data-elementor-lightbox-title=\"Zentrale Kennziffern der Befragung_1\" data-e-action-hash=\"#elementor-action%3Aaction%3Dlightbox%26settings%3DeyJpZCI6MTM4MzcsInVybCI6Imh0dHBzOlwvXC93ZW5kbGFuZG1vYmlsLmRlXC93cC1jb250ZW50XC91cGxvYWRzXC9aZW50cmFsZS1LZW5uemlmZmVybi1kZXItQmVmcmFndW5nXzEucG5nIn0%3D\">\n\t\t\t\t\t\t\t<img decoding=\"async\" width=\"1024\" height=\"606\" src=\"https:\/\/wendlandmobil.de\/wp-content\/uploads\/Zentrale-Kennziffern-der-Befragung_1-1024x606.png\" class=\"attachment-large size-large wp-image-13837\" alt=\"\" srcset=\"https:\/\/wendlandmobil.de\/wp-content\/uploads\/Zentrale-Kennziffern-der-Befragung_1-1024x606.png 1024w, https:\/\/wendlandmobil.de\/wp-content\/uploads\/Zentrale-Kennziffern-der-Befragung_1-600x355.png 600w, https:\/\/wendlandmobil.de\/wp-content\/uploads\/Zentrale-Kennziffern-der-Befragung_1-512x303.png 512w, https:\/\/wendlandmobil.de\/wp-content\/uploads\/Zentrale-Kennziffern-der-Befragung_1-768x455.png 768w, https:\/\/wendlandmobil.de\/wp-content\/uploads\/Zentrale-Kennziffern-der-Befragung_1-1536x909.png 1536w, https:\/\/wendlandmobil.de\/wp-content\/uploads\/Zentrale-Kennziffern-der-Befragung_1-2048x1212.png 2048w\" sizes=\"(max-width: 1024px) 100vw, 1024px\" \/>\t\t\t\t\t\t\t\t<\/a>\n\t\t\t\t\t\t\t\t\t\t\t\t\t\t\t<\/div>\n\t\t\t\t<\/div>\n\t\t\t\t<div class=\"elementor-element elementor-element-14bb7d4 elementor-widget elementor-widget-button\" data-id=\"14bb7d4\" data-element_type=\"widget\" data-e-type=\"widget\" data-widget_type=\"button.default\">\n\t\t\t\t<div class=\"elementor-widget-container\">\n\t\t\t\t\t\t\t\t\t<div class=\"elementor-button-wrapper\">\n\t\t\t\t\t<a class=\"elementor-button elementor-button-link elementor-size-sm\" href=\"https:\/\/wendlandmobil.de\/wp-content\/uploads\/Broschuere_Luechow-Dannenberg_finale-Version_220223.pdf\" target=\"_blank\">\n\t\t\t\t\t\t<span class=\"elementor-button-content-wrapper\">\n\t\t\t\t\t\t\t\t\t<span class=\"elementor-button-text\">Download the results!<\/span>\n\t\t\t\t\t<\/span>\n\t\t\t\t\t<\/a>\n\t\t\t\t<\/div>\n\t\t\t\t\t\t\t\t<\/div>\n\t\t\t\t<\/div>\n\t\t\t\t\t<\/div>\n\t\t<\/div>\n\t\t\t\t\t<\/div>\n\t\t<\/section>\n\t\t\t\t<\/div>","protected":false},"excerpt":{"rendered":"<p>Modal split survey 2021 How mobile are citizens in the L\u00fcchow-Dannenberg district? Which journeys are made within and between the joint municipalities of the district and to towns and municipalities outside the district? Which means of transport are used for which journeys, for example to go shopping, for leisure or to work? Why are some modes of transport used less?<\/p>","protected":false},"author":2,"featured_media":0,"parent":0,"menu_order":0,"comment_status":"closed","ping_status":"closed","template":"","meta":{"footnotes":""},"class_list":["post-13827","page","type-page","status-publish","hentry"],"yoast_head":"<!-- This site is optimized with the Yoast SEO plugin v27.3 - https:\/\/yoast.com\/product\/yoast-seo-wordpress\/ -->\n<title>Modal Split Befragung - Wendland Mobil<\/title>\n<meta name=\"robots\" content=\"index, follow, max-snippet:-1, max-image-preview:large, max-video-preview:-1\" \/>\n<link rel=\"canonical\" href=\"https:\/\/wendlandmobil.de\/en\/modal-split-survey\/\" \/>\n<meta property=\"og:locale\" content=\"en_GB\" \/>\n<meta property=\"og:type\" content=\"article\" \/>\n<meta property=\"og:title\" content=\"Modal Split Befragung - Wendland Mobil\" \/>\n<meta property=\"og:description\" content=\"Modal-Split Befragung 2021 Wie mobil sind die B\u00fcrgerinnen und B\u00fcrger im Landkreis L\u00fcchow-Dannenberg? Welche Wege werden in und zwischen den Samtgemeinden des Landkreises und zu St\u00e4dten und Gemeinden au\u00dferhalb des Landkreises durchgef\u00fchrt? Welche Verkehrsmittel werden dabei f\u00fcr welche Wege, zum Beispiel zum Einkaufen, in der Freizeit, zur Arbeit genutzt? Warum werden manche Verkehrsmittel eher wenig&hellip;\" \/>\n<meta property=\"og:url\" content=\"https:\/\/wendlandmobil.de\/en\/modal-split-survey\/\" \/>\n<meta property=\"og:site_name\" content=\"Wendland Mobil\" \/>\n<meta property=\"article:publisher\" content=\"https:\/\/www.facebook.com\/MobilitaetsagenturWendlandElbe\/\" \/>\n<meta property=\"article:modified_time\" content=\"2022-03-11T09:45:39+00:00\" \/>\n<meta property=\"og:image\" content=\"https:\/\/wendlandmobil.de\/wp-content\/uploads\/lk-befragung-2-768x1024.jpg\" \/>\n<meta name=\"twitter:card\" content=\"summary_large_image\" \/>\n<meta name=\"twitter:label1\" content=\"Estimated reading time\" \/>\n\t<meta name=\"twitter:data1\" content=\"2 minutes\" \/>\n<script type=\"application\/ld+json\" class=\"yoast-schema-graph\">{\"@context\":\"https:\\\/\\\/schema.org\",\"@graph\":[{\"@type\":\"WebPage\",\"@id\":\"https:\\\/\\\/wendlandmobil.de\\\/modal-split-befragung\\\/\",\"url\":\"https:\\\/\\\/wendlandmobil.de\\\/modal-split-befragung\\\/\",\"name\":\"Modal Split Befragung - Wendland Mobil\",\"isPartOf\":{\"@id\":\"https:\\\/\\\/wendlandmobil.de\\\/#website\"},\"primaryImageOfPage\":{\"@id\":\"https:\\\/\\\/wendlandmobil.de\\\/modal-split-befragung\\\/#primaryimage\"},\"image\":{\"@id\":\"https:\\\/\\\/wendlandmobil.de\\\/modal-split-befragung\\\/#primaryimage\"},\"thumbnailUrl\":\"https:\\\/\\\/wendlandmobil.de\\\/wp-content\\\/uploads\\\/lk-befragung-2-768x1024.jpg\",\"datePublished\":\"2022-03-11T09:33:47+00:00\",\"dateModified\":\"2022-03-11T09:45:39+00:00\",\"breadcrumb\":{\"@id\":\"https:\\\/\\\/wendlandmobil.de\\\/modal-split-befragung\\\/#breadcrumb\"},\"inLanguage\":\"en-GB\",\"potentialAction\":[{\"@type\":\"ReadAction\",\"target\":[\"https:\\\/\\\/wendlandmobil.de\\\/modal-split-befragung\\\/\"]}]},{\"@type\":\"ImageObject\",\"inLanguage\":\"en-GB\",\"@id\":\"https:\\\/\\\/wendlandmobil.de\\\/modal-split-befragung\\\/#primaryimage\",\"url\":\"https:\\\/\\\/wendlandmobil.de\\\/wp-content\\\/uploads\\\/lk-befragung-2-768x1024.jpg\",\"contentUrl\":\"https:\\\/\\\/wendlandmobil.de\\\/wp-content\\\/uploads\\\/lk-befragung-2-768x1024.jpg\"},{\"@type\":\"BreadcrumbList\",\"@id\":\"https:\\\/\\\/wendlandmobil.de\\\/modal-split-befragung\\\/#breadcrumb\",\"itemListElement\":[{\"@type\":\"ListItem\",\"position\":1,\"name\":\"Startseite\",\"item\":\"https:\\\/\\\/wendlandmobil.de\\\/\"},{\"@type\":\"ListItem\",\"position\":2,\"name\":\"Modal Split Befragung\"}]},{\"@type\":\"WebSite\",\"@id\":\"https:\\\/\\\/wendlandmobil.de\\\/#website\",\"url\":\"https:\\\/\\\/wendlandmobil.de\\\/\",\"name\":\"Wendland Mobil\",\"description\":\"\",\"publisher\":{\"@id\":\"https:\\\/\\\/wendlandmobil.de\\\/#organization\"},\"potentialAction\":[{\"@type\":\"SearchAction\",\"target\":{\"@type\":\"EntryPoint\",\"urlTemplate\":\"https:\\\/\\\/wendlandmobil.de\\\/?s={search_term_string}\"},\"query-input\":{\"@type\":\"PropertyValueSpecification\",\"valueRequired\":true,\"valueName\":\"search_term_string\"}}],\"inLanguage\":\"en-GB\"},{\"@type\":\"Organization\",\"@id\":\"https:\\\/\\\/wendlandmobil.de\\\/#organization\",\"name\":\"Wendland Mobil\",\"url\":\"https:\\\/\\\/wendlandmobil.de\\\/\",\"logo\":{\"@type\":\"ImageObject\",\"inLanguage\":\"en-GB\",\"@id\":\"https:\\\/\\\/wendlandmobil.de\\\/#\\\/schema\\\/logo\\\/image\\\/\",\"url\":\"https:\\\/\\\/wendlandmobil.de\\\/wp-content\\\/uploads\\\/LogoWendland.png\",\"contentUrl\":\"https:\\\/\\\/wendlandmobil.de\\\/wp-content\\\/uploads\\\/LogoWendland.png\",\"width\":384,\"height\":81,\"caption\":\"Wendland Mobil\"},\"image\":{\"@id\":\"https:\\\/\\\/wendlandmobil.de\\\/#\\\/schema\\\/logo\\\/image\\\/\"},\"sameAs\":[\"https:\\\/\\\/www.facebook.com\\\/MobilitaetsagenturWendlandElbe\\\/\",\"https:\\\/\\\/www.instagram.com\\\/mobilimwendland\\\/\"]}]}<\/script>\n<!-- \/ Yoast SEO plugin. -->","yoast_head_json":{"title":"Modal split survey - Wendland Mobil","robots":{"index":"index","follow":"follow","max-snippet":"max-snippet:-1","max-image-preview":"max-image-preview:large","max-video-preview":"max-video-preview:-1"},"canonical":"https:\/\/wendlandmobil.de\/en\/modal-split-survey\/","og_locale":"en_GB","og_type":"article","og_title":"Modal Split Befragung - Wendland Mobil","og_description":"Modal-Split Befragung 2021 Wie mobil sind die B\u00fcrgerinnen und B\u00fcrger im Landkreis L\u00fcchow-Dannenberg? Welche Wege werden in und zwischen den Samtgemeinden des Landkreises und zu St\u00e4dten und Gemeinden au\u00dferhalb des Landkreises durchgef\u00fchrt? Welche Verkehrsmittel werden dabei f\u00fcr welche Wege, zum Beispiel zum Einkaufen, in der Freizeit, zur Arbeit genutzt? Warum werden manche Verkehrsmittel eher wenig&hellip;","og_url":"https:\/\/wendlandmobil.de\/en\/modal-split-survey\/","og_site_name":"Wendland Mobil","article_publisher":"https:\/\/www.facebook.com\/MobilitaetsagenturWendlandElbe\/","article_modified_time":"2022-03-11T09:45:39+00:00","og_image":[{"url":"https:\/\/wendlandmobil.de\/wp-content\/uploads\/lk-befragung-2-768x1024.jpg","type":"","width":"","height":""}],"twitter_card":"summary_large_image","twitter_misc":{"Estimated reading time":"2 minutes"},"schema":{"@context":"https:\/\/schema.org","@graph":[{"@type":"WebPage","@id":"https:\/\/wendlandmobil.de\/modal-split-befragung\/","url":"https:\/\/wendlandmobil.de\/modal-split-befragung\/","name":"Modal split survey - Wendland Mobil","isPartOf":{"@id":"https:\/\/wendlandmobil.de\/#website"},"primaryImageOfPage":{"@id":"https:\/\/wendlandmobil.de\/modal-split-befragung\/#primaryimage"},"image":{"@id":"https:\/\/wendlandmobil.de\/modal-split-befragung\/#primaryimage"},"thumbnailUrl":"https:\/\/wendlandmobil.de\/wp-content\/uploads\/lk-befragung-2-768x1024.jpg","datePublished":"2022-03-11T09:33:47+00:00","dateModified":"2022-03-11T09:45:39+00:00","breadcrumb":{"@id":"https:\/\/wendlandmobil.de\/modal-split-befragung\/#breadcrumb"},"inLanguage":"en-GB","potentialAction":[{"@type":"ReadAction","target":["https:\/\/wendlandmobil.de\/modal-split-befragung\/"]}]},{"@type":"ImageObject","inLanguage":"en-GB","@id":"https:\/\/wendlandmobil.de\/modal-split-befragung\/#primaryimage","url":"https:\/\/wendlandmobil.de\/wp-content\/uploads\/lk-befragung-2-768x1024.jpg","contentUrl":"https:\/\/wendlandmobil.de\/wp-content\/uploads\/lk-befragung-2-768x1024.jpg"},{"@type":"BreadcrumbList","@id":"https:\/\/wendlandmobil.de\/modal-split-befragung\/#breadcrumb","itemListElement":[{"@type":"ListItem","position":1,"name":"Startseite","item":"https:\/\/wendlandmobil.de\/"},{"@type":"ListItem","position":2,"name":"Modal Split Befragung"}]},{"@type":"WebSite","@id":"https:\/\/wendlandmobil.de\/#website","url":"https:\/\/wendlandmobil.de\/","name":"Wendland Mobile","description":"","publisher":{"@id":"https:\/\/wendlandmobil.de\/#organization"},"potentialAction":[{"@type":"SearchAction","target":{"@type":"EntryPoint","urlTemplate":"https:\/\/wendlandmobil.de\/?s={search_term_string}"},"query-input":{"@type":"PropertyValueSpecification","valueRequired":true,"valueName":"search_term_string"}}],"inLanguage":"en-GB"},{"@type":"Organization","@id":"https:\/\/wendlandmobil.de\/#organization","name":"Wendland Mobile","url":"https:\/\/wendlandmobil.de\/","logo":{"@type":"ImageObject","inLanguage":"en-GB","@id":"https:\/\/wendlandmobil.de\/#\/schema\/logo\/image\/","url":"https:\/\/wendlandmobil.de\/wp-content\/uploads\/LogoWendland.png","contentUrl":"https:\/\/wendlandmobil.de\/wp-content\/uploads\/LogoWendland.png","width":384,"height":81,"caption":"Wendland Mobil"},"image":{"@id":"https:\/\/wendlandmobil.de\/#\/schema\/logo\/image\/"},"sameAs":["https:\/\/www.facebook.com\/MobilitaetsagenturWendlandElbe\/","https:\/\/www.instagram.com\/mobilimwendland\/"]}]}},"_links":{"self":[{"href":"https:\/\/wendlandmobil.de\/en\/wp-json\/wp\/v2\/pages\/13827","targetHints":{"allow":["GET"]}}],"collection":[{"href":"https:\/\/wendlandmobil.de\/en\/wp-json\/wp\/v2\/pages"}],"about":[{"href":"https:\/\/wendlandmobil.de\/en\/wp-json\/wp\/v2\/types\/page"}],"author":[{"embeddable":true,"href":"https:\/\/wendlandmobil.de\/en\/wp-json\/wp\/v2\/users\/2"}],"replies":[{"embeddable":true,"href":"https:\/\/wendlandmobil.de\/en\/wp-json\/wp\/v2\/comments?post=13827"}],"version-history":[{"count":9,"href":"https:\/\/wendlandmobil.de\/en\/wp-json\/wp\/v2\/pages\/13827\/revisions"}],"predecessor-version":[{"id":13840,"href":"https:\/\/wendlandmobil.de\/en\/wp-json\/wp\/v2\/pages\/13827\/revisions\/13840"}],"wp:attachment":[{"href":"https:\/\/wendlandmobil.de\/en\/wp-json\/wp\/v2\/media?parent=13827"}],"curies":[{"name":"wp","href":"https:\/\/api.w.org\/{rel}","templated":true}]}}