{"id":13573,"date":"2022-02-17T16:20:59","date_gmt":"2022-02-17T15:20:59","guid":{"rendered":"https:\/\/wendlandmobil.de\/?page_id=13573"},"modified":"2023-02-23T13:46:16","modified_gmt":"2023-02-23T12:46:16","slug":"new-ways-for-new-wheels","status":"publish","type":"page","link":"https:\/\/wendlandmobil.de\/en\/neue-wege-fuer-neue-raeder\/","title":{"rendered":"New paths for new wheels"},"content":{"rendered":"<div data-elementor-type=\"wp-page\" data-elementor-id=\"13573\" class=\"elementor elementor-13573\" data-elementor-post-type=\"page\">\n\t\t\t\t\t\t<section class=\"elementor-section elementor-top-section elementor-element elementor-element-3ddb8b00 elementor-section-stretched elementor-section-boxed elementor-section-height-default elementor-section-height-default\" data-id=\"3ddb8b00\" data-element_type=\"section\" data-e-type=\"section\" data-settings=\"{&quot;stretch_section&quot;:&quot;section-stretched&quot;}\">\n\t\t\t\t\t\t<div class=\"elementor-container elementor-column-gap-default\">\n\t\t\t\t\t<div class=\"elementor-column elementor-col-100 elementor-top-column elementor-element elementor-element-73bbbe65\" data-id=\"73bbbe65\" data-element_type=\"column\" data-e-type=\"column\">\n\t\t\t<div class=\"elementor-widget-wrap elementor-element-populated\">\n\t\t\t\t\t\t<div class=\"elementor-element elementor-element-16462106 elementor-widget elementor-widget-spacer\" data-id=\"16462106\" data-element_type=\"widget\" data-e-type=\"widget\" data-widget_type=\"spacer.default\">\n\t\t\t\t<div class=\"elementor-widget-container\">\n\t\t\t\t\t\t\t<div class=\"elementor-spacer\">\n\t\t\t<div class=\"elementor-spacer-inner\"><\/div>\n\t\t<\/div>\n\t\t\t\t\t\t<\/div>\n\t\t\t\t<\/div>\n\t\t\t\t\t<\/div>\n\t\t<\/div>\n\t\t\t\t\t<\/div>\n\t\t<\/section>\n\t\t\t\t<section class=\"elementor-section elementor-top-section elementor-element elementor-element-d1a316e elementor-section-boxed elementor-section-height-default elementor-section-height-default\" data-id=\"d1a316e\" data-element_type=\"section\" data-e-type=\"section\">\n\t\t\t\t\t\t<div class=\"elementor-container elementor-column-gap-default\">\n\t\t\t\t\t<div class=\"elementor-column elementor-col-33 elementor-top-column elementor-element elementor-element-7487bf9d\" data-id=\"7487bf9d\" data-element_type=\"column\" data-e-type=\"column\">\n\t\t\t<div class=\"elementor-widget-wrap elementor-element-populated\">\n\t\t\t\t\t\t<div class=\"elementor-element elementor-element-39833a22 elementor-widget elementor-widget-text-editor\" data-id=\"39833a22\" data-element_type=\"widget\" data-e-type=\"widget\" data-widget_type=\"text-editor.default\">\n\t\t\t\t<div class=\"elementor-widget-container\">\n\t\t\t\t\t\t\t\t\t<h2><strong>New paths for new wheels <\/strong><\/h2>\t\t\t\t\t\t\t\t<\/div>\n\t\t\t\t<\/div>\n\t\t\t\t<div class=\"elementor-element elementor-element-30317c70 elementor-widget elementor-widget-text-editor\" data-id=\"30317c70\" data-element_type=\"widget\" data-e-type=\"widget\" data-widget_type=\"text-editor.default\">\n\t\t\t\t<div class=\"elementor-widget-container\">\n\t\t\t\t\t\t\t\t\t<h6><em>- a joint project to improve the cycling infrastructure in the district of L\u00fcchow-Dannenberg<\/em><\/h6><p>Improving the infrastructure for cycling is of great importance for road safety, the attractiveness of the region and climate protection. This is where the \"Joint project: NKI: New paths for new bikes in the district of L\u00fcchow-Dannenberg\" comes in. The district's climate protection management, in cooperation with the joint municipalities of L\u00fcchow (Wendland) and Elbtalaue, has raised over \u20ac 4 million in funding for this purpose.<\/p>\t\t\t\t\t\t\t\t<\/div>\n\t\t\t\t<\/div>\n\t\t\t\t<div class=\"elementor-element elementor-element-65e68af elementor-widget elementor-widget-text-editor\" data-id=\"65e68af\" data-element_type=\"widget\" data-e-type=\"widget\" data-widget_type=\"text-editor.default\">\n\t\t\t\t<div class=\"elementor-widget-container\">\n\t\t\t\t\t\t\t\t\t<p>Through the funding programme \"Climate Protection through Cycling\" of the National Climate Initiative (NKI), the Federal Ministry of Economics and Climate Protection (BMWK) supports model, investment projects that make cycling more attractive in everyday life, for leisure and for delivery and transport traffic. In order to achieve this, the three network partners are implementing various measures in the period from 1.1.2022 to 31.12.2025.<\/p>\t\t\t\t\t\t\t\t<\/div>\n\t\t\t\t<\/div>\n\t\t\t\t<div class=\"elementor-element elementor-element-5d8e5c92 elementor-widget elementor-widget-spacer\" data-id=\"5d8e5c92\" data-element_type=\"widget\" data-e-type=\"widget\" data-widget_type=\"spacer.default\">\n\t\t\t\t<div class=\"elementor-widget-container\">\n\t\t\t\t\t\t\t<div class=\"elementor-spacer\">\n\t\t\t<div class=\"elementor-spacer-inner\"><\/div>\n\t\t<\/div>\n\t\t\t\t\t\t<\/div>\n\t\t\t\t<\/div>\n\t\t\t\t<div class=\"elementor-element elementor-element-04f61d3 elementor-widget elementor-widget-image\" data-id=\"04f61d3\" data-element_type=\"widget\" data-e-type=\"widget\" data-widget_type=\"image.default\">\n\t\t\t\t<div class=\"elementor-widget-container\">\n\t\t\t\t\t\t\t\t\t\t\t\t\t\t\t<img fetchpriority=\"high\" decoding=\"async\" width=\"1024\" height=\"768\" src=\"https:\/\/wendlandmobil.de\/wp-content\/uploads\/image00001-2-1024x768.jpg\" class=\"attachment-large size-large wp-image-13585\" alt=\"\" srcset=\"https:\/\/wendlandmobil.de\/wp-content\/uploads\/image00001-2-1024x768.jpg 1024w, https:\/\/wendlandmobil.de\/wp-content\/uploads\/image00001-2-600x450.jpg 600w, https:\/\/wendlandmobil.de\/wp-content\/uploads\/image00001-2-512x384.jpg 512w, https:\/\/wendlandmobil.de\/wp-content\/uploads\/image00001-2-768x576.jpg 768w, https:\/\/wendlandmobil.de\/wp-content\/uploads\/image00001-2-1536x1152.jpg 1536w, https:\/\/wendlandmobil.de\/wp-content\/uploads\/image00001-2-2048x1536.jpg 2048w\" sizes=\"(max-width: 1024px) 100vw, 1024px\" \/>\t\t\t\t\t\t\t\t\t\t\t\t\t\t\t<\/div>\n\t\t\t\t<\/div>\n\t\t\t\t<div class=\"elementor-element elementor-element-bdfa17c elementor-widget elementor-widget-spacer\" data-id=\"bdfa17c\" data-element_type=\"widget\" data-e-type=\"widget\" data-widget_type=\"spacer.default\">\n\t\t\t\t<div class=\"elementor-widget-container\">\n\t\t\t\t\t\t\t<div class=\"elementor-spacer\">\n\t\t\t<div class=\"elementor-spacer-inner\"><\/div>\n\t\t<\/div>\n\t\t\t\t\t\t<\/div>\n\t\t\t\t<\/div>\n\t\t\t\t<div class=\"elementor-element elementor-element-0b56e96 elementor-widget elementor-widget-text-editor\" data-id=\"0b56e96\" data-element_type=\"widget\" data-e-type=\"widget\" data-widget_type=\"text-editor.default\">\n\t\t\t\t<div class=\"elementor-widget-container\">\n\t\t\t\t\t\t\t\t\t<p>In 2023, within this framework <strong>Three bicycle lanes<\/strong> set up:<\/p><ol><li>Between the school campus in L\u00fcchow (Wendland), via the \"red barn\" to Wustrow (Wendland), one of Lower Saxony's first nonurban cycle lanes is being built on the local connecting road and the road surface is being renewed. The pavement along the road will be maintained.<\/li><li>Further cycle lanes are planned in Bauernstra\u00dfe in Hitzacker (Elbe) and the<\/li><li>Marschtorstra\u00dfe in Dannenberg (Elbe) will be set up.<\/li><\/ol>\t\t\t\t\t\t\t\t<\/div>\n\t\t\t\t<\/div>\n\t\t\t\t<div class=\"elementor-element elementor-element-13a4e9a elementor-widget elementor-widget-text-editor\" data-id=\"13a4e9a\" data-element_type=\"widget\" data-e-type=\"widget\" data-widget_type=\"text-editor.default\">\n\t\t\t\t<div class=\"elementor-widget-container\">\n\t\t\t\t\t\t\t\t\t<p>The rules for bicycle lanes are defined in the Road Traffic Regulations (StVO), 30 km\/h applies for all road users. The use of motor vehicles must be permitted with separate clearance \"motor vehicle free\", this is planned for Bauernstra\u00dfe and Marschtorstra\u00dfe. On the stretch between L\u00fcchow (Wendland) and Wustrow (Wendland), according to current planning, clearance is to be granted only for residents.<\/p><p>In addition, in 2024 <strong>two cycle priority routes<\/strong> arise in the district on local roads:<\/p><ol><li>Between Hitzacker (Elbe) - via Seerau and Pisselberg - and Dannenberg (Elbe)<\/li><li>From L\u00fcchow (Wendland) via the towns of Reetze, Satemin, Jabel, Schwiepke, P\u00fcggen, Zeetze, Klein Sachau and Gro\u00df Sachau to Clenze.<\/li><\/ol><p>Priority cycle routes are similar in approach to cycle lanes. They serve to strengthen everyday cycling. However, cycle superhighways are only established in highly populated regions with at least 2,000 cyclists per working day (e.g. between L\u00fcneburg and Hamburg) and have a special sign in the StVO. Cycle priority routes are particularly suitable for rural areas, as no comparably high utilisation is to be expected here. Mixed traffic applies on local connecting routes, but a speed limit of 50 km\/h is generally introduced outside towns, and 30 km\/h inside towns.<\/p><p><strong>Other components<\/strong> of the project are<\/p><ul><li>the purchase and rental of pedelecs and e-bikes for testing in everyday mobility,<\/li><li>the construction of bicycle boxes,<\/li><li>the renewal of the bicycle parking facilities at the secondary schools in L\u00fcchow (Wendland) and Hitzacker (Elbe) as well as<\/li><li>Public Relations.<\/li><\/ul>\t\t\t\t\t\t\t\t<\/div>\n\t\t\t\t<\/div>\n\t\t\t\t\t<\/div>\n\t\t<\/div>\n\t\t\t\t<div class=\"elementor-column elementor-col-33 elementor-top-column elementor-element elementor-element-6afa2cae\" data-id=\"6afa2cae\" data-element_type=\"column\" data-e-type=\"column\">\n\t\t\t<div class=\"elementor-widget-wrap\">\n\t\t\t\t\t\t\t<\/div>\n\t\t<\/div>\n\t\t\t\t<div class=\"elementor-column elementor-col-33 elementor-top-column elementor-element elementor-element-7bbfbb01\" data-id=\"7bbfbb01\" data-element_type=\"column\" data-e-type=\"column\">\n\t\t\t<div class=\"elementor-widget-wrap elementor-element-populated\">\n\t\t\t\t\t\t<div class=\"elementor-element elementor-element-32d01082 elementor-widget elementor-widget-spacer\" data-id=\"32d01082\" data-element_type=\"widget\" data-e-type=\"widget\" data-widget_type=\"spacer.default\">\n\t\t\t\t<div class=\"elementor-widget-container\">\n\t\t\t\t\t\t\t<div class=\"elementor-spacer\">\n\t\t\t<div class=\"elementor-spacer-inner\"><\/div>\n\t\t<\/div>\n\t\t\t\t\t\t<\/div>\n\t\t\t\t<\/div>\n\t\t\t\t<div class=\"elementor-element elementor-element-316e4baf elementor-widget elementor-widget-image\" data-id=\"316e4baf\" data-element_type=\"widget\" data-e-type=\"widget\" data-widget_type=\"image.default\">\n\t\t\t\t<div class=\"elementor-widget-container\">\n\t\t\t\t\t\t\t\t\t\t\t\t\t\t\t<img decoding=\"async\" width=\"500\" height=\"374\" src=\"https:\/\/wendlandmobil.de\/wp-content\/uploads\/fahrrad.png\" class=\"attachment-large size-large wp-image-13571\" alt=\"\" \/>\t\t\t\t\t\t\t\t\t\t\t\t\t\t\t<\/div>\n\t\t\t\t<\/div>\n\t\t\t\t<div class=\"elementor-element elementor-element-12d3a447 elementor-widget elementor-widget-text-editor\" data-id=\"12d3a447\" data-element_type=\"widget\" data-e-type=\"widget\" data-widget_type=\"text-editor.default\">\n\t\t\t\t<div class=\"elementor-widget-container\">\n\t\t\t\t\t\t\t\t\t<p>Figure 1: Projection of the establishment of a bicycle lane between L\u00fcchow and Wustrow by the specialist planning office PGV Alrutz GbR (source PGV Alrutz).<\/p>\t\t\t\t\t\t\t\t<\/div>\n\t\t\t\t<\/div>\n\t\t\t\t<div class=\"elementor-element elementor-element-678c3bb elementor-widget elementor-widget-text-editor\" data-id=\"678c3bb\" data-element_type=\"widget\" data-e-type=\"widget\" data-widget_type=\"text-editor.default\">\n\t\t\t\t<div class=\"elementor-widget-container\">\n\t\t\t\t\t\t\t\t\t<p><strong>Overview of project participants and funding:<\/strong><\/p><p>L\u00fcchow-Dannenberg District 67KBR0113A \u20ac 862,600<\/p><p>Joint municipality of L\u00fcchow (Wendland) 67KBR0113B \u20ac 2,899,746<\/p><p>Elbtalaue joint municipality 67KBR0113C \u20ac 602,050<\/p>\t\t\t\t\t\t\t\t<\/div>\n\t\t\t\t<\/div>\n\t\t\t\t<div class=\"elementor-element elementor-element-cae5a35 elementor-widget elementor-widget-image\" data-id=\"cae5a35\" data-element_type=\"widget\" data-e-type=\"widget\" data-widget_type=\"image.default\">\n\t\t\t\t<div class=\"elementor-widget-container\">\n\t\t\t\t\t\t\t\t\t\t\t\t\t\t\t<img decoding=\"async\" width=\"1024\" height=\"576\" src=\"https:\/\/wendlandmobil.de\/wp-content\/uploads\/BMWK_NKI_Gefoerdert_RGB_DE_2022_quer-1024x576.jpg\" class=\"attachment-large size-large wp-image-34616\" alt=\"\" srcset=\"https:\/\/wendlandmobil.de\/wp-content\/uploads\/BMWK_NKI_Gefoerdert_RGB_DE_2022_quer-1024x576.jpg 1024w, https:\/\/wendlandmobil.de\/wp-content\/uploads\/BMWK_NKI_Gefoerdert_RGB_DE_2022_quer-600x337.jpg 600w, https:\/\/wendlandmobil.de\/wp-content\/uploads\/BMWK_NKI_Gefoerdert_RGB_DE_2022_quer-512x288.jpg 512w, https:\/\/wendlandmobil.de\/wp-content\/uploads\/BMWK_NKI_Gefoerdert_RGB_DE_2022_quer-768x432.jpg 768w, https:\/\/wendlandmobil.de\/wp-content\/uploads\/BMWK_NKI_Gefoerdert_RGB_DE_2022_quer-18x10.jpg 18w, https:\/\/wendlandmobil.de\/wp-content\/uploads\/BMWK_NKI_Gefoerdert_RGB_DE_2022_quer.jpg 1302w\" sizes=\"(max-width: 1024px) 100vw, 1024px\" \/>\t\t\t\t\t\t\t\t\t\t\t\t\t\t\t<\/div>\n\t\t\t\t<\/div>\n\t\t\t\t<div class=\"elementor-element elementor-element-2ae8be7 elementor-widget elementor-widget-spacer\" data-id=\"2ae8be7\" data-element_type=\"widget\" data-e-type=\"widget\" data-widget_type=\"spacer.default\">\n\t\t\t\t<div class=\"elementor-widget-container\">\n\t\t\t\t\t\t\t<div class=\"elementor-spacer\">\n\t\t\t<div class=\"elementor-spacer-inner\"><\/div>\n\t\t<\/div>\n\t\t\t\t\t\t<\/div>\n\t\t\t\t<\/div>\n\t\t\t\t<div class=\"elementor-element elementor-element-46cb8363 elementor-align-left elementor-widget elementor-widget-button\" data-id=\"46cb8363\" data-element_type=\"widget\" data-e-type=\"widget\" data-widget_type=\"button.default\">\n\t\t\t\t<div class=\"elementor-widget-container\">\n\t\t\t\t\t\t\t\t\t<div class=\"elementor-button-wrapper\">\n\t\t\t\t\t<a class=\"elementor-button elementor-button-link elementor-size-md\" href=\"https:\/\/wendlandmobil.de\/en\/contact\/\" target=\"_blank\">\n\t\t\t\t\t\t<span class=\"elementor-button-content-wrapper\">\n\t\t\t\t\t\t\t\t\t<span class=\"elementor-button-text\">Questions about the cycling project?<\/span>\n\t\t\t\t\t<\/span>\n\t\t\t\t\t<\/a>\n\t\t\t\t<\/div>\n\t\t\t\t\t\t\t\t<\/div>\n\t\t\t\t<\/div>\n\t\t\t\t\t<\/div>\n\t\t<\/div>\n\t\t\t\t\t<\/div>\n\t\t<\/section>\n\t\t\t\t<\/div>","protected":false},"excerpt":{"rendered":"<p>New paths for new bikes - a joint project to improve the cycling infrastructure in the district of L\u00fcchow-Dannenberg Improving the infrastructure for cycling is of great importance for road safety, the attractiveness of the region and climate protection. This is where the \"Joint project: NKI: New paths for new bikes in the district of L\u00fcchow-Dannenberg\" comes in. The district's climate protection management has...<\/p>","protected":false},"author":2,"featured_media":0,"parent":0,"menu_order":0,"comment_status":"closed","ping_status":"closed","template":"","meta":{"footnotes":""},"class_list":["post-13573","page","type-page","status-publish","hentry"],"yoast_head":"<!-- This site is optimized with the Yoast SEO plugin v27.3 - https:\/\/yoast.com\/product\/yoast-seo-wordpress\/ -->\n<title>Neue Wege f\u00fcr neue R\u00e4der - Wendland Mobil<\/title>\n<meta name=\"robots\" content=\"index, follow, max-snippet:-1, max-image-preview:large, max-video-preview:-1\" \/>\n<link rel=\"canonical\" href=\"https:\/\/wendlandmobil.de\/en\/new-ways-for-new-wheels\/\" \/>\n<meta property=\"og:locale\" content=\"en_GB\" \/>\n<meta property=\"og:type\" content=\"article\" \/>\n<meta property=\"og:title\" content=\"Neue Wege f\u00fcr neue R\u00e4der - Wendland Mobil\" \/>\n<meta property=\"og:description\" content=\"Neue Wege f\u00fcr neue R\u00e4der \u2013 ein Verbundprojekt zur Verbesserung der Radinfrastruktur im Landkreis L\u00fcchow-Dannenberg Die Verbesserung der Infrastruktur f\u00fcr den Radverkehr hat eine hohe Bedeutung f\u00fcr die Verkehrssicherheit, die Attraktivit\u00e4t der Region und den Klimaschutz. Hier setzt das \u201eVerbundprojekt: NKI: Neue Wege f\u00fcr neue R\u00e4der im Landkreis L\u00fcchow-Dannenberg\u201c an. Das Klimaschutzmanagement des Landkreises hat&hellip;\" \/>\n<meta property=\"og:url\" content=\"https:\/\/wendlandmobil.de\/en\/new-ways-for-new-wheels\/\" \/>\n<meta property=\"og:site_name\" content=\"Wendland Mobil\" \/>\n<meta property=\"article:publisher\" content=\"https:\/\/www.facebook.com\/MobilitaetsagenturWendlandElbe\/\" \/>\n<meta property=\"article:modified_time\" content=\"2023-02-23T12:46:16+00:00\" \/>\n<meta property=\"og:image\" content=\"https:\/\/wendlandmobil.de\/wp-content\/uploads\/image00001-2-1024x768.jpg\" \/>\n<meta name=\"twitter:card\" content=\"summary_large_image\" \/>\n<meta name=\"twitter:label1\" content=\"Estimated reading time\" \/>\n\t<meta name=\"twitter:data1\" content=\"4 minutes\" \/>\n<script type=\"application\/ld+json\" class=\"yoast-schema-graph\">{\"@context\":\"https:\\\/\\\/schema.org\",\"@graph\":[{\"@type\":\"WebPage\",\"@id\":\"https:\\\/\\\/wendlandmobil.de\\\/neue-wege-fuer-neue-raeder\\\/\",\"url\":\"https:\\\/\\\/wendlandmobil.de\\\/neue-wege-fuer-neue-raeder\\\/\",\"name\":\"Neue Wege f\u00fcr neue R\u00e4der - Wendland Mobil\",\"isPartOf\":{\"@id\":\"https:\\\/\\\/wendlandmobil.de\\\/#website\"},\"primaryImageOfPage\":{\"@id\":\"https:\\\/\\\/wendlandmobil.de\\\/neue-wege-fuer-neue-raeder\\\/#primaryimage\"},\"image\":{\"@id\":\"https:\\\/\\\/wendlandmobil.de\\\/neue-wege-fuer-neue-raeder\\\/#primaryimage\"},\"thumbnailUrl\":\"https:\\\/\\\/wendlandmobil.de\\\/wp-content\\\/uploads\\\/image00001-2-1024x768.jpg\",\"datePublished\":\"2022-02-17T15:20:59+00:00\",\"dateModified\":\"2023-02-23T12:46:16+00:00\",\"breadcrumb\":{\"@id\":\"https:\\\/\\\/wendlandmobil.de\\\/neue-wege-fuer-neue-raeder\\\/#breadcrumb\"},\"inLanguage\":\"en-GB\",\"potentialAction\":[{\"@type\":\"ReadAction\",\"target\":[\"https:\\\/\\\/wendlandmobil.de\\\/neue-wege-fuer-neue-raeder\\\/\"]}]},{\"@type\":\"ImageObject\",\"inLanguage\":\"en-GB\",\"@id\":\"https:\\\/\\\/wendlandmobil.de\\\/neue-wege-fuer-neue-raeder\\\/#primaryimage\",\"url\":\"https:\\\/\\\/wendlandmobil.de\\\/wp-content\\\/uploads\\\/image00001-2-1024x768.jpg\",\"contentUrl\":\"https:\\\/\\\/wendlandmobil.de\\\/wp-content\\\/uploads\\\/image00001-2-1024x768.jpg\"},{\"@type\":\"BreadcrumbList\",\"@id\":\"https:\\\/\\\/wendlandmobil.de\\\/neue-wege-fuer-neue-raeder\\\/#breadcrumb\",\"itemListElement\":[{\"@type\":\"ListItem\",\"position\":1,\"name\":\"Startseite\",\"item\":\"https:\\\/\\\/wendlandmobil.de\\\/\"},{\"@type\":\"ListItem\",\"position\":2,\"name\":\"Neue Wege f\u00fcr neue R\u00e4der\"}]},{\"@type\":\"WebSite\",\"@id\":\"https:\\\/\\\/wendlandmobil.de\\\/#website\",\"url\":\"https:\\\/\\\/wendlandmobil.de\\\/\",\"name\":\"Wendland Mobil\",\"description\":\"\",\"publisher\":{\"@id\":\"https:\\\/\\\/wendlandmobil.de\\\/#organization\"},\"potentialAction\":[{\"@type\":\"SearchAction\",\"target\":{\"@type\":\"EntryPoint\",\"urlTemplate\":\"https:\\\/\\\/wendlandmobil.de\\\/?s={search_term_string}\"},\"query-input\":{\"@type\":\"PropertyValueSpecification\",\"valueRequired\":true,\"valueName\":\"search_term_string\"}}],\"inLanguage\":\"en-GB\"},{\"@type\":\"Organization\",\"@id\":\"https:\\\/\\\/wendlandmobil.de\\\/#organization\",\"name\":\"Wendland Mobil\",\"url\":\"https:\\\/\\\/wendlandmobil.de\\\/\",\"logo\":{\"@type\":\"ImageObject\",\"inLanguage\":\"en-GB\",\"@id\":\"https:\\\/\\\/wendlandmobil.de\\\/#\\\/schema\\\/logo\\\/image\\\/\",\"url\":\"https:\\\/\\\/wendlandmobil.de\\\/wp-content\\\/uploads\\\/LogoWendland.png\",\"contentUrl\":\"https:\\\/\\\/wendlandmobil.de\\\/wp-content\\\/uploads\\\/LogoWendland.png\",\"width\":384,\"height\":81,\"caption\":\"Wendland Mobil\"},\"image\":{\"@id\":\"https:\\\/\\\/wendlandmobil.de\\\/#\\\/schema\\\/logo\\\/image\\\/\"},\"sameAs\":[\"https:\\\/\\\/www.facebook.com\\\/MobilitaetsagenturWendlandElbe\\\/\",\"https:\\\/\\\/www.instagram.com\\\/mobilimwendland\\\/\"]}]}<\/script>\n<!-- \/ Yoast SEO plugin. -->","yoast_head_json":{"title":"New paths for new bikes - Wendland Mobil","robots":{"index":"index","follow":"follow","max-snippet":"max-snippet:-1","max-image-preview":"max-image-preview:large","max-video-preview":"max-video-preview:-1"},"canonical":"https:\/\/wendlandmobil.de\/en\/new-ways-for-new-wheels\/","og_locale":"en_GB","og_type":"article","og_title":"Neue Wege f\u00fcr neue R\u00e4der - Wendland Mobil","og_description":"Neue Wege f\u00fcr neue R\u00e4der \u2013 ein Verbundprojekt zur Verbesserung der Radinfrastruktur im Landkreis L\u00fcchow-Dannenberg Die Verbesserung der Infrastruktur f\u00fcr den Radverkehr hat eine hohe Bedeutung f\u00fcr die Verkehrssicherheit, die Attraktivit\u00e4t der Region und den Klimaschutz. Hier setzt das \u201eVerbundprojekt: NKI: Neue Wege f\u00fcr neue R\u00e4der im Landkreis L\u00fcchow-Dannenberg\u201c an. Das Klimaschutzmanagement des Landkreises hat&hellip;","og_url":"https:\/\/wendlandmobil.de\/en\/new-ways-for-new-wheels\/","og_site_name":"Wendland Mobil","article_publisher":"https:\/\/www.facebook.com\/MobilitaetsagenturWendlandElbe\/","article_modified_time":"2023-02-23T12:46:16+00:00","og_image":[{"url":"https:\/\/wendlandmobil.de\/wp-content\/uploads\/image00001-2-1024x768.jpg","type":"","width":"","height":""}],"twitter_card":"summary_large_image","twitter_misc":{"Estimated reading time":"4 minutes"},"schema":{"@context":"https:\/\/schema.org","@graph":[{"@type":"WebPage","@id":"https:\/\/wendlandmobil.de\/neue-wege-fuer-neue-raeder\/","url":"https:\/\/wendlandmobil.de\/neue-wege-fuer-neue-raeder\/","name":"New paths for new bikes - Wendland Mobil","isPartOf":{"@id":"https:\/\/wendlandmobil.de\/#website"},"primaryImageOfPage":{"@id":"https:\/\/wendlandmobil.de\/neue-wege-fuer-neue-raeder\/#primaryimage"},"image":{"@id":"https:\/\/wendlandmobil.de\/neue-wege-fuer-neue-raeder\/#primaryimage"},"thumbnailUrl":"https:\/\/wendlandmobil.de\/wp-content\/uploads\/image00001-2-1024x768.jpg","datePublished":"2022-02-17T15:20:59+00:00","dateModified":"2023-02-23T12:46:16+00:00","breadcrumb":{"@id":"https:\/\/wendlandmobil.de\/neue-wege-fuer-neue-raeder\/#breadcrumb"},"inLanguage":"en-GB","potentialAction":[{"@type":"ReadAction","target":["https:\/\/wendlandmobil.de\/neue-wege-fuer-neue-raeder\/"]}]},{"@type":"ImageObject","inLanguage":"en-GB","@id":"https:\/\/wendlandmobil.de\/neue-wege-fuer-neue-raeder\/#primaryimage","url":"https:\/\/wendlandmobil.de\/wp-content\/uploads\/image00001-2-1024x768.jpg","contentUrl":"https:\/\/wendlandmobil.de\/wp-content\/uploads\/image00001-2-1024x768.jpg"},{"@type":"BreadcrumbList","@id":"https:\/\/wendlandmobil.de\/neue-wege-fuer-neue-raeder\/#breadcrumb","itemListElement":[{"@type":"ListItem","position":1,"name":"Startseite","item":"https:\/\/wendlandmobil.de\/"},{"@type":"ListItem","position":2,"name":"Neue Wege f\u00fcr neue R\u00e4der"}]},{"@type":"WebSite","@id":"https:\/\/wendlandmobil.de\/#website","url":"https:\/\/wendlandmobil.de\/","name":"Wendland Mobile","description":"","publisher":{"@id":"https:\/\/wendlandmobil.de\/#organization"},"potentialAction":[{"@type":"SearchAction","target":{"@type":"EntryPoint","urlTemplate":"https:\/\/wendlandmobil.de\/?s={search_term_string}"},"query-input":{"@type":"PropertyValueSpecification","valueRequired":true,"valueName":"search_term_string"}}],"inLanguage":"en-GB"},{"@type":"Organization","@id":"https:\/\/wendlandmobil.de\/#organization","name":"Wendland Mobile","url":"https:\/\/wendlandmobil.de\/","logo":{"@type":"ImageObject","inLanguage":"en-GB","@id":"https:\/\/wendlandmobil.de\/#\/schema\/logo\/image\/","url":"https:\/\/wendlandmobil.de\/wp-content\/uploads\/LogoWendland.png","contentUrl":"https:\/\/wendlandmobil.de\/wp-content\/uploads\/LogoWendland.png","width":384,"height":81,"caption":"Wendland Mobil"},"image":{"@id":"https:\/\/wendlandmobil.de\/#\/schema\/logo\/image\/"},"sameAs":["https:\/\/www.facebook.com\/MobilitaetsagenturWendlandElbe\/","https:\/\/www.instagram.com\/mobilimwendland\/"]}]}},"_links":{"self":[{"href":"https:\/\/wendlandmobil.de\/en\/wp-json\/wp\/v2\/pages\/13573","targetHints":{"allow":["GET"]}}],"collection":[{"href":"https:\/\/wendlandmobil.de\/en\/wp-json\/wp\/v2\/pages"}],"about":[{"href":"https:\/\/wendlandmobil.de\/en\/wp-json\/wp\/v2\/types\/page"}],"author":[{"embeddable":true,"href":"https:\/\/wendlandmobil.de\/en\/wp-json\/wp\/v2\/users\/2"}],"replies":[{"embeddable":true,"href":"https:\/\/wendlandmobil.de\/en\/wp-json\/wp\/v2\/comments?post=13573"}],"version-history":[{"count":10,"href":"https:\/\/wendlandmobil.de\/en\/wp-json\/wp\/v2\/pages\/13573\/revisions"}],"predecessor-version":[{"id":34619,"href":"https:\/\/wendlandmobil.de\/en\/wp-json\/wp\/v2\/pages\/13573\/revisions\/34619"}],"wp:attachment":[{"href":"https:\/\/wendlandmobil.de\/en\/wp-json\/wp\/v2\/media?parent=13573"}],"curies":[{"name":"wp","href":"https:\/\/api.w.org\/{rel}","templated":true}]}}